{"id":1610,"date":"2025-10-09T15:54:01","date_gmt":"2025-10-09T13:54:01","guid":{"rendered":"https:\/\/rexel.be\/?post_type=product&#038;p=1610"},"modified":"2026-04-08T16:31:17","modified_gmt":"2026-04-08T14:31:17","slug":"chauffage-climatisation","status":"publish","type":"product","link":"https:\/\/rexel.be\/fr\/produits\/chauffage-climatisation\/","title":{"rendered":"Chauffage et climatisation"},"content":{"rendered":"\n<div class=\"wp-block-group has-global-padding is-layout-constrained wp-block-group-is-layout-constrained\" style=\"padding-top:var(--wp--preset--spacing--120-60);padding-bottom:var(--wp--preset--spacing--120-60)\">\n<div class=\"wp-block-columns are-vertically-aligned-center is-layout-flex wp-container-core-columns-is-layout-d2ad5bd7 wp-block-columns-is-layout-flex\">\n<div class=\"wp-block-column is-vertically-aligned-center is-layout-flow wp-block-column-is-layout-flow\">\n<h2 class=\"wp-block-heading\"><strong><strong>Chauffage et climatisation pour les projets r\u00e9sidentiels et commerciaux<\/strong><\/strong><\/h2>\n\n\n\n<p>La tendance croissante \u00e0 l&rsquo;autoconsommation entra\u00eene une augmentation de la demande en chauffage \u00e9lectrique, et avec la transition \u00e9nerg\u00e9tique, les pompes \u00e0 chaleur deviennent de plus en plus la norme pour le chauffage r\u00e9sidentiel. <\/p>\n\n\n\n<p>Chez Rexel, vous trouverez une gamme compl\u00e8te de solutions de chauffage et de climatisation, notamment des pompes \u00e0 chaleur, des syst\u00e8mes de chauffage par le sol, des radiateurs, des chaudi\u00e8res et des thermostats intelligents.<\/p>\n\n\n\n<p>Avec plus de 20.000 pi\u00e8ces de 120 marques, disponibles imm\u00e9diatement dans diff\u00e9rentes succursales, nous pouvons soutenir chaque projet de mani\u00e8re rapide et efficace.<\/p>\n\n\n\n<div class=\"wp-block-buttons is-layout-flex wp-block-buttons-is-layout-flex\">\n<div class=\"wp-block-button is-style-fill\"><a class=\"wp-block-button__link wp-element-button\" href=\"https:\/\/rexel.be\/fr\/solution\/pour-l-installateur-hvac\/\">D\u00e9couvrez nos solutions en HVAC<\/a><\/div>\n<\/div>\n<\/div>\n\n\n\n<div class=\"wp-block-column is-vertically-aligned-center is-layout-flow wp-block-column-is-layout-flow\">\n<figure class=\"wp-block-image size-full is-style-right-outside orange is-style-right-outside--1\"><img loading=\"lazy\" decoding=\"async\" width=\"2257\" height=\"1587\" src=\"https:\/\/rexel.be\/wp-content\/uploads\/2025\/10\/Aircoheater2.0_nieuw_model_v2.jpg\" alt=\"\" class=\"wp-image-1611\" srcset=\"https:\/\/rexel.be\/wp-content\/uploads\/2025\/10\/Aircoheater2.0_nieuw_model_v2.jpg 2257w, https:\/\/rexel.be\/wp-content\/uploads\/2025\/10\/Aircoheater2.0_nieuw_model_v2-300x211.jpg 300w, https:\/\/rexel.be\/wp-content\/uploads\/2025\/10\/Aircoheater2.0_nieuw_model_v2-1024x720.jpg 1024w, https:\/\/rexel.be\/wp-content\/uploads\/2025\/10\/Aircoheater2.0_nieuw_model_v2-768x540.jpg 768w, https:\/\/rexel.be\/wp-content\/uploads\/2025\/10\/Aircoheater2.0_nieuw_model_v2-1536x1080.jpg 1536w, https:\/\/rexel.be\/wp-content\/uploads\/2025\/10\/Aircoheater2.0_nieuw_model_v2-2048x1440.jpg 2048w\" sizes=\"auto, (max-width: 2257px) 100vw, 2257px\" \/><\/figure>\n<\/div>\n<\/div>\n<\/div>\n\n\n\n<div class=\"wp-block-group bg_shape has-global-padding is-layout-constrained wp-block-group-is-layout-constrained\" style=\"margin-top:0;margin-bottom:0;padding-top:var(--wp--preset--spacing--120-60);padding-bottom:var(--wp--preset--spacing--120-60)\">\n<h2 class=\"wp-block-heading has-text-align-center\"><strong>Notre offre chauffage et climatisation<\/strong><\/h2>\n\n\n\n<p class=\"has-text-align-center\">Notre gamme comprend :<\/p>\n\n\n\n<div class=\"wp-block-group is-layout-grid wp-container-core-group-is-layout-988b637e wp-block-group-is-layout-grid\">\n<div class=\"wp-block-group has-border-color has-white-background-color has-background is-layout-flow wp-block-group-is-layout-flow\" style=\"border-color:#2896d752;border-width:1px;border-radius:16px;padding-top:var(--wp--preset--spacing--40-20);padding-right:var(--wp--preset--spacing--40-20);padding-bottom:var(--wp--preset--spacing--40-20);padding-left:var(--wp--preset--spacing--40-20);box-shadow:var(--wp--preset--shadow--shadow-1)\">\n<h4 class=\"wp-block-heading has-dark-color has-text-color has-link-color wp-elements-b6975ca4a635e852f2a481e958995221\"><strong>Pompes \u00e0 chaleur et chauffe-eau<\/strong><\/h4>\n\n\n\n<p>pour une gestion efficace de l&rsquo;\u00e9nergie<\/p>\n<\/div>\n\n\n\n<div class=\"wp-block-group has-border-color has-white-background-color has-background is-layout-flow wp-block-group-is-layout-flow\" style=\"border-color:#2896d752;border-width:1px;border-radius:16px;padding-top:var(--wp--preset--spacing--40-20);padding-right:var(--wp--preset--spacing--40-20);padding-bottom:var(--wp--preset--spacing--40-20);padding-left:var(--wp--preset--spacing--40-20);box-shadow:var(--wp--preset--shadow--shadow-1)\">\n<h4 class=\"wp-block-heading has-dark-color has-text-color has-link-color wp-elements-e4e319b1e49348d35ee8d2fe043ac5a8\"><strong>Chauffage au sol<\/strong><\/h4>\n\n\n\n<p>pour une r\u00e9partition uniforme de la chaleur<\/p>\n<\/div>\n\n\n\n<div class=\"wp-block-group has-border-color has-white-background-color has-background is-layout-flow wp-block-group-is-layout-flow\" style=\"border-color:#2896d752;border-width:1px;border-radius:16px;padding-top:var(--wp--preset--spacing--40-20);padding-right:var(--wp--preset--spacing--40-20);padding-bottom:var(--wp--preset--spacing--40-20);padding-left:var(--wp--preset--spacing--40-20);box-shadow:var(--wp--preset--shadow--shadow-1)\">\n<h4 class=\"wp-block-heading has-dark-color has-text-color has-link-color wp-elements-5f7985505581c4da31b75632832e9cbf\"><strong>Radiateurs<\/strong><\/h4>\n\n\n\n<p>pour applications traditionnelles et modernes<\/p>\n<\/div>\n\n\n\n<div class=\"wp-block-group has-border-color has-white-background-color has-background is-layout-flow wp-block-group-is-layout-flow\" style=\"border-color:#2896d752;border-width:1px;border-radius:16px;padding-top:var(--wp--preset--spacing--40-20);padding-right:var(--wp--preset--spacing--40-20);padding-bottom:var(--wp--preset--spacing--40-20);padding-left:var(--wp--preset--spacing--40-20);box-shadow:var(--wp--preset--shadow--shadow-1)\">\n<h4 class=\"wp-block-heading has-dark-color has-text-color has-link-color wp-elements-a149dd99a3a3ea2e115af095664d6bb7\"><strong>Climatisation<\/strong><\/h4>\n\n\n\n<p>pour le refroidissement et la climatisation<\/p>\n<\/div>\n\n\n\n<div class=\"wp-block-group has-border-color has-white-background-color has-background is-layout-flow wp-block-group-is-layout-flow\" style=\"border-color:#2896d752;border-width:1px;border-radius:16px;padding-top:var(--wp--preset--spacing--40-20);padding-right:var(--wp--preset--spacing--40-20);padding-bottom:var(--wp--preset--spacing--40-20);padding-left:var(--wp--preset--spacing--40-20);box-shadow:var(--wp--preset--shadow--shadow-1)\">\n<h4 class=\"wp-block-heading has-dark-color has-text-color has-link-color wp-elements-50e15977486be889b508f7061f5c94e1\"><strong>Thermostats intelligents<\/strong><\/h4>\n\n\n\n<p>pour un contr\u00f4le intelligent<\/p>\n<\/div>\n\n\n\n<div class=\"wp-block-group has-border-color has-white-background-color has-background is-layout-flow wp-block-group-is-layout-flow\" style=\"border-color:#2896d752;border-width:1px;border-radius:16px;padding-top:var(--wp--preset--spacing--40-20);padding-right:var(--wp--preset--spacing--40-20);padding-bottom:var(--wp--preset--spacing--40-20);padding-left:var(--wp--preset--spacing--40-20);box-shadow:var(--wp--preset--shadow--shadow-1)\">\n<h4 class=\"wp-block-heading has-dark-color has-text-color has-link-color wp-elements-bbeca8fed3fb776c143b8271a8e83b65\"><strong>Accessoires<\/strong><\/h4>\n\n\n\n<p>pour une installation et un entretien faciles<\/p>\n<\/div>\n<\/div>\n<\/div>\n\n\n\n<div class=\"wp-block-group top_minus_35 has-global-padding is-layout-constrained wp-block-group-is-layout-constrained\" style=\"padding-top:var(--wp--preset--spacing--80-60);padding-bottom:var(--wp--preset--spacing--80-60)\">\n<div class=\"wp-block-columns are-vertically-aligned-center has-border-color has-white-background-color has-background is-layout-flex wp-container-core-columns-is-layout-5fd65f55 wp-block-columns-is-layout-flex\" style=\"border-color:#2896d729;border-width:1px;border-radius:24px;padding-top:var(--wp--preset--spacing--60-40);padding-right:var(--wp--preset--spacing--60-40);padding-bottom:var(--wp--preset--spacing--60-40);padding-left:var(--wp--preset--spacing--60-40)\">\n<div class=\"wp-block-column is-vertically-aligned-center is-layout-flow wp-block-column-is-layout-flow\" style=\"flex-basis:33%\">\n<h4 class=\"wp-block-heading mobile-text-center wp-container-content-9cfa9a5a\"><strong>Partenaires avec lesquels nous collaborons<\/strong><\/h4>\n<\/div>\n\n\n\n<div class=\"wp-block-column is-vertically-aligned-center is-layout-flow wp-block-column-is-layout-flow\">\n<div class=\"wp-block-cb-carousel-v2 cb-carousel-block\" data-cb-slides-per-view=\"2\" data-cb-slides-per-group=\"2\" data-cb-space-between=\"20\" data-cb-speed=\"300\" data-cb-loop=\"true\" data-cb-autoplay=\"true\" data-cb-autoplay-speed=\"3000\" data-cb-breakpoints=\"{&quot;768&quot;:{&quot;slidesPerView&quot;:5,&quot;slidesPerGroup&quot;:1}}\"><div class=\"swiper\"><div class=\"cb-wrapper swiper-wrapper\">\n<div class=\"wp-block-cb-slide-v2 cb-slide swiper-slide\">\n<figure class=\"wp-block-image aligncenter size-full\"><img loading=\"lazy\" decoding=\"async\" width=\"425\" height=\"265\" src=\"https:\/\/rexel.be\/wp-content\/uploads\/2025\/10\/Ariston-web.jpg\" alt=\"\" class=\"wp-image-1614\" srcset=\"https:\/\/rexel.be\/wp-content\/uploads\/2025\/10\/Ariston-web.jpg 425w, https:\/\/rexel.be\/wp-content\/uploads\/2025\/10\/Ariston-web-300x187.jpg 300w\" sizes=\"auto, (max-width: 425px) 100vw, 425px\" \/><\/figure>\n<\/div>\n\n\n\n<div class=\"wp-block-cb-slide-v2 cb-slide swiper-slide\">\n<figure class=\"wp-block-image aligncenter size-full\"><img loading=\"lazy\" decoding=\"async\" width=\"425\" height=\"265\" src=\"https:\/\/rexel.be\/wp-content\/uploads\/2025\/10\/Atlantic-web.jpg\" alt=\"\" class=\"wp-image-1615\" style=\"aspect-ratio:1.696899672636241\" srcset=\"https:\/\/rexel.be\/wp-content\/uploads\/2025\/10\/Atlantic-web.jpg 425w, https:\/\/rexel.be\/wp-content\/uploads\/2025\/10\/Atlantic-web-300x187.jpg 300w\" sizes=\"auto, (max-width: 425px) 100vw, 425px\" \/><\/figure>\n<\/div>\n\n\n\n<div class=\"wp-block-cb-slide-v2 cb-slide swiper-slide\">\n<figure class=\"wp-block-image aligncenter size-full\"><img loading=\"lazy\" decoding=\"async\" width=\"425\" height=\"265\" src=\"https:\/\/rexel.be\/wp-content\/uploads\/2025\/10\/Dimplex-web.jpg\" alt=\"\" class=\"wp-image-1616\" srcset=\"https:\/\/rexel.be\/wp-content\/uploads\/2025\/10\/Dimplex-web.jpg 425w, https:\/\/rexel.be\/wp-content\/uploads\/2025\/10\/Dimplex-web-300x187.jpg 300w\" sizes=\"auto, (max-width: 425px) 100vw, 425px\" \/><\/figure>\n<\/div>\n\n\n\n<div class=\"wp-block-cb-slide-v2 cb-slide swiper-slide\">\n<figure class=\"wp-block-image aligncenter size-full is-resized\"><img loading=\"lazy\" decoding=\"async\" width=\"425\" height=\"265\" src=\"https:\/\/rexel.be\/wp-content\/uploads\/2025\/10\/Frico-web.jpg\" alt=\"\" class=\"wp-image-1617\" style=\"aspect-ratio:1.6043869956913435;width:125px;height:auto\" srcset=\"https:\/\/rexel.be\/wp-content\/uploads\/2025\/10\/Frico-web.jpg 425w, https:\/\/rexel.be\/wp-content\/uploads\/2025\/10\/Frico-web-300x187.jpg 300w\" sizes=\"auto, (max-width: 425px) 100vw, 425px\" \/><\/figure>\n<\/div>\n\n\n\n<div class=\"wp-block-cb-slide-v2 cb-slide swiper-slide\">\n<figure class=\"wp-block-image aligncenter size-full\" style=\"margin-top:0;margin-bottom:0\"><img loading=\"lazy\" decoding=\"async\" width=\"425\" height=\"265\" src=\"https:\/\/rexel.be\/wp-content\/uploads\/2025\/10\/Herschel-web.jpg\" alt=\"\" class=\"wp-image-1618\" srcset=\"https:\/\/rexel.be\/wp-content\/uploads\/2025\/10\/Herschel-web.jpg 425w, https:\/\/rexel.be\/wp-content\/uploads\/2025\/10\/Herschel-web-300x187.jpg 300w\" sizes=\"auto, (max-width: 425px) 100vw, 425px\" \/><\/figure>\n<\/div>\n\n\n\n<div class=\"wp-block-cb-slide-v2 cb-slide swiper-slide\">\n<figure class=\"wp-block-image aligncenter size-full\"><img loading=\"lazy\" decoding=\"async\" width=\"425\" height=\"265\" src=\"https:\/\/rexel.be\/wp-content\/uploads\/2025\/10\/Kaysun-web.jpg\" alt=\"\" class=\"wp-image-1619\" srcset=\"https:\/\/rexel.be\/wp-content\/uploads\/2025\/10\/Kaysun-web.jpg 425w, https:\/\/rexel.be\/wp-content\/uploads\/2025\/10\/Kaysun-web-300x187.jpg 300w\" sizes=\"auto, (max-width: 425px) 100vw, 425px\" \/><\/figure>\n<\/div>\n\n\n\n<div class=\"wp-block-cb-slide-v2 cb-slide swiper-slide\">\n<figure class=\"wp-block-image aligncenter size-full is-resized\"><img loading=\"lazy\" decoding=\"async\" width=\"425\" height=\"265\" src=\"https:\/\/rexel.be\/wp-content\/uploads\/2025\/10\/RBM-web.jpg\" alt=\"\" class=\"wp-image-1620\" style=\"aspect-ratio:1.6042972247090421;width:114px;height:auto\" srcset=\"https:\/\/rexel.be\/wp-content\/uploads\/2025\/10\/RBM-web.jpg 425w, https:\/\/rexel.be\/wp-content\/uploads\/2025\/10\/RBM-web-300x187.jpg 300w\" sizes=\"auto, (max-width: 425px) 100vw, 425px\" \/><\/figure>\n<\/div>\n\n\n\n<div class=\"wp-block-cb-slide-v2 cb-slide swiper-slide\">\n<figure class=\"wp-block-image aligncenter size-full\"><img loading=\"lazy\" decoding=\"async\" width=\"425\" height=\"265\" src=\"https:\/\/rexel.be\/wp-content\/uploads\/2025\/10\/Stiebel-web.jpg\" alt=\"\" class=\"wp-image-1621\" style=\"aspect-ratio:1.604319321249518\" srcset=\"https:\/\/rexel.be\/wp-content\/uploads\/2025\/10\/Stiebel-web.jpg 425w, https:\/\/rexel.be\/wp-content\/uploads\/2025\/10\/Stiebel-web-300x187.jpg 300w\" sizes=\"auto, (max-width: 425px) 100vw, 425px\" \/><\/figure>\n<\/div>\n\n\n\n<div class=\"wp-block-cb-slide-v2 cb-slide swiper-slide\">\n<figure class=\"wp-block-image aligncenter size-full\"><img loading=\"lazy\" decoding=\"async\" width=\"425\" height=\"221\" src=\"https:\/\/rexel.be\/wp-content\/uploads\/2025\/10\/Thermo-comfort-web-e1646219264100.jpg\" alt=\"\" class=\"wp-image-1622\" srcset=\"https:\/\/rexel.be\/wp-content\/uploads\/2025\/10\/Thermo-comfort-web-e1646219264100.jpg 425w, https:\/\/rexel.be\/wp-content\/uploads\/2025\/10\/Thermo-comfort-web-e1646219264100-300x156.jpg 300w\" sizes=\"auto, (max-width: 425px) 100vw, 425px\" \/><\/figure>\n<\/div>\n\n\n\n<div class=\"wp-block-cb-slide-v2 cb-slide swiper-slide\">\n<figure class=\"wp-block-image aligncenter size-full\"><img loading=\"lazy\" decoding=\"async\" width=\"425\" height=\"265\" src=\"https:\/\/rexel.be\/wp-content\/uploads\/2025\/10\/Thermor-web.jpg\" alt=\"\" class=\"wp-image-1623\" style=\"aspect-ratio:1.6040609137055837\" srcset=\"https:\/\/rexel.be\/wp-content\/uploads\/2025\/10\/Thermor-web.jpg 425w, https:\/\/rexel.be\/wp-content\/uploads\/2025\/10\/Thermor-web-300x187.jpg 300w\" sizes=\"auto, (max-width: 425px) 100vw, 425px\" \/><\/figure>\n<\/div>\n\n\n\n<div class=\"wp-block-cb-slide-v2 cb-slide swiper-slide\">\n<figure class=\"wp-block-image size-full\"><img loading=\"lazy\" decoding=\"async\" width=\"425\" height=\"265\" src=\"https:\/\/rexel.be\/wp-content\/uploads\/2025\/10\/LG-web.jpg\" alt=\"\" class=\"wp-image-1556\" srcset=\"https:\/\/rexel.be\/wp-content\/uploads\/2025\/10\/LG-web.jpg 425w, https:\/\/rexel.be\/wp-content\/uploads\/2025\/10\/LG-web-300x187.jpg 300w\" sizes=\"auto, (max-width: 425px) 100vw, 425px\" \/><\/figure>\n<\/div>\n<\/div><\/div><\/div>\n<\/div>\n<\/div>\n<\/div>\n\n\n\n<div class=\"wp-block-group has-global-padding is-layout-constrained wp-block-group-is-layout-constrained\" style=\"padding-top:var(--wp--preset--spacing--60-40);padding-bottom:var(--wp--preset--spacing--60-40)\">\n<div class=\"wp-block-columns is-layout-flex wp-container-core-columns-is-layout-28f84493 wp-block-columns-is-layout-flex\">\n<div class=\"wp-block-column is-vertically-aligned-stretch has-white-color has-blue-to-green-gradient-background has-text-color has-background has-link-color wp-elements-249f28ba9ff929e341255326d590d538 is-layout-flow wp-block-column-is-layout-flow\" style=\"border-radius:24px;padding-top:var(--wp--preset--spacing--60-40);padding-right:var(--wp--preset--spacing--80-60);padding-bottom:var(--wp--preset--spacing--60-40);padding-left:var(--wp--preset--spacing--80-60);flex-basis:80%\">\n<h2 class=\"wp-block-heading has-white-color has-text-color has-link-color wp-elements-1784b2c455e787058dd31f69f1fae225\">Assistance technique sur mesure<\/h2>\n\n\n\n<p>Rexel accompagne votre projet de la conception \u00e0 l&rsquo;installation :<\/p>\n\n\n\n<ul class=\"wp-block-list\">\n<li>\u00c9tude de votre projet sur mesure<\/li>\n\n\n\n<li>Simulation de la consommation future d&rsquo;une pompe \u00e0 chaleur<\/li>\n\n\n\n<li>Sch\u00e9mas de raccordement hydraulique pour les pompes \u00e0 chaleur<\/li>\n\n\n\n<li>Plan de pose d\u00e9taill\u00e9 du chauffage par le sol<\/li>\n\n\n\n<li>Accompagnement sur chantier lors de l&rsquo;installation<\/li>\n\n\n\n<li>Calculateur de perte de chaleur sur Netstore<\/li>\n\n\n\n<li>Recherche de pi\u00e8ces HVAC sur Netstore<\/li>\n<\/ul>\n\n\n\n<p><strong>Pour plus d&rsquo;informations sur notre outil de recherche de pi\u00e8ces performant :<\/strong><\/p>\n\n\n\n<div class=\"wp-block-buttons is-layout-flex wp-block-buttons-is-layout-flex\">\n<div class=\"wp-block-button is-style-white-green is-style-white-green--2\"><a class=\"wp-block-button__link wp-element-button\" href=\"mailto:onderdelen@rexel.be\">onderdelen@rexel.be<\/a><\/div>\n<\/div>\n<\/div>\n\n\n\n<div class=\"wp-block-column is-vertically-aligned-stretch is-layout-flow wp-block-column-is-layout-flow\" style=\"flex-basis:50%\">\n<figure class=\"wp-block-image size-large has-custom-border\"><img loading=\"lazy\" decoding=\"async\" width=\"1024\" height=\"788\" src=\"https:\/\/rexel.be\/wp-content\/uploads\/2025\/10\/ATLANTIC-EXPLORER-Ambiance-1024x788.jpg\" alt=\"\" class=\"wp-image-1612\" style=\"border-radius:24px\" srcset=\"https:\/\/rexel.be\/wp-content\/uploads\/2025\/10\/ATLANTIC-EXPLORER-Ambiance-1024x788.jpg 1024w, https:\/\/rexel.be\/wp-content\/uploads\/2025\/10\/ATLANTIC-EXPLORER-Ambiance-300x231.jpg 300w, https:\/\/rexel.be\/wp-content\/uploads\/2025\/10\/ATLANTIC-EXPLORER-Ambiance-768x591.jpg 768w, https:\/\/rexel.be\/wp-content\/uploads\/2025\/10\/ATLANTIC-EXPLORER-Ambiance-1536x1181.jpg 1536w, https:\/\/rexel.be\/wp-content\/uploads\/2025\/10\/ATLANTIC-EXPLORER-Ambiance-2048x1575.jpg 2048w\" sizes=\"auto, (max-width: 1024px) 100vw, 1024px\" \/><\/figure>\n<\/div>\n<\/div>\n<\/div>\n","protected":false},"featured_media":1613,"parent":0,"menu_order":0,"template":"","meta":{"_acf_changed":false,"inline_featured_image":false,"_links_to":"","_links_to_target":""},"class_list":["post-1610","product","type-product","status-publish","has-post-thumbnail","hentry"],"acf":[],"yoast_head":"<!-- This site is optimized with the Yoast SEO plugin v27.4 - https:\/\/yoast.com\/product\/yoast-seo-wordpress\/ -->\n<title>Chauffage et climatisation pour projets r\u00e9sidentiels et commerciaux<\/title>\n<meta name=\"description\" content=\"Avec plus de 20.000 pi\u00e8ces de 120 marques, disponibles dans nos agences, nous pouvons soutenir chaque projet rapidement et efficacement.\" \/>\n<meta name=\"robots\" content=\"index, follow, max-snippet:-1, max-image-preview:large, max-video-preview:-1\" \/>\n<link rel=\"canonical\" href=\"https:\/\/rexel.be\/fr\/produits\/chauffage-climatisation\/\" \/>\n<meta property=\"og:locale\" content=\"fr_FR\" \/>\n<meta property=\"og:type\" content=\"article\" \/>\n<meta property=\"og:title\" content=\"Chauffage et climatisation pour projets r\u00e9sidentiels et commerciaux\" \/>\n<meta property=\"og:description\" content=\"Avec plus de 20.000 pi\u00e8ces de 120 marques, disponibles dans nos agences, nous pouvons soutenir chaque projet rapidement et efficacement.\" \/>\n<meta property=\"og:url\" content=\"https:\/\/rexel.be\/fr\/produits\/chauffage-climatisation\/\" \/>\n<meta property=\"og:site_name\" content=\"Rexel\" \/>\n<meta property=\"article:modified_time\" content=\"2026-04-08T14:31:17+00:00\" \/>\n<meta property=\"og:image\" content=\"https:\/\/rexel.be\/wp-content\/uploads\/2025\/10\/Verwarming.jpg\" \/>\n\t<meta property=\"og:image:width\" content=\"1920\" \/>\n\t<meta property=\"og:image:height\" content=\"1151\" \/>\n\t<meta property=\"og:image:type\" content=\"image\/jpeg\" \/>\n<meta name=\"twitter:card\" content=\"summary_large_image\" \/>\n<meta name=\"twitter:label1\" content=\"Dur\u00e9e de lecture estim\u00e9e\" \/>\n\t<meta name=\"twitter:data1\" content=\"5 minutes\" \/>\n<script type=\"application\/ld+json\" class=\"yoast-schema-graph\">{\"@context\":\"https:\\\/\\\/schema.org\",\"@graph\":[{\"@type\":\"WebPage\",\"@id\":\"https:\\\/\\\/rexel.be\\\/fr\\\/produits\\\/chauffage-climatisation\\\/\",\"url\":\"https:\\\/\\\/rexel.be\\\/fr\\\/produits\\\/chauffage-climatisation\\\/\",\"name\":\"Chauffage et climatisation pour projets r\u00e9sidentiels et commerciaux\",\"isPartOf\":{\"@id\":\"https:\\\/\\\/rexel.be\\\/fr\\\/#website\"},\"primaryImageOfPage\":{\"@id\":\"https:\\\/\\\/rexel.be\\\/fr\\\/produits\\\/chauffage-climatisation\\\/#primaryimage\"},\"image\":{\"@id\":\"https:\\\/\\\/rexel.be\\\/fr\\\/produits\\\/chauffage-climatisation\\\/#primaryimage\"},\"thumbnailUrl\":\"https:\\\/\\\/rexel.be\\\/wp-content\\\/uploads\\\/2025\\\/10\\\/Verwarming.jpg\",\"datePublished\":\"2025-10-09T13:54:01+00:00\",\"dateModified\":\"2026-04-08T14:31:17+00:00\",\"description\":\"Avec plus de 20.000 pi\u00e8ces de 120 marques, disponibles dans nos agences, nous pouvons soutenir chaque projet rapidement et efficacement.\",\"breadcrumb\":{\"@id\":\"https:\\\/\\\/rexel.be\\\/fr\\\/produits\\\/chauffage-climatisation\\\/#breadcrumb\"},\"inLanguage\":\"fr-FR\",\"potentialAction\":[{\"@type\":\"ReadAction\",\"target\":[\"https:\\\/\\\/rexel.be\\\/fr\\\/produits\\\/chauffage-climatisation\\\/\"]}]},{\"@type\":\"ImageObject\",\"inLanguage\":\"fr-FR\",\"@id\":\"https:\\\/\\\/rexel.be\\\/fr\\\/produits\\\/chauffage-climatisation\\\/#primaryimage\",\"url\":\"https:\\\/\\\/rexel.be\\\/wp-content\\\/uploads\\\/2025\\\/10\\\/Verwarming.jpg\",\"contentUrl\":\"https:\\\/\\\/rexel.be\\\/wp-content\\\/uploads\\\/2025\\\/10\\\/Verwarming.jpg\",\"width\":1920,\"height\":1151},{\"@type\":\"BreadcrumbList\",\"@id\":\"https:\\\/\\\/rexel.be\\\/fr\\\/produits\\\/chauffage-climatisation\\\/#breadcrumb\",\"itemListElement\":[{\"@type\":\"ListItem\",\"position\":1,\"name\":\"Home\",\"item\":\"https:\\\/\\\/rexel.be\\\/fr\\\/\"},{\"@type\":\"ListItem\",\"position\":2,\"name\":\"Produits\",\"item\":\"https:\\\/\\\/rexel.be\\\/fr\\\/produits\\\/\"},{\"@type\":\"ListItem\",\"position\":3,\"name\":\"Chauffage et climatisation\"}]},{\"@type\":\"WebSite\",\"@id\":\"https:\\\/\\\/rexel.be\\\/fr\\\/#website\",\"url\":\"https:\\\/\\\/rexel.be\\\/fr\\\/\",\"name\":\"Rexel\",\"description\":\"\",\"potentialAction\":[{\"@type\":\"SearchAction\",\"target\":{\"@type\":\"EntryPoint\",\"urlTemplate\":\"https:\\\/\\\/rexel.be\\\/fr\\\/?s={search_term_string}\"},\"query-input\":{\"@type\":\"PropertyValueSpecification\",\"valueRequired\":true,\"valueName\":\"search_term_string\"}}],\"inLanguage\":\"fr-FR\"}]}<\/script>\n<!-- \/ Yoast SEO plugin. -->","yoast_head_json":{"title":"Chauffage et climatisation pour projets r\u00e9sidentiels et commerciaux","description":"Avec plus de 20.000 pi\u00e8ces de 120 marques, disponibles dans nos agences, nous pouvons soutenir chaque projet rapidement et efficacement.","robots":{"index":"index","follow":"follow","max-snippet":"max-snippet:-1","max-image-preview":"max-image-preview:large","max-video-preview":"max-video-preview:-1"},"canonical":"https:\/\/rexel.be\/fr\/produits\/chauffage-climatisation\/","og_locale":"fr_FR","og_type":"article","og_title":"Chauffage et climatisation pour projets r\u00e9sidentiels et commerciaux","og_description":"Avec plus de 20.000 pi\u00e8ces de 120 marques, disponibles dans nos agences, nous pouvons soutenir chaque projet rapidement et efficacement.","og_url":"https:\/\/rexel.be\/fr\/produits\/chauffage-climatisation\/","og_site_name":"Rexel","article_modified_time":"2026-04-08T14:31:17+00:00","og_image":[{"width":1920,"height":1151,"url":"https:\/\/rexel.be\/wp-content\/uploads\/2025\/10\/Verwarming.jpg","type":"image\/jpeg"}],"twitter_card":"summary_large_image","twitter_misc":{"Dur\u00e9e de lecture estim\u00e9e":"5 minutes"},"schema":{"@context":"https:\/\/schema.org","@graph":[{"@type":"WebPage","@id":"https:\/\/rexel.be\/fr\/produits\/chauffage-climatisation\/","url":"https:\/\/rexel.be\/fr\/produits\/chauffage-climatisation\/","name":"Chauffage et climatisation pour projets r\u00e9sidentiels et commerciaux","isPartOf":{"@id":"https:\/\/rexel.be\/fr\/#website"},"primaryImageOfPage":{"@id":"https:\/\/rexel.be\/fr\/produits\/chauffage-climatisation\/#primaryimage"},"image":{"@id":"https:\/\/rexel.be\/fr\/produits\/chauffage-climatisation\/#primaryimage"},"thumbnailUrl":"https:\/\/rexel.be\/wp-content\/uploads\/2025\/10\/Verwarming.jpg","datePublished":"2025-10-09T13:54:01+00:00","dateModified":"2026-04-08T14:31:17+00:00","description":"Avec plus de 20.000 pi\u00e8ces de 120 marques, disponibles dans nos agences, nous pouvons soutenir chaque projet rapidement et efficacement.","breadcrumb":{"@id":"https:\/\/rexel.be\/fr\/produits\/chauffage-climatisation\/#breadcrumb"},"inLanguage":"fr-FR","potentialAction":[{"@type":"ReadAction","target":["https:\/\/rexel.be\/fr\/produits\/chauffage-climatisation\/"]}]},{"@type":"ImageObject","inLanguage":"fr-FR","@id":"https:\/\/rexel.be\/fr\/produits\/chauffage-climatisation\/#primaryimage","url":"https:\/\/rexel.be\/wp-content\/uploads\/2025\/10\/Verwarming.jpg","contentUrl":"https:\/\/rexel.be\/wp-content\/uploads\/2025\/10\/Verwarming.jpg","width":1920,"height":1151},{"@type":"BreadcrumbList","@id":"https:\/\/rexel.be\/fr\/produits\/chauffage-climatisation\/#breadcrumb","itemListElement":[{"@type":"ListItem","position":1,"name":"Home","item":"https:\/\/rexel.be\/fr\/"},{"@type":"ListItem","position":2,"name":"Produits","item":"https:\/\/rexel.be\/fr\/produits\/"},{"@type":"ListItem","position":3,"name":"Chauffage et climatisation"}]},{"@type":"WebSite","@id":"https:\/\/rexel.be\/fr\/#website","url":"https:\/\/rexel.be\/fr\/","name":"Rexel","description":"","potentialAction":[{"@type":"SearchAction","target":{"@type":"EntryPoint","urlTemplate":"https:\/\/rexel.be\/fr\/?s={search_term_string}"},"query-input":{"@type":"PropertyValueSpecification","valueRequired":true,"valueName":"search_term_string"}}],"inLanguage":"fr-FR"}]}},"_links":{"self":[{"href":"https:\/\/rexel.be\/fr\/wp-json\/wp\/v2\/product\/1610","targetHints":{"allow":["GET"]}}],"collection":[{"href":"https:\/\/rexel.be\/fr\/wp-json\/wp\/v2\/product"}],"about":[{"href":"https:\/\/rexel.be\/fr\/wp-json\/wp\/v2\/types\/product"}],"wp:featuredmedia":[{"embeddable":true,"href":"https:\/\/rexel.be\/fr\/wp-json\/wp\/v2\/media\/1613"}],"wp:attachment":[{"href":"https:\/\/rexel.be\/fr\/wp-json\/wp\/v2\/media?parent=1610"}],"curies":[{"name":"wp","href":"https:\/\/api.w.org\/{rel}","templated":true}]}}