{"id":1601,"date":"2025-10-09T15:30:59","date_gmt":"2025-10-09T13:30:59","guid":{"rendered":"https:\/\/rexel.be\/?post_type=product&#038;p=1601"},"modified":"2026-02-02T12:49:03","modified_gmt":"2026-02-02T11:49:03","slug":"ventilation","status":"publish","type":"product","link":"https:\/\/rexel.be\/fr\/produits\/ventilation\/","title":{"rendered":"Ventilation"},"content":{"rendered":"\n<div class=\"wp-block-group has-global-padding is-layout-constrained wp-block-group-is-layout-constrained\" style=\"padding-top:var(--wp--preset--spacing--120-60);padding-bottom:var(--wp--preset--spacing--120-60)\">\n<div class=\"wp-block-columns are-vertically-aligned-center is-layout-flex wp-container-core-columns-is-layout-d2ad5bd7 wp-block-columns-is-layout-flex\">\n<div class=\"wp-block-column is-vertically-aligned-center is-layout-flow wp-block-column-is-layout-flow\">\n<h2 class=\"wp-block-heading\"><strong><strong>Syst\u00e8mes de ventilation et de traitement de l&rsquo;air<\/strong><\/strong><\/h2>\n\n\n\n<p>Chez Rexel, vous trouverez une large gamme de syst\u00e8mes de ventilation et d&rsquo;accessoires pour les projets r\u00e9sidentiels et commerciaux. Nos produits garantissent un climat int\u00e9rieur sain, une circulation efficace de l&rsquo;air et une qualit\u00e9 optimale de l&rsquo;air.<\/p>\n\n\n\n<div class=\"wp-block-buttons is-layout-flex wp-block-buttons-is-layout-flex\">\n<div class=\"wp-block-button is-style-fill\"><a class=\"wp-block-button__link wp-element-button\" href=\"https:\/\/rexel.be\/fr\/expertise\/competence-center-multi-energy\/\">D\u00e9couvrez notre expertise en ventilation<\/a><\/div>\n<\/div>\n<\/div>\n\n\n\n<div class=\"wp-block-column is-vertically-aligned-center is-layout-flow wp-block-column-is-layout-flow\">\n<figure class=\"wp-block-image size-full is-style-right-outside orange is-style-right-outside--1\"><img loading=\"lazy\" decoding=\"async\" width=\"2560\" height=\"1707\" src=\"https:\/\/rexel.be\/wp-content\/uploads\/2025\/10\/Ventilatie-scaled.jpg\" alt=\"\" class=\"wp-image-1603\" srcset=\"https:\/\/rexel.be\/wp-content\/uploads\/2025\/10\/Ventilatie-scaled.jpg 2560w, https:\/\/rexel.be\/wp-content\/uploads\/2025\/10\/Ventilatie-300x200.jpg 300w, https:\/\/rexel.be\/wp-content\/uploads\/2025\/10\/Ventilatie-1024x683.jpg 1024w, https:\/\/rexel.be\/wp-content\/uploads\/2025\/10\/Ventilatie-768x512.jpg 768w, https:\/\/rexel.be\/wp-content\/uploads\/2025\/10\/Ventilatie-1536x1024.jpg 1536w, https:\/\/rexel.be\/wp-content\/uploads\/2025\/10\/Ventilatie-2048x1365.jpg 2048w\" sizes=\"auto, (max-width: 2560px) 100vw, 2560px\" \/><\/figure>\n<\/div>\n<\/div>\n<\/div>\n\n\n\n<div class=\"wp-block-group bg_shape has-global-padding is-layout-constrained wp-block-group-is-layout-constrained\" style=\"margin-top:0;margin-bottom:0;padding-top:var(--wp--preset--spacing--120-60);padding-bottom:var(--wp--preset--spacing--120-60)\">\n<h2 class=\"wp-block-heading has-text-align-center\"><strong>Notre offre en mati\u00e8re de ventilation<\/strong><\/h2>\n\n\n\n<p class=\"has-text-align-center\">Notre gamme comprend entre autres :<\/p>\n\n\n\n<div class=\"wp-block-group is-layout-grid wp-container-core-group-is-layout-988b637e wp-block-group-is-layout-grid\">\n<div class=\"wp-block-group has-border-color has-white-background-color has-background is-layout-flow wp-block-group-is-layout-flow\" style=\"border-color:#2896d752;border-width:1px;border-radius:16px;padding-top:var(--wp--preset--spacing--40-20);padding-right:var(--wp--preset--spacing--40-20);padding-bottom:var(--wp--preset--spacing--40-20);padding-left:var(--wp--preset--spacing--40-20);box-shadow:var(--wp--preset--shadow--shadow-1)\">\n<h4 class=\"wp-block-heading has-dark-color has-text-color has-link-color wp-elements-4cd91e6556e6f9c4c338d62c0afbad35\"><strong>Des syst\u00e8mes de ventilation<\/strong><\/h4>\n\n\n\n<p>pour chaque application<\/p>\n<\/div>\n\n\n\n<div class=\"wp-block-group has-border-color has-white-background-color has-background is-layout-flow wp-block-group-is-layout-flow\" style=\"border-color:#2896d752;border-width:1px;border-radius:16px;padding-top:var(--wp--preset--spacing--40-20);padding-right:var(--wp--preset--spacing--40-20);padding-bottom:var(--wp--preset--spacing--40-20);padding-left:var(--wp--preset--spacing--40-20);box-shadow:var(--wp--preset--shadow--shadow-1)\">\n<h4 class=\"wp-block-heading has-dark-color has-text-color has-link-color wp-elements-c7612c93da2248182178e693e7a99b14\"><strong><strong>Des syst\u00e8mes C et D<\/strong><\/strong><\/h4>\n\n\n\n<p>pour une ventilation contr\u00f4l\u00e9e<\/p>\n<\/div>\n\n\n\n<div class=\"wp-block-group has-border-color has-white-background-color has-background is-layout-flow wp-block-group-is-layout-flow\" style=\"border-color:#2896d752;border-width:1px;border-radius:16px;padding-top:var(--wp--preset--spacing--40-20);padding-right:var(--wp--preset--spacing--40-20);padding-bottom:var(--wp--preset--spacing--40-20);padding-left:var(--wp--preset--spacing--40-20);box-shadow:var(--wp--preset--shadow--shadow-1)\">\n<h4 class=\"wp-block-heading has-dark-color has-text-color has-link-color wp-elements-c20c898d864fba99910932b379dfa716\"><strong>La purification de l&rsquo;air par UV-C<\/strong><\/h4>\n\n\n\n<p>pour un traitement hygi\u00e9nique de l&rsquo;air<\/p>\n<\/div>\n\n\n\n<div class=\"wp-block-group has-border-color has-white-background-color has-background is-layout-flow wp-block-group-is-layout-flow\" style=\"border-color:#2896d752;border-width:1px;border-radius:16px;padding-top:var(--wp--preset--spacing--40-20);padding-right:var(--wp--preset--spacing--40-20);padding-bottom:var(--wp--preset--spacing--40-20);padding-left:var(--wp--preset--spacing--40-20);box-shadow:var(--wp--preset--shadow--shadow-1)\">\n<h4 class=\"wp-block-heading has-dark-color has-text-color has-link-color wp-elements-eac7f1a9a860945ea5697c0fd593c54a\"><strong>Des conduits<\/strong><\/h4>\n\n\n\n<p>pour une distribution efficace de l&rsquo;air<\/p>\n<\/div>\n\n\n\n<div class=\"wp-block-group has-border-color has-white-background-color has-background is-layout-flow wp-block-group-is-layout-flow\" style=\"border-color:#2896d752;border-width:1px;border-radius:16px;padding-top:var(--wp--preset--spacing--40-20);padding-right:var(--wp--preset--spacing--40-20);padding-bottom:var(--wp--preset--spacing--40-20);padding-left:var(--wp--preset--spacing--40-20);box-shadow:var(--wp--preset--shadow--shadow-1)\">\n<h4 class=\"wp-block-heading has-dark-color has-text-color has-link-color wp-elements-ffac4998b1865d06ffa9df5aaaf0e2c6\"><strong>Des accessoires<\/strong><\/h4>\n\n\n\n<p>pour une installation et un entretien faciles<\/p>\n<\/div>\n<\/div>\n<\/div>\n\n\n\n<div class=\"wp-block-group top_minus_35 has-global-padding is-layout-constrained wp-block-group-is-layout-constrained\" style=\"padding-top:var(--wp--preset--spacing--80-60);padding-bottom:var(--wp--preset--spacing--80-60)\">\n<div class=\"wp-block-columns are-vertically-aligned-center has-border-color has-white-background-color has-background is-layout-flex wp-container-core-columns-is-layout-5fd65f55 wp-block-columns-is-layout-flex\" style=\"border-color:#2896d729;border-width:1px;border-radius:24px;padding-top:var(--wp--preset--spacing--60-40);padding-right:var(--wp--preset--spacing--60-40);padding-bottom:var(--wp--preset--spacing--60-40);padding-left:var(--wp--preset--spacing--60-40)\">\n<div class=\"wp-block-column is-vertically-aligned-center is-layout-flow wp-block-column-is-layout-flow\" style=\"flex-basis:33%\">\n<h4 class=\"wp-block-heading mobile-text-center wp-container-content-9cfa9a5a\"><strong>Partenaires avec lesquels nous collaborons<\/strong><\/h4>\n<\/div>\n\n\n\n<div class=\"wp-block-column is-vertically-aligned-center is-layout-flow wp-block-column-is-layout-flow\">\n<div class=\"wp-block-cb-carousel-v2 cb-carousel-block\" data-cb-slides-per-view=\"2\" data-cb-slides-per-group=\"2\" data-cb-space-between=\"20\" data-cb-speed=\"300\" data-cb-loop=\"true\" data-cb-autoplay=\"true\" data-cb-autoplay-speed=\"3000\" data-cb-breakpoints=\"{&quot;768&quot;:{&quot;slidesPerView&quot;:5,&quot;slidesPerGroup&quot;:1}}\"><div class=\"swiper\"><div class=\"cb-wrapper swiper-wrapper\">\n<div class=\"wp-block-cb-slide-v2 cb-slide swiper-slide\">\n<figure class=\"wp-block-image aligncenter size-full\"><img loading=\"lazy\" decoding=\"async\" width=\"425\" height=\"265\" src=\"https:\/\/rexel.be\/wp-content\/uploads\/2025\/10\/Duco-web.jpg\" alt=\"\" class=\"wp-image-1604\" srcset=\"https:\/\/rexel.be\/wp-content\/uploads\/2025\/10\/Duco-web.jpg 425w, https:\/\/rexel.be\/wp-content\/uploads\/2025\/10\/Duco-web-300x187.jpg 300w\" sizes=\"auto, (max-width: 425px) 100vw, 425px\" \/><\/figure>\n<\/div>\n\n\n\n<div class=\"wp-block-cb-slide-v2 cb-slide swiper-slide\">\n<figure class=\"wp-block-image aligncenter size-full\"><img loading=\"lazy\" decoding=\"async\" width=\"425\" height=\"265\" src=\"https:\/\/rexel.be\/wp-content\/uploads\/2025\/10\/Soler-palau-web.jpg\" alt=\"\" class=\"wp-image-1605\" style=\"aspect-ratio:1.696899672636241\" srcset=\"https:\/\/rexel.be\/wp-content\/uploads\/2025\/10\/Soler-palau-web.jpg 425w, https:\/\/rexel.be\/wp-content\/uploads\/2025\/10\/Soler-palau-web-300x187.jpg 300w\" sizes=\"auto, (max-width: 425px) 100vw, 425px\" \/><\/figure>\n<\/div>\n\n\n\n<div class=\"wp-block-cb-slide-v2 cb-slide swiper-slide\">\n<figure class=\"wp-block-image aligncenter size-full\"><img loading=\"lazy\" decoding=\"async\" width=\"425\" height=\"265\" src=\"https:\/\/rexel.be\/wp-content\/uploads\/2025\/10\/Ubbink-web.jpg\" alt=\"\" class=\"wp-image-1606\" srcset=\"https:\/\/rexel.be\/wp-content\/uploads\/2025\/10\/Ubbink-web.jpg 425w, https:\/\/rexel.be\/wp-content\/uploads\/2025\/10\/Ubbink-web-300x187.jpg 300w\" sizes=\"auto, (max-width: 425px) 100vw, 425px\" \/><\/figure>\n<\/div>\n\n\n\n<div class=\"wp-block-cb-slide-v2 cb-slide swiper-slide\">\n<figure class=\"wp-block-image aligncenter size-full\"><img loading=\"lazy\" decoding=\"async\" width=\"2560\" height=\"1282\" src=\"https:\/\/rexel.be\/wp-content\/uploads\/2025\/10\/Ventiline-scaled.jpg\" alt=\"\" class=\"wp-image-1607\" srcset=\"https:\/\/rexel.be\/wp-content\/uploads\/2025\/10\/Ventiline-scaled.jpg 2560w, https:\/\/rexel.be\/wp-content\/uploads\/2025\/10\/Ventiline-300x150.jpg 300w, https:\/\/rexel.be\/wp-content\/uploads\/2025\/10\/Ventiline-1024x513.jpg 1024w, https:\/\/rexel.be\/wp-content\/uploads\/2025\/10\/Ventiline-768x385.jpg 768w, https:\/\/rexel.be\/wp-content\/uploads\/2025\/10\/Ventiline-1536x769.jpg 1536w, https:\/\/rexel.be\/wp-content\/uploads\/2025\/10\/Ventiline-2048x1026.jpg 2048w\" sizes=\"auto, (max-width: 2560px) 100vw, 2560px\" \/><\/figure>\n<\/div>\n<\/div><\/div><\/div>\n<\/div>\n<\/div>\n<\/div>\n\n\n\n<div class=\"wp-block-group has-global-padding is-layout-constrained wp-block-group-is-layout-constrained\" style=\"padding-top:var(--wp--preset--spacing--60-40);padding-bottom:var(--wp--preset--spacing--60-40)\">\n<div class=\"wp-block-columns is-layout-flex wp-container-core-columns-is-layout-28f84493 wp-block-columns-is-layout-flex\">\n<div class=\"wp-block-column is-vertically-aligned-stretch has-white-color has-blue-to-green-gradient-background has-text-color has-background has-link-color wp-elements-8662d5c81b569d3268dc4852e7ac0858 is-layout-flow wp-block-column-is-layout-flow\" style=\"border-radius:24px;padding-top:var(--wp--preset--spacing--60-40);padding-right:var(--wp--preset--spacing--80-60);padding-bottom:var(--wp--preset--spacing--60-40);padding-left:var(--wp--preset--spacing--80-60);flex-basis:80%\">\n<h2 class=\"wp-block-heading has-white-color has-text-color has-link-color wp-elements-bcc23c7f10a93704d2b2c44918e1f34f\">Assistance technique et conseil en mati\u00e8re de projets<\/h2>\n\n\n\n<p>Rexel vous accompagne tout au long de votre projet de ventilation :<\/p>\n\n\n\n<ul class=\"wp-block-list\">\n<li>\u00c9tude personnalis\u00e9e de votre projet<\/li>\n\n\n\n<li>Plan d\u00e9taill\u00e9 de per\u00e7age et de pose apr\u00e8s la commande<\/li>\n\n\n\n<li>Accompagnement sur le chantier lors de la premi\u00e8re installation<\/li>\n\n\n\n<li>Mise en service et r\u00e9glage des syst\u00e8mes lors de la premi\u00e8re installation<\/li>\n\n\n\n<li>Location d&rsquo;an\u00e9mom\u00e8tres pour les mesures<\/li>\n\n\n\n<li>Calculateur de ventilation sur Netstore pour un dimensionnement rapide<\/li>\n<\/ul>\n<\/div>\n\n\n\n<div class=\"wp-block-column is-vertically-aligned-stretch is-layout-flow wp-block-column-is-layout-flow\" style=\"flex-basis:50%\">\n<figure class=\"wp-block-image size-large has-custom-border is-style-default\" style=\"margin-top:0;margin-bottom:0\"><img loading=\"lazy\" decoding=\"async\" width=\"1024\" height=\"683\" src=\"https:\/\/rexel.be\/wp-content\/uploads\/2025\/10\/Ventilatie-2-1024x683.jpg\" alt=\"\" class=\"wp-image-1602\" style=\"border-radius:24px\" srcset=\"https:\/\/rexel.be\/wp-content\/uploads\/2025\/10\/Ventilatie-2-1024x683.jpg 1024w, https:\/\/rexel.be\/wp-content\/uploads\/2025\/10\/Ventilatie-2-300x200.jpg 300w, https:\/\/rexel.be\/wp-content\/uploads\/2025\/10\/Ventilatie-2-768x512.jpg 768w, https:\/\/rexel.be\/wp-content\/uploads\/2025\/10\/Ventilatie-2-1536x1024.jpg 1536w, https:\/\/rexel.be\/wp-content\/uploads\/2025\/10\/Ventilatie-2-2048x1365.jpg 2048w\" sizes=\"auto, (max-width: 1024px) 100vw, 1024px\" \/><\/figure>\n<\/div>\n<\/div>\n<\/div>\n","protected":false},"featured_media":1608,"parent":0,"menu_order":0,"template":"","meta":{"_acf_changed":false,"inline_featured_image":false,"_links_to":"","_links_to_target":""},"class_list":["post-1601","product","type-product","status-publish","has-post-thumbnail","hentry"],"acf":[],"yoast_head":"<!-- This site is optimized with the Yoast SEO plugin v26.9 - https:\/\/yoast.com\/product\/yoast-seo-wordpress\/ -->\n<title>Syst\u00e8mes de ventilation et de traitement de l&#039;air - Rexel Belgium<\/title>\n<meta name=\"description\" content=\"Nos produits assurent un climat int\u00e9rieur sain, une circulation d&#039;air efficace et une qualit\u00e9 d&#039;air optimale.\" \/>\n<meta name=\"robots\" content=\"index, follow, max-snippet:-1, max-image-preview:large, max-video-preview:-1\" \/>\n<link rel=\"canonical\" href=\"https:\/\/rexel.be\/fr\/produits\/ventilation\/\" \/>\n<meta property=\"og:locale\" content=\"fr_FR\" \/>\n<meta property=\"og:type\" content=\"article\" \/>\n<meta property=\"og:title\" content=\"Syst\u00e8mes de ventilation et de traitement de l&#039;air - Rexel Belgium\" \/>\n<meta property=\"og:description\" content=\"Nos produits assurent un climat int\u00e9rieur sain, une circulation d&#039;air efficace et une qualit\u00e9 d&#039;air optimale.\" \/>\n<meta property=\"og:url\" content=\"https:\/\/rexel.be\/fr\/produits\/ventilation\/\" \/>\n<meta property=\"og:site_name\" content=\"Rexel\" \/>\n<meta property=\"article:modified_time\" content=\"2026-02-02T11:49:03+00:00\" \/>\n<meta property=\"og:image\" content=\"https:\/\/rexel.be\/wp-content\/uploads\/2025\/10\/ventilatiesysteem.jpg\" \/>\n\t<meta property=\"og:image:width\" content=\"1920\" \/>\n\t<meta property=\"og:image:height\" content=\"1280\" \/>\n\t<meta property=\"og:image:type\" content=\"image\/jpeg\" \/>\n<meta name=\"twitter:card\" content=\"summary_large_image\" \/>\n<meta name=\"twitter:label1\" content=\"Dur\u00e9e de lecture estim\u00e9e\" \/>\n\t<meta name=\"twitter:data1\" content=\"3 minutes\" \/>\n<script type=\"application\/ld+json\" class=\"yoast-schema-graph\">{\"@context\":\"https:\/\/schema.org\",\"@graph\":[{\"@type\":\"WebPage\",\"@id\":\"https:\/\/rexel.be\/fr\/produits\/ventilation\/\",\"url\":\"https:\/\/rexel.be\/fr\/produits\/ventilation\/\",\"name\":\"Syst\u00e8mes de ventilation et de traitement de l'air - Rexel Belgium\",\"isPartOf\":{\"@id\":\"https:\/\/rexel.be\/fr\/#website\"},\"primaryImageOfPage\":{\"@id\":\"https:\/\/rexel.be\/fr\/produits\/ventilation\/#primaryimage\"},\"image\":{\"@id\":\"https:\/\/rexel.be\/fr\/produits\/ventilation\/#primaryimage\"},\"thumbnailUrl\":\"https:\/\/rexel.be\/wp-content\/uploads\/2025\/10\/ventilatiesysteem.jpg\",\"datePublished\":\"2025-10-09T13:30:59+00:00\",\"dateModified\":\"2026-02-02T11:49:03+00:00\",\"description\":\"Nos produits assurent un climat int\u00e9rieur sain, une circulation d'air efficace et une qualit\u00e9 d'air optimale.\",\"breadcrumb\":{\"@id\":\"https:\/\/rexel.be\/fr\/produits\/ventilation\/#breadcrumb\"},\"inLanguage\":\"fr-FR\",\"potentialAction\":[{\"@type\":\"ReadAction\",\"target\":[\"https:\/\/rexel.be\/fr\/produits\/ventilation\/\"]}]},{\"@type\":\"ImageObject\",\"inLanguage\":\"fr-FR\",\"@id\":\"https:\/\/rexel.be\/fr\/produits\/ventilation\/#primaryimage\",\"url\":\"https:\/\/rexel.be\/wp-content\/uploads\/2025\/10\/ventilatiesysteem.jpg\",\"contentUrl\":\"https:\/\/rexel.be\/wp-content\/uploads\/2025\/10\/ventilatiesysteem.jpg\",\"width\":1920,\"height\":1280},{\"@type\":\"BreadcrumbList\",\"@id\":\"https:\/\/rexel.be\/fr\/produits\/ventilation\/#breadcrumb\",\"itemListElement\":[{\"@type\":\"ListItem\",\"position\":1,\"name\":\"Home\",\"item\":\"https:\/\/rexel.be\/fr\/\"},{\"@type\":\"ListItem\",\"position\":2,\"name\":\"Produits\",\"item\":\"https:\/\/rexel.be\/fr\/produits\/\"},{\"@type\":\"ListItem\",\"position\":3,\"name\":\"Ventilation\"}]},{\"@type\":\"WebSite\",\"@id\":\"https:\/\/rexel.be\/fr\/#website\",\"url\":\"https:\/\/rexel.be\/fr\/\",\"name\":\"Rexel\",\"description\":\"\",\"potentialAction\":[{\"@type\":\"SearchAction\",\"target\":{\"@type\":\"EntryPoint\",\"urlTemplate\":\"https:\/\/rexel.be\/fr\/?s={search_term_string}\"},\"query-input\":{\"@type\":\"PropertyValueSpecification\",\"valueRequired\":true,\"valueName\":\"search_term_string\"}}],\"inLanguage\":\"fr-FR\"}]}<\/script>\n<!-- \/ Yoast SEO plugin. -->","yoast_head_json":{"title":"Syst\u00e8mes de ventilation et de traitement de l'air - Rexel Belgium","description":"Nos produits assurent un climat int\u00e9rieur sain, une circulation d'air efficace et une qualit\u00e9 d'air optimale.","robots":{"index":"index","follow":"follow","max-snippet":"max-snippet:-1","max-image-preview":"max-image-preview:large","max-video-preview":"max-video-preview:-1"},"canonical":"https:\/\/rexel.be\/fr\/produits\/ventilation\/","og_locale":"fr_FR","og_type":"article","og_title":"Syst\u00e8mes de ventilation et de traitement de l'air - Rexel Belgium","og_description":"Nos produits assurent un climat int\u00e9rieur sain, une circulation d'air efficace et une qualit\u00e9 d'air optimale.","og_url":"https:\/\/rexel.be\/fr\/produits\/ventilation\/","og_site_name":"Rexel","article_modified_time":"2026-02-02T11:49:03+00:00","og_image":[{"width":1920,"height":1280,"url":"https:\/\/rexel.be\/wp-content\/uploads\/2025\/10\/ventilatiesysteem.jpg","type":"image\/jpeg"}],"twitter_card":"summary_large_image","twitter_misc":{"Dur\u00e9e de lecture estim\u00e9e":"3 minutes"},"schema":{"@context":"https:\/\/schema.org","@graph":[{"@type":"WebPage","@id":"https:\/\/rexel.be\/fr\/produits\/ventilation\/","url":"https:\/\/rexel.be\/fr\/produits\/ventilation\/","name":"Syst\u00e8mes de ventilation et de traitement de l'air - Rexel Belgium","isPartOf":{"@id":"https:\/\/rexel.be\/fr\/#website"},"primaryImageOfPage":{"@id":"https:\/\/rexel.be\/fr\/produits\/ventilation\/#primaryimage"},"image":{"@id":"https:\/\/rexel.be\/fr\/produits\/ventilation\/#primaryimage"},"thumbnailUrl":"https:\/\/rexel.be\/wp-content\/uploads\/2025\/10\/ventilatiesysteem.jpg","datePublished":"2025-10-09T13:30:59+00:00","dateModified":"2026-02-02T11:49:03+00:00","description":"Nos produits assurent un climat int\u00e9rieur sain, une circulation d'air efficace et une qualit\u00e9 d'air optimale.","breadcrumb":{"@id":"https:\/\/rexel.be\/fr\/produits\/ventilation\/#breadcrumb"},"inLanguage":"fr-FR","potentialAction":[{"@type":"ReadAction","target":["https:\/\/rexel.be\/fr\/produits\/ventilation\/"]}]},{"@type":"ImageObject","inLanguage":"fr-FR","@id":"https:\/\/rexel.be\/fr\/produits\/ventilation\/#primaryimage","url":"https:\/\/rexel.be\/wp-content\/uploads\/2025\/10\/ventilatiesysteem.jpg","contentUrl":"https:\/\/rexel.be\/wp-content\/uploads\/2025\/10\/ventilatiesysteem.jpg","width":1920,"height":1280},{"@type":"BreadcrumbList","@id":"https:\/\/rexel.be\/fr\/produits\/ventilation\/#breadcrumb","itemListElement":[{"@type":"ListItem","position":1,"name":"Home","item":"https:\/\/rexel.be\/fr\/"},{"@type":"ListItem","position":2,"name":"Produits","item":"https:\/\/rexel.be\/fr\/produits\/"},{"@type":"ListItem","position":3,"name":"Ventilation"}]},{"@type":"WebSite","@id":"https:\/\/rexel.be\/fr\/#website","url":"https:\/\/rexel.be\/fr\/","name":"Rexel","description":"","potentialAction":[{"@type":"SearchAction","target":{"@type":"EntryPoint","urlTemplate":"https:\/\/rexel.be\/fr\/?s={search_term_string}"},"query-input":{"@type":"PropertyValueSpecification","valueRequired":true,"valueName":"search_term_string"}}],"inLanguage":"fr-FR"}]}},"_links":{"self":[{"href":"https:\/\/rexel.be\/fr\/wp-json\/wp\/v2\/product\/1601","targetHints":{"allow":["GET"]}}],"collection":[{"href":"https:\/\/rexel.be\/fr\/wp-json\/wp\/v2\/product"}],"about":[{"href":"https:\/\/rexel.be\/fr\/wp-json\/wp\/v2\/types\/product"}],"wp:featuredmedia":[{"embeddable":true,"href":"https:\/\/rexel.be\/fr\/wp-json\/wp\/v2\/media\/1608"}],"wp:attachment":[{"href":"https:\/\/rexel.be\/fr\/wp-json\/wp\/v2\/media?parent=1601"}],"curies":[{"name":"wp","href":"https:\/\/api.w.org\/{rel}","templated":true}]}}