{"id":1585,"date":"2025-10-09T15:13:57","date_gmt":"2025-10-09T13:13:57","guid":{"rendered":"https:\/\/rexel.be\/?post_type=product&#038;p=1585"},"modified":"2026-02-02T12:50:39","modified_gmt":"2026-02-02T11:50:39","slug":"mobilite-electrique","status":"publish","type":"product","link":"https:\/\/rexel.be\/fr\/produits\/mobilite-electrique\/","title":{"rendered":"Mobilit\u00e9 \u00e9lectrique"},"content":{"rendered":"\n<div class=\"wp-block-group has-global-padding is-layout-constrained wp-block-group-is-layout-constrained\" style=\"padding-top:var(--wp--preset--spacing--120-60);padding-bottom:var(--wp--preset--spacing--120-60)\">\n<div class=\"wp-block-columns are-vertically-aligned-center is-layout-flex wp-container-core-columns-is-layout-d2ad5bd7 wp-block-columns-is-layout-flex\">\n<div class=\"wp-block-column is-vertically-aligned-center is-layout-flow wp-block-column-is-layout-flow\">\n<h2 class=\"wp-block-heading\"><strong><strong>Mobilit\u00e9 \u00e9lectrique et solutions de recharge<\/strong><\/strong><\/h2>\n\n\n\n<p>Vous recherchez une borne de recharge fiable pour v\u00e9hicules \u00e9lectriques ? Chez Rexel, vous trouverez une large gamme de solutions de recharge pour chaque application : des maisons individuelles et entreprises aux projets tertiaires tels que les h\u00f4tels, magasins et restaurants, et m\u00eame les sites industriels.<\/p>\n\n\n\n<p>Nos bornes de recharge et leurs accessoires sont adapt\u00e9s aussi bien aux nouvelles installations qu&rsquo;aux infrastructures existantes. Vous avez ainsi la garantie d&rsquo;une solution p\u00e9renne qui r\u00e9pond parfaitement \u00e0 vos besoins.<\/p>\n\n\n\n<div class=\"wp-block-buttons is-layout-flex wp-block-buttons-is-layout-flex\">\n<div class=\"wp-block-button is-style-fill\"><a class=\"wp-block-button__link wp-element-button\" href=\"https:\/\/rexel.be\/fr\/expertise\/competence-center-multi-energy\/\">D\u00e9couvrez notre expertise en mobilit\u00e9 \u00e9lectrique<\/a><\/div>\n<\/div>\n<\/div>\n\n\n\n<div class=\"wp-block-column is-vertically-aligned-center is-layout-flow wp-block-column-is-layout-flow\">\n<figure class=\"wp-block-image size-full is-style-right-outside orange is-style-right-outside--1\"><img loading=\"lazy\" decoding=\"async\" width=\"2560\" height=\"1706\" src=\"https:\/\/rexel.be\/wp-content\/uploads\/2025\/10\/Eve-scaled.jpg\" alt=\"\" class=\"wp-image-1586\" srcset=\"https:\/\/rexel.be\/wp-content\/uploads\/2025\/10\/Eve-scaled.jpg 2560w, https:\/\/rexel.be\/wp-content\/uploads\/2025\/10\/Eve-300x200.jpg 300w, https:\/\/rexel.be\/wp-content\/uploads\/2025\/10\/Eve-1024x683.jpg 1024w, https:\/\/rexel.be\/wp-content\/uploads\/2025\/10\/Eve-768x512.jpg 768w, https:\/\/rexel.be\/wp-content\/uploads\/2025\/10\/Eve-1536x1024.jpg 1536w, https:\/\/rexel.be\/wp-content\/uploads\/2025\/10\/Eve-2048x1365.jpg 2048w\" sizes=\"auto, (max-width: 2560px) 100vw, 2560px\" \/><\/figure>\n<\/div>\n<\/div>\n<\/div>\n\n\n\n<div class=\"wp-block-group bg_shape has-global-padding is-layout-constrained wp-block-group-is-layout-constrained\" style=\"margin-top:0;margin-bottom:0;padding-top:var(--wp--preset--spacing--120-60);padding-bottom:var(--wp--preset--spacing--120-60)\">\n<h2 class=\"wp-block-heading has-text-align-center\"><strong>Notre offre en mati\u00e8re de mobilit\u00e9 \u00e9lectrique<\/strong><\/h2>\n\n\n\n<p class=\"has-text-align-center\">Chez Rexel, vous trouverez tout ce dont vous avez besoin pour une solution de recharge compl\u00e8te :<\/p>\n\n\n\n<div class=\"wp-block-group is-layout-grid wp-container-core-group-is-layout-988b637e wp-block-group-is-layout-grid\">\n<div class=\"wp-block-group has-border-color has-white-background-color has-background is-layout-flow wp-block-group-is-layout-flow\" style=\"border-color:#2896d752;border-width:1px;border-radius:16px;padding-top:var(--wp--preset--spacing--40-20);padding-right:var(--wp--preset--spacing--40-20);padding-bottom:var(--wp--preset--spacing--40-20);padding-left:var(--wp--preset--spacing--40-20);box-shadow:var(--wp--preset--shadow--shadow-1)\">\n<h4 class=\"wp-block-heading has-dark-color has-text-color has-link-color wp-elements-2605c34da34ae85ba81dcafb249cf2f0\"><strong>Bornes de recharge<\/strong><\/h4>\n\n\n\n<p>pour v\u00e9hicules \u00e9lectriques<\/p>\n<\/div>\n\n\n\n<div class=\"wp-block-group has-border-color has-white-background-color has-background is-layout-flow wp-block-group-is-layout-flow\" style=\"border-color:#2896d752;border-width:1px;border-radius:16px;padding-top:var(--wp--preset--spacing--40-20);padding-right:var(--wp--preset--spacing--40-20);padding-bottom:var(--wp--preset--spacing--40-20);padding-left:var(--wp--preset--spacing--40-20);box-shadow:var(--wp--preset--shadow--shadow-1)\">\n<h4 class=\"wp-block-heading has-dark-color has-text-color has-link-color wp-elements-c11ef455018bab1eb8ee45659ad70547\"><strong><strong>C\u00e2bles de recharge<\/strong><\/strong><\/h4>\n\n\n\n<p>de diff\u00e9rents types et longueurs<\/p>\n<\/div>\n\n\n\n<div class=\"wp-block-group has-border-color has-white-background-color has-background is-layout-flow wp-block-group-is-layout-flow\" style=\"border-color:#2896d752;border-width:1px;border-radius:16px;padding-top:var(--wp--preset--spacing--40-20);padding-right:var(--wp--preset--spacing--40-20);padding-bottom:var(--wp--preset--spacing--40-20);padding-left:var(--wp--preset--spacing--40-20);box-shadow:var(--wp--preset--shadow--shadow-1)\">\n<h4 class=\"wp-block-heading has-dark-color has-text-color has-link-color wp-elements-3d970788ee27cd7edb42344f300bd211\"><strong>Logiciels<\/strong><\/h4>\n\n\n\n<p>pour les syst\u00e8mes de recharge et la gestion<\/p>\n<\/div>\n\n\n\n<div class=\"wp-block-group has-border-color has-white-background-color has-background is-layout-flow wp-block-group-is-layout-flow\" style=\"border-color:#2896d752;border-width:1px;border-radius:16px;padding-top:var(--wp--preset--spacing--40-20);padding-right:var(--wp--preset--spacing--40-20);padding-bottom:var(--wp--preset--spacing--40-20);padding-left:var(--wp--preset--spacing--40-20);box-shadow:var(--wp--preset--shadow--shadow-1)\">\n<h4 class=\"wp-block-heading has-dark-color has-text-color has-link-color wp-elements-8024ad75a765f799f93f776a6b88d820\"><strong>Dispositifs de s\u00e9curit\u00e9 sp\u00e9cialis\u00e9s<\/strong><\/h4>\n\n\n\n<p>pour une recharge en toute s\u00e9curit\u00e9<\/p>\n<\/div>\n\n\n\n<div class=\"wp-block-group has-border-color has-white-background-color has-background is-layout-flow wp-block-group-is-layout-flow\" style=\"border-color:#2896d752;border-width:1px;border-radius:16px;padding-top:var(--wp--preset--spacing--40-20);padding-right:var(--wp--preset--spacing--40-20);padding-bottom:var(--wp--preset--spacing--40-20);padding-left:var(--wp--preset--spacing--40-20);box-shadow:var(--wp--preset--shadow--shadow-1)\">\n<h4 class=\"wp-block-heading has-dark-color has-text-color has-link-color wp-elements-bbeca8fed3fb776c143b8271a8e83b65\"><strong>Accessoires<\/strong><\/h4>\n\n\n\n<p>et \u00e9quipements<\/p>\n<\/div>\n<\/div>\n<\/div>\n\n\n\n<div class=\"wp-block-group top_minus_35 has-global-padding is-layout-constrained wp-block-group-is-layout-constrained\" style=\"padding-top:var(--wp--preset--spacing--80-60);padding-bottom:var(--wp--preset--spacing--80-60)\">\n<div class=\"wp-block-columns are-vertically-aligned-center has-border-color has-white-background-color has-background is-layout-flex wp-container-core-columns-is-layout-5fd65f55 wp-block-columns-is-layout-flex\" style=\"border-color:#2896d729;border-width:1px;border-radius:24px;padding-top:var(--wp--preset--spacing--60-40);padding-right:var(--wp--preset--spacing--60-40);padding-bottom:var(--wp--preset--spacing--60-40);padding-left:var(--wp--preset--spacing--60-40)\">\n<div class=\"wp-block-column is-vertically-aligned-center is-layout-flow wp-block-column-is-layout-flow\" style=\"flex-basis:33%\">\n<h4 class=\"wp-block-heading mobile-text-center wp-container-content-9cfa9a5a\"><strong>Partenaires avec lesquels nous collaborons<\/strong><\/h4>\n<\/div>\n\n\n\n<div class=\"wp-block-column is-vertically-aligned-center is-layout-flow wp-block-column-is-layout-flow\">\n<div class=\"wp-block-cb-carousel-v2 cb-carousel-block\" data-cb-slides-per-view=\"2\" data-cb-slides-per-group=\"2\" data-cb-space-between=\"20\" data-cb-speed=\"300\" data-cb-loop=\"true\" data-cb-autoplay=\"true\" data-cb-autoplay-speed=\"3000\" data-cb-breakpoints=\"{&quot;768&quot;:{&quot;slidesPerView&quot;:5,&quot;slidesPerGroup&quot;:1}}\"><div class=\"swiper\"><div class=\"cb-wrapper swiper-wrapper\">\n<div class=\"wp-block-cb-slide-v2 cb-slide swiper-slide\">\n<figure class=\"wp-block-image aligncenter size-full\"><img loading=\"lazy\" decoding=\"async\" width=\"425\" height=\"265\" src=\"https:\/\/rexel.be\/wp-content\/uploads\/2025\/10\/Alfen-web.jpg\" alt=\"\" class=\"wp-image-1588\" srcset=\"https:\/\/rexel.be\/wp-content\/uploads\/2025\/10\/Alfen-web.jpg 425w, https:\/\/rexel.be\/wp-content\/uploads\/2025\/10\/Alfen-web-300x187.jpg 300w\" sizes=\"auto, (max-width: 425px) 100vw, 425px\" \/><\/figure>\n<\/div>\n\n\n\n<div class=\"wp-block-cb-slide-v2 cb-slide swiper-slide\">\n<figure class=\"wp-block-image aligncenter size-full is-resized\"><img loading=\"lazy\" decoding=\"async\" width=\"768\" height=\"75\" src=\"https:\/\/rexel.be\/wp-content\/uploads\/2025\/10\/ChargeAmps_Logo_Horizontal_Primary_Pos_RGB-1-768x75-1.png\" alt=\"\" class=\"wp-image-1589\" style=\"aspect-ratio:10.247191011235955;width:205px;height:auto\" srcset=\"https:\/\/rexel.be\/wp-content\/uploads\/2025\/10\/ChargeAmps_Logo_Horizontal_Primary_Pos_RGB-1-768x75-1.png 768w, https:\/\/rexel.be\/wp-content\/uploads\/2025\/10\/ChargeAmps_Logo_Horizontal_Primary_Pos_RGB-1-768x75-1-300x29.png 300w\" sizes=\"auto, (max-width: 768px) 100vw, 768px\" \/><\/figure>\n<\/div>\n\n\n\n<div class=\"wp-block-cb-slide-v2 cb-slide swiper-slide\">\n<figure class=\"wp-block-image aligncenter size-full\"><img loading=\"lazy\" decoding=\"async\" width=\"768\" height=\"130\" src=\"https:\/\/rexel.be\/wp-content\/uploads\/2025\/10\/Easee-logo-black-R-768x130-1.png\" alt=\"\" class=\"wp-image-1590\" srcset=\"https:\/\/rexel.be\/wp-content\/uploads\/2025\/10\/Easee-logo-black-R-768x130-1.png 768w, https:\/\/rexel.be\/wp-content\/uploads\/2025\/10\/Easee-logo-black-R-768x130-1-300x51.png 300w\" sizes=\"auto, (max-width: 768px) 100vw, 768px\" \/><\/figure>\n<\/div>\n\n\n\n<div class=\"wp-block-cb-slide-v2 cb-slide swiper-slide\">\n<figure class=\"wp-block-image aligncenter size-full\"><img loading=\"lazy\" decoding=\"async\" width=\"425\" height=\"265\" src=\"https:\/\/rexel.be\/wp-content\/uploads\/2025\/10\/EV-Box-web.jpg\" alt=\"\" class=\"wp-image-1591\" srcset=\"https:\/\/rexel.be\/wp-content\/uploads\/2025\/10\/EV-Box-web.jpg 425w, https:\/\/rexel.be\/wp-content\/uploads\/2025\/10\/EV-Box-web-300x187.jpg 300w\" sizes=\"auto, (max-width: 425px) 100vw, 425px\" \/><\/figure>\n<\/div>\n\n\n\n<div class=\"wp-block-cb-slide-v2 cb-slide swiper-slide\">\n<figure class=\"wp-block-image aligncenter size-full\" style=\"margin-top:0;margin-bottom:0\"><img loading=\"lazy\" decoding=\"async\" width=\"425\" height=\"265\" src=\"https:\/\/rexel.be\/wp-content\/uploads\/2025\/10\/Hager-web-2.jpg\" alt=\"\" class=\"wp-image-1592\" srcset=\"https:\/\/rexel.be\/wp-content\/uploads\/2025\/10\/Hager-web-2.jpg 425w, https:\/\/rexel.be\/wp-content\/uploads\/2025\/10\/Hager-web-2-300x187.jpg 300w\" sizes=\"auto, (max-width: 425px) 100vw, 425px\" \/><\/figure>\n<\/div>\n\n\n\n<div class=\"wp-block-cb-slide-v2 cb-slide swiper-slide\">\n<figure class=\"wp-block-image aligncenter size-full\"><img loading=\"lazy\" decoding=\"async\" width=\"425\" height=\"265\" src=\"https:\/\/rexel.be\/wp-content\/uploads\/2025\/10\/Legrand-web-3.jpg\" alt=\"\" class=\"wp-image-1593\" srcset=\"https:\/\/rexel.be\/wp-content\/uploads\/2025\/10\/Legrand-web-3.jpg 425w, https:\/\/rexel.be\/wp-content\/uploads\/2025\/10\/Legrand-web-3-300x187.jpg 300w\" sizes=\"auto, (max-width: 425px) 100vw, 425px\" \/><\/figure>\n<\/div>\n\n\n\n<div class=\"wp-block-cb-slide-v2 cb-slide swiper-slide\">\n<figure class=\"wp-block-image aligncenter size-full\"><img loading=\"lazy\" decoding=\"async\" width=\"425\" height=\"265\" src=\"https:\/\/rexel.be\/wp-content\/uploads\/2025\/10\/Mennekes-web-1.jpg\" alt=\"\" class=\"wp-image-1594\" srcset=\"https:\/\/rexel.be\/wp-content\/uploads\/2025\/10\/Mennekes-web-1.jpg 425w, https:\/\/rexel.be\/wp-content\/uploads\/2025\/10\/Mennekes-web-1-300x187.jpg 300w\" sizes=\"auto, (max-width: 425px) 100vw, 425px\" \/><\/figure>\n<\/div>\n\n\n\n<div class=\"wp-block-cb-slide-v2 cb-slide swiper-slide\">\n<figure class=\"wp-block-image aligncenter size-full is-resized\"><img loading=\"lazy\" decoding=\"async\" width=\"425\" height=\"265\" src=\"https:\/\/rexel.be\/wp-content\/uploads\/2025\/10\/Phoenix-contact-web-1.jpg\" alt=\"\" class=\"wp-image-1595\" style=\"aspect-ratio:1.604319321249518;width:125px;height:auto\" srcset=\"https:\/\/rexel.be\/wp-content\/uploads\/2025\/10\/Phoenix-contact-web-1.jpg 425w, https:\/\/rexel.be\/wp-content\/uploads\/2025\/10\/Phoenix-contact-web-1-300x187.jpg 300w\" sizes=\"auto, (max-width: 425px) 100vw, 425px\" \/><\/figure>\n<\/div>\n\n\n\n<div class=\"wp-block-cb-slide-v2 cb-slide swiper-slide\">\n<figure class=\"wp-block-image aligncenter size-full\"><img loading=\"lazy\" decoding=\"async\" width=\"425\" height=\"265\" src=\"https:\/\/rexel.be\/wp-content\/uploads\/2025\/10\/Schneider-web-3.jpg\" alt=\"\" class=\"wp-image-1596\" style=\"aspect-ratio:1.6039315617036767\" srcset=\"https:\/\/rexel.be\/wp-content\/uploads\/2025\/10\/Schneider-web-3.jpg 425w, https:\/\/rexel.be\/wp-content\/uploads\/2025\/10\/Schneider-web-3-300x187.jpg 300w\" sizes=\"auto, (max-width: 425px) 100vw, 425px\" \/><\/figure>\n<\/div>\n\n\n\n<div class=\"wp-block-cb-slide-v2 cb-slide swiper-slide\">\n<figure class=\"wp-block-image aligncenter size-full\"><img loading=\"lazy\" decoding=\"async\" width=\"425\" height=\"265\" src=\"https:\/\/rexel.be\/wp-content\/uploads\/2025\/10\/Smappee-web-1.jpg\" alt=\"\" class=\"wp-image-1597\" style=\"aspect-ratio:1.6040609137055837\" srcset=\"https:\/\/rexel.be\/wp-content\/uploads\/2025\/10\/Smappee-web-1.jpg 425w, https:\/\/rexel.be\/wp-content\/uploads\/2025\/10\/Smappee-web-1-300x187.jpg 300w\" sizes=\"auto, (max-width: 425px) 100vw, 425px\" \/><\/figure>\n<\/div>\n<\/div><\/div><\/div>\n<\/div>\n<\/div>\n<\/div>\n\n\n\n<div class=\"wp-block-group has-global-padding is-layout-constrained wp-block-group-is-layout-constrained\" style=\"padding-top:var(--wp--preset--spacing--60-40);padding-bottom:var(--wp--preset--spacing--60-40)\">\n<div class=\"wp-block-columns is-layout-flex wp-container-core-columns-is-layout-28f84493 wp-block-columns-is-layout-flex\">\n<div class=\"wp-block-column is-vertically-aligned-stretch has-white-color has-blue-to-green-gradient-background has-text-color has-background has-link-color wp-elements-3740962849414bb13b5c139ccbc16177 is-layout-flow wp-block-column-is-layout-flow\" style=\"border-radius:24px;padding-top:var(--wp--preset--spacing--60-40);padding-right:var(--wp--preset--spacing--80-60);padding-bottom:var(--wp--preset--spacing--60-40);padding-left:var(--wp--preset--spacing--80-60)\">\n<h2 class=\"wp-block-heading has-white-color has-text-color has-link-color wp-elements-613112cbc2aaa67afa1c5c552711e827\">Pourquoi choisir Rexel ?<\/h2>\n\n\n\n<p>Rexel est votre guichet unique pour tout ce qui concerne la mobilit\u00e9 \u00e9lectrique. Nous proposons non seulement des produits de qualit\u00e9, mais aussi une assistance via notre configurateur en ligne sur Netstore et des formations sp\u00e9cialis\u00e9es pour vous familiariser, vous ou votre \u00e9quipe, avec la mobilit\u00e9 \u00e9lectrique.<\/p>\n<\/div>\n\n\n\n<div class=\"wp-block-column is-vertically-aligned-stretch is-layout-flow wp-block-column-is-layout-flow\" style=\"flex-basis:50%\">\n<figure class=\"wp-block-image size-large has-custom-border\"><img loading=\"lazy\" decoding=\"async\" width=\"1024\" height=\"649\" src=\"https:\/\/rexel.be\/wp-content\/uploads\/2025\/10\/Configurator-1-1024x649.png\" alt=\"\" class=\"wp-image-1598\" style=\"border-radius:24px\" srcset=\"https:\/\/rexel.be\/wp-content\/uploads\/2025\/10\/Configurator-1-1024x649.png 1024w, https:\/\/rexel.be\/wp-content\/uploads\/2025\/10\/Configurator-1-300x190.png 300w, https:\/\/rexel.be\/wp-content\/uploads\/2025\/10\/Configurator-1-768x487.png 768w, https:\/\/rexel.be\/wp-content\/uploads\/2025\/10\/Configurator-1.png 1536w\" sizes=\"auto, (max-width: 1024px) 100vw, 1024px\" \/><\/figure>\n<\/div>\n<\/div>\n<\/div>\n","protected":false},"featured_media":1599,"parent":0,"menu_order":0,"template":"","meta":{"_acf_changed":false,"inline_featured_image":false,"_links_to":"","_links_to_target":""},"class_list":["post-1585","product","type-product","status-publish","has-post-thumbnail","hentry"],"acf":[],"yoast_head":"<!-- This site is optimized with the Yoast SEO plugin v27.4 - https:\/\/yoast.com\/product\/yoast-seo-wordpress\/ -->\n<title>Mobilit\u00e9 \u00e9lectrique &amp; solutions de recharge - Rexel Belgium<\/title>\n<meta name=\"description\" content=\"Rexel est votre guichet unique pour tout ce qui concerne la mobilit\u00e9 \u00e9lectrique : des produits de qualit\u00e9, un configurateur et des formations.\" \/>\n<meta name=\"robots\" content=\"index, follow, max-snippet:-1, max-image-preview:large, max-video-preview:-1\" \/>\n<link rel=\"canonical\" href=\"https:\/\/rexel.be\/fr\/produits\/mobilite-electrique\/\" \/>\n<meta property=\"og:locale\" content=\"fr_FR\" \/>\n<meta property=\"og:type\" content=\"article\" \/>\n<meta property=\"og:title\" content=\"Mobilit\u00e9 \u00e9lectrique &amp; solutions de recharge - Rexel Belgium\" \/>\n<meta property=\"og:description\" content=\"Rexel est votre guichet unique pour tout ce qui concerne la mobilit\u00e9 \u00e9lectrique : des produits de qualit\u00e9, un configurateur et des formations.\" \/>\n<meta property=\"og:url\" content=\"https:\/\/rexel.be\/fr\/produits\/mobilite-electrique\/\" \/>\n<meta property=\"og:site_name\" content=\"Rexel\" \/>\n<meta property=\"article:modified_time\" content=\"2026-02-02T11:50:39+00:00\" \/>\n<meta property=\"og:image\" content=\"https:\/\/rexel.be\/wp-content\/uploads\/2025\/10\/Elektrische-laadpaal.jpg\" \/>\n\t<meta property=\"og:image:width\" content=\"1920\" \/>\n\t<meta property=\"og:image:height\" content=\"1277\" \/>\n\t<meta property=\"og:image:type\" content=\"image\/jpeg\" \/>\n<meta name=\"twitter:card\" content=\"summary_large_image\" \/>\n<meta name=\"twitter:label1\" content=\"Dur\u00e9e de lecture estim\u00e9e\" \/>\n\t<meta name=\"twitter:data1\" content=\"4 minutes\" \/>\n<script type=\"application\/ld+json\" class=\"yoast-schema-graph\">{\"@context\":\"https:\\\/\\\/schema.org\",\"@graph\":[{\"@type\":\"WebPage\",\"@id\":\"https:\\\/\\\/rexel.be\\\/fr\\\/produits\\\/mobilite-electrique\\\/\",\"url\":\"https:\\\/\\\/rexel.be\\\/fr\\\/produits\\\/mobilite-electrique\\\/\",\"name\":\"Mobilit\u00e9 \u00e9lectrique & solutions de recharge - Rexel Belgium\",\"isPartOf\":{\"@id\":\"https:\\\/\\\/rexel.be\\\/fr\\\/#website\"},\"primaryImageOfPage\":{\"@id\":\"https:\\\/\\\/rexel.be\\\/fr\\\/produits\\\/mobilite-electrique\\\/#primaryimage\"},\"image\":{\"@id\":\"https:\\\/\\\/rexel.be\\\/fr\\\/produits\\\/mobilite-electrique\\\/#primaryimage\"},\"thumbnailUrl\":\"https:\\\/\\\/rexel.be\\\/wp-content\\\/uploads\\\/2025\\\/10\\\/Elektrische-laadpaal.jpg\",\"datePublished\":\"2025-10-09T13:13:57+00:00\",\"dateModified\":\"2026-02-02T11:50:39+00:00\",\"description\":\"Rexel est votre guichet unique pour tout ce qui concerne la mobilit\u00e9 \u00e9lectrique : des produits de qualit\u00e9, un configurateur et des formations.\",\"breadcrumb\":{\"@id\":\"https:\\\/\\\/rexel.be\\\/fr\\\/produits\\\/mobilite-electrique\\\/#breadcrumb\"},\"inLanguage\":\"fr-FR\",\"potentialAction\":[{\"@type\":\"ReadAction\",\"target\":[\"https:\\\/\\\/rexel.be\\\/fr\\\/produits\\\/mobilite-electrique\\\/\"]}]},{\"@type\":\"ImageObject\",\"inLanguage\":\"fr-FR\",\"@id\":\"https:\\\/\\\/rexel.be\\\/fr\\\/produits\\\/mobilite-electrique\\\/#primaryimage\",\"url\":\"https:\\\/\\\/rexel.be\\\/wp-content\\\/uploads\\\/2025\\\/10\\\/Elektrische-laadpaal.jpg\",\"contentUrl\":\"https:\\\/\\\/rexel.be\\\/wp-content\\\/uploads\\\/2025\\\/10\\\/Elektrische-laadpaal.jpg\",\"width\":1920,\"height\":1277},{\"@type\":\"BreadcrumbList\",\"@id\":\"https:\\\/\\\/rexel.be\\\/fr\\\/produits\\\/mobilite-electrique\\\/#breadcrumb\",\"itemListElement\":[{\"@type\":\"ListItem\",\"position\":1,\"name\":\"Home\",\"item\":\"https:\\\/\\\/rexel.be\\\/fr\\\/\"},{\"@type\":\"ListItem\",\"position\":2,\"name\":\"Produits\",\"item\":\"https:\\\/\\\/rexel.be\\\/fr\\\/produits\\\/\"},{\"@type\":\"ListItem\",\"position\":3,\"name\":\"Mobilit\u00e9 \u00e9lectrique\"}]},{\"@type\":\"WebSite\",\"@id\":\"https:\\\/\\\/rexel.be\\\/fr\\\/#website\",\"url\":\"https:\\\/\\\/rexel.be\\\/fr\\\/\",\"name\":\"Rexel\",\"description\":\"\",\"potentialAction\":[{\"@type\":\"SearchAction\",\"target\":{\"@type\":\"EntryPoint\",\"urlTemplate\":\"https:\\\/\\\/rexel.be\\\/fr\\\/?s={search_term_string}\"},\"query-input\":{\"@type\":\"PropertyValueSpecification\",\"valueRequired\":true,\"valueName\":\"search_term_string\"}}],\"inLanguage\":\"fr-FR\"}]}<\/script>\n<!-- \/ Yoast SEO plugin. -->","yoast_head_json":{"title":"Mobilit\u00e9 \u00e9lectrique & solutions de recharge - Rexel Belgium","description":"Rexel est votre guichet unique pour tout ce qui concerne la mobilit\u00e9 \u00e9lectrique : des produits de qualit\u00e9, un configurateur et des formations.","robots":{"index":"index","follow":"follow","max-snippet":"max-snippet:-1","max-image-preview":"max-image-preview:large","max-video-preview":"max-video-preview:-1"},"canonical":"https:\/\/rexel.be\/fr\/produits\/mobilite-electrique\/","og_locale":"fr_FR","og_type":"article","og_title":"Mobilit\u00e9 \u00e9lectrique & solutions de recharge - Rexel Belgium","og_description":"Rexel est votre guichet unique pour tout ce qui concerne la mobilit\u00e9 \u00e9lectrique : des produits de qualit\u00e9, un configurateur et des formations.","og_url":"https:\/\/rexel.be\/fr\/produits\/mobilite-electrique\/","og_site_name":"Rexel","article_modified_time":"2026-02-02T11:50:39+00:00","og_image":[{"width":1920,"height":1277,"url":"https:\/\/rexel.be\/wp-content\/uploads\/2025\/10\/Elektrische-laadpaal.jpg","type":"image\/jpeg"}],"twitter_card":"summary_large_image","twitter_misc":{"Dur\u00e9e de lecture estim\u00e9e":"4 minutes"},"schema":{"@context":"https:\/\/schema.org","@graph":[{"@type":"WebPage","@id":"https:\/\/rexel.be\/fr\/produits\/mobilite-electrique\/","url":"https:\/\/rexel.be\/fr\/produits\/mobilite-electrique\/","name":"Mobilit\u00e9 \u00e9lectrique & solutions de recharge - Rexel Belgium","isPartOf":{"@id":"https:\/\/rexel.be\/fr\/#website"},"primaryImageOfPage":{"@id":"https:\/\/rexel.be\/fr\/produits\/mobilite-electrique\/#primaryimage"},"image":{"@id":"https:\/\/rexel.be\/fr\/produits\/mobilite-electrique\/#primaryimage"},"thumbnailUrl":"https:\/\/rexel.be\/wp-content\/uploads\/2025\/10\/Elektrische-laadpaal.jpg","datePublished":"2025-10-09T13:13:57+00:00","dateModified":"2026-02-02T11:50:39+00:00","description":"Rexel est votre guichet unique pour tout ce qui concerne la mobilit\u00e9 \u00e9lectrique : des produits de qualit\u00e9, un configurateur et des formations.","breadcrumb":{"@id":"https:\/\/rexel.be\/fr\/produits\/mobilite-electrique\/#breadcrumb"},"inLanguage":"fr-FR","potentialAction":[{"@type":"ReadAction","target":["https:\/\/rexel.be\/fr\/produits\/mobilite-electrique\/"]}]},{"@type":"ImageObject","inLanguage":"fr-FR","@id":"https:\/\/rexel.be\/fr\/produits\/mobilite-electrique\/#primaryimage","url":"https:\/\/rexel.be\/wp-content\/uploads\/2025\/10\/Elektrische-laadpaal.jpg","contentUrl":"https:\/\/rexel.be\/wp-content\/uploads\/2025\/10\/Elektrische-laadpaal.jpg","width":1920,"height":1277},{"@type":"BreadcrumbList","@id":"https:\/\/rexel.be\/fr\/produits\/mobilite-electrique\/#breadcrumb","itemListElement":[{"@type":"ListItem","position":1,"name":"Home","item":"https:\/\/rexel.be\/fr\/"},{"@type":"ListItem","position":2,"name":"Produits","item":"https:\/\/rexel.be\/fr\/produits\/"},{"@type":"ListItem","position":3,"name":"Mobilit\u00e9 \u00e9lectrique"}]},{"@type":"WebSite","@id":"https:\/\/rexel.be\/fr\/#website","url":"https:\/\/rexel.be\/fr\/","name":"Rexel","description":"","potentialAction":[{"@type":"SearchAction","target":{"@type":"EntryPoint","urlTemplate":"https:\/\/rexel.be\/fr\/?s={search_term_string}"},"query-input":{"@type":"PropertyValueSpecification","valueRequired":true,"valueName":"search_term_string"}}],"inLanguage":"fr-FR"}]}},"_links":{"self":[{"href":"https:\/\/rexel.be\/fr\/wp-json\/wp\/v2\/product\/1585","targetHints":{"allow":["GET"]}}],"collection":[{"href":"https:\/\/rexel.be\/fr\/wp-json\/wp\/v2\/product"}],"about":[{"href":"https:\/\/rexel.be\/fr\/wp-json\/wp\/v2\/types\/product"}],"wp:featuredmedia":[{"embeddable":true,"href":"https:\/\/rexel.be\/fr\/wp-json\/wp\/v2\/media\/1599"}],"wp:attachment":[{"href":"https:\/\/rexel.be\/fr\/wp-json\/wp\/v2\/media?parent=1585"}],"curies":[{"name":"wp","href":"https:\/\/api.w.org\/{rel}","templated":true}]}}