{"id":1567,"date":"2025-10-09T14:45:17","date_gmt":"2025-10-09T12:45:17","guid":{"rendered":"https:\/\/rexel.be\/?post_type=product&#038;p=1567"},"modified":"2026-02-02T12:47:31","modified_gmt":"2026-02-02T11:47:31","slug":"photovoltaique","status":"publish","type":"product","link":"https:\/\/rexel.be\/fr\/produits\/photovoltaique\/","title":{"rendered":"Photovolta\u00efque"},"content":{"rendered":"\n<div class=\"wp-block-group has-global-padding is-layout-constrained wp-block-group-is-layout-constrained\" style=\"padding-top:var(--wp--preset--spacing--120-60);padding-bottom:var(--wp--preset--spacing--120-60)\">\n<div class=\"wp-block-columns are-vertically-aligned-center is-layout-flex wp-container-core-columns-is-layout-d2ad5bd7 wp-block-columns-is-layout-flex\">\n<div class=\"wp-block-column is-vertically-aligned-center is-layout-flow wp-block-column-is-layout-flow\">\n<h2 class=\"wp-block-heading\"><strong><strong>Panneaux solaires photovolta\u00efques et solutions \u00e9nerg\u00e9tiques<\/strong><\/strong><\/h2>\n\n\n\n<p>Vous souhaitez investir dans les \u00e9nergies renouvelables et produire votre propre \u00e9lectricit\u00e9 ? Chez Rexel, vous trouverez une large gamme de panneaux solaires photovolta\u00efques, d&rsquo;onduleurs, de syst\u00e8mes de stockage d&rsquo;\u00e9nergie et d&rsquo;accessoires. Nos solutions conviennent aussi bien aux projets r\u00e9sidentiels qu&rsquo;aux installations professionnelles.<\/p>\n\n\n\n<p>La technologie des panneaux solaires et des onduleurs \u00e9voluant tr\u00e8s rapidement, nous surveillons en permanence nos stocks et compl\u00e9tons notre offre avec les derni\u00e8res innovations. Vous \u00eates ainsi toujours assur\u00e9 de b\u00e9n\u00e9ficier des solutions photovolta\u00efques les plus performantes et les plus tourn\u00e9es vers l&rsquo;avenir.<\/p>\n\n\n\n<div class=\"wp-block-buttons is-layout-flex wp-block-buttons-is-layout-flex\">\n<div class=\"wp-block-button is-style-fill\"><a class=\"wp-block-button__link wp-element-button\" href=\"https:\/\/rexel.be\/fr\/expertise\/competence-center-multi-energy\/\">D\u00e9couvrez notre expertise en photovolta\u00efque<\/a><\/div>\n<\/div>\n<\/div>\n\n\n\n<div class=\"wp-block-column is-vertically-aligned-center is-layout-flow wp-block-column-is-layout-flow\">\n<figure class=\"wp-block-image size-full is-style-right-outside orange is-style-right-outside--1\"><img loading=\"lazy\" decoding=\"async\" width=\"2560\" height=\"1732\" src=\"https:\/\/rexel.be\/wp-content\/uploads\/2025\/10\/Fotovoltaisch-scaled.jpg\" alt=\"\" class=\"wp-image-1568\" srcset=\"https:\/\/rexel.be\/wp-content\/uploads\/2025\/10\/Fotovoltaisch-scaled.jpg 2560w, https:\/\/rexel.be\/wp-content\/uploads\/2025\/10\/Fotovoltaisch-300x203.jpg 300w, https:\/\/rexel.be\/wp-content\/uploads\/2025\/10\/Fotovoltaisch-1024x693.jpg 1024w, https:\/\/rexel.be\/wp-content\/uploads\/2025\/10\/Fotovoltaisch-768x520.jpg 768w, https:\/\/rexel.be\/wp-content\/uploads\/2025\/10\/Fotovoltaisch-1536x1039.jpg 1536w, https:\/\/rexel.be\/wp-content\/uploads\/2025\/10\/Fotovoltaisch-2048x1385.jpg 2048w\" sizes=\"auto, (max-width: 2560px) 100vw, 2560px\" \/><\/figure>\n<\/div>\n<\/div>\n<\/div>\n\n\n\n<div class=\"wp-block-group bg_shape has-global-padding is-layout-constrained wp-block-group-is-layout-constrained\" style=\"margin-top:0;margin-bottom:0;padding-top:var(--wp--preset--spacing--120-60);padding-bottom:var(--wp--preset--spacing--120-60)\">\n<h2 class=\"wp-block-heading has-text-align-center\"><strong>Notre offre en mati\u00e8re de solutions photovolta\u00efques<\/strong><\/h2>\n\n\n\n<p class=\"has-text-align-center\">Chez Rexel, vous trouverez tout ce dont vous avez besoin pour une installation photovolta\u00efque compl\u00e8te et efficace :<\/p>\n\n\n\n<div class=\"wp-block-group is-layout-grid wp-container-core-group-is-layout-988b637e wp-block-group-is-layout-grid\">\n<div class=\"wp-block-group has-border-color has-white-background-color has-background is-layout-flow wp-block-group-is-layout-flow\" style=\"border-color:#2896d752;border-width:1px;border-radius:16px;padding-top:var(--wp--preset--spacing--40-20);padding-right:var(--wp--preset--spacing--40-20);padding-bottom:var(--wp--preset--spacing--40-20);padding-left:var(--wp--preset--spacing--40-20);box-shadow:var(--wp--preset--shadow--shadow-1)\">\n<h4 class=\"wp-block-heading has-dark-color has-text-color has-link-color wp-elements-68979a7d7e1e532f14ca5db347280f20\"><strong>Panneaux solaires<\/strong><\/h4>\n\n\n\n<p>\u00e0 haut rendement<\/p>\n<\/div>\n\n\n\n<div class=\"wp-block-group has-border-color has-white-background-color has-background is-layout-flow wp-block-group-is-layout-flow\" style=\"border-color:#2896d752;border-width:1px;border-radius:16px;padding-top:var(--wp--preset--spacing--40-20);padding-right:var(--wp--preset--spacing--40-20);padding-bottom:var(--wp--preset--spacing--40-20);padding-left:var(--wp--preset--spacing--40-20);box-shadow:var(--wp--preset--shadow--shadow-1)\">\n<h4 class=\"wp-block-heading has-dark-color has-text-color has-link-color wp-elements-15fa3de09d13103abeb315fbaadf8dd4\"><strong>Onduleurs<\/strong><\/h4>\n\n\n\n<p>pour une conversion d&rsquo;\u00e9nergie fiable<\/p>\n<\/div>\n\n\n\n<div class=\"wp-block-group has-border-color has-white-background-color has-background is-layout-flow wp-block-group-is-layout-flow\" style=\"border-color:#2896d752;border-width:1px;border-radius:16px;padding-top:var(--wp--preset--spacing--40-20);padding-right:var(--wp--preset--spacing--40-20);padding-bottom:var(--wp--preset--spacing--40-20);padding-left:var(--wp--preset--spacing--40-20);box-shadow:var(--wp--preset--shadow--shadow-1)\">\n<h4 class=\"wp-block-heading has-dark-color has-text-color has-link-color wp-elements-bfcb604c69c8c3e2c0f99b9a7ee3a4b1\"><strong>Stockage d&rsquo;\u00e9nergie (batteries)<\/strong><\/h4>\n\n\n\n<p>pour une ind\u00e9pendance maximale<\/p>\n<\/div>\n\n\n\n<div class=\"wp-block-group has-border-color has-white-background-color has-background is-layout-flow wp-block-group-is-layout-flow\" style=\"border-color:#2896d752;border-width:1px;border-radius:16px;padding-top:var(--wp--preset--spacing--40-20);padding-right:var(--wp--preset--spacing--40-20);padding-bottom:var(--wp--preset--spacing--40-20);padding-left:var(--wp--preset--spacing--40-20);box-shadow:var(--wp--preset--shadow--shadow-1)\">\n<h4 class=\"wp-block-heading has-dark-color has-text-color has-link-color wp-elements-8e761df0e6dd876205d3ccc4ec138854\"><strong>Syst\u00e8mes de gestion de l&rsquo;\u00e9nergie<\/strong><\/h4>\n\n\n\n<p>pour une consommation optimale<\/p>\n<\/div>\n\n\n\n<div class=\"wp-block-group has-border-color has-white-background-color has-background is-layout-flow wp-block-group-is-layout-flow\" style=\"border-color:#2896d752;border-width:1px;border-radius:16px;padding-top:var(--wp--preset--spacing--40-20);padding-right:var(--wp--preset--spacing--40-20);padding-bottom:var(--wp--preset--spacing--40-20);padding-left:var(--wp--preset--spacing--40-20);box-shadow:var(--wp--preset--shadow--shadow-1)\">\n<h4 class=\"wp-block-heading has-dark-color has-text-color has-link-color wp-elements-4add1375e38687c2d0bb8db5c95ed0fd\"><strong>Syst\u00e8mes de montage<\/strong><\/h4>\n\n\n\n<p>pour chaque situation<\/p>\n<\/div>\n\n\n\n<div class=\"wp-block-group has-border-color has-white-background-color has-background is-layout-flow wp-block-group-is-layout-flow\" style=\"border-color:#2896d752;border-width:1px;border-radius:16px;padding-top:var(--wp--preset--spacing--40-20);padding-right:var(--wp--preset--spacing--40-20);padding-bottom:var(--wp--preset--spacing--40-20);padding-left:var(--wp--preset--spacing--40-20);box-shadow:var(--wp--preset--shadow--shadow-1)\">\n<h4 class=\"wp-block-heading has-dark-color has-text-color has-link-color wp-elements-bbeca8fed3fb776c143b8271a8e83b65\"><strong>Accessoires<\/strong><\/h4>\n\n\n\n<p>pour une installation impeccable<\/p>\n<\/div>\n<\/div>\n<\/div>\n\n\n\n<div class=\"wp-block-group has-global-padding is-layout-constrained wp-block-group-is-layout-constrained\" style=\"padding-top:var(--wp--preset--spacing--60-40);padding-bottom:var(--wp--preset--spacing--60-40)\">\n<div class=\"wp-block-columns is-layout-flex wp-container-core-columns-is-layout-912b1b50 wp-block-columns-is-layout-flex\">\n<div class=\"wp-block-column has-white-color has-blue-to-green-gradient-background has-text-color has-background has-link-color wp-elements-21dceaa61967166803625815e7c1053b is-layout-flow wp-block-column-is-layout-flow\" style=\"border-radius:24px;padding-top:var(--wp--preset--spacing--60-40);padding-right:var(--wp--preset--spacing--80-60);padding-bottom:var(--wp--preset--spacing--60-40);padding-left:var(--wp--preset--spacing--80-60)\">\n<h2 class=\"wp-block-heading has-white-color has-text-color has-link-color wp-elements-d9f2ba72b8d89a5d48b11ffe72cac262\">Conseils personnalis\u00e9s<\/h2>\n\n\n\n<p>Notre \u00e9quipe de sp\u00e9cialistes photovolta\u00efques se fera un plaisir de vous aider \u00e0 composer un syst\u00e8me parfaitement adapt\u00e9 \u00e0 vos besoins \u00e9nerg\u00e9tiques. Nous tenons compte de l&rsquo;autoconsommation afin que vous tiriez le meilleur parti de vos panneaux solaires.<\/p>\n<\/div>\n\n\n\n<div class=\"wp-block-column has-border-color is-layout-flow wp-block-column-is-layout-flow\" style=\"border-color:#efefef;border-width:1px;border-radius:24px;padding-top:var(--wp--preset--spacing--60-40);padding-right:var(--wp--preset--spacing--80-60);padding-bottom:var(--wp--preset--spacing--60-40);padding-left:var(--wp--preset--spacing--80-60);box-shadow:var(--wp--preset--shadow--shadow-1)\">\n<h2 class=\"wp-block-heading\">Solutions photovolta\u00efques int\u00e9gr\u00e9es au toit<\/h2>\n\n\n\n<p>Une solution int\u00e9gr\u00e9e au toit consiste en un syst\u00e8me de panneaux solaires qui font directement partie de la surface du toit, ce qui donne un toit photovolta\u00efque esth\u00e9tique et fonctionnel.<\/p>\n\n\n\n<div class=\"wp-block-buttons is-layout-flex wp-block-buttons-is-layout-flex\">\n<div class=\"wp-block-button\"><a class=\"wp-block-button__link wp-element-button\" href=\"https:\/\/rexel.be\/fr\/product\/photovoltaique\/solutions-photovoltaiques-integrees-au-toit\/\">En savoir plus<\/a><\/div>\n<\/div>\n<\/div>\n<\/div>\n<\/div>\n\n\n\n<div class=\"wp-block-group top_minus_35 has-global-padding is-layout-constrained wp-block-group-is-layout-constrained\" style=\"padding-top:var(--wp--preset--spacing--80-60);padding-bottom:var(--wp--preset--spacing--80-60)\">\n<div class=\"wp-block-columns are-vertically-aligned-center has-border-color has-white-background-color has-background is-layout-flex wp-container-core-columns-is-layout-5fd65f55 wp-block-columns-is-layout-flex\" style=\"border-color:#2896d729;border-width:1px;border-radius:24px;padding-top:var(--wp--preset--spacing--60-40);padding-right:var(--wp--preset--spacing--60-40);padding-bottom:var(--wp--preset--spacing--60-40);padding-left:var(--wp--preset--spacing--60-40)\">\n<div class=\"wp-block-column is-vertically-aligned-center is-layout-flow wp-block-column-is-layout-flow\" style=\"flex-basis:33%\">\n<h4 class=\"wp-block-heading mobile-text-center wp-container-content-9cfa9a5a\"><strong>Partenaires avec lesquels nous collaborons<\/strong><\/h4>\n<\/div>\n\n\n\n<div class=\"wp-block-column is-vertically-aligned-center is-layout-flow wp-block-column-is-layout-flow\">\n<div class=\"wp-block-cb-carousel-v2 cb-carousel-block\" data-cb-slides-per-view=\"2\" data-cb-slides-per-group=\"2\" data-cb-space-between=\"20\" data-cb-speed=\"300\" data-cb-loop=\"true\" data-cb-autoplay=\"true\" data-cb-autoplay-speed=\"3000\" data-cb-breakpoints=\"{&quot;768&quot;:{&quot;slidesPerView&quot;:5,&quot;slidesPerGroup&quot;:1}}\"><div class=\"swiper\"><div class=\"cb-wrapper swiper-wrapper\">\n<div class=\"wp-block-cb-slide-v2 cb-slide swiper-slide\">\n<figure class=\"wp-block-image aligncenter size-full\"><img loading=\"lazy\" decoding=\"async\" width=\"1200\" height=\"400\" src=\"https:\/\/rexel.be\/wp-content\/uploads\/2025\/10\/Enphase.png\" alt=\"\" class=\"wp-image-3816\" srcset=\"https:\/\/rexel.be\/wp-content\/uploads\/2025\/10\/Enphase.png 1200w, https:\/\/rexel.be\/wp-content\/uploads\/2025\/10\/Enphase-300x100.png 300w, https:\/\/rexel.be\/wp-content\/uploads\/2025\/10\/Enphase-1024x341.png 1024w, https:\/\/rexel.be\/wp-content\/uploads\/2025\/10\/Enphase-768x256.png 768w\" sizes=\"auto, (max-width: 1200px) 100vw, 1200px\" \/><\/figure>\n<\/div>\n\n\n\n<div class=\"wp-block-cb-slide-v2 cb-slide swiper-slide\">\n<figure class=\"wp-block-image aligncenter size-full is-resized\"><img loading=\"lazy\" decoding=\"async\" width=\"425\" height=\"265\" src=\"https:\/\/rexel.be\/wp-content\/uploads\/2025\/10\/Astronergy-web.jpg\" alt=\"\" class=\"wp-image-1570\" style=\"aspect-ratio:1.696899672636241;width:127px;height:auto\" srcset=\"https:\/\/rexel.be\/wp-content\/uploads\/2025\/10\/Astronergy-web.jpg 425w, https:\/\/rexel.be\/wp-content\/uploads\/2025\/10\/Astronergy-web-300x187.jpg 300w\" sizes=\"auto, (max-width: 425px) 100vw, 425px\" \/><\/figure>\n<\/div>\n\n\n\n<div class=\"wp-block-cb-slide-v2 cb-slide swiper-slide\">\n<figure class=\"wp-block-image aligncenter size-full\"><img loading=\"lazy\" decoding=\"async\" width=\"425\" height=\"265\" src=\"https:\/\/rexel.be\/wp-content\/uploads\/2025\/10\/DMEGC-web.jpg\" alt=\"\" class=\"wp-image-1571\" style=\"aspect-ratio:1.6040781648258284\" srcset=\"https:\/\/rexel.be\/wp-content\/uploads\/2025\/10\/DMEGC-web.jpg 425w, https:\/\/rexel.be\/wp-content\/uploads\/2025\/10\/DMEGC-web-300x187.jpg 300w\" sizes=\"auto, (max-width: 425px) 100vw, 425px\" \/><\/figure>\n<\/div>\n\n\n\n<div class=\"wp-block-cb-slide-v2 cb-slide swiper-slide\">\n<figure class=\"wp-block-image aligncenter size-full\"><img loading=\"lazy\" decoding=\"async\" width=\"425\" height=\"265\" src=\"https:\/\/rexel.be\/wp-content\/uploads\/2025\/10\/Esdec-web.jpg\" alt=\"\" class=\"wp-image-1572\" srcset=\"https:\/\/rexel.be\/wp-content\/uploads\/2025\/10\/Esdec-web.jpg 425w, https:\/\/rexel.be\/wp-content\/uploads\/2025\/10\/Esdec-web-300x187.jpg 300w\" sizes=\"auto, (max-width: 425px) 100vw, 425px\" \/><\/figure>\n<\/div>\n\n\n\n<div class=\"wp-block-cb-slide-v2 cb-slide swiper-slide\">\n<figure class=\"wp-block-image aligncenter size-full\" style=\"margin-top:0;margin-bottom:0\"><img loading=\"lazy\" decoding=\"async\" width=\"425\" height=\"265\" src=\"https:\/\/rexel.be\/wp-content\/uploads\/2025\/10\/Huawei-web.jpg\" alt=\"\" class=\"wp-image-1573\" srcset=\"https:\/\/rexel.be\/wp-content\/uploads\/2025\/10\/Huawei-web.jpg 425w, https:\/\/rexel.be\/wp-content\/uploads\/2025\/10\/Huawei-web-300x187.jpg 300w\" sizes=\"auto, (max-width: 425px) 100vw, 425px\" \/><\/figure>\n<\/div>\n\n\n\n<div class=\"wp-block-cb-slide-v2 cb-slide swiper-slide\">\n<figure class=\"wp-block-image aligncenter size-full\"><img loading=\"lazy\" decoding=\"async\" width=\"425\" height=\"265\" src=\"https:\/\/rexel.be\/wp-content\/uploads\/2025\/10\/LG-Chem-web.jpg\" alt=\"\" class=\"wp-image-1574\" srcset=\"https:\/\/rexel.be\/wp-content\/uploads\/2025\/10\/LG-Chem-web.jpg 425w, https:\/\/rexel.be\/wp-content\/uploads\/2025\/10\/LG-Chem-web-300x187.jpg 300w\" sizes=\"auto, (max-width: 425px) 100vw, 425px\" \/><\/figure>\n<\/div>\n\n\n\n<div class=\"wp-block-cb-slide-v2 cb-slide swiper-slide\">\n<figure class=\"wp-block-image aligncenter size-full\"><img loading=\"lazy\" decoding=\"async\" width=\"300\" height=\"187\" src=\"https:\/\/rexel.be\/wp-content\/uploads\/2025\/10\/Mounting-systems-web-300x187-1.jpg\" alt=\"\" class=\"wp-image-1576\" style=\"aspect-ratio:1.604319321249518\"\/><\/figure>\n<\/div>\n\n\n\n<div class=\"wp-block-cb-slide-v2 cb-slide swiper-slide\">\n<figure class=\"wp-block-image aligncenter size-full\"><img loading=\"lazy\" decoding=\"async\" width=\"425\" height=\"265\" src=\"https:\/\/rexel.be\/wp-content\/uploads\/2025\/10\/Multi-Contact-web.jpg\" alt=\"\" class=\"wp-image-1577\" style=\"aspect-ratio:1.6039315617036767\" srcset=\"https:\/\/rexel.be\/wp-content\/uploads\/2025\/10\/Multi-Contact-web.jpg 425w, https:\/\/rexel.be\/wp-content\/uploads\/2025\/10\/Multi-Contact-web-300x187.jpg 300w\" sizes=\"auto, (max-width: 425px) 100vw, 425px\" \/><\/figure>\n<\/div>\n\n\n\n<div class=\"wp-block-cb-slide-v2 cb-slide swiper-slide\">\n<figure class=\"wp-block-image aligncenter size-full\"><img loading=\"lazy\" decoding=\"async\" width=\"425\" height=\"265\" src=\"https:\/\/rexel.be\/wp-content\/uploads\/2025\/10\/SMA-web.jpg\" alt=\"\" class=\"wp-image-1578\" style=\"aspect-ratio:1.6040609137055837\" srcset=\"https:\/\/rexel.be\/wp-content\/uploads\/2025\/10\/SMA-web.jpg 425w, https:\/\/rexel.be\/wp-content\/uploads\/2025\/10\/SMA-web-300x187.jpg 300w\" sizes=\"auto, (max-width: 425px) 100vw, 425px\" \/><\/figure>\n<\/div>\n\n\n\n<div class=\"wp-block-cb-slide-v2 cb-slide swiper-slide\">\n<figure class=\"wp-block-image aligncenter size-full\"><img loading=\"lazy\" decoding=\"async\" width=\"425\" height=\"265\" src=\"https:\/\/rexel.be\/wp-content\/uploads\/2025\/10\/Smappee-web.jpg\" alt=\"\" class=\"wp-image-1579\" srcset=\"https:\/\/rexel.be\/wp-content\/uploads\/2025\/10\/Smappee-web.jpg 425w, https:\/\/rexel.be\/wp-content\/uploads\/2025\/10\/Smappee-web-300x187.jpg 300w\" sizes=\"auto, (max-width: 425px) 100vw, 425px\" \/><\/figure>\n<\/div>\n\n\n\n<div class=\"wp-block-cb-slide-v2 cb-slide swiper-slide\">\n<figure class=\"wp-block-image aligncenter size-full\"><img loading=\"lazy\" decoding=\"async\" width=\"425\" height=\"265\" src=\"https:\/\/rexel.be\/wp-content\/uploads\/2025\/10\/Solaredge-web.jpg\" alt=\"\" class=\"wp-image-1580\" srcset=\"https:\/\/rexel.be\/wp-content\/uploads\/2025\/10\/Solaredge-web.jpg 425w, https:\/\/rexel.be\/wp-content\/uploads\/2025\/10\/Solaredge-web-300x187.jpg 300w\" sizes=\"auto, (max-width: 425px) 100vw, 425px\" \/><\/figure>\n<\/div>\n\n\n\n<div class=\"wp-block-cb-slide-v2 cb-slide swiper-slide\">\n<figure class=\"wp-block-image aligncenter size-full\"><img loading=\"lazy\" decoding=\"async\" width=\"768\" height=\"169\" src=\"https:\/\/rexel.be\/wp-content\/uploads\/2025\/10\/Varta-logo-2021.svg-768x169-1.png\" alt=\"\" class=\"wp-image-1581\" srcset=\"https:\/\/rexel.be\/wp-content\/uploads\/2025\/10\/Varta-logo-2021.svg-768x169-1.png 768w, https:\/\/rexel.be\/wp-content\/uploads\/2025\/10\/Varta-logo-2021.svg-768x169-1-300x66.png 300w\" sizes=\"auto, (max-width: 768px) 100vw, 768px\" \/><\/figure>\n<\/div>\n<\/div><\/div><\/div>\n<\/div>\n<\/div>\n<\/div>\n","protected":false},"featured_media":1656,"parent":0,"menu_order":0,"template":"","meta":{"_acf_changed":false,"inline_featured_image":false,"_links_to":"","_links_to_target":""},"class_list":["post-1567","product","type-product","status-publish","has-post-thumbnail","hentry"],"acf":[],"yoast_head":"<!-- This site is optimized with the Yoast SEO plugin v27.4 - https:\/\/yoast.com\/product\/yoast-seo-wordpress\/ -->\n<title>Panneaux solaires photovolta\u00efques - Rexel Belgium<\/title>\n<meta name=\"description\" content=\"Chez Rexel, vous trouverez une large gamme de panneaux photovolta\u00efques, d&#039;onduleurs, de solutions de stockage d&#039;\u00e9nergie et d&#039;accessoires.\" \/>\n<meta name=\"robots\" content=\"index, follow, max-snippet:-1, max-image-preview:large, max-video-preview:-1\" \/>\n<link rel=\"canonical\" href=\"https:\/\/rexel.be\/fr\/produits\/photovoltaique\/\" \/>\n<meta property=\"og:locale\" content=\"fr_FR\" \/>\n<meta property=\"og:type\" content=\"article\" \/>\n<meta property=\"og:title\" content=\"Panneaux solaires photovolta\u00efques - Rexel Belgium\" \/>\n<meta property=\"og:description\" content=\"Chez Rexel, vous trouverez une large gamme de panneaux photovolta\u00efques, d&#039;onduleurs, de solutions de stockage d&#039;\u00e9nergie et d&#039;accessoires.\" \/>\n<meta property=\"og:url\" content=\"https:\/\/rexel.be\/fr\/produits\/photovoltaique\/\" \/>\n<meta property=\"og:site_name\" content=\"Rexel\" \/>\n<meta property=\"article:modified_time\" content=\"2026-02-02T11:47:31+00:00\" \/>\n<meta property=\"og:image\" content=\"https:\/\/rexel.be\/wp-content\/uploads\/2025\/10\/Wevolt_X-Tile_Vrijstaande_Woning_Ekowood_Helden-9-scaled.jpg\" \/>\n\t<meta property=\"og:image:width\" content=\"2560\" \/>\n\t<meta property=\"og:image:height\" content=\"1707\" \/>\n\t<meta property=\"og:image:type\" content=\"image\/jpeg\" \/>\n<meta name=\"twitter:card\" content=\"summary_large_image\" \/>\n<meta name=\"twitter:label1\" content=\"Dur\u00e9e de lecture estim\u00e9e\" \/>\n\t<meta name=\"twitter:data1\" content=\"5 minutes\" \/>\n<script type=\"application\/ld+json\" class=\"yoast-schema-graph\">{\"@context\":\"https:\\\/\\\/schema.org\",\"@graph\":[{\"@type\":\"WebPage\",\"@id\":\"https:\\\/\\\/rexel.be\\\/fr\\\/produits\\\/photovoltaique\\\/\",\"url\":\"https:\\\/\\\/rexel.be\\\/fr\\\/produits\\\/photovoltaique\\\/\",\"name\":\"Panneaux solaires photovolta\u00efques - Rexel Belgium\",\"isPartOf\":{\"@id\":\"https:\\\/\\\/rexel.be\\\/fr\\\/#website\"},\"primaryImageOfPage\":{\"@id\":\"https:\\\/\\\/rexel.be\\\/fr\\\/produits\\\/photovoltaique\\\/#primaryimage\"},\"image\":{\"@id\":\"https:\\\/\\\/rexel.be\\\/fr\\\/produits\\\/photovoltaique\\\/#primaryimage\"},\"thumbnailUrl\":\"https:\\\/\\\/rexel.be\\\/wp-content\\\/uploads\\\/2025\\\/10\\\/Wevolt_X-Tile_Vrijstaande_Woning_Ekowood_Helden-9-scaled.jpg\",\"datePublished\":\"2025-10-09T12:45:17+00:00\",\"dateModified\":\"2026-02-02T11:47:31+00:00\",\"description\":\"Chez Rexel, vous trouverez une large gamme de panneaux photovolta\u00efques, d'onduleurs, de solutions de stockage d'\u00e9nergie et d'accessoires.\",\"breadcrumb\":{\"@id\":\"https:\\\/\\\/rexel.be\\\/fr\\\/produits\\\/photovoltaique\\\/#breadcrumb\"},\"inLanguage\":\"fr-FR\",\"potentialAction\":[{\"@type\":\"ReadAction\",\"target\":[\"https:\\\/\\\/rexel.be\\\/fr\\\/produits\\\/photovoltaique\\\/\"]}]},{\"@type\":\"ImageObject\",\"inLanguage\":\"fr-FR\",\"@id\":\"https:\\\/\\\/rexel.be\\\/fr\\\/produits\\\/photovoltaique\\\/#primaryimage\",\"url\":\"https:\\\/\\\/rexel.be\\\/wp-content\\\/uploads\\\/2025\\\/10\\\/Wevolt_X-Tile_Vrijstaande_Woning_Ekowood_Helden-9-scaled.jpg\",\"contentUrl\":\"https:\\\/\\\/rexel.be\\\/wp-content\\\/uploads\\\/2025\\\/10\\\/Wevolt_X-Tile_Vrijstaande_Woning_Ekowood_Helden-9-scaled.jpg\",\"width\":2560,\"height\":1707,\"caption\":\"Product: Wevolt X-Tile. Architect\\\/developer: Ekowood Woonconcept. Client: Brummelhuis Projecten. Contractor: Verhaegh Bouwbedrijf, Grashoek. Installer: Lucius.nu, Boxtel. New constructed detached house with Wevolt X-Tile | Weidebox, Helden\"},{\"@type\":\"BreadcrumbList\",\"@id\":\"https:\\\/\\\/rexel.be\\\/fr\\\/produits\\\/photovoltaique\\\/#breadcrumb\",\"itemListElement\":[{\"@type\":\"ListItem\",\"position\":1,\"name\":\"Home\",\"item\":\"https:\\\/\\\/rexel.be\\\/fr\\\/\"},{\"@type\":\"ListItem\",\"position\":2,\"name\":\"Produits\",\"item\":\"https:\\\/\\\/rexel.be\\\/fr\\\/produits\\\/\"},{\"@type\":\"ListItem\",\"position\":3,\"name\":\"Photovolta\u00efque\"}]},{\"@type\":\"WebSite\",\"@id\":\"https:\\\/\\\/rexel.be\\\/fr\\\/#website\",\"url\":\"https:\\\/\\\/rexel.be\\\/fr\\\/\",\"name\":\"Rexel\",\"description\":\"\",\"potentialAction\":[{\"@type\":\"SearchAction\",\"target\":{\"@type\":\"EntryPoint\",\"urlTemplate\":\"https:\\\/\\\/rexel.be\\\/fr\\\/?s={search_term_string}\"},\"query-input\":{\"@type\":\"PropertyValueSpecification\",\"valueRequired\":true,\"valueName\":\"search_term_string\"}}],\"inLanguage\":\"fr-FR\"}]}<\/script>\n<!-- \/ Yoast SEO plugin. -->","yoast_head_json":{"title":"Panneaux solaires photovolta\u00efques - Rexel Belgium","description":"Chez Rexel, vous trouverez une large gamme de panneaux photovolta\u00efques, d'onduleurs, de solutions de stockage d'\u00e9nergie et d'accessoires.","robots":{"index":"index","follow":"follow","max-snippet":"max-snippet:-1","max-image-preview":"max-image-preview:large","max-video-preview":"max-video-preview:-1"},"canonical":"https:\/\/rexel.be\/fr\/produits\/photovoltaique\/","og_locale":"fr_FR","og_type":"article","og_title":"Panneaux solaires photovolta\u00efques - Rexel Belgium","og_description":"Chez Rexel, vous trouverez une large gamme de panneaux photovolta\u00efques, d'onduleurs, de solutions de stockage d'\u00e9nergie et d'accessoires.","og_url":"https:\/\/rexel.be\/fr\/produits\/photovoltaique\/","og_site_name":"Rexel","article_modified_time":"2026-02-02T11:47:31+00:00","og_image":[{"width":2560,"height":1707,"url":"https:\/\/rexel.be\/wp-content\/uploads\/2025\/10\/Wevolt_X-Tile_Vrijstaande_Woning_Ekowood_Helden-9-scaled.jpg","type":"image\/jpeg"}],"twitter_card":"summary_large_image","twitter_misc":{"Dur\u00e9e de lecture estim\u00e9e":"5 minutes"},"schema":{"@context":"https:\/\/schema.org","@graph":[{"@type":"WebPage","@id":"https:\/\/rexel.be\/fr\/produits\/photovoltaique\/","url":"https:\/\/rexel.be\/fr\/produits\/photovoltaique\/","name":"Panneaux solaires photovolta\u00efques - Rexel Belgium","isPartOf":{"@id":"https:\/\/rexel.be\/fr\/#website"},"primaryImageOfPage":{"@id":"https:\/\/rexel.be\/fr\/produits\/photovoltaique\/#primaryimage"},"image":{"@id":"https:\/\/rexel.be\/fr\/produits\/photovoltaique\/#primaryimage"},"thumbnailUrl":"https:\/\/rexel.be\/wp-content\/uploads\/2025\/10\/Wevolt_X-Tile_Vrijstaande_Woning_Ekowood_Helden-9-scaled.jpg","datePublished":"2025-10-09T12:45:17+00:00","dateModified":"2026-02-02T11:47:31+00:00","description":"Chez Rexel, vous trouverez une large gamme de panneaux photovolta\u00efques, d'onduleurs, de solutions de stockage d'\u00e9nergie et d'accessoires.","breadcrumb":{"@id":"https:\/\/rexel.be\/fr\/produits\/photovoltaique\/#breadcrumb"},"inLanguage":"fr-FR","potentialAction":[{"@type":"ReadAction","target":["https:\/\/rexel.be\/fr\/produits\/photovoltaique\/"]}]},{"@type":"ImageObject","inLanguage":"fr-FR","@id":"https:\/\/rexel.be\/fr\/produits\/photovoltaique\/#primaryimage","url":"https:\/\/rexel.be\/wp-content\/uploads\/2025\/10\/Wevolt_X-Tile_Vrijstaande_Woning_Ekowood_Helden-9-scaled.jpg","contentUrl":"https:\/\/rexel.be\/wp-content\/uploads\/2025\/10\/Wevolt_X-Tile_Vrijstaande_Woning_Ekowood_Helden-9-scaled.jpg","width":2560,"height":1707,"caption":"Product: Wevolt X-Tile. Architect\/developer: Ekowood Woonconcept. Client: Brummelhuis Projecten. Contractor: Verhaegh Bouwbedrijf, Grashoek. Installer: Lucius.nu, Boxtel. New constructed detached house with Wevolt X-Tile | Weidebox, Helden"},{"@type":"BreadcrumbList","@id":"https:\/\/rexel.be\/fr\/produits\/photovoltaique\/#breadcrumb","itemListElement":[{"@type":"ListItem","position":1,"name":"Home","item":"https:\/\/rexel.be\/fr\/"},{"@type":"ListItem","position":2,"name":"Produits","item":"https:\/\/rexel.be\/fr\/produits\/"},{"@type":"ListItem","position":3,"name":"Photovolta\u00efque"}]},{"@type":"WebSite","@id":"https:\/\/rexel.be\/fr\/#website","url":"https:\/\/rexel.be\/fr\/","name":"Rexel","description":"","potentialAction":[{"@type":"SearchAction","target":{"@type":"EntryPoint","urlTemplate":"https:\/\/rexel.be\/fr\/?s={search_term_string}"},"query-input":{"@type":"PropertyValueSpecification","valueRequired":true,"valueName":"search_term_string"}}],"inLanguage":"fr-FR"}]}},"_links":{"self":[{"href":"https:\/\/rexel.be\/fr\/wp-json\/wp\/v2\/product\/1567","targetHints":{"allow":["GET"]}}],"collection":[{"href":"https:\/\/rexel.be\/fr\/wp-json\/wp\/v2\/product"}],"about":[{"href":"https:\/\/rexel.be\/fr\/wp-json\/wp\/v2\/types\/product"}],"wp:featuredmedia":[{"embeddable":true,"href":"https:\/\/rexel.be\/fr\/wp-json\/wp\/v2\/media\/1656"}],"wp:attachment":[{"href":"https:\/\/rexel.be\/fr\/wp-json\/wp\/v2\/media?parent=1567"}],"curies":[{"name":"wp","href":"https:\/\/api.w.org\/{rel}","templated":true}]}}