{"id":1550,"date":"2025-10-09T14:09:32","date_gmt":"2025-10-09T12:09:32","guid":{"rendered":"https:\/\/rexel.be\/?post_type=product&#038;p=1550"},"modified":"2026-01-15T17:28:13","modified_gmt":"2026-01-15T16:28:13","slug":"electromenager","status":"publish","type":"product","link":"https:\/\/rexel.be\/fr\/produits\/electromenager\/","title":{"rendered":"\u00c9lectrom\u00e9nager"},"content":{"rendered":"\n<div class=\"wp-block-group has-global-padding is-layout-constrained wp-block-group-is-layout-constrained\" style=\"padding-top:var(--wp--preset--spacing--120-60);padding-bottom:var(--wp--preset--spacing--120-60)\">\n<div class=\"wp-block-columns are-vertically-aligned-center is-layout-flex wp-container-core-columns-is-layout-d2ad5bd7 wp-block-columns-is-layout-flex\">\n<div class=\"wp-block-column is-vertically-aligned-center is-layout-flow wp-block-column-is-layout-flow\">\n<h2 class=\"wp-block-heading\"><strong><strong>\u00c9lectrom\u00e9nager pour chaque habitation<\/strong><\/strong><\/h2>\n\n\n\n<p>Vous recherchez des appareils \u00e9lectrom\u00e9nagers de qualit\u00e9 ou des appareils \u00e9lectriques pour un usage quotidien ? Chez Rexel, vous trouverez une large gamme d&rsquo;appareils \u00e9lectrom\u00e9nagers : des petits appareils \u00e9lectriques et piles aux gros appareils \u00e9lectrom\u00e9nagers tels que les lave-linge, r\u00e9frig\u00e9rateurs et fours. Vous \u00eates \u00e9galement \u00e0 la bonne adresse pour les solutions TV, audio et vid\u00e9o.<\/p>\n\n\n\n<p>Avec un stock constant de milliers de produits et des promotions mensuelles, Rexel vous garantit toujours le meilleur choix pour votre maison, votre projet ou votre application professionnelle.<\/p>\n<\/div>\n\n\n\n<div class=\"wp-block-column is-vertically-aligned-center is-layout-flow wp-block-column-is-layout-flow\">\n<figure class=\"wp-block-image size-full is-style-right-outside orange is-style-right-outside--1\"><img loading=\"lazy\" decoding=\"async\" width=\"2560\" height=\"1920\" src=\"https:\/\/rexel.be\/wp-content\/uploads\/2025\/10\/iStock-513631128-web-scaled.jpg\" alt=\"\" class=\"wp-image-1552\" srcset=\"https:\/\/rexel.be\/wp-content\/uploads\/2025\/10\/iStock-513631128-web-scaled.jpg 2560w, https:\/\/rexel.be\/wp-content\/uploads\/2025\/10\/iStock-513631128-web-300x225.jpg 300w, https:\/\/rexel.be\/wp-content\/uploads\/2025\/10\/iStock-513631128-web-1024x768.jpg 1024w, https:\/\/rexel.be\/wp-content\/uploads\/2025\/10\/iStock-513631128-web-768x576.jpg 768w, https:\/\/rexel.be\/wp-content\/uploads\/2025\/10\/iStock-513631128-web-1536x1152.jpg 1536w, https:\/\/rexel.be\/wp-content\/uploads\/2025\/10\/iStock-513631128-web-2048x1536.jpg 2048w\" sizes=\"auto, (max-width: 2560px) 100vw, 2560px\" \/><\/figure>\n<\/div>\n<\/div>\n<\/div>\n\n\n\n<div class=\"wp-block-group bg_shape has-global-padding is-layout-constrained wp-block-group-is-layout-constrained\" style=\"margin-top:0;margin-bottom:0;padding-top:var(--wp--preset--spacing--120-60);padding-bottom:var(--wp--preset--spacing--120-60)\">\n<h2 class=\"wp-block-heading has-text-align-center\"><strong>Notre offre d&rsquo;appareils \u00e9lectrom\u00e9nagers<\/strong><\/h2>\n\n\n\n<p class=\"has-text-align-center\">Chez Rexel, vous d\u00e9couvrirez une large gamme d&rsquo;appareils et d&rsquo;accessoires :<\/p>\n\n\n\n<div class=\"wp-block-group is-layout-grid wp-container-core-group-is-layout-988b637e wp-block-group-is-layout-grid\">\n<div class=\"wp-block-group has-border-color has-white-background-color has-background is-layout-flow wp-block-group-is-layout-flow\" style=\"border-color:#2896d752;border-width:1px;border-radius:16px;padding-top:var(--wp--preset--spacing--40-20);padding-right:var(--wp--preset--spacing--40-20);padding-bottom:var(--wp--preset--spacing--40-20);padding-left:var(--wp--preset--spacing--40-20);box-shadow:var(--wp--preset--shadow--shadow-1)\">\n<h4 class=\"wp-block-heading has-dark-color has-text-color has-link-color wp-elements-4376b963d72c0a9f976a25b4432eb6c3\"><strong>T\u00e9l\u00e9viseurs, cha\u00eenes hi-fi et \u00e9quipements vid\u00e9o<\/strong><\/h4>\n<\/div>\n\n\n\n<div class=\"wp-block-group has-border-color has-white-background-color has-background is-layout-flow wp-block-group-is-layout-flow\" style=\"border-color:#2896d752;border-width:1px;border-radius:16px;padding-top:var(--wp--preset--spacing--40-20);padding-right:var(--wp--preset--spacing--40-20);padding-bottom:var(--wp--preset--spacing--40-20);padding-left:var(--wp--preset--spacing--40-20);box-shadow:var(--wp--preset--shadow--shadow-1)\">\n<h4 class=\"wp-block-heading has-dark-color has-text-color has-link-color wp-elements-da8c1411454f5483ff9df50e5dfe7f14\"><strong>Lave-linge et s\u00e8che-linge<\/strong><\/h4>\n<\/div>\n\n\n\n<div class=\"wp-block-group has-border-color has-white-background-color has-background is-layout-flow wp-block-group-is-layout-flow\" style=\"border-color:#2896d752;border-width:1px;border-radius:16px;padding-top:var(--wp--preset--spacing--40-20);padding-right:var(--wp--preset--spacing--40-20);padding-bottom:var(--wp--preset--spacing--40-20);padding-left:var(--wp--preset--spacing--40-20);box-shadow:var(--wp--preset--shadow--shadow-1)\">\n<h4 class=\"wp-block-heading has-dark-color has-text-color has-link-color wp-elements-8bb1090fbf08132f743218e718c8b511\"><strong>R\u00e9frig\u00e9rateurs, cong\u00e9lateurs et lave-vaisselle<\/strong><\/h4>\n<\/div>\n\n\n\n<div class=\"wp-block-group has-border-color has-white-background-color has-background is-layout-flow wp-block-group-is-layout-flow\" style=\"border-color:#2896d752;border-width:1px;border-radius:16px;padding-top:var(--wp--preset--spacing--40-20);padding-right:var(--wp--preset--spacing--40-20);padding-bottom:var(--wp--preset--spacing--40-20);padding-left:var(--wp--preset--spacing--40-20);box-shadow:var(--wp--preset--shadow--shadow-1)\">\n<h4 class=\"wp-block-heading has-dark-color has-text-color has-link-color wp-elements-dea1956b81c69b0cb89ca7acd512ac78\"><strong>Plaques de cuisson, fours \u00e0 micro-ondes et fours traditionnels<\/strong><\/h4>\n<\/div>\n\n\n\n<div class=\"wp-block-group has-border-color has-white-background-color has-background is-layout-flow wp-block-group-is-layout-flow\" style=\"border-color:#2896d752;border-width:1px;border-radius:16px;padding-top:var(--wp--preset--spacing--40-20);padding-right:var(--wp--preset--spacing--40-20);padding-bottom:var(--wp--preset--spacing--40-20);padding-left:var(--wp--preset--spacing--40-20);box-shadow:var(--wp--preset--shadow--shadow-1)\">\n<h4 class=\"wp-block-heading has-dark-color has-text-color has-link-color wp-elements-cea717cc39951e29512a7fc2590dea04\"><strong>Petits appareils \u00e9lectrom\u00e9nagers<\/strong><\/h4>\n\n\n\n<p>pour un usage quotidien<\/p>\n<\/div>\n\n\n\n<div class=\"wp-block-group has-border-color has-white-background-color has-background is-layout-flow wp-block-group-is-layout-flow\" style=\"border-color:#2896d752;border-width:1px;border-radius:16px;padding-top:var(--wp--preset--spacing--40-20);padding-right:var(--wp--preset--spacing--40-20);padding-bottom:var(--wp--preset--spacing--40-20);padding-left:var(--wp--preset--spacing--40-20);box-shadow:var(--wp--preset--shadow--shadow-1)\">\n<h4 class=\"wp-block-heading has-dark-color has-text-color has-link-color wp-elements-1a2efe38736c2a76a82cc6cb37cc0a1a\"><strong>S\u00e8che-mains<\/strong><\/h4>\n\n\n\n<p>pour les sanitaires et les applications professionnelles<\/p>\n<\/div>\n\n\n\n<div class=\"wp-block-group has-border-color has-white-background-color has-background is-layout-flow wp-block-group-is-layout-flow\" style=\"border-color:#2896d752;border-width:1px;border-radius:16px;padding-top:var(--wp--preset--spacing--40-20);padding-right:var(--wp--preset--spacing--40-20);padding-bottom:var(--wp--preset--spacing--40-20);padding-left:var(--wp--preset--spacing--40-20);box-shadow:var(--wp--preset--shadow--shadow-1)\">\n<h4 class=\"wp-block-heading has-dark-color has-text-color has-link-color wp-elements-8bd686855c34e7b35379b2d6bd657bea\"><strong>Piles<\/strong><\/h4>\n\n\n\n<p>de toutes tailles<\/p>\n<\/div>\n<\/div>\n<\/div>\n\n\n\n<div class=\"wp-block-group top_minus_35 has-global-padding is-layout-constrained wp-block-group-is-layout-constrained\" style=\"padding-top:var(--wp--preset--spacing--80-60);padding-bottom:var(--wp--preset--spacing--80-60)\">\n<div class=\"wp-block-columns are-vertically-aligned-center has-border-color has-white-background-color has-background is-layout-flex wp-container-core-columns-is-layout-5fd65f55 wp-block-columns-is-layout-flex\" style=\"border-color:#2896d729;border-width:1px;border-radius:24px;padding-top:var(--wp--preset--spacing--60-40);padding-right:var(--wp--preset--spacing--60-40);padding-bottom:var(--wp--preset--spacing--60-40);padding-left:var(--wp--preset--spacing--60-40)\">\n<div class=\"wp-block-column is-vertically-aligned-center is-layout-flow wp-block-column-is-layout-flow\" style=\"flex-basis:33%\">\n<h4 class=\"wp-block-heading mobile-text-center wp-container-content-9cfa9a5a\"><strong>Partenaires avec lesquels nous collaborons<\/strong><\/h4>\n<\/div>\n\n\n\n<div class=\"wp-block-column is-vertically-aligned-center is-layout-flow wp-block-column-is-layout-flow\">\n<div class=\"wp-block-cb-carousel-v2 cb-carousel-block\" data-cb-slides-per-view=\"2\" data-cb-slides-per-group=\"2\" data-cb-space-between=\"20\" data-cb-speed=\"300\" data-cb-loop=\"true\" data-cb-autoplay=\"true\" data-cb-autoplay-speed=\"3000\" data-cb-breakpoints=\"{&quot;768&quot;:{&quot;slidesPerView&quot;:5,&quot;slidesPerGroup&quot;:1}}\"><div class=\"swiper\"><div class=\"cb-wrapper swiper-wrapper\">\n<div class=\"wp-block-cb-slide-v2 cb-slide swiper-slide\">\n<figure class=\"wp-block-image aligncenter size-full is-resized\"><img loading=\"lazy\" decoding=\"async\" width=\"425\" height=\"265\" src=\"https:\/\/rexel.be\/wp-content\/uploads\/2025\/10\/AEG-web.jpg\" alt=\"\" class=\"wp-image-1553\" style=\"aspect-ratio:1.6042537030003798;width:104px;height:auto\" srcset=\"https:\/\/rexel.be\/wp-content\/uploads\/2025\/10\/AEG-web.jpg 425w, https:\/\/rexel.be\/wp-content\/uploads\/2025\/10\/AEG-web-300x187.jpg 300w\" sizes=\"auto, (max-width: 425px) 100vw, 425px\" \/><\/figure>\n<\/div>\n\n\n\n<div class=\"wp-block-cb-slide-v2 cb-slide swiper-slide\">\n<figure class=\"wp-block-image aligncenter size-full is-resized\"><img loading=\"lazy\" decoding=\"async\" width=\"425\" height=\"265\" src=\"https:\/\/rexel.be\/wp-content\/uploads\/2025\/10\/Beko-web.jpg\" alt=\"\" class=\"wp-image-1554\" style=\"aspect-ratio:1.696899672636241;width:114px;height:auto\" srcset=\"https:\/\/rexel.be\/wp-content\/uploads\/2025\/10\/Beko-web.jpg 425w, https:\/\/rexel.be\/wp-content\/uploads\/2025\/10\/Beko-web-300x187.jpg 300w\" sizes=\"auto, (max-width: 425px) 100vw, 425px\" \/><\/figure>\n<\/div>\n\n\n\n<div class=\"wp-block-cb-slide-v2 cb-slide swiper-slide\">\n<figure class=\"wp-block-image aligncenter size-full\"><img loading=\"lazy\" decoding=\"async\" width=\"425\" height=\"265\" src=\"https:\/\/rexel.be\/wp-content\/uploads\/2025\/10\/Bosch-web-1.jpg\" alt=\"\" class=\"wp-image-1555\" style=\"aspect-ratio:1.6040781648258284\" srcset=\"https:\/\/rexel.be\/wp-content\/uploads\/2025\/10\/Bosch-web-1.jpg 425w, https:\/\/rexel.be\/wp-content\/uploads\/2025\/10\/Bosch-web-1-300x187.jpg 300w\" sizes=\"auto, (max-width: 425px) 100vw, 425px\" \/><\/figure>\n<\/div>\n\n\n\n<div class=\"wp-block-cb-slide-v2 cb-slide swiper-slide\">\n<figure class=\"wp-block-image aligncenter size-full is-resized\"><img loading=\"lazy\" decoding=\"async\" width=\"425\" height=\"265\" src=\"https:\/\/rexel.be\/wp-content\/uploads\/2025\/10\/LG-web.jpg\" alt=\"\" class=\"wp-image-1556\" style=\"aspect-ratio:1.6043869956913435;width:109px;height:auto\" srcset=\"https:\/\/rexel.be\/wp-content\/uploads\/2025\/10\/LG-web.jpg 425w, https:\/\/rexel.be\/wp-content\/uploads\/2025\/10\/LG-web-300x187.jpg 300w\" sizes=\"auto, (max-width: 425px) 100vw, 425px\" \/><\/figure>\n<\/div>\n\n\n\n<div class=\"wp-block-cb-slide-v2 cb-slide swiper-slide\">\n<figure class=\"wp-block-image aligncenter size-full\" style=\"margin-top:0;margin-bottom:0\"><img loading=\"lazy\" decoding=\"async\" width=\"425\" height=\"265\" src=\"https:\/\/rexel.be\/wp-content\/uploads\/2025\/10\/Liebherr-web.jpg\" alt=\"\" class=\"wp-image-1557\" srcset=\"https:\/\/rexel.be\/wp-content\/uploads\/2025\/10\/Liebherr-web.jpg 425w, https:\/\/rexel.be\/wp-content\/uploads\/2025\/10\/Liebherr-web-300x187.jpg 300w\" sizes=\"auto, (max-width: 425px) 100vw, 425px\" \/><\/figure>\n<\/div>\n\n\n\n<div class=\"wp-block-cb-slide-v2 cb-slide swiper-slide\">\n<figure class=\"wp-block-image aligncenter size-full\"><img loading=\"lazy\" decoding=\"async\" width=\"425\" height=\"265\" src=\"https:\/\/rexel.be\/wp-content\/uploads\/2025\/10\/Miele-web.jpg\" alt=\"\" class=\"wp-image-1558\" srcset=\"https:\/\/rexel.be\/wp-content\/uploads\/2025\/10\/Miele-web.jpg 425w, https:\/\/rexel.be\/wp-content\/uploads\/2025\/10\/Miele-web-300x187.jpg 300w\" sizes=\"auto, (max-width: 425px) 100vw, 425px\" \/><\/figure>\n<\/div>\n\n\n\n<div class=\"wp-block-cb-slide-v2 cb-slide swiper-slide\">\n<figure class=\"wp-block-image aligncenter size-full is-resized\"><img loading=\"lazy\" decoding=\"async\" width=\"425\" height=\"265\" src=\"https:\/\/rexel.be\/wp-content\/uploads\/2025\/10\/Novy-web.jpg\" alt=\"\" class=\"wp-image-1559\" style=\"aspect-ratio:1.6042972247090421;width:114px;height:auto\" srcset=\"https:\/\/rexel.be\/wp-content\/uploads\/2025\/10\/Novy-web.jpg 425w, https:\/\/rexel.be\/wp-content\/uploads\/2025\/10\/Novy-web-300x187.jpg 300w\" sizes=\"auto, (max-width: 425px) 100vw, 425px\" \/><\/figure>\n<\/div>\n\n\n\n<div class=\"wp-block-cb-slide-v2 cb-slide swiper-slide\">\n<figure class=\"wp-block-image aligncenter size-full is-resized\"><img loading=\"lazy\" decoding=\"async\" width=\"425\" height=\"265\" src=\"https:\/\/rexel.be\/wp-content\/uploads\/2025\/10\/Samsung-web.jpg\" alt=\"\" class=\"wp-image-1560\" style=\"aspect-ratio:1.604319321249518;width:125px;height:auto\" srcset=\"https:\/\/rexel.be\/wp-content\/uploads\/2025\/10\/Samsung-web.jpg 425w, https:\/\/rexel.be\/wp-content\/uploads\/2025\/10\/Samsung-web-300x187.jpg 300w\" sizes=\"auto, (max-width: 425px) 100vw, 425px\" \/><\/figure>\n<\/div>\n\n\n\n<div class=\"wp-block-cb-slide-v2 cb-slide swiper-slide\">\n<figure class=\"wp-block-image aligncenter size-full\"><img loading=\"lazy\" decoding=\"async\" width=\"425\" height=\"265\" src=\"https:\/\/rexel.be\/wp-content\/uploads\/2025\/10\/Siemens-web-1.jpg\" alt=\"\" class=\"wp-image-1561\" style=\"aspect-ratio:1.6039315617036767\" srcset=\"https:\/\/rexel.be\/wp-content\/uploads\/2025\/10\/Siemens-web-1.jpg 425w, https:\/\/rexel.be\/wp-content\/uploads\/2025\/10\/Siemens-web-1-300x187.jpg 300w\" sizes=\"auto, (max-width: 425px) 100vw, 425px\" \/><\/figure>\n<\/div>\n\n\n\n<div class=\"wp-block-cb-slide-v2 cb-slide swiper-slide\">\n<figure class=\"wp-block-image aligncenter size-full\"><img loading=\"lazy\" decoding=\"async\" width=\"425\" height=\"265\" src=\"https:\/\/rexel.be\/wp-content\/uploads\/2025\/10\/Smeg-web.jpg\" alt=\"\" class=\"wp-image-1562\" style=\"aspect-ratio:1.6040609137055837\" srcset=\"https:\/\/rexel.be\/wp-content\/uploads\/2025\/10\/Smeg-web.jpg 425w, https:\/\/rexel.be\/wp-content\/uploads\/2025\/10\/Smeg-web-300x187.jpg 300w\" sizes=\"auto, (max-width: 425px) 100vw, 425px\" \/><\/figure>\n<\/div>\n\n\n\n<div class=\"wp-block-cb-slide-v2 cb-slide swiper-slide\">\n<figure class=\"wp-block-image aligncenter size-full is-resized\"><img loading=\"lazy\" decoding=\"async\" width=\"425\" height=\"265\" src=\"https:\/\/rexel.be\/wp-content\/uploads\/2025\/10\/Whirlpool-web.jpg\" alt=\"\" class=\"wp-image-1563\" style=\"aspect-ratio:1.452926628194559;width:106px;height:auto\" srcset=\"https:\/\/rexel.be\/wp-content\/uploads\/2025\/10\/Whirlpool-web.jpg 425w, https:\/\/rexel.be\/wp-content\/uploads\/2025\/10\/Whirlpool-web-300x187.jpg 300w\" sizes=\"auto, (max-width: 425px) 100vw, 425px\" \/><\/figure>\n<\/div>\n\n\n\n<div class=\"wp-block-cb-slide-v2 cb-slide swiper-slide\">\n<figure class=\"wp-block-image aligncenter size-full\"><img loading=\"lazy\" decoding=\"async\" width=\"425\" height=\"265\" src=\"https:\/\/rexel.be\/wp-content\/uploads\/2025\/10\/Zanussi-web.jpg\" alt=\"\" class=\"wp-image-1564\" srcset=\"https:\/\/rexel.be\/wp-content\/uploads\/2025\/10\/Zanussi-web.jpg 425w, https:\/\/rexel.be\/wp-content\/uploads\/2025\/10\/Zanussi-web-300x187.jpg 300w\" sizes=\"auto, (max-width: 425px) 100vw, 425px\" \/><\/figure>\n<\/div>\n<\/div><\/div><\/div>\n<\/div>\n<\/div>\n<\/div>\n","protected":false},"featured_media":1565,"parent":0,"menu_order":0,"template":"","meta":{"_acf_changed":false,"inline_featured_image":false,"_links_to":"","_links_to_target":""},"class_list":["post-1550","product","type-product","status-publish","has-post-thumbnail","hentry"],"acf":[],"yoast_head":"<!-- This site is optimized with the Yoast SEO plugin v27.4 - https:\/\/yoast.com\/product\/yoast-seo-wordpress\/ -->\n<title>\u00c9lectrom\u00e9nager pour chaque habitation - Rexel Belgium<\/title>\n<meta name=\"description\" content=\"Chez Rexel, vous trouverez une large gamme d&#039;\u00e9lectrom\u00e9nagers de qualit\u00e9 pour un usage quotidien.\" \/>\n<meta name=\"robots\" content=\"index, follow, max-snippet:-1, max-image-preview:large, max-video-preview:-1\" \/>\n<link rel=\"canonical\" href=\"https:\/\/rexel.be\/fr\/produits\/electromenager\/\" \/>\n<meta property=\"og:locale\" content=\"fr_FR\" \/>\n<meta property=\"og:type\" content=\"article\" \/>\n<meta property=\"og:title\" content=\"\u00c9lectrom\u00e9nager pour chaque habitation - Rexel Belgium\" \/>\n<meta property=\"og:description\" content=\"Chez Rexel, vous trouverez une large gamme d&#039;\u00e9lectrom\u00e9nagers de qualit\u00e9 pour un usage quotidien.\" \/>\n<meta property=\"og:url\" content=\"https:\/\/rexel.be\/fr\/produits\/electromenager\/\" \/>\n<meta property=\"og:site_name\" content=\"Rexel\" \/>\n<meta property=\"article:modified_time\" content=\"2026-01-15T16:28:13+00:00\" \/>\n<meta property=\"og:image\" content=\"https:\/\/rexel.be\/wp-content\/uploads\/2025\/10\/Huishoudelektro-1.jpg\" \/>\n\t<meta property=\"og:image:width\" content=\"1920\" \/>\n\t<meta property=\"og:image:height\" content=\"1280\" \/>\n\t<meta property=\"og:image:type\" content=\"image\/jpeg\" \/>\n<meta name=\"twitter:card\" content=\"summary_large_image\" \/>\n<meta name=\"twitter:label1\" content=\"Dur\u00e9e de lecture estim\u00e9e\" \/>\n\t<meta name=\"twitter:data1\" content=\"4 minutes\" \/>\n<script type=\"application\/ld+json\" class=\"yoast-schema-graph\">{\"@context\":\"https:\\\/\\\/schema.org\",\"@graph\":[{\"@type\":\"WebPage\",\"@id\":\"https:\\\/\\\/rexel.be\\\/fr\\\/produits\\\/electromenager\\\/\",\"url\":\"https:\\\/\\\/rexel.be\\\/fr\\\/produits\\\/electromenager\\\/\",\"name\":\"\u00c9lectrom\u00e9nager pour chaque habitation - Rexel Belgium\",\"isPartOf\":{\"@id\":\"https:\\\/\\\/rexel.be\\\/fr\\\/#website\"},\"primaryImageOfPage\":{\"@id\":\"https:\\\/\\\/rexel.be\\\/fr\\\/produits\\\/electromenager\\\/#primaryimage\"},\"image\":{\"@id\":\"https:\\\/\\\/rexel.be\\\/fr\\\/produits\\\/electromenager\\\/#primaryimage\"},\"thumbnailUrl\":\"https:\\\/\\\/rexel.be\\\/wp-content\\\/uploads\\\/2025\\\/10\\\/Huishoudelektro-1.jpg\",\"datePublished\":\"2025-10-09T12:09:32+00:00\",\"dateModified\":\"2026-01-15T16:28:13+00:00\",\"description\":\"Chez Rexel, vous trouverez une large gamme d'\u00e9lectrom\u00e9nagers de qualit\u00e9 pour un usage quotidien.\",\"breadcrumb\":{\"@id\":\"https:\\\/\\\/rexel.be\\\/fr\\\/produits\\\/electromenager\\\/#breadcrumb\"},\"inLanguage\":\"fr-FR\",\"potentialAction\":[{\"@type\":\"ReadAction\",\"target\":[\"https:\\\/\\\/rexel.be\\\/fr\\\/produits\\\/electromenager\\\/\"]}]},{\"@type\":\"ImageObject\",\"inLanguage\":\"fr-FR\",\"@id\":\"https:\\\/\\\/rexel.be\\\/fr\\\/produits\\\/electromenager\\\/#primaryimage\",\"url\":\"https:\\\/\\\/rexel.be\\\/wp-content\\\/uploads\\\/2025\\\/10\\\/Huishoudelektro-1.jpg\",\"contentUrl\":\"https:\\\/\\\/rexel.be\\\/wp-content\\\/uploads\\\/2025\\\/10\\\/Huishoudelektro-1.jpg\",\"width\":1920,\"height\":1280},{\"@type\":\"BreadcrumbList\",\"@id\":\"https:\\\/\\\/rexel.be\\\/fr\\\/produits\\\/electromenager\\\/#breadcrumb\",\"itemListElement\":[{\"@type\":\"ListItem\",\"position\":1,\"name\":\"Home\",\"item\":\"https:\\\/\\\/rexel.be\\\/fr\\\/\"},{\"@type\":\"ListItem\",\"position\":2,\"name\":\"Produits\",\"item\":\"https:\\\/\\\/rexel.be\\\/fr\\\/produits\\\/\"},{\"@type\":\"ListItem\",\"position\":3,\"name\":\"\u00c9lectrom\u00e9nager\"}]},{\"@type\":\"WebSite\",\"@id\":\"https:\\\/\\\/rexel.be\\\/fr\\\/#website\",\"url\":\"https:\\\/\\\/rexel.be\\\/fr\\\/\",\"name\":\"Rexel\",\"description\":\"\",\"potentialAction\":[{\"@type\":\"SearchAction\",\"target\":{\"@type\":\"EntryPoint\",\"urlTemplate\":\"https:\\\/\\\/rexel.be\\\/fr\\\/?s={search_term_string}\"},\"query-input\":{\"@type\":\"PropertyValueSpecification\",\"valueRequired\":true,\"valueName\":\"search_term_string\"}}],\"inLanguage\":\"fr-FR\"}]}<\/script>\n<!-- \/ Yoast SEO plugin. -->","yoast_head_json":{"title":"\u00c9lectrom\u00e9nager pour chaque habitation - Rexel Belgium","description":"Chez Rexel, vous trouverez une large gamme d'\u00e9lectrom\u00e9nagers de qualit\u00e9 pour un usage quotidien.","robots":{"index":"index","follow":"follow","max-snippet":"max-snippet:-1","max-image-preview":"max-image-preview:large","max-video-preview":"max-video-preview:-1"},"canonical":"https:\/\/rexel.be\/fr\/produits\/electromenager\/","og_locale":"fr_FR","og_type":"article","og_title":"\u00c9lectrom\u00e9nager pour chaque habitation - Rexel Belgium","og_description":"Chez Rexel, vous trouverez une large gamme d'\u00e9lectrom\u00e9nagers de qualit\u00e9 pour un usage quotidien.","og_url":"https:\/\/rexel.be\/fr\/produits\/electromenager\/","og_site_name":"Rexel","article_modified_time":"2026-01-15T16:28:13+00:00","og_image":[{"width":1920,"height":1280,"url":"https:\/\/rexel.be\/wp-content\/uploads\/2025\/10\/Huishoudelektro-1.jpg","type":"image\/jpeg"}],"twitter_card":"summary_large_image","twitter_misc":{"Dur\u00e9e de lecture estim\u00e9e":"4 minutes"},"schema":{"@context":"https:\/\/schema.org","@graph":[{"@type":"WebPage","@id":"https:\/\/rexel.be\/fr\/produits\/electromenager\/","url":"https:\/\/rexel.be\/fr\/produits\/electromenager\/","name":"\u00c9lectrom\u00e9nager pour chaque habitation - Rexel Belgium","isPartOf":{"@id":"https:\/\/rexel.be\/fr\/#website"},"primaryImageOfPage":{"@id":"https:\/\/rexel.be\/fr\/produits\/electromenager\/#primaryimage"},"image":{"@id":"https:\/\/rexel.be\/fr\/produits\/electromenager\/#primaryimage"},"thumbnailUrl":"https:\/\/rexel.be\/wp-content\/uploads\/2025\/10\/Huishoudelektro-1.jpg","datePublished":"2025-10-09T12:09:32+00:00","dateModified":"2026-01-15T16:28:13+00:00","description":"Chez Rexel, vous trouverez une large gamme d'\u00e9lectrom\u00e9nagers de qualit\u00e9 pour un usage quotidien.","breadcrumb":{"@id":"https:\/\/rexel.be\/fr\/produits\/electromenager\/#breadcrumb"},"inLanguage":"fr-FR","potentialAction":[{"@type":"ReadAction","target":["https:\/\/rexel.be\/fr\/produits\/electromenager\/"]}]},{"@type":"ImageObject","inLanguage":"fr-FR","@id":"https:\/\/rexel.be\/fr\/produits\/electromenager\/#primaryimage","url":"https:\/\/rexel.be\/wp-content\/uploads\/2025\/10\/Huishoudelektro-1.jpg","contentUrl":"https:\/\/rexel.be\/wp-content\/uploads\/2025\/10\/Huishoudelektro-1.jpg","width":1920,"height":1280},{"@type":"BreadcrumbList","@id":"https:\/\/rexel.be\/fr\/produits\/electromenager\/#breadcrumb","itemListElement":[{"@type":"ListItem","position":1,"name":"Home","item":"https:\/\/rexel.be\/fr\/"},{"@type":"ListItem","position":2,"name":"Produits","item":"https:\/\/rexel.be\/fr\/produits\/"},{"@type":"ListItem","position":3,"name":"\u00c9lectrom\u00e9nager"}]},{"@type":"WebSite","@id":"https:\/\/rexel.be\/fr\/#website","url":"https:\/\/rexel.be\/fr\/","name":"Rexel","description":"","potentialAction":[{"@type":"SearchAction","target":{"@type":"EntryPoint","urlTemplate":"https:\/\/rexel.be\/fr\/?s={search_term_string}"},"query-input":{"@type":"PropertyValueSpecification","valueRequired":true,"valueName":"search_term_string"}}],"inLanguage":"fr-FR"}]}},"_links":{"self":[{"href":"https:\/\/rexel.be\/fr\/wp-json\/wp\/v2\/product\/1550","targetHints":{"allow":["GET"]}}],"collection":[{"href":"https:\/\/rexel.be\/fr\/wp-json\/wp\/v2\/product"}],"about":[{"href":"https:\/\/rexel.be\/fr\/wp-json\/wp\/v2\/types\/product"}],"wp:featuredmedia":[{"embeddable":true,"href":"https:\/\/rexel.be\/fr\/wp-json\/wp\/v2\/media\/1565"}],"wp:attachment":[{"href":"https:\/\/rexel.be\/fr\/wp-json\/wp\/v2\/media?parent=1550"}],"curies":[{"name":"wp","href":"https:\/\/api.w.org\/{rel}","templated":true}]}}