{"id":1530,"date":"2025-10-09T12:42:47","date_gmt":"2025-10-09T10:42:47","guid":{"rendered":"https:\/\/rexel.be\/?post_type=product&#038;p=1530"},"modified":"2026-02-02T12:46:29","modified_gmt":"2026-02-02T11:46:29","slug":"cables-goulottes","status":"publish","type":"product","link":"https:\/\/rexel.be\/fr\/produits\/cables-goulottes\/","title":{"rendered":"C\u00e2bles et goulottes"},"content":{"rendered":"\n<div class=\"wp-block-group has-global-padding is-layout-constrained wp-block-group-is-layout-constrained\" style=\"padding-top:var(--wp--preset--spacing--120-60);padding-bottom:var(--wp--preset--spacing--120-60)\">\n<div class=\"wp-block-columns are-vertically-aligned-center is-layout-flex wp-container-core-columns-is-layout-d2ad5bd7 wp-block-columns-is-layout-flex\">\n<div class=\"wp-block-column is-vertically-aligned-center is-layout-flow wp-block-column-is-layout-flow\">\n<h2 class=\"wp-block-heading\"><strong><strong>C\u00e2bles et goulottes pour installations professionnelles<\/strong><\/strong><\/h2>\n\n\n\n<p>Chez Rexel, vous trouverez une large gamme de c\u00e2bles, goulottes et tubes pr\u00e9-c\u00e2bl\u00e9s pour tout type d&rsquo;installation. Notre gamme comprend des c\u00e2bles d&rsquo;installation, des c\u00e2bles de s\u00e9curit\u00e9, des c\u00e2bles de commande, des c\u00e2bles coaxiaux, des c\u00e2bles d&rsquo;alimentation et des c\u00e2bles sp\u00e9ciaux, adapt\u00e9s aussi bien aux projets r\u00e9sidentiels qu&rsquo;industriels.<\/p>\n\n\n\n<p>Pour les goulottes de c\u00e2bles, nous proposons une gamme compl\u00e8te de diff\u00e9rentes marques, y compris tous les accessoires et pi\u00e8ces dans divers mod\u00e8les, du galvanis\u00e9 \u00e0 chaud au hot-dip galvanized. Notre stock de tubes pr\u00e9-c\u00e2bl\u00e9s est \u00e9galement tr\u00e8s complet et pr\u00eat \u00e0 \u00eatre livr\u00e9 imm\u00e9diatement.<\/p>\n\n\n\n<p><strong>Du sur-mesure pour vos projets<\/strong><br>Pour les projets complexes, Rexel fournit des solutions sur mesure et des combinaisons compos\u00e9es \u00e0 la carte, afin que vous obteniez toujours la configuration parfaite pour votre installation.<\/p>\n<\/div>\n\n\n\n<div class=\"wp-block-column is-vertically-aligned-center is-layout-flow wp-block-column-is-layout-flow\">\n<figure class=\"wp-block-image size-full is-style-right-outside orange is-style-right-outside--1\"><img loading=\"lazy\" decoding=\"async\" width=\"2560\" height=\"1703\" src=\"https:\/\/rexel.be\/wp-content\/uploads\/2025\/10\/Kabels-en-kabelgoten-scaled.webp\" alt=\"\" class=\"wp-image-1531\" srcset=\"https:\/\/rexel.be\/wp-content\/uploads\/2025\/10\/Kabels-en-kabelgoten-scaled.webp 2560w, https:\/\/rexel.be\/wp-content\/uploads\/2025\/10\/Kabels-en-kabelgoten-300x200.webp 300w, https:\/\/rexel.be\/wp-content\/uploads\/2025\/10\/Kabels-en-kabelgoten-1024x681.webp 1024w, https:\/\/rexel.be\/wp-content\/uploads\/2025\/10\/Kabels-en-kabelgoten-768x511.webp 768w, https:\/\/rexel.be\/wp-content\/uploads\/2025\/10\/Kabels-en-kabelgoten-1536x1022.webp 1536w, https:\/\/rexel.be\/wp-content\/uploads\/2025\/10\/Kabels-en-kabelgoten-2048x1363.webp 2048w\" sizes=\"auto, (max-width: 2560px) 100vw, 2560px\" \/><\/figure>\n<\/div>\n<\/div>\n<\/div>\n\n\n\n<div class=\"wp-block-group bg_shape has-global-padding is-layout-constrained wp-block-group-is-layout-constrained\" style=\"margin-top:0;margin-bottom:0;padding-top:var(--wp--preset--spacing--120-60);padding-bottom:var(--wp--preset--spacing--120-60)\">\n<h2 class=\"wp-block-heading has-text-align-center\"><strong>Notre offre en mati\u00e8re de c\u00e2bles et de goulottes<\/strong><\/h2>\n\n\n\n<p class=\"has-text-align-center\">Notre gamme comprend :<\/p>\n\n\n\n<div class=\"wp-block-group is-layout-grid wp-container-core-group-is-layout-988b637e wp-block-group-is-layout-grid\">\n<div class=\"wp-block-group has-border-color has-white-background-color has-background is-layout-flow wp-block-group-is-layout-flow\" style=\"border-color:#2896d752;border-width:1px;border-radius:16px;padding-top:var(--wp--preset--spacing--40-20);padding-right:var(--wp--preset--spacing--40-20);padding-bottom:var(--wp--preset--spacing--40-20);padding-left:var(--wp--preset--spacing--40-20);box-shadow:var(--wp--preset--shadow--shadow-1)\">\n<h4 class=\"wp-block-heading has-dark-color has-text-color has-link-color wp-elements-6033581b2de67ca93d405f5eafd2428b\"><strong>C\u00e2bles moyenne et basse tension<\/strong><\/h4>\n\n\n\n<p>pour l&rsquo;alimentation \u00e9lectrique<\/p>\n<\/div>\n\n\n\n<div class=\"wp-block-group has-border-color has-white-background-color has-background is-layout-flow wp-block-group-is-layout-flow\" style=\"border-color:#2896d752;border-width:1px;border-radius:16px;padding-top:var(--wp--preset--spacing--40-20);padding-right:var(--wp--preset--spacing--40-20);padding-bottom:var(--wp--preset--spacing--40-20);padding-left:var(--wp--preset--spacing--40-20);box-shadow:var(--wp--preset--shadow--shadow-1)\">\n<h4 class=\"wp-block-heading has-dark-color has-text-color has-link-color wp-elements-3ee5f8b2e3b92f9ff3b43a25c50f1671\"><strong>C\u00e2bles flexibles et souples<\/strong><\/h4>\n\n\n\n<p>pour diverses applications<\/p>\n<\/div>\n\n\n\n<div class=\"wp-block-group has-border-color has-white-background-color has-background is-layout-flow wp-block-group-is-layout-flow\" style=\"border-color:#2896d752;border-width:1px;border-radius:16px;padding-top:var(--wp--preset--spacing--40-20);padding-right:var(--wp--preset--spacing--40-20);padding-bottom:var(--wp--preset--spacing--40-20);padding-left:var(--wp--preset--spacing--40-20);box-shadow:var(--wp--preset--shadow--shadow-1)\">\n<h4 class=\"wp-block-heading has-dark-color has-text-color has-link-color wp-elements-bedc323c23abd5c5947d1c20d7c33fb1\"><strong>C\u00e2bles sans halog\u00e8ne<\/strong><\/h4>\n\n\n\n<p>pour la s\u00e9curit\u00e9 incendie<\/p>\n<\/div>\n\n\n\n<div class=\"wp-block-group has-border-color has-white-background-color has-background is-layout-flow wp-block-group-is-layout-flow\" style=\"border-color:#2896d752;border-width:1px;border-radius:16px;padding-top:var(--wp--preset--spacing--40-20);padding-right:var(--wp--preset--spacing--40-20);padding-bottom:var(--wp--preset--spacing--40-20);padding-left:var(--wp--preset--spacing--40-20);box-shadow:var(--wp--preset--shadow--shadow-1)\">\n<h4 class=\"wp-block-heading has-dark-color has-text-color has-link-color wp-elements-d312082617ea1b7c04230aef6b8a0c5c\"><strong>C\u00e2bles ignifuges<\/strong><\/h4>\n\n\n\n<p>pour une s\u00e9curit\u00e9 maximale<\/p>\n<\/div>\n\n\n\n<div class=\"wp-block-group has-border-color has-white-background-color has-background is-layout-flow wp-block-group-is-layout-flow\" style=\"border-color:#2896d752;border-width:1px;border-radius:16px;padding-top:var(--wp--preset--spacing--40-20);padding-right:var(--wp--preset--spacing--40-20);padding-bottom:var(--wp--preset--spacing--40-20);padding-left:var(--wp--preset--spacing--40-20);box-shadow:var(--wp--preset--shadow--shadow-1)\">\n<h4 class=\"wp-block-heading has-dark-color has-text-color has-link-color wp-elements-e6da8f01218cb0bfcd2b4200d30ecec2\"><strong>Tubes en PVC et accessoires<\/strong><\/h4>\n<\/div>\n\n\n\n<div class=\"wp-block-group has-border-color has-white-background-color has-background is-layout-flow wp-block-group-is-layout-flow\" style=\"border-color:#2896d752;border-width:1px;border-radius:16px;padding-top:var(--wp--preset--spacing--40-20);padding-right:var(--wp--preset--spacing--40-20);padding-bottom:var(--wp--preset--spacing--40-20);padding-left:var(--wp--preset--spacing--40-20);box-shadow:var(--wp--preset--shadow--shadow-1)\">\n<h4 class=\"wp-block-heading has-dark-color has-text-color has-link-color wp-elements-0e80c02419c0723befbe627dce100727\"><strong>Goulottes murales et pour c\u00e2bles<\/strong><\/h4>\n\n\n\n<p>pour des installations propres et s\u00fbres<\/p>\n<\/div>\n<\/div>\n<\/div>\n\n\n\n<div class=\"wp-block-group top_minus_35 has-global-padding is-layout-constrained wp-block-group-is-layout-constrained\" style=\"padding-top:var(--wp--preset--spacing--80-60);padding-bottom:var(--wp--preset--spacing--80-60)\">\n<div class=\"wp-block-columns are-vertically-aligned-center has-border-color has-white-background-color has-background is-layout-flex wp-container-core-columns-is-layout-5fd65f55 wp-block-columns-is-layout-flex\" style=\"border-color:#2896d729;border-width:1px;border-radius:24px;padding-top:var(--wp--preset--spacing--60-40);padding-right:var(--wp--preset--spacing--60-40);padding-bottom:var(--wp--preset--spacing--60-40);padding-left:var(--wp--preset--spacing--60-40)\">\n<div class=\"wp-block-column is-vertically-aligned-center is-layout-flow wp-block-column-is-layout-flow\" style=\"flex-basis:33%\">\n<h4 class=\"wp-block-heading mobile-text-center wp-container-content-9cfa9a5a\"><strong>Partenaires avec lesquels nous collaborons<\/strong><\/h4>\n<\/div>\n\n\n\n<div class=\"wp-block-column is-vertically-aligned-center is-layout-flow wp-block-column-is-layout-flow\">\n<div class=\"wp-block-cb-carousel-v2 cb-carousel-block\" data-cb-slides-per-view=\"2\" data-cb-slides-per-group=\"2\" data-cb-space-between=\"10\" data-cb-speed=\"300\" data-cb-loop=\"true\" data-cb-autoplay=\"true\" data-cb-autoplay-speed=\"3000\" data-cb-breakpoints=\"{&quot;768&quot;:{&quot;slidesPerView&quot;:5,&quot;slidesPerGroup&quot;:1}}\"><div class=\"swiper\"><div class=\"cb-wrapper swiper-wrapper\">\n<div class=\"wp-block-cb-slide-v2 cb-slide swiper-slide\">\n<figure class=\"wp-block-image aligncenter size-full\"><img loading=\"lazy\" decoding=\"async\" width=\"425\" height=\"265\" src=\"https:\/\/rexel.be\/wp-content\/uploads\/2025\/10\/Atkore-Vergokan-web.jpg\" alt=\"\" class=\"wp-image-1532\" srcset=\"https:\/\/rexel.be\/wp-content\/uploads\/2025\/10\/Atkore-Vergokan-web.jpg 425w, https:\/\/rexel.be\/wp-content\/uploads\/2025\/10\/Atkore-Vergokan-web-300x187.jpg 300w\" sizes=\"auto, (max-width: 425px) 100vw, 425px\" \/><\/figure>\n<\/div>\n\n\n\n<div class=\"wp-block-cb-slide-v2 cb-slide swiper-slide\">\n<figure class=\"wp-block-image aligncenter size-full\"><img loading=\"lazy\" decoding=\"async\" width=\"425\" height=\"265\" src=\"https:\/\/rexel.be\/wp-content\/uploads\/2025\/10\/Cablofil-web.jpg\" alt=\"\" class=\"wp-image-1533\" style=\"aspect-ratio:1.696899672636241\" srcset=\"https:\/\/rexel.be\/wp-content\/uploads\/2025\/10\/Cablofil-web.jpg 425w, https:\/\/rexel.be\/wp-content\/uploads\/2025\/10\/Cablofil-web-300x187.jpg 300w\" sizes=\"auto, (max-width: 425px) 100vw, 425px\" \/><\/figure>\n<\/div>\n\n\n\n<div class=\"wp-block-cb-slide-v2 cb-slide swiper-slide\">\n<figure class=\"wp-block-image aligncenter size-full\"><img loading=\"lazy\" decoding=\"async\" width=\"425\" height=\"265\" src=\"https:\/\/rexel.be\/wp-content\/uploads\/2025\/10\/Eupen-web.jpg\" alt=\"\" class=\"wp-image-1534\" srcset=\"https:\/\/rexel.be\/wp-content\/uploads\/2025\/10\/Eupen-web.jpg 425w, https:\/\/rexel.be\/wp-content\/uploads\/2025\/10\/Eupen-web-300x187.jpg 300w\" sizes=\"auto, (max-width: 425px) 100vw, 425px\" \/><\/figure>\n<\/div>\n\n\n\n<div class=\"wp-block-cb-slide-v2 cb-slide swiper-slide\">\n<figure class=\"wp-block-image aligncenter size-full\"><img loading=\"lazy\" decoding=\"async\" width=\"425\" height=\"265\" src=\"https:\/\/rexel.be\/wp-content\/uploads\/2025\/10\/Figibel-web.jpg\" alt=\"\" class=\"wp-image-1535\" srcset=\"https:\/\/rexel.be\/wp-content\/uploads\/2025\/10\/Figibel-web.jpg 425w, https:\/\/rexel.be\/wp-content\/uploads\/2025\/10\/Figibel-web-300x187.jpg 300w\" sizes=\"auto, (max-width: 425px) 100vw, 425px\" \/><\/figure>\n<\/div>\n\n\n\n<div class=\"wp-block-cb-slide-v2 cb-slide swiper-slide\">\n<figure class=\"wp-block-image aligncenter size-full\" style=\"margin-top:0;margin-bottom:0\"><img loading=\"lazy\" decoding=\"async\" width=\"425\" height=\"265\" src=\"https:\/\/rexel.be\/wp-content\/uploads\/2025\/10\/Lapp-cable-web.jpg\" alt=\"\" class=\"wp-image-1536\" srcset=\"https:\/\/rexel.be\/wp-content\/uploads\/2025\/10\/Lapp-cable-web.jpg 425w, https:\/\/rexel.be\/wp-content\/uploads\/2025\/10\/Lapp-cable-web-300x187.jpg 300w\" sizes=\"auto, (max-width: 425px) 100vw, 425px\" \/><\/figure>\n<\/div>\n\n\n\n<div class=\"wp-block-cb-slide-v2 cb-slide swiper-slide\">\n<figure class=\"wp-block-image aligncenter size-full\"><img loading=\"lazy\" decoding=\"async\" width=\"425\" height=\"265\" src=\"https:\/\/rexel.be\/wp-content\/uploads\/2025\/10\/Nexans-web.jpg\" alt=\"\" class=\"wp-image-1537\" srcset=\"https:\/\/rexel.be\/wp-content\/uploads\/2025\/10\/Nexans-web.jpg 425w, https:\/\/rexel.be\/wp-content\/uploads\/2025\/10\/Nexans-web-300x187.jpg 300w\" sizes=\"auto, (max-width: 425px) 100vw, 425px\" \/><\/figure>\n<\/div>\n\n\n\n<div class=\"wp-block-cb-slide-v2 cb-slide swiper-slide\">\n<figure class=\"wp-block-image aligncenter size-full\"><img loading=\"lazy\" decoding=\"async\" width=\"425\" height=\"265\" src=\"https:\/\/rexel.be\/wp-content\/uploads\/2025\/10\/Preflex-web.jpg\" alt=\"\" class=\"wp-image-1538\" style=\"aspect-ratio:1.5335900727428327\" srcset=\"https:\/\/rexel.be\/wp-content\/uploads\/2025\/10\/Preflex-web.jpg 425w, https:\/\/rexel.be\/wp-content\/uploads\/2025\/10\/Preflex-web-300x187.jpg 300w\" sizes=\"auto, (max-width: 425px) 100vw, 425px\" \/><\/figure>\n<\/div>\n\n\n\n<div class=\"wp-block-cb-slide-v2 cb-slide swiper-slide\">\n<figure class=\"wp-block-image aligncenter size-full\"><img loading=\"lazy\" decoding=\"async\" width=\"2560\" height=\"443\" src=\"https:\/\/rexel.be\/wp-content\/uploads\/2025\/10\/rexflex-logo-scaled.png\" alt=\"\" class=\"wp-image-1539\" srcset=\"https:\/\/rexel.be\/wp-content\/uploads\/2025\/10\/rexflex-logo-scaled.png 2560w, https:\/\/rexel.be\/wp-content\/uploads\/2025\/10\/rexflex-logo-300x52.png 300w, https:\/\/rexel.be\/wp-content\/uploads\/2025\/10\/rexflex-logo-1024x177.png 1024w, https:\/\/rexel.be\/wp-content\/uploads\/2025\/10\/rexflex-logo-768x133.png 768w, https:\/\/rexel.be\/wp-content\/uploads\/2025\/10\/rexflex-logo-1536x266.png 1536w, https:\/\/rexel.be\/wp-content\/uploads\/2025\/10\/rexflex-logo-2048x355.png 2048w\" sizes=\"auto, (max-width: 2560px) 100vw, 2560px\" \/><\/figure>\n<\/div>\n\n\n\n<div class=\"wp-block-cb-slide-v2 cb-slide swiper-slide\">\n<figure class=\"wp-block-image aligncenter size-full\"><img loading=\"lazy\" decoding=\"async\" width=\"425\" height=\"265\" src=\"https:\/\/rexel.be\/wp-content\/uploads\/2025\/10\/Trayco-web.jpg\" alt=\"\" class=\"wp-image-1541\" style=\"aspect-ratio:1.6039315617036767\" srcset=\"https:\/\/rexel.be\/wp-content\/uploads\/2025\/10\/Trayco-web.jpg 425w, https:\/\/rexel.be\/wp-content\/uploads\/2025\/10\/Trayco-web-300x187.jpg 300w\" sizes=\"auto, (max-width: 425px) 100vw, 425px\" \/><\/figure>\n<\/div>\n\n\n\n<div class=\"wp-block-cb-slide-v2 cb-slide swiper-slide\">\n<figure class=\"wp-block-image aligncenter size-full\"><img loading=\"lazy\" decoding=\"async\" width=\"425\" height=\"265\" src=\"https:\/\/rexel.be\/wp-content\/uploads\/2025\/10\/Van-geel-web.jpg\" alt=\"\" class=\"wp-image-1542\" srcset=\"https:\/\/rexel.be\/wp-content\/uploads\/2025\/10\/Van-geel-web.jpg 425w, https:\/\/rexel.be\/wp-content\/uploads\/2025\/10\/Van-geel-web-300x187.jpg 300w\" sizes=\"auto, (max-width: 425px) 100vw, 425px\" \/><\/figure>\n<\/div>\n<\/div><\/div><\/div>\n<\/div>\n<\/div>\n<\/div>\n","protected":false},"featured_media":1543,"parent":0,"menu_order":0,"template":"","meta":{"_acf_changed":false,"inline_featured_image":false,"_links_to":"","_links_to_target":""},"class_list":["post-1530","product","type-product","status-publish","has-post-thumbnail","hentry"],"acf":[],"yoast_head":"<!-- This site is optimized with the Yoast SEO plugin v26.9 - https:\/\/yoast.com\/product\/yoast-seo-wordpress\/ -->\n<title>C\u00e2bles &amp; goulottes pour installations professionnelles<\/title>\n<meta name=\"description\" content=\"Chez Rexel, vous trouverez une large gamme de c\u00e2bles, goulottes et conduits pr\u00e9-c\u00e2bl\u00e9s pour tout type d&#039;installation.\" \/>\n<meta name=\"robots\" content=\"index, follow, max-snippet:-1, max-image-preview:large, max-video-preview:-1\" \/>\n<link rel=\"canonical\" href=\"https:\/\/rexel.be\/fr\/produits\/cables-goulottes\/\" \/>\n<meta property=\"og:locale\" content=\"fr_FR\" \/>\n<meta property=\"og:type\" content=\"article\" \/>\n<meta property=\"og:title\" content=\"C\u00e2bles &amp; goulottes pour installations professionnelles\" \/>\n<meta property=\"og:description\" content=\"Chez Rexel, vous trouverez une large gamme de c\u00e2bles, goulottes et conduits pr\u00e9-c\u00e2bl\u00e9s pour tout type d&#039;installation.\" \/>\n<meta property=\"og:url\" content=\"https:\/\/rexel.be\/fr\/produits\/cables-goulottes\/\" \/>\n<meta property=\"og:site_name\" content=\"Rexel\" \/>\n<meta property=\"article:modified_time\" content=\"2026-02-02T11:46:29+00:00\" \/>\n<meta property=\"og:image\" content=\"https:\/\/rexel.be\/wp-content\/uploads\/2025\/10\/kabels.webp\" \/>\n\t<meta property=\"og:image:width\" content=\"1920\" \/>\n\t<meta property=\"og:image:height\" content=\"1278\" \/>\n\t<meta property=\"og:image:type\" content=\"image\/webp\" \/>\n<meta name=\"twitter:card\" content=\"summary_large_image\" \/>\n<meta name=\"twitter:label1\" content=\"Dur\u00e9e de lecture estim\u00e9e\" \/>\n\t<meta name=\"twitter:data1\" content=\"4 minutes\" \/>\n<script type=\"application\/ld+json\" class=\"yoast-schema-graph\">{\"@context\":\"https:\/\/schema.org\",\"@graph\":[{\"@type\":\"WebPage\",\"@id\":\"https:\/\/rexel.be\/fr\/produits\/cables-goulottes\/\",\"url\":\"https:\/\/rexel.be\/fr\/produits\/cables-goulottes\/\",\"name\":\"C\u00e2bles & goulottes pour installations professionnelles\",\"isPartOf\":{\"@id\":\"https:\/\/rexel.be\/fr\/#website\"},\"primaryImageOfPage\":{\"@id\":\"https:\/\/rexel.be\/fr\/produits\/cables-goulottes\/#primaryimage\"},\"image\":{\"@id\":\"https:\/\/rexel.be\/fr\/produits\/cables-goulottes\/#primaryimage\"},\"thumbnailUrl\":\"https:\/\/rexel.be\/wp-content\/uploads\/2025\/10\/kabels.webp\",\"datePublished\":\"2025-10-09T10:42:47+00:00\",\"dateModified\":\"2026-02-02T11:46:29+00:00\",\"description\":\"Chez Rexel, vous trouverez une large gamme de c\u00e2bles, goulottes et conduits pr\u00e9-c\u00e2bl\u00e9s pour tout type d'installation.\",\"breadcrumb\":{\"@id\":\"https:\/\/rexel.be\/fr\/produits\/cables-goulottes\/#breadcrumb\"},\"inLanguage\":\"fr-FR\",\"potentialAction\":[{\"@type\":\"ReadAction\",\"target\":[\"https:\/\/rexel.be\/fr\/produits\/cables-goulottes\/\"]}]},{\"@type\":\"ImageObject\",\"inLanguage\":\"fr-FR\",\"@id\":\"https:\/\/rexel.be\/fr\/produits\/cables-goulottes\/#primaryimage\",\"url\":\"https:\/\/rexel.be\/wp-content\/uploads\/2025\/10\/kabels.webp\",\"contentUrl\":\"https:\/\/rexel.be\/wp-content\/uploads\/2025\/10\/kabels.webp\",\"width\":1920,\"height\":1278},{\"@type\":\"BreadcrumbList\",\"@id\":\"https:\/\/rexel.be\/fr\/produits\/cables-goulottes\/#breadcrumb\",\"itemListElement\":[{\"@type\":\"ListItem\",\"position\":1,\"name\":\"Home\",\"item\":\"https:\/\/rexel.be\/fr\/\"},{\"@type\":\"ListItem\",\"position\":2,\"name\":\"Produits\",\"item\":\"https:\/\/rexel.be\/fr\/produits\/\"},{\"@type\":\"ListItem\",\"position\":3,\"name\":\"C\u00e2bles et goulottes\"}]},{\"@type\":\"WebSite\",\"@id\":\"https:\/\/rexel.be\/fr\/#website\",\"url\":\"https:\/\/rexel.be\/fr\/\",\"name\":\"Rexel\",\"description\":\"\",\"potentialAction\":[{\"@type\":\"SearchAction\",\"target\":{\"@type\":\"EntryPoint\",\"urlTemplate\":\"https:\/\/rexel.be\/fr\/?s={search_term_string}\"},\"query-input\":{\"@type\":\"PropertyValueSpecification\",\"valueRequired\":true,\"valueName\":\"search_term_string\"}}],\"inLanguage\":\"fr-FR\"}]}<\/script>\n<!-- \/ Yoast SEO plugin. -->","yoast_head_json":{"title":"C\u00e2bles & goulottes pour installations professionnelles","description":"Chez Rexel, vous trouverez une large gamme de c\u00e2bles, goulottes et conduits pr\u00e9-c\u00e2bl\u00e9s pour tout type d'installation.","robots":{"index":"index","follow":"follow","max-snippet":"max-snippet:-1","max-image-preview":"max-image-preview:large","max-video-preview":"max-video-preview:-1"},"canonical":"https:\/\/rexel.be\/fr\/produits\/cables-goulottes\/","og_locale":"fr_FR","og_type":"article","og_title":"C\u00e2bles & goulottes pour installations professionnelles","og_description":"Chez Rexel, vous trouverez une large gamme de c\u00e2bles, goulottes et conduits pr\u00e9-c\u00e2bl\u00e9s pour tout type d'installation.","og_url":"https:\/\/rexel.be\/fr\/produits\/cables-goulottes\/","og_site_name":"Rexel","article_modified_time":"2026-02-02T11:46:29+00:00","og_image":[{"width":1920,"height":1278,"url":"https:\/\/rexel.be\/wp-content\/uploads\/2025\/10\/kabels.webp","type":"image\/webp"}],"twitter_card":"summary_large_image","twitter_misc":{"Dur\u00e9e de lecture estim\u00e9e":"4 minutes"},"schema":{"@context":"https:\/\/schema.org","@graph":[{"@type":"WebPage","@id":"https:\/\/rexel.be\/fr\/produits\/cables-goulottes\/","url":"https:\/\/rexel.be\/fr\/produits\/cables-goulottes\/","name":"C\u00e2bles & goulottes pour installations professionnelles","isPartOf":{"@id":"https:\/\/rexel.be\/fr\/#website"},"primaryImageOfPage":{"@id":"https:\/\/rexel.be\/fr\/produits\/cables-goulottes\/#primaryimage"},"image":{"@id":"https:\/\/rexel.be\/fr\/produits\/cables-goulottes\/#primaryimage"},"thumbnailUrl":"https:\/\/rexel.be\/wp-content\/uploads\/2025\/10\/kabels.webp","datePublished":"2025-10-09T10:42:47+00:00","dateModified":"2026-02-02T11:46:29+00:00","description":"Chez Rexel, vous trouverez une large gamme de c\u00e2bles, goulottes et conduits pr\u00e9-c\u00e2bl\u00e9s pour tout type d'installation.","breadcrumb":{"@id":"https:\/\/rexel.be\/fr\/produits\/cables-goulottes\/#breadcrumb"},"inLanguage":"fr-FR","potentialAction":[{"@type":"ReadAction","target":["https:\/\/rexel.be\/fr\/produits\/cables-goulottes\/"]}]},{"@type":"ImageObject","inLanguage":"fr-FR","@id":"https:\/\/rexel.be\/fr\/produits\/cables-goulottes\/#primaryimage","url":"https:\/\/rexel.be\/wp-content\/uploads\/2025\/10\/kabels.webp","contentUrl":"https:\/\/rexel.be\/wp-content\/uploads\/2025\/10\/kabels.webp","width":1920,"height":1278},{"@type":"BreadcrumbList","@id":"https:\/\/rexel.be\/fr\/produits\/cables-goulottes\/#breadcrumb","itemListElement":[{"@type":"ListItem","position":1,"name":"Home","item":"https:\/\/rexel.be\/fr\/"},{"@type":"ListItem","position":2,"name":"Produits","item":"https:\/\/rexel.be\/fr\/produits\/"},{"@type":"ListItem","position":3,"name":"C\u00e2bles et goulottes"}]},{"@type":"WebSite","@id":"https:\/\/rexel.be\/fr\/#website","url":"https:\/\/rexel.be\/fr\/","name":"Rexel","description":"","potentialAction":[{"@type":"SearchAction","target":{"@type":"EntryPoint","urlTemplate":"https:\/\/rexel.be\/fr\/?s={search_term_string}"},"query-input":{"@type":"PropertyValueSpecification","valueRequired":true,"valueName":"search_term_string"}}],"inLanguage":"fr-FR"}]}},"_links":{"self":[{"href":"https:\/\/rexel.be\/fr\/wp-json\/wp\/v2\/product\/1530","targetHints":{"allow":["GET"]}}],"collection":[{"href":"https:\/\/rexel.be\/fr\/wp-json\/wp\/v2\/product"}],"about":[{"href":"https:\/\/rexel.be\/fr\/wp-json\/wp\/v2\/types\/product"}],"wp:featuredmedia":[{"embeddable":true,"href":"https:\/\/rexel.be\/fr\/wp-json\/wp\/v2\/media\/1543"}],"wp:attachment":[{"href":"https:\/\/rexel.be\/fr\/wp-json\/wp\/v2\/media?parent=1530"}],"curies":[{"name":"wp","href":"https:\/\/api.w.org\/{rel}","templated":true}]}}