{"id":1509,"date":"2025-10-09T12:16:46","date_gmt":"2025-10-09T10:16:46","guid":{"rendered":"https:\/\/rexel.be\/?post_type=product&#038;p=1509"},"modified":"2026-01-15T17:19:47","modified_gmt":"2026-01-15T16:19:47","slug":"outillage","status":"publish","type":"product","link":"https:\/\/rexel.be\/fr\/produits\/outillage\/","title":{"rendered":"Outillage"},"content":{"rendered":"\n<div class=\"wp-block-group has-global-padding is-layout-constrained wp-block-group-is-layout-constrained\" style=\"padding-top:var(--wp--preset--spacing--120-60);padding-bottom:var(--wp--preset--spacing--120-60)\">\n<div class=\"wp-block-columns are-vertically-aligned-center is-layout-flex wp-container-core-columns-is-layout-d2ad5bd7 wp-block-columns-is-layout-flex\">\n<div class=\"wp-block-column is-vertically-aligned-center is-layout-flow wp-block-column-is-layout-flow\">\n<h2 class=\"wp-block-heading\"><strong><strong>Outillage pour installateurs professionnels<\/strong><\/strong><\/h2>\n\n\n\n<p>Chez Rexel, vous trouverez une gamme compl\u00e8te d&rsquo;outils indispensables \u00e0 tout installateur \u00e9lectrique et artisan. Que vous travailliez sur de petites installations r\u00e9sidentielles ou de grands projets industriels, nous vous fournissons les outils adapt\u00e9s pour travailler de mani\u00e8re efficace, s\u00fbre et professionnelle.<\/p>\n\n\n\n<p>Notre gamme comprend tout, des outils manuels et \u00e9lectriques aux appareils de mesure, en passant par les fixations et les \u00e9quipements de protection individuelle. Vous \u00eates ainsi assur\u00e9 de toujours avoir le mat\u00e9riel ad\u00e9quat \u00e0 port\u00e9e de main.<\/p>\n<\/div>\n\n\n\n<div class=\"wp-block-column is-vertically-aligned-center is-layout-flow wp-block-column-is-layout-flow\">\n<figure class=\"wp-block-image size-full is-style-right-outside orange is-style-right-outside--1\"><img loading=\"lazy\" decoding=\"async\" width=\"2560\" height=\"1706\" src=\"https:\/\/rexel.be\/wp-content\/uploads\/2025\/10\/Gereedschap-scaled.webp\" alt=\"\" class=\"wp-image-1510\" srcset=\"https:\/\/rexel.be\/wp-content\/uploads\/2025\/10\/Gereedschap-scaled.webp 2560w, https:\/\/rexel.be\/wp-content\/uploads\/2025\/10\/Gereedschap-300x200.webp 300w, https:\/\/rexel.be\/wp-content\/uploads\/2025\/10\/Gereedschap-1024x682.webp 1024w, https:\/\/rexel.be\/wp-content\/uploads\/2025\/10\/Gereedschap-768x512.webp 768w, https:\/\/rexel.be\/wp-content\/uploads\/2025\/10\/Gereedschap-1536x1024.webp 1536w, https:\/\/rexel.be\/wp-content\/uploads\/2025\/10\/Gereedschap-2048x1365.webp 2048w\" sizes=\"auto, (max-width: 2560px) 100vw, 2560px\" \/><\/figure>\n<\/div>\n<\/div>\n<\/div>\n\n\n\n<div class=\"wp-block-group bg_shape has-global-padding is-layout-constrained wp-block-group-is-layout-constrained\" style=\"margin-top:0;margin-bottom:0;padding-top:var(--wp--preset--spacing--120-60);padding-bottom:var(--wp--preset--spacing--120-60)\">\n<h2 class=\"wp-block-heading has-text-align-center\"><strong>Notre gamme d&rsquo;outils<\/strong><\/h2>\n\n\n\n<p class=\"has-text-align-center\">Chez Rexel, vous trouverez :<\/p>\n\n\n\n<div class=\"wp-block-group is-layout-grid wp-container-core-group-is-layout-988b637e wp-block-group-is-layout-grid\">\n<div class=\"wp-block-group has-border-color has-white-background-color has-background is-layout-flow wp-block-group-is-layout-flow\" style=\"border-color:#2896d752;border-width:1px;border-radius:16px;padding-top:var(--wp--preset--spacing--40-20);padding-right:var(--wp--preset--spacing--40-20);padding-bottom:var(--wp--preset--spacing--40-20);padding-left:var(--wp--preset--spacing--40-20);box-shadow:var(--wp--preset--shadow--shadow-1)\">\n<h4 class=\"wp-block-heading has-dark-color has-text-color has-link-color wp-elements-f85d7d0b76049f1ae84cd3fd5dad7143\"><strong>Des outils \u00e0 main<\/strong><\/h4>\n\n\n\n<p>pour un usage quotidien<\/p>\n<\/div>\n\n\n\n<div class=\"wp-block-group has-border-color has-white-background-color has-background is-layout-flow wp-block-group-is-layout-flow\" style=\"border-color:#2896d752;border-width:1px;border-radius:16px;padding-top:var(--wp--preset--spacing--40-20);padding-right:var(--wp--preset--spacing--40-20);padding-bottom:var(--wp--preset--spacing--40-20);padding-left:var(--wp--preset--spacing--40-20);box-shadow:var(--wp--preset--shadow--shadow-1)\">\n<h4 class=\"wp-block-heading has-dark-color has-text-color has-link-color wp-elements-7c029fff175f3326b7a4b81f0ef185f9\"><strong>Des outils \u00e9lectriques (outils motoris\u00e9s)<\/strong><\/h4>\n\n\n\n<p>pour un travail professionnel<\/p>\n<\/div>\n\n\n\n<div class=\"wp-block-group has-border-color has-white-background-color has-background is-layout-flow wp-block-group-is-layout-flow\" style=\"border-color:#2896d752;border-width:1px;border-radius:16px;padding-top:var(--wp--preset--spacing--40-20);padding-right:var(--wp--preset--spacing--40-20);padding-bottom:var(--wp--preset--spacing--40-20);padding-left:var(--wp--preset--spacing--40-20);box-shadow:var(--wp--preset--shadow--shadow-1)\">\n<h4 class=\"wp-block-heading has-dark-color has-text-color has-link-color wp-elements-d0c7b0afeb1e7368865a42fce327b516\"><strong>Des boulons et vis<\/strong><\/h4>\n\n\n\n<p>pour tous types de montage<\/p>\n<\/div>\n\n\n\n<div class=\"wp-block-group has-border-color has-white-background-color has-background is-layout-flow wp-block-group-is-layout-flow\" style=\"border-color:#2896d752;border-width:1px;border-radius:16px;padding-top:var(--wp--preset--spacing--40-20);padding-right:var(--wp--preset--spacing--40-20);padding-bottom:var(--wp--preset--spacing--40-20);padding-left:var(--wp--preset--spacing--40-20);box-shadow:var(--wp--preset--shadow--shadow-1)\">\n<h4 class=\"wp-block-heading has-dark-color has-text-color has-link-color wp-elements-fe92c147381feae00bf982b1dca61fc4\"><strong>Des instruments de mesure<\/strong><\/h4>\n\n\n\n<p>pour des mesures pr\u00e9cises<\/p>\n<\/div>\n\n\n\n<div class=\"wp-block-group has-border-color has-white-background-color has-background is-layout-flow wp-block-group-is-layout-flow\" style=\"border-color:#2896d752;border-width:1px;border-radius:16px;padding-top:var(--wp--preset--spacing--40-20);padding-right:var(--wp--preset--spacing--40-20);padding-bottom:var(--wp--preset--spacing--40-20);padding-left:var(--wp--preset--spacing--40-20);box-shadow:var(--wp--preset--shadow--shadow-1)\">\n<h4 class=\"wp-block-heading has-dark-color has-text-color has-link-color wp-elements-028247ba0ba63fd58dac9fd97471c9c8\"><strong>Des \u00e9quipements de protection individuelle<\/strong><\/h4>\n\n\n\n<p>pour travailler en toute s\u00e9curit\u00e9<\/p>\n<\/div>\n\n\n\n<div class=\"wp-block-group has-border-color has-white-background-color has-background is-layout-flow wp-block-group-is-layout-flow\" style=\"border-color:#2896d752;border-width:1px;border-radius:16px;padding-top:var(--wp--preset--spacing--40-20);padding-right:var(--wp--preset--spacing--40-20);padding-bottom:var(--wp--preset--spacing--40-20);padding-left:var(--wp--preset--spacing--40-20);box-shadow:var(--wp--preset--shadow--shadow-1)\">\n<h4 class=\"wp-block-heading has-dark-color has-text-color has-link-color wp-elements-c84d0ee466d58ad89b09fb017bc9af90\"><strong>Divers mat\u00e9riaux et accessoires<\/strong><\/h4>\n<\/div>\n<\/div>\n<\/div>\n\n\n\n<div class=\"wp-block-group top_minus_35 has-global-padding is-layout-constrained wp-block-group-is-layout-constrained\" style=\"padding-top:var(--wp--preset--spacing--80-60);padding-bottom:var(--wp--preset--spacing--80-60)\">\n<div class=\"wp-block-columns are-vertically-aligned-center has-border-color has-white-background-color has-background is-layout-flex wp-container-core-columns-is-layout-5fd65f55 wp-block-columns-is-layout-flex\" style=\"border-color:#2896d729;border-width:1px;border-radius:24px;padding-top:var(--wp--preset--spacing--60-40);padding-right:var(--wp--preset--spacing--60-40);padding-bottom:var(--wp--preset--spacing--60-40);padding-left:var(--wp--preset--spacing--60-40)\">\n<div class=\"wp-block-column is-vertically-aligned-center is-layout-flow wp-block-column-is-layout-flow\" style=\"flex-basis:33%\">\n<h4 class=\"wp-block-heading mobile-text-center wp-container-content-9cfa9a5a\"><strong>Partenaires avec lesquels nous collaborons<\/strong><\/h4>\n<\/div>\n\n\n\n<div class=\"wp-block-column is-vertically-aligned-center is-layout-flow wp-block-column-is-layout-flow\">\n<div class=\"wp-block-cb-carousel-v2 cb-carousel-block\" data-cb-slides-per-view=\"2\" data-cb-slides-per-group=\"2\" data-cb-space-between=\"20\" data-cb-speed=\"300\" data-cb-loop=\"true\" data-cb-autoplay=\"true\" data-cb-autoplay-speed=\"3000\" data-cb-breakpoints=\"{&quot;768&quot;:{&quot;slidesPerView&quot;:5,&quot;slidesPerGroup&quot;:1}}\"><div class=\"swiper\"><div class=\"cb-wrapper swiper-wrapper\">\n<div class=\"wp-block-cb-slide-v2 cb-slide swiper-slide\">\n<figure class=\"wp-block-image aligncenter size-full is-resized\"><img loading=\"lazy\" decoding=\"async\" width=\"425\" height=\"265\" src=\"https:\/\/rexel.be\/wp-content\/uploads\/2025\/10\/3M-web.jpg\" alt=\"\" class=\"wp-image-1511\" style=\"aspect-ratio:1.6042537030003798;width:98px;height:auto\" srcset=\"https:\/\/rexel.be\/wp-content\/uploads\/2025\/10\/3M-web.jpg 425w, https:\/\/rexel.be\/wp-content\/uploads\/2025\/10\/3M-web-300x187.jpg 300w\" sizes=\"auto, (max-width: 425px) 100vw, 425px\" \/><\/figure>\n<\/div>\n\n\n\n<div class=\"wp-block-cb-slide-v2 cb-slide swiper-slide\">\n<figure class=\"wp-block-image aligncenter size-full is-resized\"><img loading=\"lazy\" decoding=\"async\" width=\"425\" height=\"265\" src=\"https:\/\/rexel.be\/wp-content\/uploads\/2025\/10\/Bizline-web-1.jpg\" alt=\"\" class=\"wp-image-1512\" style=\"aspect-ratio:1.696899672636241;width:114px;height:auto\" srcset=\"https:\/\/rexel.be\/wp-content\/uploads\/2025\/10\/Bizline-web-1.jpg 425w, https:\/\/rexel.be\/wp-content\/uploads\/2025\/10\/Bizline-web-1-300x187.jpg 300w\" sizes=\"auto, (max-width: 425px) 100vw, 425px\" \/><\/figure>\n<\/div>\n\n\n\n<div class=\"wp-block-cb-slide-v2 cb-slide swiper-slide\">\n<figure class=\"wp-block-image aligncenter size-full is-resized\"><img loading=\"lazy\" decoding=\"async\" width=\"425\" height=\"265\" src=\"https:\/\/rexel.be\/wp-content\/uploads\/2025\/10\/Bosch-web.jpg\" alt=\"\" class=\"wp-image-1513\" style=\"aspect-ratio:1.6040781648258284;width:127px;height:auto\" srcset=\"https:\/\/rexel.be\/wp-content\/uploads\/2025\/10\/Bosch-web.jpg 425w, https:\/\/rexel.be\/wp-content\/uploads\/2025\/10\/Bosch-web-300x187.jpg 300w\" sizes=\"auto, (max-width: 425px) 100vw, 425px\" \/><\/figure>\n<\/div>\n\n\n\n<div class=\"wp-block-cb-slide-v2 cb-slide swiper-slide\">\n<figure class=\"wp-block-image aligncenter size-full is-resized\"><img loading=\"lazy\" decoding=\"async\" width=\"425\" height=\"265\" src=\"https:\/\/rexel.be\/wp-content\/uploads\/2025\/10\/Brady-web.jpg\" alt=\"\" class=\"wp-image-1514\" style=\"aspect-ratio:1.6043869956913435;width:103px;height:auto\" srcset=\"https:\/\/rexel.be\/wp-content\/uploads\/2025\/10\/Brady-web.jpg 425w, https:\/\/rexel.be\/wp-content\/uploads\/2025\/10\/Brady-web-300x187.jpg 300w\" sizes=\"auto, (max-width: 425px) 100vw, 425px\" \/><\/figure>\n<\/div>\n\n\n\n<div class=\"wp-block-cb-slide-v2 cb-slide swiper-slide\">\n<figure class=\"wp-block-image aligncenter size-full is-resized\" style=\"margin-top:0;margin-bottom:0\"><img loading=\"lazy\" decoding=\"async\" width=\"425\" height=\"265\" src=\"https:\/\/rexel.be\/wp-content\/uploads\/2025\/10\/Brennenstuhl-web.jpg\" alt=\"\" class=\"wp-image-1515\" style=\"aspect-ratio:1.603846153846154;width:104px;height:auto\" srcset=\"https:\/\/rexel.be\/wp-content\/uploads\/2025\/10\/Brennenstuhl-web.jpg 425w, https:\/\/rexel.be\/wp-content\/uploads\/2025\/10\/Brennenstuhl-web-300x187.jpg 300w\" sizes=\"auto, (max-width: 425px) 100vw, 425px\" \/><\/figure>\n<\/div>\n\n\n\n<div class=\"wp-block-cb-slide-v2 cb-slide swiper-slide\">\n<figure class=\"wp-block-image aligncenter size-full is-resized\"><img loading=\"lazy\" decoding=\"async\" width=\"425\" height=\"265\" src=\"https:\/\/rexel.be\/wp-content\/uploads\/2025\/10\/Cimco-web.jpg\" alt=\"\" class=\"wp-image-1516\" style=\"aspect-ratio:1.603846153846154;width:120px;height:auto\" srcset=\"https:\/\/rexel.be\/wp-content\/uploads\/2025\/10\/Cimco-web.jpg 425w, https:\/\/rexel.be\/wp-content\/uploads\/2025\/10\/Cimco-web-300x187.jpg 300w\" sizes=\"auto, (max-width: 425px) 100vw, 425px\" \/><\/figure>\n<\/div>\n\n\n\n<div class=\"wp-block-cb-slide-v2 cb-slide swiper-slide\">\n<figure class=\"wp-block-image aligncenter size-full is-resized\"><img loading=\"lazy\" decoding=\"async\" width=\"425\" height=\"265\" src=\"https:\/\/rexel.be\/wp-content\/uploads\/2025\/10\/Don-Quichotte-web.jpg\" alt=\"\" class=\"wp-image-1517\" style=\"aspect-ratio:1.6042972247090421;width:117px;height:auto\" srcset=\"https:\/\/rexel.be\/wp-content\/uploads\/2025\/10\/Don-Quichotte-web.jpg 425w, https:\/\/rexel.be\/wp-content\/uploads\/2025\/10\/Don-Quichotte-web-300x187.jpg 300w\" sizes=\"auto, (max-width: 425px) 100vw, 425px\" \/><\/figure>\n<\/div>\n\n\n\n<div class=\"wp-block-cb-slide-v2 cb-slide swiper-slide\">\n<figure class=\"wp-block-image aligncenter size-full\"><img loading=\"lazy\" decoding=\"async\" width=\"425\" height=\"265\" src=\"https:\/\/rexel.be\/wp-content\/uploads\/2025\/10\/Fluke-web.jpg\" alt=\"\" class=\"wp-image-1518\" style=\"aspect-ratio:1.604319321249518\" srcset=\"https:\/\/rexel.be\/wp-content\/uploads\/2025\/10\/Fluke-web.jpg 425w, https:\/\/rexel.be\/wp-content\/uploads\/2025\/10\/Fluke-web-300x187.jpg 300w\" sizes=\"auto, (max-width: 425px) 100vw, 425px\" \/><\/figure>\n<\/div>\n\n\n\n<div class=\"wp-block-cb-slide-v2 cb-slide swiper-slide\">\n<figure class=\"wp-block-image aligncenter size-full is-resized\"><img loading=\"lazy\" decoding=\"async\" width=\"425\" height=\"265\" src=\"https:\/\/rexel.be\/wp-content\/uploads\/2025\/10\/Gripple-web.jpg\" alt=\"\" class=\"wp-image-1519\" style=\"aspect-ratio:1.6039315617036767;width:122px;height:auto\" srcset=\"https:\/\/rexel.be\/wp-content\/uploads\/2025\/10\/Gripple-web.jpg 425w, https:\/\/rexel.be\/wp-content\/uploads\/2025\/10\/Gripple-web-300x187.jpg 300w\" sizes=\"auto, (max-width: 425px) 100vw, 425px\" \/><\/figure>\n<\/div>\n\n\n\n<div class=\"wp-block-cb-slide-v2 cb-slide swiper-slide\">\n<figure class=\"wp-block-image aligncenter size-full is-resized\"><img loading=\"lazy\" decoding=\"async\" width=\"425\" height=\"265\" src=\"https:\/\/rexel.be\/wp-content\/uploads\/2025\/10\/Kyoritsu-web.jpg\" alt=\"\" class=\"wp-image-1520\" style=\"aspect-ratio:1.6040609137055837;width:124px;height:auto\" srcset=\"https:\/\/rexel.be\/wp-content\/uploads\/2025\/10\/Kyoritsu-web.jpg 425w, https:\/\/rexel.be\/wp-content\/uploads\/2025\/10\/Kyoritsu-web-300x187.jpg 300w\" sizes=\"auto, (max-width: 425px) 100vw, 425px\" \/><\/figure>\n<\/div>\n\n\n\n<div class=\"wp-block-cb-slide-v2 cb-slide swiper-slide\">\n<figure class=\"wp-block-image aligncenter size-full is-resized\"><img loading=\"lazy\" decoding=\"async\" width=\"425\" height=\"265\" src=\"https:\/\/rexel.be\/wp-content\/uploads\/2025\/10\/Metrel-web.jpg\" alt=\"\" class=\"wp-image-1521\" style=\"aspect-ratio:1.603846153846154;width:123px;height:auto\" srcset=\"https:\/\/rexel.be\/wp-content\/uploads\/2025\/10\/Metrel-web.jpg 425w, https:\/\/rexel.be\/wp-content\/uploads\/2025\/10\/Metrel-web-300x187.jpg 300w\" sizes=\"auto, (max-width: 425px) 100vw, 425px\" \/><\/figure>\n<\/div>\n\n\n\n<div class=\"wp-block-cb-slide-v2 cb-slide swiper-slide\">\n<figure class=\"wp-block-image aligncenter size-full is-resized\"><img loading=\"lazy\" decoding=\"async\" width=\"425\" height=\"265\" src=\"https:\/\/rexel.be\/wp-content\/uploads\/2025\/10\/Tec7-web.jpg\" alt=\"\" class=\"wp-image-1522\" style=\"aspect-ratio:1.603846153846154;width:107px;height:auto\" srcset=\"https:\/\/rexel.be\/wp-content\/uploads\/2025\/10\/Tec7-web.jpg 425w, https:\/\/rexel.be\/wp-content\/uploads\/2025\/10\/Tec7-web-300x187.jpg 300w\" sizes=\"auto, (max-width: 425px) 100vw, 425px\" \/><\/figure>\n<\/div>\n\n\n\n<div class=\"wp-block-cb-slide-v2 cb-slide swiper-slide\">\n<figure class=\"wp-block-image aligncenter size-full\"><img loading=\"lazy\" decoding=\"async\" width=\"425\" height=\"265\" src=\"https:\/\/rexel.be\/wp-content\/uploads\/2025\/10\/Turbotech-web.jpg\" alt=\"\" class=\"wp-image-1523\" srcset=\"https:\/\/rexel.be\/wp-content\/uploads\/2025\/10\/Turbotech-web.jpg 425w, https:\/\/rexel.be\/wp-content\/uploads\/2025\/10\/Turbotech-web-300x187.jpg 300w\" sizes=\"auto, (max-width: 425px) 100vw, 425px\" \/><\/figure>\n<\/div>\n\n\n\n<div class=\"wp-block-cb-slide-v2 cb-slide swiper-slide\">\n<figure class=\"wp-block-image aligncenter size-full\"><img loading=\"lazy\" decoding=\"async\" width=\"425\" height=\"265\" src=\"https:\/\/rexel.be\/wp-content\/uploads\/2025\/10\/Weidmuller-web.jpg\" alt=\"\" class=\"wp-image-1524\" srcset=\"https:\/\/rexel.be\/wp-content\/uploads\/2025\/10\/Weidmuller-web.jpg 425w, https:\/\/rexel.be\/wp-content\/uploads\/2025\/10\/Weidmuller-web-300x187.jpg 300w\" sizes=\"auto, (max-width: 425px) 100vw, 425px\" \/><\/figure>\n<\/div>\n\n\n\n<div class=\"wp-block-cb-slide-v2 cb-slide swiper-slide\">\n<figure class=\"wp-block-image aligncenter size-full\"><img loading=\"lazy\" decoding=\"async\" width=\"425\" height=\"265\" src=\"https:\/\/rexel.be\/wp-content\/uploads\/2025\/10\/Wiha-web.jpg\" alt=\"\" class=\"wp-image-1525\" srcset=\"https:\/\/rexel.be\/wp-content\/uploads\/2025\/10\/Wiha-web.jpg 425w, https:\/\/rexel.be\/wp-content\/uploads\/2025\/10\/Wiha-web-300x187.jpg 300w\" sizes=\"auto, (max-width: 425px) 100vw, 425px\" \/><\/figure>\n<\/div>\n<\/div><\/div><\/div>\n<\/div>\n<\/div>\n<\/div>\n","protected":false},"featured_media":1526,"parent":0,"menu_order":0,"template":"","meta":{"_acf_changed":false,"inline_featured_image":false,"_links_to":"","_links_to_target":""},"class_list":["post-1509","product","type-product","status-publish","has-post-thumbnail","hentry"],"acf":[],"yoast_head":"<!-- This site is optimized with the Yoast SEO plugin v27.4 - https:\/\/yoast.com\/product\/yoast-seo-wordpress\/ -->\n<title>Outillage pour installateurs professionnels - Rexel Belgium<\/title>\n<meta name=\"description\" content=\"Chez Rexel, vous trouverez une gamme compl\u00e8te d&#039;outils indispensables \u00e0 tout installateur \u00e9lectricien et artisan.\" \/>\n<meta name=\"robots\" content=\"index, follow, max-snippet:-1, max-image-preview:large, max-video-preview:-1\" \/>\n<link rel=\"canonical\" href=\"https:\/\/rexel.be\/fr\/produits\/outillage\/\" \/>\n<meta property=\"og:locale\" content=\"fr_FR\" \/>\n<meta property=\"og:type\" content=\"article\" \/>\n<meta property=\"og:title\" content=\"Outillage pour installateurs professionnels - Rexel Belgium\" \/>\n<meta property=\"og:description\" content=\"Chez Rexel, vous trouverez une gamme compl\u00e8te d&#039;outils indispensables \u00e0 tout installateur \u00e9lectricien et artisan.\" \/>\n<meta property=\"og:url\" content=\"https:\/\/rexel.be\/fr\/produits\/outillage\/\" \/>\n<meta property=\"og:site_name\" content=\"Rexel\" \/>\n<meta property=\"article:modified_time\" content=\"2026-01-15T16:19:47+00:00\" \/>\n<meta property=\"og:image\" content=\"https:\/\/rexel.be\/wp-content\/uploads\/2025\/10\/Gereedschap-voor-elke-installateur.webp\" \/>\n\t<meta property=\"og:image:width\" content=\"1920\" \/>\n\t<meta property=\"og:image:height\" content=\"1280\" \/>\n\t<meta property=\"og:image:type\" content=\"image\/webp\" \/>\n<meta name=\"twitter:card\" content=\"summary_large_image\" \/>\n<meta name=\"twitter:label1\" content=\"Dur\u00e9e de lecture estim\u00e9e\" \/>\n\t<meta name=\"twitter:data1\" content=\"5 minutes\" \/>\n<script type=\"application\/ld+json\" class=\"yoast-schema-graph\">{\"@context\":\"https:\\\/\\\/schema.org\",\"@graph\":[{\"@type\":\"WebPage\",\"@id\":\"https:\\\/\\\/rexel.be\\\/fr\\\/produits\\\/outillage\\\/\",\"url\":\"https:\\\/\\\/rexel.be\\\/fr\\\/produits\\\/outillage\\\/\",\"name\":\"Outillage pour installateurs professionnels - Rexel Belgium\",\"isPartOf\":{\"@id\":\"https:\\\/\\\/rexel.be\\\/fr\\\/#website\"},\"primaryImageOfPage\":{\"@id\":\"https:\\\/\\\/rexel.be\\\/fr\\\/produits\\\/outillage\\\/#primaryimage\"},\"image\":{\"@id\":\"https:\\\/\\\/rexel.be\\\/fr\\\/produits\\\/outillage\\\/#primaryimage\"},\"thumbnailUrl\":\"https:\\\/\\\/rexel.be\\\/wp-content\\\/uploads\\\/2025\\\/10\\\/Gereedschap-voor-elke-installateur.webp\",\"datePublished\":\"2025-10-09T10:16:46+00:00\",\"dateModified\":\"2026-01-15T16:19:47+00:00\",\"description\":\"Chez Rexel, vous trouverez une gamme compl\u00e8te d'outils indispensables \u00e0 tout installateur \u00e9lectricien et artisan.\",\"breadcrumb\":{\"@id\":\"https:\\\/\\\/rexel.be\\\/fr\\\/produits\\\/outillage\\\/#breadcrumb\"},\"inLanguage\":\"fr-FR\",\"potentialAction\":[{\"@type\":\"ReadAction\",\"target\":[\"https:\\\/\\\/rexel.be\\\/fr\\\/produits\\\/outillage\\\/\"]}]},{\"@type\":\"ImageObject\",\"inLanguage\":\"fr-FR\",\"@id\":\"https:\\\/\\\/rexel.be\\\/fr\\\/produits\\\/outillage\\\/#primaryimage\",\"url\":\"https:\\\/\\\/rexel.be\\\/wp-content\\\/uploads\\\/2025\\\/10\\\/Gereedschap-voor-elke-installateur.webp\",\"contentUrl\":\"https:\\\/\\\/rexel.be\\\/wp-content\\\/uploads\\\/2025\\\/10\\\/Gereedschap-voor-elke-installateur.webp\",\"width\":1920,\"height\":1280},{\"@type\":\"BreadcrumbList\",\"@id\":\"https:\\\/\\\/rexel.be\\\/fr\\\/produits\\\/outillage\\\/#breadcrumb\",\"itemListElement\":[{\"@type\":\"ListItem\",\"position\":1,\"name\":\"Home\",\"item\":\"https:\\\/\\\/rexel.be\\\/fr\\\/\"},{\"@type\":\"ListItem\",\"position\":2,\"name\":\"Produits\",\"item\":\"https:\\\/\\\/rexel.be\\\/fr\\\/produits\\\/\"},{\"@type\":\"ListItem\",\"position\":3,\"name\":\"Outillage\"}]},{\"@type\":\"WebSite\",\"@id\":\"https:\\\/\\\/rexel.be\\\/fr\\\/#website\",\"url\":\"https:\\\/\\\/rexel.be\\\/fr\\\/\",\"name\":\"Rexel\",\"description\":\"\",\"potentialAction\":[{\"@type\":\"SearchAction\",\"target\":{\"@type\":\"EntryPoint\",\"urlTemplate\":\"https:\\\/\\\/rexel.be\\\/fr\\\/?s={search_term_string}\"},\"query-input\":{\"@type\":\"PropertyValueSpecification\",\"valueRequired\":true,\"valueName\":\"search_term_string\"}}],\"inLanguage\":\"fr-FR\"}]}<\/script>\n<!-- \/ Yoast SEO plugin. -->","yoast_head_json":{"title":"Outillage pour installateurs professionnels - Rexel Belgium","description":"Chez Rexel, vous trouverez une gamme compl\u00e8te d'outils indispensables \u00e0 tout installateur \u00e9lectricien et artisan.","robots":{"index":"index","follow":"follow","max-snippet":"max-snippet:-1","max-image-preview":"max-image-preview:large","max-video-preview":"max-video-preview:-1"},"canonical":"https:\/\/rexel.be\/fr\/produits\/outillage\/","og_locale":"fr_FR","og_type":"article","og_title":"Outillage pour installateurs professionnels - Rexel Belgium","og_description":"Chez Rexel, vous trouverez une gamme compl\u00e8te d'outils indispensables \u00e0 tout installateur \u00e9lectricien et artisan.","og_url":"https:\/\/rexel.be\/fr\/produits\/outillage\/","og_site_name":"Rexel","article_modified_time":"2026-01-15T16:19:47+00:00","og_image":[{"width":1920,"height":1280,"url":"https:\/\/rexel.be\/wp-content\/uploads\/2025\/10\/Gereedschap-voor-elke-installateur.webp","type":"image\/webp"}],"twitter_card":"summary_large_image","twitter_misc":{"Dur\u00e9e de lecture estim\u00e9e":"5 minutes"},"schema":{"@context":"https:\/\/schema.org","@graph":[{"@type":"WebPage","@id":"https:\/\/rexel.be\/fr\/produits\/outillage\/","url":"https:\/\/rexel.be\/fr\/produits\/outillage\/","name":"Outillage pour installateurs professionnels - Rexel Belgium","isPartOf":{"@id":"https:\/\/rexel.be\/fr\/#website"},"primaryImageOfPage":{"@id":"https:\/\/rexel.be\/fr\/produits\/outillage\/#primaryimage"},"image":{"@id":"https:\/\/rexel.be\/fr\/produits\/outillage\/#primaryimage"},"thumbnailUrl":"https:\/\/rexel.be\/wp-content\/uploads\/2025\/10\/Gereedschap-voor-elke-installateur.webp","datePublished":"2025-10-09T10:16:46+00:00","dateModified":"2026-01-15T16:19:47+00:00","description":"Chez Rexel, vous trouverez une gamme compl\u00e8te d'outils indispensables \u00e0 tout installateur \u00e9lectricien et artisan.","breadcrumb":{"@id":"https:\/\/rexel.be\/fr\/produits\/outillage\/#breadcrumb"},"inLanguage":"fr-FR","potentialAction":[{"@type":"ReadAction","target":["https:\/\/rexel.be\/fr\/produits\/outillage\/"]}]},{"@type":"ImageObject","inLanguage":"fr-FR","@id":"https:\/\/rexel.be\/fr\/produits\/outillage\/#primaryimage","url":"https:\/\/rexel.be\/wp-content\/uploads\/2025\/10\/Gereedschap-voor-elke-installateur.webp","contentUrl":"https:\/\/rexel.be\/wp-content\/uploads\/2025\/10\/Gereedschap-voor-elke-installateur.webp","width":1920,"height":1280},{"@type":"BreadcrumbList","@id":"https:\/\/rexel.be\/fr\/produits\/outillage\/#breadcrumb","itemListElement":[{"@type":"ListItem","position":1,"name":"Home","item":"https:\/\/rexel.be\/fr\/"},{"@type":"ListItem","position":2,"name":"Produits","item":"https:\/\/rexel.be\/fr\/produits\/"},{"@type":"ListItem","position":3,"name":"Outillage"}]},{"@type":"WebSite","@id":"https:\/\/rexel.be\/fr\/#website","url":"https:\/\/rexel.be\/fr\/","name":"Rexel","description":"","potentialAction":[{"@type":"SearchAction","target":{"@type":"EntryPoint","urlTemplate":"https:\/\/rexel.be\/fr\/?s={search_term_string}"},"query-input":{"@type":"PropertyValueSpecification","valueRequired":true,"valueName":"search_term_string"}}],"inLanguage":"fr-FR"}]}},"_links":{"self":[{"href":"https:\/\/rexel.be\/fr\/wp-json\/wp\/v2\/product\/1509","targetHints":{"allow":["GET"]}}],"collection":[{"href":"https:\/\/rexel.be\/fr\/wp-json\/wp\/v2\/product"}],"about":[{"href":"https:\/\/rexel.be\/fr\/wp-json\/wp\/v2\/types\/product"}],"wp:featuredmedia":[{"embeddable":true,"href":"https:\/\/rexel.be\/fr\/wp-json\/wp\/v2\/media\/1526"}],"wp:attachment":[{"href":"https:\/\/rexel.be\/fr\/wp-json\/wp\/v2\/media?parent=1509"}],"curies":[{"name":"wp","href":"https:\/\/api.w.org\/{rel}","templated":true}]}}