{"id":1427,"date":"2025-10-09T10:30:42","date_gmt":"2025-10-09T08:30:42","guid":{"rendered":"https:\/\/rexel.be\/?post_type=product&#038;p=1427"},"modified":"2026-02-02T12:44:42","modified_gmt":"2026-02-02T11:44:42","slug":"data","status":"publish","type":"product","link":"https:\/\/rexel.be\/fr\/produits\/data\/","title":{"rendered":"Data"},"content":{"rendered":"\n<div class=\"wp-block-group has-global-padding is-layout-constrained wp-block-group-is-layout-constrained\" style=\"padding-top:var(--wp--preset--spacing--120-60);padding-bottom:var(--wp--preset--spacing--120-60)\">\n<div class=\"wp-block-columns are-vertically-aligned-center is-layout-flex wp-container-core-columns-is-layout-d2ad5bd7 wp-block-columns-is-layout-flex\">\n<div class=\"wp-block-column is-vertically-aligned-center is-layout-flow wp-block-column-is-layout-flow\">\n<h2 class=\"wp-block-heading\"><strong><strong>Mat\u00e9riel data et solutions r\u00e9seau<\/strong><\/strong><\/h2>\n\n\n\n<p>Vous recherchez des c\u00e2bles informatiques, des connecteurs ou des solutions r\u00e9seau fiables pour votre projet ? Chez Rexel, vous trouverez une gamme compl\u00e8te de mat\u00e9riel informatique, allant du c\u00e2blage pour les applications r\u00e9sidentielles \u00e0 l&rsquo;infrastructure compl\u00e8te pour les centres de donn\u00e9es professionnels.<\/p>\n\n\n\n<p>Nos produits sont conformes aux normes CPR et garantissent des performances et une s\u00e9curit\u00e9 maximales. De plus, notre \u00e9quipe de sp\u00e9cialistes en donn\u00e9es est \u00e0 votre disposition pour vous accompagner dans la conception, l&rsquo;installation et l&rsquo;optimisation de votre r\u00e9seau.<\/p>\n\n\n\n<div class=\"wp-block-buttons is-layout-flex wp-block-buttons-is-layout-flex\">\n<div class=\"wp-block-button is-style-fill\"><a class=\"wp-block-button__link wp-element-button\" href=\"https:\/\/rexel.be\/fr\/expertise\/competence-center-datacom\/\"><strong>D<\/strong>\u00e9couvrez nos expertises en<strong> d<\/strong>ata<\/a><\/div>\n<\/div>\n<\/div>\n\n\n\n<div class=\"wp-block-column is-vertically-aligned-center is-layout-flow wp-block-column-is-layout-flow\">\n<figure class=\"wp-block-image size-full is-style-right-outside orange is-style-right-outside--1\"><img loading=\"lazy\" decoding=\"async\" width=\"2560\" height=\"1700\" src=\"https:\/\/rexel.be\/wp-content\/uploads\/2025\/10\/iStock_000016066249XLarge-scaled.webp\" alt=\"\" class=\"wp-image-1430\" srcset=\"https:\/\/rexel.be\/wp-content\/uploads\/2025\/10\/iStock_000016066249XLarge-scaled.webp 2560w, https:\/\/rexel.be\/wp-content\/uploads\/2025\/10\/iStock_000016066249XLarge-300x199.webp 300w, https:\/\/rexel.be\/wp-content\/uploads\/2025\/10\/iStock_000016066249XLarge-1024x680.webp 1024w, https:\/\/rexel.be\/wp-content\/uploads\/2025\/10\/iStock_000016066249XLarge-768x510.webp 768w, https:\/\/rexel.be\/wp-content\/uploads\/2025\/10\/iStock_000016066249XLarge-1536x1020.webp 1536w, https:\/\/rexel.be\/wp-content\/uploads\/2025\/10\/iStock_000016066249XLarge-2048x1360.webp 2048w\" sizes=\"auto, (max-width: 2560px) 100vw, 2560px\" \/><\/figure>\n<\/div>\n<\/div>\n<\/div>\n\n\n\n<div class=\"wp-block-group bg_shape has-global-padding is-layout-constrained wp-block-group-is-layout-constrained\" style=\"margin-top:0;margin-bottom:0;padding-top:var(--wp--preset--spacing--120-60);padding-bottom:var(--wp--preset--spacing--120-60)\">\n<h2 class=\"wp-block-heading has-text-align-center\"><strong>Notre offre de mat\u00e9riel<\/strong> data<\/h2>\n\n\n\n<p class=\"has-text-align-center\">Rexel vous propose tout ce dont vous avez besoin pour un r\u00e9seau performant et stable :<\/p>\n\n\n\n<div class=\"wp-block-group is-layout-grid wp-container-core-group-is-layout-988b637e wp-block-group-is-layout-grid\">\n<div class=\"wp-block-group has-border-color has-white-background-color has-background is-layout-flow wp-block-group-is-layout-flow\" style=\"border-color:#2896d752;border-width:1px;border-radius:16px;padding-top:var(--wp--preset--spacing--40-20);padding-right:var(--wp--preset--spacing--40-20);padding-bottom:var(--wp--preset--spacing--40-20);padding-left:var(--wp--preset--spacing--40-20);box-shadow:var(--wp--preset--shadow--shadow-1)\">\n<h4 class=\"wp-block-heading has-dark-color has-text-color has-link-color wp-elements-c5108e36aa984531b422f97492a49b77\"><strong>C\u00e2blage en cuivre &amp; fibre optique<\/strong><\/h4>\n<\/div>\n\n\n\n<div class=\"wp-block-group has-border-color has-white-background-color has-background is-layout-flow wp-block-group-is-layout-flow\" style=\"border-color:#2896d752;border-width:1px;border-radius:16px;padding-top:var(--wp--preset--spacing--40-20);padding-right:var(--wp--preset--spacing--40-20);padding-bottom:var(--wp--preset--spacing--40-20);padding-left:var(--wp--preset--spacing--40-20);box-shadow:var(--wp--preset--shadow--shadow-1)\">\n<h4 class=\"wp-block-heading has-dark-color has-text-color has-link-color wp-elements-41b5784eba9bd9d996d1c2a8d19e3703\"><strong>Racks ouverts, armoires informatiques &amp; armoires murales<\/strong><\/h4>\n<\/div>\n\n\n\n<div class=\"wp-block-group has-border-color has-white-background-color has-background is-layout-flow wp-block-group-is-layout-flow\" style=\"border-color:#2896d752;border-width:1px;border-radius:16px;padding-top:var(--wp--preset--spacing--40-20);padding-right:var(--wp--preset--spacing--40-20);padding-bottom:var(--wp--preset--spacing--40-20);padding-left:var(--wp--preset--spacing--40-20);box-shadow:var(--wp--preset--shadow--shadow-1)\">\n<h4 class=\"wp-block-heading has-dark-color has-text-color has-link-color wp-elements-0f97a53582a74736c81bee01ef8b06cc\"><strong>Syst\u00e8mes UPS &amp; alimentations de secours<\/strong><\/h4>\n<\/div>\n\n\n\n<div class=\"wp-block-group has-border-color has-white-background-color has-background is-layout-flow wp-block-group-is-layout-flow\" style=\"border-color:#2896d752;border-width:1px;border-radius:16px;padding-top:var(--wp--preset--spacing--40-20);padding-right:var(--wp--preset--spacing--40-20);padding-bottom:var(--wp--preset--spacing--40-20);padding-left:var(--wp--preset--spacing--40-20);box-shadow:var(--wp--preset--shadow--shadow-1)\">\n<h4 class=\"wp-block-heading has-dark-color has-text-color has-link-color wp-elements-a8c887b718967e7b63ce02a9ae5330c7\"><strong>Composants r\u00e9seau actifs<\/strong><\/h4>\n<\/div>\n\n\n\n<div class=\"wp-block-group has-border-color has-white-background-color has-background is-layout-flow wp-block-group-is-layout-flow\" style=\"border-color:#2896d752;border-width:1px;border-radius:16px;padding-top:var(--wp--preset--spacing--40-20);padding-right:var(--wp--preset--spacing--40-20);padding-bottom:var(--wp--preset--spacing--40-20);padding-left:var(--wp--preset--spacing--40-20);box-shadow:var(--wp--preset--shadow--shadow-1)\">\n<h4 class=\"wp-block-heading has-dark-color has-text-color has-link-color wp-elements-ee362f300a8d73b6ba38fb58b0118876\"><strong>Commutateurs &amp; points d&rsquo;acc\u00e8s WiFi<\/strong><\/h4>\n<\/div>\n\n\n\n<div class=\"wp-block-group has-border-color has-white-background-color has-background is-layout-flow wp-block-group-is-layout-flow\" style=\"border-color:#2896d752;border-width:1px;border-radius:16px;padding-top:var(--wp--preset--spacing--40-20);padding-right:var(--wp--preset--spacing--40-20);padding-bottom:var(--wp--preset--spacing--40-20);padding-left:var(--wp--preset--spacing--40-20);box-shadow:var(--wp--preset--shadow--shadow-1)\">\n<h4 class=\"wp-block-heading has-dark-color has-text-color has-link-color wp-elements-0a14f78115c31ffcf7f1bb7bdb4792ad\"><strong>S\u00e9curit\u00e9 r\u00e9seau &amp; appareils de mesure<\/strong><\/h4>\n<\/div>\n<\/div>\n<\/div>\n\n\n\n<div class=\"wp-block-group top_minus_35 has-global-padding is-layout-constrained wp-block-group-is-layout-constrained\" style=\"padding-top:var(--wp--preset--spacing--80-60);padding-bottom:var(--wp--preset--spacing--80-60)\">\n<div class=\"wp-block-columns are-vertically-aligned-center has-border-color has-white-background-color has-background is-layout-flex wp-container-core-columns-is-layout-5fd65f55 wp-block-columns-is-layout-flex\" style=\"border-color:#2896d729;border-width:1px;border-radius:24px;padding-top:var(--wp--preset--spacing--60-40);padding-right:var(--wp--preset--spacing--60-40);padding-bottom:var(--wp--preset--spacing--60-40);padding-left:var(--wp--preset--spacing--60-40)\">\n<div class=\"wp-block-column is-vertically-aligned-center is-layout-flow wp-block-column-is-layout-flow\" style=\"flex-basis:33%\">\n<h4 class=\"wp-block-heading mobile-text-center wp-container-content-9cfa9a5a\"><strong>Partenaires avec lesquels nous travaillons<\/strong><\/h4>\n<\/div>\n\n\n\n<div class=\"wp-block-column is-vertically-aligned-center is-layout-flow wp-block-column-is-layout-flow\">\n<div class=\"wp-block-cb-carousel-v2 cb-carousel-block\" data-cb-slides-per-view=\"2\" data-cb-slides-per-group=\"2\" data-cb-space-between=\"10\" data-cb-speed=\"300\" data-cb-loop=\"true\" data-cb-autoplay=\"true\" data-cb-autoplay-speed=\"3000\" data-cb-breakpoints=\"{&quot;768&quot;:{&quot;slidesPerView&quot;:5,&quot;slidesPerGroup&quot;:1}}\"><div class=\"swiper\"><div class=\"cb-wrapper swiper-wrapper\">\n<div class=\"wp-block-cb-slide-v2 cb-slide swiper-slide\">\n<figure class=\"wp-block-image aligncenter size-full is-resized\"><img loading=\"lazy\" decoding=\"async\" width=\"301\" height=\"301\" src=\"https:\/\/rexel.be\/wp-content\/uploads\/2025\/10\/AGINODE_logo_vertical_rgb_preferred_300x300px.jpg\" alt=\"\" class=\"wp-image-1455\" style=\"width:94px;height:auto\" srcset=\"https:\/\/rexel.be\/wp-content\/uploads\/2025\/10\/AGINODE_logo_vertical_rgb_preferred_300x300px.jpg 301w, https:\/\/rexel.be\/wp-content\/uploads\/2025\/10\/AGINODE_logo_vertical_rgb_preferred_300x300px-150x150.jpg 150w\" sizes=\"auto, (max-width: 301px) 100vw, 301px\" \/><\/figure>\n<\/div>\n\n\n\n<div class=\"wp-block-cb-slide-v2 cb-slide swiper-slide\">\n<figure class=\"wp-block-image aligncenter size-full\"><img loading=\"lazy\" decoding=\"async\" width=\"425\" height=\"265\" src=\"https:\/\/rexel.be\/wp-content\/uploads\/2025\/10\/Corning-web.jpg\" alt=\"\" class=\"wp-image-1456\" style=\"aspect-ratio:1.696899672636241\" srcset=\"https:\/\/rexel.be\/wp-content\/uploads\/2025\/10\/Corning-web.jpg 425w, https:\/\/rexel.be\/wp-content\/uploads\/2025\/10\/Corning-web-300x187.jpg 300w\" sizes=\"auto, (max-width: 425px) 100vw, 425px\" \/><\/figure>\n<\/div>\n\n\n\n<div class=\"wp-block-cb-slide-v2 cb-slide swiper-slide\">\n<figure class=\"wp-block-image aligncenter size-full\"><img loading=\"lazy\" decoding=\"async\" width=\"425\" height=\"265\" src=\"https:\/\/rexel.be\/wp-content\/uploads\/2025\/10\/Draka-web.jpg\" alt=\"\" class=\"wp-image-1457\" style=\"aspect-ratio:1.6040781648258284\" srcset=\"https:\/\/rexel.be\/wp-content\/uploads\/2025\/10\/Draka-web.jpg 425w, https:\/\/rexel.be\/wp-content\/uploads\/2025\/10\/Draka-web-300x187.jpg 300w\" sizes=\"auto, (max-width: 425px) 100vw, 425px\" \/><\/figure>\n<\/div>\n\n\n\n<div class=\"wp-block-cb-slide-v2 cb-slide swiper-slide\">\n<figure class=\"wp-block-image aligncenter size-full is-resized\"><img loading=\"lazy\" decoding=\"async\" width=\"425\" height=\"265\" src=\"https:\/\/rexel.be\/wp-content\/uploads\/2025\/10\/Eaton-web-1.jpg\" alt=\"\" class=\"wp-image-1458\" style=\"aspect-ratio:1.6043869956913435;width:116px;height:auto\" srcset=\"https:\/\/rexel.be\/wp-content\/uploads\/2025\/10\/Eaton-web-1.jpg 425w, https:\/\/rexel.be\/wp-content\/uploads\/2025\/10\/Eaton-web-1-300x187.jpg 300w\" sizes=\"auto, (max-width: 425px) 100vw, 425px\" \/><\/figure>\n<\/div>\n\n\n\n<div class=\"wp-block-cb-slide-v2 cb-slide swiper-slide\">\n<figure class=\"wp-block-image aligncenter size-full is-resized\" style=\"margin-top:0;margin-bottom:0\"><img loading=\"lazy\" decoding=\"async\" width=\"425\" height=\"265\" src=\"https:\/\/rexel.be\/wp-content\/uploads\/2025\/10\/Fluke-networks-web.jpg\" alt=\"\" class=\"wp-image-1459\" style=\"aspect-ratio:1.6039315617036767;width:125px;height:auto\" srcset=\"https:\/\/rexel.be\/wp-content\/uploads\/2025\/10\/Fluke-networks-web.jpg 425w, https:\/\/rexel.be\/wp-content\/uploads\/2025\/10\/Fluke-networks-web-300x187.jpg 300w\" sizes=\"auto, (max-width: 425px) 100vw, 425px\" \/><\/figure>\n<\/div>\n\n\n\n<div class=\"wp-block-cb-slide-v2 cb-slide swiper-slide\">\n<figure class=\"wp-block-image aligncenter size-full\"><img loading=\"lazy\" decoding=\"async\" width=\"425\" height=\"265\" src=\"https:\/\/rexel.be\/wp-content\/uploads\/2025\/10\/Gigamedia-web.jpg\" alt=\"\" class=\"wp-image-1460\" srcset=\"https:\/\/rexel.be\/wp-content\/uploads\/2025\/10\/Gigamedia-web.jpg 425w, https:\/\/rexel.be\/wp-content\/uploads\/2025\/10\/Gigamedia-web-300x187.jpg 300w\" sizes=\"auto, (max-width: 425px) 100vw, 425px\" \/><\/figure>\n<\/div>\n\n\n\n<div class=\"wp-block-cb-slide-v2 cb-slide swiper-slide\">\n<figure class=\"wp-block-image aligncenter size-full\"><img loading=\"lazy\" decoding=\"async\" width=\"425\" height=\"265\" src=\"https:\/\/rexel.be\/wp-content\/uploads\/2025\/10\/Legrand-web-1.jpg\" alt=\"\" class=\"wp-image-1461\" srcset=\"https:\/\/rexel.be\/wp-content\/uploads\/2025\/10\/Legrand-web-1.jpg 425w, https:\/\/rexel.be\/wp-content\/uploads\/2025\/10\/Legrand-web-1-300x187.jpg 300w\" sizes=\"auto, (max-width: 425px) 100vw, 425px\" \/><\/figure>\n<\/div>\n\n\n\n<div class=\"wp-block-cb-slide-v2 cb-slide swiper-slide\">\n<figure class=\"wp-block-image aligncenter size-full is-resized\"><img loading=\"lazy\" decoding=\"async\" width=\"425\" height=\"265\" src=\"https:\/\/rexel.be\/wp-content\/uploads\/2025\/10\/Panduit-web.jpg\" alt=\"\" class=\"wp-image-1463\" style=\"aspect-ratio:1.604319321249518;width:119px;height:auto\" srcset=\"https:\/\/rexel.be\/wp-content\/uploads\/2025\/10\/Panduit-web.jpg 425w, https:\/\/rexel.be\/wp-content\/uploads\/2025\/10\/Panduit-web-300x187.jpg 300w\" sizes=\"auto, (max-width: 425px) 100vw, 425px\" \/><\/figure>\n<\/div>\n\n\n\n<div class=\"wp-block-cb-slide-v2 cb-slide swiper-slide\">\n<figure class=\"wp-block-image aligncenter size-full\"><img loading=\"lazy\" decoding=\"async\" width=\"425\" height=\"265\" src=\"https:\/\/rexel.be\/wp-content\/uploads\/2025\/10\/Rittal-web.jpg\" alt=\"\" class=\"wp-image-1464\" style=\"aspect-ratio:1.6039315617036767\" srcset=\"https:\/\/rexel.be\/wp-content\/uploads\/2025\/10\/Rittal-web.jpg 425w, https:\/\/rexel.be\/wp-content\/uploads\/2025\/10\/Rittal-web-300x187.jpg 300w\" sizes=\"auto, (max-width: 425px) 100vw, 425px\" \/><\/figure>\n<\/div>\n\n\n\n<div class=\"wp-block-cb-slide-v2 cb-slide swiper-slide\">\n<figure class=\"wp-block-image aligncenter size-full is-resized\"><img loading=\"lazy\" decoding=\"async\" width=\"425\" height=\"265\" src=\"https:\/\/rexel.be\/wp-content\/uploads\/2025\/10\/Schneider-web-1.jpg\" alt=\"\" class=\"wp-image-1465\" style=\"aspect-ratio:1.6040609137055837;width:127px;height:auto\" srcset=\"https:\/\/rexel.be\/wp-content\/uploads\/2025\/10\/Schneider-web-1.jpg 425w, https:\/\/rexel.be\/wp-content\/uploads\/2025\/10\/Schneider-web-1-300x187.jpg 300w\" sizes=\"auto, (max-width: 425px) 100vw, 425px\" \/><\/figure>\n<\/div>\n\n\n\n<div class=\"wp-block-cb-slide-v2 cb-slide swiper-slide\">\n<figure class=\"wp-block-image aligncenter size-full is-resized\"><img loading=\"lazy\" decoding=\"async\" width=\"2550\" height=\"1434\" src=\"https:\/\/rexel.be\/wp-content\/uploads\/2025\/10\/TELEVES-LOGO.jpg\" alt=\"\" class=\"wp-image-1466\" style=\"aspect-ratio:1.778352180936995;width:114px;height:auto\" srcset=\"https:\/\/rexel.be\/wp-content\/uploads\/2025\/10\/TELEVES-LOGO.jpg 2550w, https:\/\/rexel.be\/wp-content\/uploads\/2025\/10\/TELEVES-LOGO-300x169.jpg 300w, https:\/\/rexel.be\/wp-content\/uploads\/2025\/10\/TELEVES-LOGO-1024x576.jpg 1024w, https:\/\/rexel.be\/wp-content\/uploads\/2025\/10\/TELEVES-LOGO-768x432.jpg 768w, https:\/\/rexel.be\/wp-content\/uploads\/2025\/10\/TELEVES-LOGO-1536x864.jpg 1536w, https:\/\/rexel.be\/wp-content\/uploads\/2025\/10\/TELEVES-LOGO-2048x1152.jpg 2048w\" sizes=\"auto, (max-width: 2550px) 100vw, 2550px\" \/><\/figure>\n<\/div>\n<\/div><\/div><\/div>\n<\/div>\n<\/div>\n<\/div>\n","protected":false},"featured_media":1430,"parent":0,"menu_order":0,"template":"","meta":{"_acf_changed":false,"inline_featured_image":false,"_links_to":"","_links_to_target":""},"class_list":["post-1427","product","type-product","status-publish","has-post-thumbnail","hentry"],"acf":[],"yoast_head":"<!-- This site is optimized with the Yoast SEO plugin v27.4 - https:\/\/yoast.com\/product\/yoast-seo-wordpress\/ -->\n<title>Mat\u00e9riel data et solutions r\u00e9seau - Rexel Belgium<\/title>\n<meta name=\"description\" content=\"Tout ce dont vous avez besoin pour un r\u00e9seau performant et stable : c\u00e2bles de donn\u00e9es, connecteurs, racks, onduleurs, solutions r\u00e9seau...\" \/>\n<meta name=\"robots\" content=\"index, follow, max-snippet:-1, max-image-preview:large, max-video-preview:-1\" \/>\n<link rel=\"canonical\" href=\"https:\/\/rexel.be\/fr\/produits\/data\/\" \/>\n<meta property=\"og:locale\" content=\"fr_FR\" \/>\n<meta property=\"og:type\" content=\"article\" \/>\n<meta property=\"og:title\" content=\"Mat\u00e9riel data et solutions r\u00e9seau - Rexel Belgium\" \/>\n<meta property=\"og:description\" content=\"Tout ce dont vous avez besoin pour un r\u00e9seau performant et stable : c\u00e2bles de donn\u00e9es, connecteurs, racks, onduleurs, solutions r\u00e9seau...\" \/>\n<meta property=\"og:url\" content=\"https:\/\/rexel.be\/fr\/produits\/data\/\" \/>\n<meta property=\"og:site_name\" content=\"Rexel\" \/>\n<meta property=\"article:modified_time\" content=\"2026-02-02T11:44:42+00:00\" \/>\n<meta property=\"og:image\" content=\"https:\/\/rexel.be\/wp-content\/uploads\/2025\/10\/iStock_000016066249XLarge-scaled.webp\" \/>\n\t<meta property=\"og:image:width\" content=\"2560\" \/>\n\t<meta property=\"og:image:height\" content=\"1700\" \/>\n\t<meta property=\"og:image:type\" content=\"image\/webp\" \/>\n<meta name=\"twitter:card\" content=\"summary_large_image\" \/>\n<meta name=\"twitter:label1\" content=\"Dur\u00e9e de lecture estim\u00e9e\" \/>\n\t<meta name=\"twitter:data1\" content=\"4 minutes\" \/>\n<script type=\"application\/ld+json\" class=\"yoast-schema-graph\">{\"@context\":\"https:\\\/\\\/schema.org\",\"@graph\":[{\"@type\":\"WebPage\",\"@id\":\"https:\\\/\\\/rexel.be\\\/fr\\\/produits\\\/data\\\/\",\"url\":\"https:\\\/\\\/rexel.be\\\/fr\\\/produits\\\/data\\\/\",\"name\":\"Mat\u00e9riel data et solutions r\u00e9seau - Rexel Belgium\",\"isPartOf\":{\"@id\":\"https:\\\/\\\/rexel.be\\\/fr\\\/#website\"},\"primaryImageOfPage\":{\"@id\":\"https:\\\/\\\/rexel.be\\\/fr\\\/produits\\\/data\\\/#primaryimage\"},\"image\":{\"@id\":\"https:\\\/\\\/rexel.be\\\/fr\\\/produits\\\/data\\\/#primaryimage\"},\"thumbnailUrl\":\"https:\\\/\\\/rexel.be\\\/wp-content\\\/uploads\\\/2025\\\/10\\\/iStock_000016066249XLarge-scaled.webp\",\"datePublished\":\"2025-10-09T08:30:42+00:00\",\"dateModified\":\"2026-02-02T11:44:42+00:00\",\"description\":\"Tout ce dont vous avez besoin pour un r\u00e9seau performant et stable : c\u00e2bles de donn\u00e9es, connecteurs, racks, onduleurs, solutions r\u00e9seau...\",\"breadcrumb\":{\"@id\":\"https:\\\/\\\/rexel.be\\\/fr\\\/produits\\\/data\\\/#breadcrumb\"},\"inLanguage\":\"fr-FR\",\"potentialAction\":[{\"@type\":\"ReadAction\",\"target\":[\"https:\\\/\\\/rexel.be\\\/fr\\\/produits\\\/data\\\/\"]}]},{\"@type\":\"ImageObject\",\"inLanguage\":\"fr-FR\",\"@id\":\"https:\\\/\\\/rexel.be\\\/fr\\\/produits\\\/data\\\/#primaryimage\",\"url\":\"https:\\\/\\\/rexel.be\\\/wp-content\\\/uploads\\\/2025\\\/10\\\/iStock_000016066249XLarge-scaled.webp\",\"contentUrl\":\"https:\\\/\\\/rexel.be\\\/wp-content\\\/uploads\\\/2025\\\/10\\\/iStock_000016066249XLarge-scaled.webp\",\"width\":2560,\"height\":1700},{\"@type\":\"BreadcrumbList\",\"@id\":\"https:\\\/\\\/rexel.be\\\/fr\\\/produits\\\/data\\\/#breadcrumb\",\"itemListElement\":[{\"@type\":\"ListItem\",\"position\":1,\"name\":\"Home\",\"item\":\"https:\\\/\\\/rexel.be\\\/fr\\\/\"},{\"@type\":\"ListItem\",\"position\":2,\"name\":\"Produits\",\"item\":\"https:\\\/\\\/rexel.be\\\/fr\\\/produits\\\/\"},{\"@type\":\"ListItem\",\"position\":3,\"name\":\"Data\"}]},{\"@type\":\"WebSite\",\"@id\":\"https:\\\/\\\/rexel.be\\\/fr\\\/#website\",\"url\":\"https:\\\/\\\/rexel.be\\\/fr\\\/\",\"name\":\"Rexel\",\"description\":\"\",\"potentialAction\":[{\"@type\":\"SearchAction\",\"target\":{\"@type\":\"EntryPoint\",\"urlTemplate\":\"https:\\\/\\\/rexel.be\\\/fr\\\/?s={search_term_string}\"},\"query-input\":{\"@type\":\"PropertyValueSpecification\",\"valueRequired\":true,\"valueName\":\"search_term_string\"}}],\"inLanguage\":\"fr-FR\"}]}<\/script>\n<!-- \/ Yoast SEO plugin. -->","yoast_head_json":{"title":"Mat\u00e9riel data et solutions r\u00e9seau - Rexel Belgium","description":"Tout ce dont vous avez besoin pour un r\u00e9seau performant et stable : c\u00e2bles de donn\u00e9es, connecteurs, racks, onduleurs, solutions r\u00e9seau...","robots":{"index":"index","follow":"follow","max-snippet":"max-snippet:-1","max-image-preview":"max-image-preview:large","max-video-preview":"max-video-preview:-1"},"canonical":"https:\/\/rexel.be\/fr\/produits\/data\/","og_locale":"fr_FR","og_type":"article","og_title":"Mat\u00e9riel data et solutions r\u00e9seau - Rexel Belgium","og_description":"Tout ce dont vous avez besoin pour un r\u00e9seau performant et stable : c\u00e2bles de donn\u00e9es, connecteurs, racks, onduleurs, solutions r\u00e9seau...","og_url":"https:\/\/rexel.be\/fr\/produits\/data\/","og_site_name":"Rexel","article_modified_time":"2026-02-02T11:44:42+00:00","og_image":[{"width":2560,"height":1700,"url":"https:\/\/rexel.be\/wp-content\/uploads\/2025\/10\/iStock_000016066249XLarge-scaled.webp","type":"image\/webp"}],"twitter_card":"summary_large_image","twitter_misc":{"Dur\u00e9e de lecture estim\u00e9e":"4 minutes"},"schema":{"@context":"https:\/\/schema.org","@graph":[{"@type":"WebPage","@id":"https:\/\/rexel.be\/fr\/produits\/data\/","url":"https:\/\/rexel.be\/fr\/produits\/data\/","name":"Mat\u00e9riel data et solutions r\u00e9seau - Rexel Belgium","isPartOf":{"@id":"https:\/\/rexel.be\/fr\/#website"},"primaryImageOfPage":{"@id":"https:\/\/rexel.be\/fr\/produits\/data\/#primaryimage"},"image":{"@id":"https:\/\/rexel.be\/fr\/produits\/data\/#primaryimage"},"thumbnailUrl":"https:\/\/rexel.be\/wp-content\/uploads\/2025\/10\/iStock_000016066249XLarge-scaled.webp","datePublished":"2025-10-09T08:30:42+00:00","dateModified":"2026-02-02T11:44:42+00:00","description":"Tout ce dont vous avez besoin pour un r\u00e9seau performant et stable : c\u00e2bles de donn\u00e9es, connecteurs, racks, onduleurs, solutions r\u00e9seau...","breadcrumb":{"@id":"https:\/\/rexel.be\/fr\/produits\/data\/#breadcrumb"},"inLanguage":"fr-FR","potentialAction":[{"@type":"ReadAction","target":["https:\/\/rexel.be\/fr\/produits\/data\/"]}]},{"@type":"ImageObject","inLanguage":"fr-FR","@id":"https:\/\/rexel.be\/fr\/produits\/data\/#primaryimage","url":"https:\/\/rexel.be\/wp-content\/uploads\/2025\/10\/iStock_000016066249XLarge-scaled.webp","contentUrl":"https:\/\/rexel.be\/wp-content\/uploads\/2025\/10\/iStock_000016066249XLarge-scaled.webp","width":2560,"height":1700},{"@type":"BreadcrumbList","@id":"https:\/\/rexel.be\/fr\/produits\/data\/#breadcrumb","itemListElement":[{"@type":"ListItem","position":1,"name":"Home","item":"https:\/\/rexel.be\/fr\/"},{"@type":"ListItem","position":2,"name":"Produits","item":"https:\/\/rexel.be\/fr\/produits\/"},{"@type":"ListItem","position":3,"name":"Data"}]},{"@type":"WebSite","@id":"https:\/\/rexel.be\/fr\/#website","url":"https:\/\/rexel.be\/fr\/","name":"Rexel","description":"","potentialAction":[{"@type":"SearchAction","target":{"@type":"EntryPoint","urlTemplate":"https:\/\/rexel.be\/fr\/?s={search_term_string}"},"query-input":{"@type":"PropertyValueSpecification","valueRequired":true,"valueName":"search_term_string"}}],"inLanguage":"fr-FR"}]}},"_links":{"self":[{"href":"https:\/\/rexel.be\/fr\/wp-json\/wp\/v2\/product\/1427","targetHints":{"allow":["GET"]}}],"collection":[{"href":"https:\/\/rexel.be\/fr\/wp-json\/wp\/v2\/product"}],"about":[{"href":"https:\/\/rexel.be\/fr\/wp-json\/wp\/v2\/types\/product"}],"wp:featuredmedia":[{"embeddable":true,"href":"https:\/\/rexel.be\/fr\/wp-json\/wp\/v2\/media\/1430"}],"wp:attachment":[{"href":"https:\/\/rexel.be\/fr\/wp-json\/wp\/v2\/media?parent=1427"}],"curies":[{"name":"wp","href":"https:\/\/api.w.org\/{rel}","templated":true}]}}