{"id":1002,"date":"2025-08-28T13:46:49","date_gmt":"2025-08-28T11:46:49","guid":{"rendered":"https:\/\/rexel.be\/product\/verlichting\/"},"modified":"2026-02-09T09:31:04","modified_gmt":"2026-02-09T08:31:04","slug":"verlichting","status":"publish","type":"product","link":"https:\/\/rexel.be\/fr\/produits\/verlichting\/","title":{"rendered":"\u00c9clairage"},"content":{"rendered":"\n<div class=\"wp-block-group has-global-padding is-layout-constrained wp-block-group-is-layout-constrained\" style=\"padding-top:var(--wp--preset--spacing--120-60);padding-bottom:var(--wp--preset--spacing--120-60)\">\n<div class=\"wp-block-columns are-vertically-aligned-center is-layout-flex wp-container-core-columns-is-layout-d2ad5bd7 wp-block-columns-is-layout-flex\">\n<div class=\"wp-block-column is-vertically-aligned-center is-layout-flow wp-block-column-is-layout-flow\">\n<h2 class=\"wp-block-heading\"><strong><strong>Solutions d&rsquo;\u00e9clairage pour chaque projet<\/strong><\/strong><\/h2>\n\n\n\n<p>Chez Rexel, vous trouverez un assortiment complet d&rsquo;\u00e9clairage pour chaque type de projet\u00a0: de l&rsquo;\u00e9clairage d\u00e9coratif et technique \u00e0 l&rsquo;\u00e9clairage architectural. Avec plus de 400 marques dans notre offre, nous pouvons proposer la solution adapt\u00e9e \u00e0 chaque budget et \u00e0 chaque application.<\/p>\n\n\n\n<p>Gr\u00e2ce \u00e0 l&rsquo;\u00e9volution constante de la technologie LED, nous sommes toujours au courant des derni\u00e8res innovations en mati\u00e8re de gestion de l&rsquo;\u00e9clairage, d&rsquo;efficacit\u00e9 \u00e9nerg\u00e9tique et d&rsquo;\u00e9clairage intelligent. Notre \u00e9quipe de sp\u00e9cialistes est pr\u00eate \u00e0 vous conseiller dans le choix des produits et la conception de votre projet d&rsquo;\u00e9clairage.<\/p>\n\n\n\n<div class=\"wp-block-buttons is-layout-flex wp-block-buttons-is-layout-flex\">\n<div class=\"wp-block-button is-style-fill\"><a class=\"wp-block-button__link wp-element-button\" href=\"https:\/\/rexel.be\/fr\/expertise\/competence-center-lightlab\/\"><strong>D\u00e9couvrez notre expertise en \u00e9clairage<\/strong><\/a><\/div>\n<\/div>\n<\/div>\n\n\n\n<div class=\"wp-block-column is-vertically-aligned-center is-layout-flow wp-block-column-is-layout-flow\">\n<figure class=\"wp-block-image size-full is-style-right-outside orange is-style-right-outside--1\"><img loading=\"lazy\" decoding=\"async\" width=\"1737\" height=\"1303\" src=\"https:\/\/rexel.be\/wp-content\/uploads\/2025\/08\/Total-Tenneville.jpg\" alt=\"\" class=\"wp-image-1227\" srcset=\"https:\/\/rexel.be\/wp-content\/uploads\/2025\/08\/Total-Tenneville.jpg 1737w, https:\/\/rexel.be\/wp-content\/uploads\/2025\/08\/Total-Tenneville-300x225.jpg 300w, https:\/\/rexel.be\/wp-content\/uploads\/2025\/08\/Total-Tenneville-1024x768.jpg 1024w, https:\/\/rexel.be\/wp-content\/uploads\/2025\/08\/Total-Tenneville-768x576.jpg 768w, https:\/\/rexel.be\/wp-content\/uploads\/2025\/08\/Total-Tenneville-1536x1152.jpg 1536w\" sizes=\"auto, (max-width: 1737px) 100vw, 1737px\" \/><\/figure>\n<\/div>\n<\/div>\n<\/div>\n\n<div class=\"wp-block-group bg_shape has-global-padding is-layout-constrained wp-block-group-is-layout-constrained\" style=\"margin-top:0;margin-bottom:0;padding-top:var(--wp--preset--spacing--120-60);padding-bottom:var(--wp--preset--spacing--120-60)\">\n<h2 class=\"wp-block-heading has-text-align-center\"><strong>Notre offre d&rsquo;\u00e9clairage<\/strong><\/h2>\n\n\n\n<p class=\"has-text-align-center\">Rexel propose une gamme compl\u00e8te de produits pour un usage professionnel\u00a0:<\/p>\n\n\n\n<div class=\"wp-block-group is-layout-grid wp-container-core-group-is-layout-988b637e wp-block-group-is-layout-grid\">\n<div class=\"wp-block-group has-border-color has-white-background-color has-background is-layout-flow wp-block-group-is-layout-flow\" style=\"border-color:#2896d752;border-width:1px;border-radius:16px;padding-top:var(--wp--preset--spacing--40-20);padding-right:var(--wp--preset--spacing--40-20);padding-bottom:var(--wp--preset--spacing--40-20);padding-left:var(--wp--preset--spacing--40-20);box-shadow:var(--wp--preset--shadow--shadow-1)\">\n<h4 class=\"wp-block-heading has-dark-color has-text-color has-link-color wp-elements-fad0320362e5480f5ee31f3fb0e79765\"><strong>\u00c9clairage architectural<\/strong><\/h4>\n\n\n\n<p>pour des projets haut de gamme et \u00e9l\u00e9gants<\/p>\n<\/div>\n\n\n\n<div class=\"wp-block-group has-border-color has-white-background-color has-background is-layout-flow wp-block-group-is-layout-flow\" style=\"border-color:#2896d752;border-width:1px;border-radius:16px;padding-top:var(--wp--preset--spacing--40-20);padding-right:var(--wp--preset--spacing--40-20);padding-bottom:var(--wp--preset--spacing--40-20);padding-left:var(--wp--preset--spacing--40-20);box-shadow:var(--wp--preset--shadow--shadow-1)\">\n<h4 class=\"wp-block-heading has-dark-color has-text-color has-link-color wp-elements-30893b012bc3d9610c8861dc125684ea\"><strong>\u00c9clairage d\u00e9coratif<\/strong><\/h4>\n\n\n\n<p>pour l&rsquo;int\u00e9rieur et l&rsquo;ext\u00e9rieur<\/p>\n<\/div>\n\n\n\n<div class=\"wp-block-group has-border-color has-white-background-color has-background is-layout-flow wp-block-group-is-layout-flow\" style=\"border-color:#2896d752;border-width:1px;border-radius:16px;padding-top:var(--wp--preset--spacing--40-20);padding-right:var(--wp--preset--spacing--40-20);padding-bottom:var(--wp--preset--spacing--40-20);padding-left:var(--wp--preset--spacing--40-20);box-shadow:var(--wp--preset--shadow--shadow-1)\">\n<h4 class=\"wp-block-heading has-dark-color has-text-color has-link-color wp-elements-bfefbe10624fae2d51bc3410ad866d55\"><strong>\u00c9clairage technique<\/strong><\/h4>\n\n\n\n<p>pour les applications fonctionnelles<\/p>\n<\/div>\n\n\n\n<div class=\"wp-block-group has-border-color has-white-background-color has-background is-layout-flow wp-block-group-is-layout-flow\" style=\"border-color:#2896d752;border-width:1px;border-radius:16px;padding-top:var(--wp--preset--spacing--40-20);padding-right:var(--wp--preset--spacing--40-20);padding-bottom:var(--wp--preset--spacing--40-20);padding-left:var(--wp--preset--spacing--40-20);box-shadow:var(--wp--preset--shadow--shadow-1)\">\n<h4 class=\"wp-block-heading has-dark-color has-text-color has-link-color wp-elements-b88bec3968275b4807a70ca02210c8bf\"><strong>Gestion de l&rsquo;\u00e9clairage<\/strong><\/h4>\n\n\n\n<p>pour les syst\u00e8mes intelligents et \u00e9co\u00e9nerg\u00e9tiques<\/p>\n<\/div>\n\n\n\n<div class=\"wp-block-group has-border-color has-white-background-color has-background is-layout-flow wp-block-group-is-layout-flow\" style=\"border-color:#2896d752;border-width:1px;border-radius:16px;padding-top:var(--wp--preset--spacing--40-20);padding-right:var(--wp--preset--spacing--40-20);padding-bottom:var(--wp--preset--spacing--40-20);padding-left:var(--wp--preset--spacing--40-20);box-shadow:var(--wp--preset--shadow--shadow-1)\">\n<h4 class=\"wp-block-heading has-dark-color has-text-color has-link-color wp-elements-172e5c387937eb1d5ea2d05ce82c343c\"><strong>Lampes<\/strong><\/h4>\n\n\n\n<p>dans divers types et tailles<\/p>\n<\/div>\n\n\n\n<div class=\"wp-block-group has-border-color has-white-background-color has-background is-layout-flow wp-block-group-is-layout-flow\" style=\"border-color:#2896d752;border-width:1px;border-radius:16px;padding-top:var(--wp--preset--spacing--40-20);padding-right:var(--wp--preset--spacing--40-20);padding-bottom:var(--wp--preset--spacing--40-20);padding-left:var(--wp--preset--spacing--40-20);box-shadow:var(--wp--preset--shadow--shadow-1)\">\n<h4 class=\"wp-block-heading has-dark-color has-text-color has-link-color wp-elements-d0a775e0c8086492f323359834b63973\"><strong>\u00c9clairage de secours et de s\u00e9curit\u00e9<\/strong><\/h4>\n\n\n\n<p>pour une s\u00e9curit\u00e9 optimale<\/p>\n<\/div>\n<\/div>\n<\/div>\n\n<div class=\"wp-block-group top_minus_35 has-global-padding is-layout-constrained wp-block-group-is-layout-constrained\" style=\"padding-top:var(--wp--preset--spacing--80-60);padding-bottom:var(--wp--preset--spacing--80-60)\">\n<div class=\"wp-block-columns are-vertically-aligned-center has-border-color has-white-background-color has-background is-layout-flex wp-container-core-columns-is-layout-5fd65f55 wp-block-columns-is-layout-flex\" style=\"border-color:#2896d729;border-width:1px;border-radius:24px;padding-top:var(--wp--preset--spacing--60-40);padding-right:var(--wp--preset--spacing--60-40);padding-bottom:var(--wp--preset--spacing--60-40);padding-left:var(--wp--preset--spacing--60-40)\">\n<div class=\"wp-block-column is-vertically-aligned-center is-layout-flow wp-block-column-is-layout-flow\" style=\"flex-basis:33%\">\n<h4 class=\"wp-block-heading mobile-text-center wp-container-content-9cfa9a5a\"><strong>Partenaires avec lesquels nous collaborons<\/strong><\/h4>\n<\/div>\n\n\n\n<div class=\"wp-block-column is-vertically-aligned-center is-layout-flow wp-block-column-is-layout-flow\">\n<div class=\"wp-block-cb-carousel-v2 cb-carousel-block\" data-cb-slides-per-view=\"2\" data-cb-slides-per-group=\"2\" data-cb-space-between=\"20\" data-cb-speed=\"300\" data-cb-loop=\"true\" data-cb-autoplay=\"true\" data-cb-autoplay-speed=\"3000\" data-cb-breakpoints=\"{&quot;768&quot;:{&quot;slidesPerView&quot;:5,&quot;slidesPerGroup&quot;:1}}\"><div class=\"swiper\"><div class=\"cb-wrapper swiper-wrapper\">\n<div class=\"wp-block-cb-slide-v2 cb-slide swiper-slide\">\n<figure class=\"wp-block-image aligncenter size-full is-resized\"><img loading=\"lazy\" decoding=\"async\" width=\"2560\" height=\"2560\" src=\"https:\/\/rexel.be\/wp-content\/uploads\/2025\/08\/Ledvance-scaled.png\" alt=\"\" class=\"wp-image-1362\" style=\"width:66px;height:auto\" srcset=\"https:\/\/rexel.be\/wp-content\/uploads\/2025\/08\/Ledvance-scaled.png 2560w, https:\/\/rexel.be\/wp-content\/uploads\/2025\/08\/Ledvance-300x300.png 300w, https:\/\/rexel.be\/wp-content\/uploads\/2025\/08\/Ledvance-1024x1024.png 1024w, https:\/\/rexel.be\/wp-content\/uploads\/2025\/08\/Ledvance-150x150.png 150w, https:\/\/rexel.be\/wp-content\/uploads\/2025\/08\/Ledvance-768x768.png 768w, https:\/\/rexel.be\/wp-content\/uploads\/2025\/08\/Ledvance-1536x1536.png 1536w, https:\/\/rexel.be\/wp-content\/uploads\/2025\/08\/Ledvance-2048x2048.png 2048w\" sizes=\"auto, (max-width: 2560px) 100vw, 2560px\" \/><\/figure>\n<\/div>\n\n\n\n<div class=\"wp-block-cb-slide-v2 cb-slide swiper-slide\">\n<figure class=\"wp-block-image aligncenter size-full is-resized\"><img loading=\"lazy\" decoding=\"async\" width=\"1500\" height=\"884\" src=\"https:\/\/rexel.be\/wp-content\/uploads\/2025\/10\/wever_ducre_logo_use.png\" alt=\"\" class=\"wp-image-1358\" style=\"aspect-ratio:1.696899672636241;width:114px;height:auto\" srcset=\"https:\/\/rexel.be\/wp-content\/uploads\/2025\/10\/wever_ducre_logo_use.png 1500w, https:\/\/rexel.be\/wp-content\/uploads\/2025\/10\/wever_ducre_logo_use-300x177.png 300w, https:\/\/rexel.be\/wp-content\/uploads\/2025\/10\/wever_ducre_logo_use-1024x603.png 1024w, https:\/\/rexel.be\/wp-content\/uploads\/2025\/10\/wever_ducre_logo_use-768x453.png 768w\" sizes=\"auto, (max-width: 1500px) 100vw, 1500px\" \/><\/figure>\n<\/div>\n\n\n\n<div class=\"wp-block-cb-slide-v2 cb-slide swiper-slide\">\n<figure class=\"wp-block-image aligncenter size-full is-resized\"><img loading=\"lazy\" decoding=\"async\" width=\"487\" height=\"571\" src=\"https:\/\/rexel.be\/wp-content\/uploads\/2025\/10\/LO_Uni-Bright_SQ.jpg\" alt=\"\" class=\"wp-image-1357\" style=\"aspect-ratio:0.8529664660361135;width:59px;height:auto\" srcset=\"https:\/\/rexel.be\/wp-content\/uploads\/2025\/10\/LO_Uni-Bright_SQ.jpg 487w, https:\/\/rexel.be\/wp-content\/uploads\/2025\/10\/LO_Uni-Bright_SQ-256x300.jpg 256w\" sizes=\"auto, (max-width: 487px) 100vw, 487px\" \/><\/figure>\n<\/div>\n\n\n\n<div class=\"wp-block-cb-slide-v2 cb-slide swiper-slide\">\n<figure class=\"wp-block-image aligncenter size-full is-resized\"><img loading=\"lazy\" decoding=\"async\" width=\"999\" height=\"999\" src=\"https:\/\/rexel.be\/wp-content\/uploads\/2025\/10\/SG-logo-red-square.png\" alt=\"\" class=\"wp-image-1356\" style=\"width:64px;height:auto\" srcset=\"https:\/\/rexel.be\/wp-content\/uploads\/2025\/10\/SG-logo-red-square.png 999w, https:\/\/rexel.be\/wp-content\/uploads\/2025\/10\/SG-logo-red-square-300x300.png 300w, https:\/\/rexel.be\/wp-content\/uploads\/2025\/10\/SG-logo-red-square-150x150.png 150w, https:\/\/rexel.be\/wp-content\/uploads\/2025\/10\/SG-logo-red-square-768x768.png 768w\" sizes=\"auto, (max-width: 999px) 100vw, 999px\" \/><\/figure>\n<\/div>\n\n\n\n<div class=\"wp-block-cb-slide-v2 cb-slide swiper-slide\">\n<figure class=\"wp-block-image aligncenter size-full\" style=\"margin-top:0;margin-bottom:0\"><img loading=\"lazy\" decoding=\"async\" width=\"995\" height=\"158\" src=\"https:\/\/rexel.be\/wp-content\/uploads\/2025\/10\/PiL-GW_RGB.jpg\" alt=\"\" class=\"wp-image-1355\" srcset=\"https:\/\/rexel.be\/wp-content\/uploads\/2025\/10\/PiL-GW_RGB.jpg 995w, https:\/\/rexel.be\/wp-content\/uploads\/2025\/10\/PiL-GW_RGB-300x48.jpg 300w, https:\/\/rexel.be\/wp-content\/uploads\/2025\/10\/PiL-GW_RGB-768x122.jpg 768w\" sizes=\"auto, (max-width: 995px) 100vw, 995px\" \/><\/figure>\n<\/div>\n\n\n\n<div class=\"wp-block-cb-slide-v2 cb-slide swiper-slide\">\n<figure class=\"wp-block-image aligncenter size-large\"><img loading=\"lazy\" decoding=\"async\" width=\"1024\" height=\"205\" src=\"https:\/\/rexel.be\/wp-content\/uploads\/2025\/10\/DL-Logo_Black-1-1024x205.png\" alt=\"\" class=\"wp-image-1354\" srcset=\"https:\/\/rexel.be\/wp-content\/uploads\/2025\/10\/DL-Logo_Black-1-1024x205.png 1024w, https:\/\/rexel.be\/wp-content\/uploads\/2025\/10\/DL-Logo_Black-1-300x60.png 300w, https:\/\/rexel.be\/wp-content\/uploads\/2025\/10\/DL-Logo_Black-1-768x154.png 768w, https:\/\/rexel.be\/wp-content\/uploads\/2025\/10\/DL-Logo_Black-1-1536x307.png 1536w, https:\/\/rexel.be\/wp-content\/uploads\/2025\/10\/DL-Logo_Black-1.png 2000w\" sizes=\"auto, (max-width: 1024px) 100vw, 1024px\" \/><\/figure>\n<\/div>\n\n\n\n<div class=\"wp-block-cb-slide-v2 cb-slide swiper-slide\">\n<figure class=\"wp-block-image aligncenter size-full is-resized\"><img loading=\"lazy\" decoding=\"async\" width=\"135\" height=\"139\" src=\"https:\/\/rexel.be\/wp-content\/uploads\/2025\/10\/Tal.jpg\" alt=\"\" class=\"wp-image-1353\" style=\"width:56px;height:auto\"\/><\/figure>\n<\/div>\n\n\n\n<div class=\"wp-block-cb-slide-v2 cb-slide swiper-slide\">\n<figure class=\"wp-block-image aligncenter size-full is-resized\"><img loading=\"lazy\" decoding=\"async\" width=\"425\" height=\"265\" src=\"https:\/\/rexel.be\/wp-content\/uploads\/2025\/10\/SLV-web.jpg\" alt=\"\" class=\"wp-image-1352\" style=\"aspect-ratio:1.604319321249518;width:74px;height:auto\" srcset=\"https:\/\/rexel.be\/wp-content\/uploads\/2025\/10\/SLV-web.jpg 425w, https:\/\/rexel.be\/wp-content\/uploads\/2025\/10\/SLV-web-300x187.jpg 300w\" sizes=\"auto, (max-width: 425px) 100vw, 425px\" \/><\/figure>\n<\/div>\n\n\n\n<div class=\"wp-block-cb-slide-v2 cb-slide swiper-slide\">\n<figure class=\"wp-block-image aligncenter size-full is-resized\"><img loading=\"lazy\" decoding=\"async\" width=\"425\" height=\"265\" src=\"https:\/\/rexel.be\/wp-content\/uploads\/2025\/10\/RZB-web.jpg\" alt=\"\" class=\"wp-image-1351\" style=\"aspect-ratio:1.6039315617036767;width:87px;height:auto\" srcset=\"https:\/\/rexel.be\/wp-content\/uploads\/2025\/10\/RZB-web.jpg 425w, https:\/\/rexel.be\/wp-content\/uploads\/2025\/10\/RZB-web-300x187.jpg 300w\" sizes=\"auto, (max-width: 425px) 100vw, 425px\" \/><\/figure>\n<\/div>\n\n\n\n<div class=\"wp-block-cb-slide-v2 cb-slide swiper-slide\">\n<figure class=\"wp-block-image aligncenter size-full is-resized\"><img loading=\"lazy\" decoding=\"async\" width=\"425\" height=\"265\" src=\"https:\/\/rexel.be\/wp-content\/uploads\/2025\/10\/Philips-web.jpg\" alt=\"\" class=\"wp-image-1350\" style=\"aspect-ratio:1.6040609137055837;width:91px;height:auto\" srcset=\"https:\/\/rexel.be\/wp-content\/uploads\/2025\/10\/Philips-web.jpg 425w, https:\/\/rexel.be\/wp-content\/uploads\/2025\/10\/Philips-web-300x187.jpg 300w\" sizes=\"auto, (max-width: 425px) 100vw, 425px\" \/><\/figure>\n<\/div>\n\n\n\n<div class=\"wp-block-cb-slide-v2 cb-slide swiper-slide\">\n<figure class=\"wp-block-image aligncenter size-full is-resized\"><img loading=\"lazy\" decoding=\"async\" width=\"1434\" height=\"987\" src=\"https:\/\/rexel.be\/wp-content\/uploads\/2025\/10\/OVA.jpg\" alt=\"\" class=\"wp-image-1349\" style=\"aspect-ratio:1.452926628194559;width:86px;height:auto\" srcset=\"https:\/\/rexel.be\/wp-content\/uploads\/2025\/10\/OVA.jpg 1434w, https:\/\/rexel.be\/wp-content\/uploads\/2025\/10\/OVA-300x206.jpg 300w, https:\/\/rexel.be\/wp-content\/uploads\/2025\/10\/OVA-1024x705.jpg 1024w, https:\/\/rexel.be\/wp-content\/uploads\/2025\/10\/OVA-768x529.jpg 768w\" sizes=\"auto, (max-width: 1434px) 100vw, 1434px\" \/><\/figure>\n<\/div>\n\n\n\n<div class=\"wp-block-cb-slide-v2 cb-slide swiper-slide\">\n<figure class=\"wp-block-image aligncenter size-full\"><img loading=\"lazy\" decoding=\"async\" width=\"768\" height=\"191\" src=\"https:\/\/rexel.be\/wp-content\/uploads\/2025\/10\/Integratech_logo_RGB_2020-768x191-1.png\" alt=\"\" class=\"wp-image-1347\" srcset=\"https:\/\/rexel.be\/wp-content\/uploads\/2025\/10\/Integratech_logo_RGB_2020-768x191-1.png 768w, https:\/\/rexel.be\/wp-content\/uploads\/2025\/10\/Integratech_logo_RGB_2020-768x191-1-300x75.png 300w\" sizes=\"auto, (max-width: 768px) 100vw, 768px\" \/><\/figure>\n<\/div>\n\n\n\n<div class=\"wp-block-cb-slide-v2 cb-slide swiper-slide\">\n<figure class=\"wp-block-image aligncenter size-full\"><img loading=\"lazy\" decoding=\"async\" width=\"569\" height=\"164\" src=\"https:\/\/rexel.be\/wp-content\/uploads\/2025\/10\/Cooper_Safety_Logo-2.png\" alt=\"\" class=\"wp-image-1346\" srcset=\"https:\/\/rexel.be\/wp-content\/uploads\/2025\/10\/Cooper_Safety_Logo-2.png 569w, https:\/\/rexel.be\/wp-content\/uploads\/2025\/10\/Cooper_Safety_Logo-2-300x86.png 300w\" sizes=\"auto, (max-width: 569px) 100vw, 569px\" \/><\/figure>\n<\/div>\n\n\n\n<div class=\"wp-block-cb-slide-v2 cb-slide swiper-slide\">\n<figure class=\"wp-block-image size-large\"><img loading=\"lazy\" decoding=\"async\" width=\"1024\" height=\"201\" src=\"https:\/\/rexel.be\/wp-content\/uploads\/2025\/08\/Logo_illuxtron_lighting_black_1200px-1024x201.png\" alt=\"\" class=\"wp-image-5635\" srcset=\"https:\/\/rexel.be\/wp-content\/uploads\/2025\/08\/Logo_illuxtron_lighting_black_1200px-1024x201.png 1024w, https:\/\/rexel.be\/wp-content\/uploads\/2025\/08\/Logo_illuxtron_lighting_black_1200px-300x59.png 300w, https:\/\/rexel.be\/wp-content\/uploads\/2025\/08\/Logo_illuxtron_lighting_black_1200px-768x151.png 768w, https:\/\/rexel.be\/wp-content\/uploads\/2025\/08\/Logo_illuxtron_lighting_black_1200px.png 1200w\" sizes=\"auto, (max-width: 1024px) 100vw, 1024px\" \/><\/figure>\n<\/div>\n<\/div><\/div><\/div>\n<\/div>\n<\/div>\n<\/div>\n","protected":false},"featured_media":1004,"parent":0,"menu_order":0,"template":"","meta":{"_acf_changed":false,"inline_featured_image":false,"_links_to":"","_links_to_target":""},"class_list":["post-1002","product","type-product","status-publish","has-post-thumbnail","hentry"],"acf":[],"yoast_head":"<!-- This site is optimized with the Yoast SEO plugin v27.4 - https:\/\/yoast.com\/product\/yoast-seo-wordpress\/ -->\n<title>Solutions d&#039;\u00e9clairage pour chaque projet - Rexel Belgique<\/title>\n<meta name=\"description\" content=\"Plus de 400 marques d&#039;\u00e9clairage d\u00e9coratif, technique et architectural. Conseils d&#039;experts en gestion de l&#039;\u00e9clairage et \u00e9clairage intelligent.\" \/>\n<meta name=\"robots\" content=\"index, follow, max-snippet:-1, max-image-preview:large, max-video-preview:-1\" \/>\n<link rel=\"canonical\" href=\"https:\/\/rexel.be\/fr\/produits\/verlichting\/\" \/>\n<meta property=\"og:locale\" content=\"fr_FR\" \/>\n<meta property=\"og:type\" content=\"article\" \/>\n<meta property=\"og:title\" content=\"Solutions d&#039;\u00e9clairage pour chaque projet - Rexel Belgique\" \/>\n<meta property=\"og:description\" content=\"Plus de 400 marques d&#039;\u00e9clairage d\u00e9coratif, technique et architectural. Conseils d&#039;experts en gestion de l&#039;\u00e9clairage et \u00e9clairage intelligent.\" \/>\n<meta property=\"og:url\" content=\"https:\/\/rexel.be\/fr\/produits\/verlichting\/\" \/>\n<meta property=\"og:site_name\" content=\"Rexel\" \/>\n<meta property=\"article:modified_time\" content=\"2026-02-09T08:31:04+00:00\" \/>\n<meta property=\"og:image\" content=\"https:\/\/rexel.be\/wp-content\/uploads\/2025\/08\/67a7fe6ed7b55410f6c2a15d0063b9af465c8e40-scaled.jpg\" \/>\n\t<meta property=\"og:image:width\" content=\"2560\" \/>\n\t<meta property=\"og:image:height\" content=\"1707\" \/>\n\t<meta property=\"og:image:type\" content=\"image\/jpeg\" \/>\n<meta name=\"twitter:card\" content=\"summary_large_image\" \/>\n<meta name=\"twitter:label1\" content=\"Dur\u00e9e de lecture estim\u00e9e\" \/>\n\t<meta name=\"twitter:data1\" content=\"4 minutes\" \/>\n<script type=\"application\/ld+json\" class=\"yoast-schema-graph\">{\"@context\":\"https:\\\/\\\/schema.org\",\"@graph\":[{\"@type\":\"WebPage\",\"@id\":\"https:\\\/\\\/rexel.be\\\/fr\\\/produits\\\/verlichting\\\/\",\"url\":\"https:\\\/\\\/rexel.be\\\/fr\\\/produits\\\/verlichting\\\/\",\"name\":\"Solutions d'\u00e9clairage pour chaque projet - Rexel Belgique\",\"isPartOf\":{\"@id\":\"https:\\\/\\\/rexel.be\\\/fr\\\/#website\"},\"primaryImageOfPage\":{\"@id\":\"https:\\\/\\\/rexel.be\\\/fr\\\/produits\\\/verlichting\\\/#primaryimage\"},\"image\":{\"@id\":\"https:\\\/\\\/rexel.be\\\/fr\\\/produits\\\/verlichting\\\/#primaryimage\"},\"thumbnailUrl\":\"https:\\\/\\\/rexel.be\\\/wp-content\\\/uploads\\\/2025\\\/08\\\/67a7fe6ed7b55410f6c2a15d0063b9af465c8e40-scaled.jpg\",\"datePublished\":\"2025-08-28T11:46:49+00:00\",\"dateModified\":\"2026-02-09T08:31:04+00:00\",\"description\":\"Plus de 400 marques d'\u00e9clairage d\u00e9coratif, technique et architectural. Conseils d'experts en gestion de l'\u00e9clairage et \u00e9clairage intelligent.\",\"breadcrumb\":{\"@id\":\"https:\\\/\\\/rexel.be\\\/fr\\\/produits\\\/verlichting\\\/#breadcrumb\"},\"inLanguage\":\"fr-FR\",\"potentialAction\":[{\"@type\":\"ReadAction\",\"target\":[\"https:\\\/\\\/rexel.be\\\/fr\\\/produits\\\/verlichting\\\/\"]}]},{\"@type\":\"ImageObject\",\"inLanguage\":\"fr-FR\",\"@id\":\"https:\\\/\\\/rexel.be\\\/fr\\\/produits\\\/verlichting\\\/#primaryimage\",\"url\":\"https:\\\/\\\/rexel.be\\\/wp-content\\\/uploads\\\/2025\\\/08\\\/67a7fe6ed7b55410f6c2a15d0063b9af465c8e40-scaled.jpg\",\"contentUrl\":\"https:\\\/\\\/rexel.be\\\/wp-content\\\/uploads\\\/2025\\\/08\\\/67a7fe6ed7b55410f6c2a15d0063b9af465c8e40-scaled.jpg\",\"width\":2560,\"height\":1707},{\"@type\":\"BreadcrumbList\",\"@id\":\"https:\\\/\\\/rexel.be\\\/fr\\\/produits\\\/verlichting\\\/#breadcrumb\",\"itemListElement\":[{\"@type\":\"ListItem\",\"position\":1,\"name\":\"Home\",\"item\":\"https:\\\/\\\/rexel.be\\\/fr\\\/\"},{\"@type\":\"ListItem\",\"position\":2,\"name\":\"Produits\",\"item\":\"https:\\\/\\\/rexel.be\\\/fr\\\/produits\\\/\"},{\"@type\":\"ListItem\",\"position\":3,\"name\":\"\u00c9clairage\"}]},{\"@type\":\"WebSite\",\"@id\":\"https:\\\/\\\/rexel.be\\\/fr\\\/#website\",\"url\":\"https:\\\/\\\/rexel.be\\\/fr\\\/\",\"name\":\"Rexel\",\"description\":\"\",\"potentialAction\":[{\"@type\":\"SearchAction\",\"target\":{\"@type\":\"EntryPoint\",\"urlTemplate\":\"https:\\\/\\\/rexel.be\\\/fr\\\/?s={search_term_string}\"},\"query-input\":{\"@type\":\"PropertyValueSpecification\",\"valueRequired\":true,\"valueName\":\"search_term_string\"}}],\"inLanguage\":\"fr-FR\"}]}<\/script>\n<!-- \/ Yoast SEO plugin. -->","yoast_head_json":{"title":"Solutions d'\u00e9clairage pour chaque projet - Rexel Belgique","description":"Plus de 400 marques d'\u00e9clairage d\u00e9coratif, technique et architectural. Conseils d'experts en gestion de l'\u00e9clairage et \u00e9clairage intelligent.","robots":{"index":"index","follow":"follow","max-snippet":"max-snippet:-1","max-image-preview":"max-image-preview:large","max-video-preview":"max-video-preview:-1"},"canonical":"https:\/\/rexel.be\/fr\/produits\/verlichting\/","og_locale":"fr_FR","og_type":"article","og_title":"Solutions d'\u00e9clairage pour chaque projet - Rexel Belgique","og_description":"Plus de 400 marques d'\u00e9clairage d\u00e9coratif, technique et architectural. Conseils d'experts en gestion de l'\u00e9clairage et \u00e9clairage intelligent.","og_url":"https:\/\/rexel.be\/fr\/produits\/verlichting\/","og_site_name":"Rexel","article_modified_time":"2026-02-09T08:31:04+00:00","og_image":[{"width":2560,"height":1707,"url":"https:\/\/rexel.be\/wp-content\/uploads\/2025\/08\/67a7fe6ed7b55410f6c2a15d0063b9af465c8e40-scaled.jpg","type":"image\/jpeg"}],"twitter_card":"summary_large_image","twitter_misc":{"Dur\u00e9e de lecture estim\u00e9e":"4 minutes"},"schema":{"@context":"https:\/\/schema.org","@graph":[{"@type":"WebPage","@id":"https:\/\/rexel.be\/fr\/produits\/verlichting\/","url":"https:\/\/rexel.be\/fr\/produits\/verlichting\/","name":"Solutions d'\u00e9clairage pour chaque projet - Rexel Belgique","isPartOf":{"@id":"https:\/\/rexel.be\/fr\/#website"},"primaryImageOfPage":{"@id":"https:\/\/rexel.be\/fr\/produits\/verlichting\/#primaryimage"},"image":{"@id":"https:\/\/rexel.be\/fr\/produits\/verlichting\/#primaryimage"},"thumbnailUrl":"https:\/\/rexel.be\/wp-content\/uploads\/2025\/08\/67a7fe6ed7b55410f6c2a15d0063b9af465c8e40-scaled.jpg","datePublished":"2025-08-28T11:46:49+00:00","dateModified":"2026-02-09T08:31:04+00:00","description":"Plus de 400 marques d'\u00e9clairage d\u00e9coratif, technique et architectural. Conseils d'experts en gestion de l'\u00e9clairage et \u00e9clairage intelligent.","breadcrumb":{"@id":"https:\/\/rexel.be\/fr\/produits\/verlichting\/#breadcrumb"},"inLanguage":"fr-FR","potentialAction":[{"@type":"ReadAction","target":["https:\/\/rexel.be\/fr\/produits\/verlichting\/"]}]},{"@type":"ImageObject","inLanguage":"fr-FR","@id":"https:\/\/rexel.be\/fr\/produits\/verlichting\/#primaryimage","url":"https:\/\/rexel.be\/wp-content\/uploads\/2025\/08\/67a7fe6ed7b55410f6c2a15d0063b9af465c8e40-scaled.jpg","contentUrl":"https:\/\/rexel.be\/wp-content\/uploads\/2025\/08\/67a7fe6ed7b55410f6c2a15d0063b9af465c8e40-scaled.jpg","width":2560,"height":1707},{"@type":"BreadcrumbList","@id":"https:\/\/rexel.be\/fr\/produits\/verlichting\/#breadcrumb","itemListElement":[{"@type":"ListItem","position":1,"name":"Home","item":"https:\/\/rexel.be\/fr\/"},{"@type":"ListItem","position":2,"name":"Produits","item":"https:\/\/rexel.be\/fr\/produits\/"},{"@type":"ListItem","position":3,"name":"\u00c9clairage"}]},{"@type":"WebSite","@id":"https:\/\/rexel.be\/fr\/#website","url":"https:\/\/rexel.be\/fr\/","name":"Rexel","description":"","potentialAction":[{"@type":"SearchAction","target":{"@type":"EntryPoint","urlTemplate":"https:\/\/rexel.be\/fr\/?s={search_term_string}"},"query-input":{"@type":"PropertyValueSpecification","valueRequired":true,"valueName":"search_term_string"}}],"inLanguage":"fr-FR"}]}},"_links":{"self":[{"href":"https:\/\/rexel.be\/fr\/wp-json\/wp\/v2\/product\/1002","targetHints":{"allow":["GET"]}}],"collection":[{"href":"https:\/\/rexel.be\/fr\/wp-json\/wp\/v2\/product"}],"about":[{"href":"https:\/\/rexel.be\/fr\/wp-json\/wp\/v2\/types\/product"}],"wp:featuredmedia":[{"embeddable":true,"href":"https:\/\/rexel.be\/fr\/wp-json\/wp\/v2\/media\/1004"}],"wp:attachment":[{"href":"https:\/\/rexel.be\/fr\/wp-json\/wp\/v2\/media?parent=1002"}],"curies":[{"name":"wp","href":"https:\/\/api.w.org\/{rel}","templated":true}]}}