{"id":3744,"date":"2026-01-20T14:31:42","date_gmt":"2026-01-20T13:31:42","guid":{"rendered":"https:\/\/rexel.be\/?page_id=3744"},"modified":"2026-01-20T14:36:48","modified_gmt":"2026-01-20T13:36:48","slug":"politique-de-protection-de-donnees-personnelles","status":"publish","type":"page","link":"https:\/\/rexel.be\/fr\/politique-de-protection-de-donnees-personnelles\/","title":{"rendered":"Politique de protection de donn\u00e9es personnelles"},"content":{"rendered":"\n<div class=\"wp-block-cover alignfull has-custom-content-position is-position-bottom-left has-white-color has-text-color has-link-color wp-elements-4726041c3a3ba3ed500774d2e118ff9f\" style=\"border-bottom-left-radius:80px;border-bottom-right-radius:80px;padding-bottom:var(--wp--preset--spacing--120-60);min-height:560px;aspect-ratio:unset;\"><span aria-hidden=\"true\" class=\"wp-block-cover__background has-dark-background-color has-background-dim-100 has-background-dim\"><\/span><div class=\"wp-block-cover__inner-container has-global-padding is-layout-constrained wp-container-core-cover-is-layout-2b988179 wp-block-cover-is-layout-constrained\"><h1 class=\"has-link-color wp-elements-88f0857fdc8bad98dfdc5c16977574b2 wp-block-post-title has-text-color has-white-color\">Politique de protection de donn\u00e9es personnelles<\/h1>\n\n<div class=\"yoast-breadcrumbs\"><span><span><a href=\"https:\/\/rexel.be\/fr\/\">Home<\/a><\/span> <span class=\"sep\"><\/span> <span class=\"breadcrumb_last\" aria-current=\"page\">Politique de protection de donn\u00e9es personnelles<\/span><\/span><\/div><\/div><\/div>\n\n\n\n<div class=\"wp-block-group has-global-padding is-layout-constrained wp-block-group-is-layout-constrained\" style=\"padding-top:var(--wp--preset--spacing--60-40);padding-bottom:var(--wp--preset--spacing--60-40)\">\n<h1 class=\"wp-block-heading\">CANDIDATS EXTERNES<\/h1>\n\n\n\n<p><em>Version 10\/2025<\/em><\/p>\n<\/div>\n\n\n\n<h2 class=\"wp-block-heading\">Quelles donn\u00e9es personnelles traitons-nous ?<\/h2>\n\n\n\n<p>Nous veillons \u00e0 ne traiter que les informations pertinentes et strictement n\u00e9cessaires notamment :<\/p>\n\n\n\n<p><strong>Donn\u00e9es recueillies via votre dossier de candidature d\u00e9pos\u00e9e en ligne, adress\u00e9e par courrier, en r\u00e9ponse \u00e0 une annonce ou via un cabinet de recrutement :<\/strong><\/p>\n\n\n\n<ul class=\"wp-block-list\">\n<li>les informations d\u2019identification et coordonn\u00e9es personnelles (ex : pr\u00e9nom, nom, e-mail, adresse, num\u00e9ro de t\u00e9l\u00e9phone)<\/li>\n\n\n\n<li>les informations professionnelles (ex : exp\u00e9rience, comp\u00e9tences, formation)<\/li>\n\n\n\n<li>Et plus largement toute information et donn\u00e9es \u00e0 caract\u00e8re personnel que vous communiquerez spontan\u00e9ment dans le cadre de votre candidature, notamment les autres informations contenues dans votre CV.<\/li>\n<\/ul>\n\n\n\n<p><strong>Nous vous informons que nous pourrons \u00e9galement compl\u00e9ter votre profil avec des donn\u00e9es \u00e0 caract\u00e8re personnel utiles \u00e0 la gestion de votre candidature et collect\u00e9es :<\/strong><\/p>\n\n\n\n<ul class=\"wp-block-list\">\n<li>Lors de nos \u00e9changes oraux, \u00e9crits, t\u00e9l\u00e9phoniques ou nos entretiens physiques ;<\/li>\n\n\n\n<li>Les centres de d\u00e9veloppement\/ Assessment center<\/li>\n\n\n\n<li>Depuis les r\u00e9seaux sociaux professionnels ;<\/li>\n\n\n\n<li>Depuis toute source d\u2019information publique.<\/li>\n<\/ul>\n\n\n\n<h2 class=\"wp-block-heading\">Pourquoi traitons-nous vos donn\u00e9es ? Et sur quel fondement ?<\/h2>\n\n\n\n<p>Vos donn\u00e9es sont trait\u00e9es pour les finalit\u00e9s et sur les fondements juridiques ci-dessous :<\/p>\n\n\n\n<figure class=\"wp-block-table\"><table class=\"has-fixed-layout\"><tbody><tr><td><strong>Finalit\u00e9s<\/strong><\/td><td><strong>Bases l\u00e9gales<\/strong><\/td><\/tr><tr><td>G\u00e9rer le recrutement et les candidatures, de l\u2019offre d\u2019emploi au suivi des candidatures<\/td><td>Mesures pr\u00e9contractuelles (si r\u00e9ponse \u00e0 une offre) ou int\u00e9r\u00eat l\u00e9gitime (si candidature spontan\u00e9e)<\/td><\/tr><tr><td>R\u00e9unir les \u00e9l\u00e9ments n\u00e9cessaires pour pr\u00e9parer une promesse d\u2019embauche ou le contrat de travail<\/td><td>Mesures pr\u00e9contractuelles<\/td><\/tr><tr><td>G\u00e9rer un vivier de candidats pour des embauches ult\u00e9rieures<\/td><td>Int\u00e9r\u00eat l\u00e9gitime<\/td><\/tr><tr><td>Suivre les statistiques li\u00e9es au recrutement<\/td><td>Int\u00e9r\u00eat l\u00e9gitime<\/td><\/tr><tr><td>G\u00e9rer les demandes d\u2019exercice des droits du candidat sur les traitements de ses donn\u00e9es \u00e0 caract\u00e8re personnel (droit d\u2019acc\u00e8s, droit d\u2019opposition, droit \u00e0 la limitation du traitement \u2026)<\/td><td>Obligation l\u00e9gale<\/td><\/tr><tr><td>G\u00e9rer un \u00e9ventuel contentieux<\/td><td>Int\u00e9r\u00eat l\u00e9gitime<\/td><\/tr><\/tbody><\/table><\/figure>\n\n\n\n<h2 class=\"wp-block-heading\">Qui sont les destinataires de vos donn\u00e9es ?<\/h2>\n\n\n\n<p>Les donn\u00e9es \u00e0 caract\u00e8re personnel que nous collectons, de m\u00eame que celles qui sont recueillies ult\u00e9rieurement, nous sont destin\u00e9es en notre qualit\u00e9 de responsable de traitement.<\/p>\n\n\n\n<p>Nous veillons \u00e0 ce que seules les personnes habilit\u00e9es puissent avoir acc\u00e8s \u00e0 ces donn\u00e9es. Elles sont notamment transmises aux employ\u00e9s du d\u00e9partement des Ressources Humaines et pour certaines \u00e0 votre \u00e9ventuel futur sup\u00e9rieur hi\u00e9rarchique.<\/p>\n\n\n\n<p>Nos prestataires de services peuvent \u00eatre destinataires de ces donn\u00e9es pour r\u00e9aliser les prestations que nous leur confions. Certaines donn\u00e9es \u00e0 caract\u00e8re personnel peuvent \u00eatre adress\u00e9es \u00e0 des tiers ou \u00e0 des autorit\u00e9s l\u00e9galement habilit\u00e9es et ce pour satisfaire nos obligations l\u00e9gales, r\u00e9glementaires ou conventionnelles.<\/p>\n\n\n\n<p>Pour faciliter les recrutements, nous avons recours \u00e0 des cabinets de recrutement, des prestataires r\u00e9alisant des tests de personnalit\u00e9 et des plateformes en ligne ( LinkedIn, Forem, VDAB, Actiris,\u2026) .<\/p>\n\n\n\n<p>Certains de nos prestataires sont situ\u00e9s en dehors de l\u2019Espace Economique Europ\u00e9en. En cas de transferts internationaux, nous nous assurons que ces transferts soient s\u00e9curis\u00e9s et encadr\u00e9s par des garanties ad\u00e9quates, notamment par la conclusion de clauses contractuelles types de la Commission Europ\u00e9enne et par des mesures de s\u00e9curit\u00e9 appropri\u00e9es.<br>Vos donn\u00e9es \u00e0 caract\u00e8re personnel peuvent faire l\u2019objet d\u2019un rapprochement, d\u2019une mutualisation ou d\u2019un partage entre toutes les entit\u00e9s du groupe REXEL. Elles pourront \u00eatre communiqu\u00e9es \u00e0 ces entit\u00e9s pour des finalit\u00e9s vis\u00e9es aux pr\u00e9sentes. Ces op\u00e9rations sont r\u00e9alis\u00e9es sur la base d\u2019instruments conformes \u00e0 la r\u00e9glementation applicable et aptes \u00e0 vous assurer la protection et le respect de vos droits.<\/p>\n\n\n\n<h2 class=\"wp-block-heading\">Combien de temps conservons-nous vos donn\u00e9es ?<\/h2>\n\n\n\n<p>Vos donn\u00e9es \u00e0 caract\u00e8re personnel seront conserv\u00e9es pour la p\u00e9riode n\u00e9cessaire \u00e0 l\u2019aboutissement du processus de recrutement ou pour une p\u00e9riode plus longue dans les limites prescrites par la loi.<\/p>\n\n\n\n<p>Si votre candidature \u00e9tait retenue, vos donn\u00e9es \u00e0 caract\u00e8re personnel seraient transmises au d\u00e9partement Ressources Humaines pour g\u00e9rer votre int\u00e9gration : pr\u00e9paration d\u2019une promesse d\u2019embauche, contrat de travail\u2026 Ces donn\u00e9es seraient conserv\u00e9es au minimum 5 ans apr\u00e8s la fin de la relation contractuelle.<\/p>\n\n\n\n<p>Si votre candidature n\u2019\u00e9tait pas retenue, vos donn\u00e9es \u00e0 caract\u00e8re personnel pourraient \u00e9galement \u00eatre conserv\u00e9es afin d\u2019\u00e9tudier la possibilit\u00e9 de vous proposer d\u2019autres postes susceptibles de correspondre \u00e0 votre profil. En pareil cas, vos donn\u00e9es \u00e0 caract\u00e8re personnel seront conserv\u00e9es pendant une dur\u00e9e maximale de deux (2) ans \u00e0 compter du dernier contact avec vous.<\/p>\n\n\n\n<h2 class=\"wp-block-heading\">Quels sont vos droits ?<\/h2>\n\n\n\n<p>Conform\u00e9ment \u00e0 la r\u00e9glementation sur la protection des donn\u00e9es \u00e0 caract\u00e8re personnel, vous disposez des droits suivants :<\/p>\n\n\n\n<ul class=\"wp-block-list\">\n<li>droit d\u2019acc\u00e8s : vous pouvez acc\u00e9der aux informations que l\u2019on d\u00e9tient sur vous et en obtenir une copie ;<\/li>\n\n\n\n<li>droit de rectification : vous pouvez faire modifier, compl\u00e9ter, actualiser, effacer une donn\u00e9e vous concernant qui serait inexacte ;<\/li>\n\n\n\n<li>droit d\u2019opposition : vous pouvez vous opposer \u00e0 ce que nous traitions vos donn\u00e9es, sauf s\u2019il existe des motifs l\u00e9gitimes et imp\u00e9rieux pour nous de les traiter ;<\/li>\n\n\n\n<li>droit \u00e0 l\u2019effacement : vous pouvez demander \u00e0 ce que nous effacions les donn\u00e9es qui vous concernent dans la limite des conditions de l\u2019article 17 du RGPD ;<\/li>\n\n\n\n<li>droit \u00e0 la portabilit\u00e9 de vos donn\u00e9es : vous pouvez r\u00e9cup\u00e9rer les donn\u00e9es vous concernant pour les transf\u00e9rer \u00e0 un autre organisme ou pour un usage personnel ;<\/li>\n\n\n\n<li>droit \u00e0 la limitation du traitement ;<\/li>\n\n\n\n<li>droit de formuler des directives sp\u00e9cifiques et g\u00e9n\u00e9rales concernant la conservation, l\u2019effacement et la communication de vos donn\u00e9es post-mortem.<\/li>\n<\/ul>\n\n\n\n<p>En cas d\u2019absence de r\u00e9ponse ou de r\u00e9ponse que vous estimez insatisfaisante ou si vous estimez que les traitements de vos donn\u00e9es ne sont pas conformes aux dispositions l\u00e9gales et r\u00e9glementaires, vous avez la facult\u00e9 de saisir la L\u2019Autorit\u00e9 de Protection des Donn\u00e9es (APD) : <strong><a href=\"https:\/\/www.autoriteprotectiondonnees.be\/citoyen\/agir\/contact\">https:\/\/www.autoriteprotectiondonnees.be\/citoyen\/agir\/contact<\/a><\/strong><\/p>\n\n\n\n<h2 class=\"wp-block-heading\"><strong>Comment exercer vos droits ?<\/strong><\/h2>\n\n\n\n<p>Par demande \u00e9crite aupr\u00e8s de notre contact local de la Protection des Donn\u00e9es :<\/p>\n\n\n\n<div class=\"wp-block-columns is-layout-flex wp-container-core-columns-is-layout-28f84493 wp-block-columns-is-layout-flex\">\n<div class=\"wp-block-column is-layout-flow wp-block-column-is-layout-flow\">\n<div class=\"wp-block-outermost-icon-block items-justified-center\"><div class=\"icon-container has-icon-color has-dark-color\" style=\"color:#004A94;width:48px;transform:rotate(0deg) scaleX(1) scaleY(1)\"><svg xmlns=\"http:\/\/www.w3.org\/2000\/svg\" viewBox=\"0 0 640 640\"><path d=\"M352 348.4C416.1 333.9 464 276.5 464 208C464 128.5 399.5 64 320 64C240.5 64 176 128.5 176 208C176 276.5 223.9 333.9 288 348.4L288 544C288 561.7 302.3 576 320 576C337.7 576 352 561.7 352 544L352 348.4zM328 160C297.1 160 272 185.1 272 216C272 229.3 261.3 240 248 240C234.7 240 224 229.3 224 216C224 158.6 270.6 112 328 112C341.3 112 352 122.7 352 136C352 149.3 341.3 160 328 160z\"><\/path><\/svg><\/div><\/div>\n\n\n\n<p class=\"has-text-align-center has-dark-color has-text-color has-link-color wp-elements-6260345de95fffe05928ec1b1def0b2d\">Responsable Juridique &amp; Compliance<br>Zuiderlaan 91<br>1731 Zellik (Belgique)<\/p>\n<\/div>\n\n\n\n<div class=\"wp-block-column is-layout-flow wp-block-column-is-layout-flow\">\n<div class=\"wp-block-outermost-icon-block items-justified-center\"><div class=\"icon-container has-icon-color has-dark-color\" style=\"color:#004A94;width:48px;transform:rotate(0deg) scaleX(1) scaleY(1)\"><svg xmlns=\"http:\/\/www.w3.org\/2000\/svg\" viewBox=\"0 0 640 640\"><path d=\"M112 128C85.5 128 64 149.5 64 176C64 191.1 71.1 205.3 83.2 214.4L291.2 370.4C308.3 383.2 331.7 383.2 348.8 370.4L556.8 214.4C568.9 205.3 576 191.1 576 176C576 149.5 554.5 128 528 128L112 128zM64 260L64 448C64 483.3 92.7 512 128 512L512 512C547.3 512 576 483.3 576 448L576 260L377.6 408.8C343.5 434.4 296.5 434.4 262.4 408.8L64 260z\"><\/path><\/svg><\/div><\/div>\n\n\n\n<p class=\"has-text-align-center has-dark-color has-text-color has-link-color wp-elements-2649d4c4d64a20d1622036ac5094262c\"><a href=\"mailto:GDPR@rexel.be\">GDPR@rexel.be<\/a><\/p>\n<\/div>\n<\/div>\n\n\n\n<p>Par demande \u00e9crite aupr\u00e8s de notre D\u00e9l\u00e9gu\u00e9 \u00e0 la Protection des Donn\u00e9es :<\/p>\n\n\n\n<div class=\"wp-block-columns is-layout-flex wp-container-core-columns-is-layout-28f84493 wp-block-columns-is-layout-flex\">\n<div class=\"wp-block-column is-layout-flow wp-block-column-is-layout-flow\">\n<div class=\"wp-block-outermost-icon-block items-justified-center\"><div class=\"icon-container has-icon-color has-dark-color\" style=\"color:#004A94;width:48px;transform:rotate(0deg) scaleX(1) scaleY(1)\"><svg xmlns=\"http:\/\/www.w3.org\/2000\/svg\" viewBox=\"0 0 640 640\"><path d=\"M352 348.4C416.1 333.9 464 276.5 464 208C464 128.5 399.5 64 320 64C240.5 64 176 128.5 176 208C176 276.5 223.9 333.9 288 348.4L288 544C288 561.7 302.3 576 320 576C337.7 576 352 561.7 352 544L352 348.4zM328 160C297.1 160 272 185.1 272 216C272 229.3 261.3 240 248 240C234.7 240 224 229.3 224 216C224 158.6 270.6 112 328 112C341.3 112 352 122.7 352 136C352 149.3 341.3 160 328 160z\"><\/path><\/svg><\/div><\/div>\n\n\n\n<p class=\"has-text-align-center has-dark-color has-text-color has-link-color wp-elements-4af11fa3115208bbc15d0372f0329dda\">Direction Juridique &amp; Compliance<br>13, boulevard du Fort de Vaux<br>CS 60002<br>75838 Parijs cedex 17 (France)<\/p>\n<\/div>\n\n\n\n<div class=\"wp-block-column is-layout-flow wp-block-column-is-layout-flow\">\n<div class=\"wp-block-outermost-icon-block items-justified-center\"><div class=\"icon-container has-icon-color has-dark-color\" style=\"color:#004A94;width:48px;transform:rotate(0deg) scaleX(1) scaleY(1)\"><svg xmlns=\"http:\/\/www.w3.org\/2000\/svg\" viewBox=\"0 0 640 640\"><path d=\"M112 128C85.5 128 64 149.5 64 176C64 191.1 71.1 205.3 83.2 214.4L291.2 370.4C308.3 383.2 331.7 383.2 348.8 370.4L556.8 214.4C568.9 205.3 576 191.1 576 176C576 149.5 554.5 128 528 128L112 128zM64 260L64 448C64 483.3 92.7 512 128 512L512 512C547.3 512 576 483.3 576 448L576 260L377.6 408.8C343.5 434.4 296.5 434.4 262.4 408.8L64 260z\"><\/path><\/svg><\/div><\/div>\n\n\n\n<p class=\"has-text-align-center has-dark-color has-text-color has-link-color wp-elements-ebd44cbf83bb1cebe1ff3178270fe779\"><a href=\"mailto:data.protection@rexel.com\">data.protection@rexel.com<\/a><\/p>\n<\/div>\n<\/div>\n","protected":false},"excerpt":{"rendered":"<p>CANDIDATS EXTERNES Version 10\/2025 Quelles donn\u00e9es personnelles traitons-nous ? Nous veillons \u00e0 ne traiter que les informations pertinentes et strictement n\u00e9cessaires notamment : Donn\u00e9es recueillies via votre dossier de candidature d\u00e9pos\u00e9e en ligne, adress\u00e9e par courrier, en r\u00e9ponse \u00e0 une annonce ou via un cabinet de recrutement : Nous vous informons que nous pourrons \u00e9galement [&hellip;]<\/p>\n","protected":false},"author":3,"featured_media":0,"parent":0,"menu_order":0,"comment_status":"closed","ping_status":"closed","template":"","meta":{"_acf_changed":false,"inline_featured_image":false,"footnotes":"","_links_to":"","_links_to_target":""},"class_list":["post-3744","page","type-page","status-publish","hentry"],"acf":[],"yoast_head":"<!-- This site is optimized with the Yoast SEO plugin v26.9 - https:\/\/yoast.com\/product\/yoast-seo-wordpress\/ -->\n<title>Politique de protection de donn\u00e9es personnelles - Rexel<\/title>\n<meta name=\"robots\" content=\"noindex, nofollow\" \/>\n<meta property=\"og:locale\" content=\"fr_FR\" \/>\n<meta property=\"og:type\" content=\"article\" \/>\n<meta property=\"og:title\" content=\"Politique de protection de donn\u00e9es personnelles - Rexel\" \/>\n<meta property=\"og:description\" content=\"CANDIDATS EXTERNES Version 10\/2025 Quelles donn\u00e9es personnelles traitons-nous ? Nous veillons \u00e0 ne traiter que les informations pertinentes et strictement n\u00e9cessaires notamment : Donn\u00e9es recueillies via votre dossier de candidature d\u00e9pos\u00e9e en ligne, adress\u00e9e par courrier, en r\u00e9ponse \u00e0 une annonce ou via un cabinet de recrutement : Nous vous informons que nous pourrons \u00e9galement [&hellip;]\" \/>\n<meta property=\"og:url\" content=\"https:\/\/rexel.be\/fr\/politique-de-protection-de-donnees-personnelles\/\" \/>\n<meta property=\"og:site_name\" content=\"Rexel\" \/>\n<meta property=\"article:modified_time\" content=\"2026-01-20T13:36:48+00:00\" \/>\n<meta name=\"twitter:card\" content=\"summary_large_image\" \/>\n<meta name=\"twitter:label1\" content=\"Dur\u00e9e de lecture estim\u00e9e\" \/>\n\t<meta name=\"twitter:data1\" content=\"5 minutes\" \/>\n<script type=\"application\/ld+json\" class=\"yoast-schema-graph\">{\"@context\":\"https:\/\/schema.org\",\"@graph\":[{\"@type\":\"WebPage\",\"@id\":\"https:\/\/rexel.be\/fr\/politique-de-protection-de-donnees-personnelles\/\",\"url\":\"https:\/\/rexel.be\/fr\/politique-de-protection-de-donnees-personnelles\/\",\"name\":\"Politique de protection de donn\u00e9es personnelles - Rexel\",\"isPartOf\":{\"@id\":\"https:\/\/rexel.be\/fr\/#website\"},\"datePublished\":\"2026-01-20T13:31:42+00:00\",\"dateModified\":\"2026-01-20T13:36:48+00:00\",\"breadcrumb\":{\"@id\":\"https:\/\/rexel.be\/fr\/politique-de-protection-de-donnees-personnelles\/#breadcrumb\"},\"inLanguage\":\"fr-FR\",\"potentialAction\":[{\"@type\":\"ReadAction\",\"target\":[\"https:\/\/rexel.be\/fr\/politique-de-protection-de-donnees-personnelles\/\"]}]},{\"@type\":\"BreadcrumbList\",\"@id\":\"https:\/\/rexel.be\/fr\/politique-de-protection-de-donnees-personnelles\/#breadcrumb\",\"itemListElement\":[{\"@type\":\"ListItem\",\"position\":1,\"name\":\"Home\",\"item\":\"https:\/\/rexel.be\/fr\/\"},{\"@type\":\"ListItem\",\"position\":2,\"name\":\"Politique de protection de donn\u00e9es personnelles\"}]},{\"@type\":\"WebSite\",\"@id\":\"https:\/\/rexel.be\/fr\/#website\",\"url\":\"https:\/\/rexel.be\/fr\/\",\"name\":\"Rexel\",\"description\":\"\",\"potentialAction\":[{\"@type\":\"SearchAction\",\"target\":{\"@type\":\"EntryPoint\",\"urlTemplate\":\"https:\/\/rexel.be\/fr\/?s={search_term_string}\"},\"query-input\":{\"@type\":\"PropertyValueSpecification\",\"valueRequired\":true,\"valueName\":\"search_term_string\"}}],\"inLanguage\":\"fr-FR\"}]}<\/script>\n<!-- \/ Yoast SEO plugin. -->","yoast_head_json":{"title":"Politique de protection de donn\u00e9es personnelles - Rexel","robots":{"index":"noindex","follow":"nofollow"},"og_locale":"fr_FR","og_type":"article","og_title":"Politique de protection de donn\u00e9es personnelles - Rexel","og_description":"CANDIDATS EXTERNES Version 10\/2025 Quelles donn\u00e9es personnelles traitons-nous ? Nous veillons \u00e0 ne traiter que les informations pertinentes et strictement n\u00e9cessaires notamment : Donn\u00e9es recueillies via votre dossier de candidature d\u00e9pos\u00e9e en ligne, adress\u00e9e par courrier, en r\u00e9ponse \u00e0 une annonce ou via un cabinet de recrutement : Nous vous informons que nous pourrons \u00e9galement [&hellip;]","og_url":"https:\/\/rexel.be\/fr\/politique-de-protection-de-donnees-personnelles\/","og_site_name":"Rexel","article_modified_time":"2026-01-20T13:36:48+00:00","twitter_card":"summary_large_image","twitter_misc":{"Dur\u00e9e de lecture estim\u00e9e":"5 minutes"},"schema":{"@context":"https:\/\/schema.org","@graph":[{"@type":"WebPage","@id":"https:\/\/rexel.be\/fr\/politique-de-protection-de-donnees-personnelles\/","url":"https:\/\/rexel.be\/fr\/politique-de-protection-de-donnees-personnelles\/","name":"Politique de protection de donn\u00e9es personnelles - Rexel","isPartOf":{"@id":"https:\/\/rexel.be\/fr\/#website"},"datePublished":"2026-01-20T13:31:42+00:00","dateModified":"2026-01-20T13:36:48+00:00","breadcrumb":{"@id":"https:\/\/rexel.be\/fr\/politique-de-protection-de-donnees-personnelles\/#breadcrumb"},"inLanguage":"fr-FR","potentialAction":[{"@type":"ReadAction","target":["https:\/\/rexel.be\/fr\/politique-de-protection-de-donnees-personnelles\/"]}]},{"@type":"BreadcrumbList","@id":"https:\/\/rexel.be\/fr\/politique-de-protection-de-donnees-personnelles\/#breadcrumb","itemListElement":[{"@type":"ListItem","position":1,"name":"Home","item":"https:\/\/rexel.be\/fr\/"},{"@type":"ListItem","position":2,"name":"Politique de protection de donn\u00e9es personnelles"}]},{"@type":"WebSite","@id":"https:\/\/rexel.be\/fr\/#website","url":"https:\/\/rexel.be\/fr\/","name":"Rexel","description":"","potentialAction":[{"@type":"SearchAction","target":{"@type":"EntryPoint","urlTemplate":"https:\/\/rexel.be\/fr\/?s={search_term_string}"},"query-input":{"@type":"PropertyValueSpecification","valueRequired":true,"valueName":"search_term_string"}}],"inLanguage":"fr-FR"}]}},"_links":{"self":[{"href":"https:\/\/rexel.be\/fr\/wp-json\/wp\/v2\/pages\/3744","targetHints":{"allow":["GET"]}}],"collection":[{"href":"https:\/\/rexel.be\/fr\/wp-json\/wp\/v2\/pages"}],"about":[{"href":"https:\/\/rexel.be\/fr\/wp-json\/wp\/v2\/types\/page"}],"author":[{"embeddable":true,"href":"https:\/\/rexel.be\/fr\/wp-json\/wp\/v2\/users\/3"}],"replies":[{"embeddable":true,"href":"https:\/\/rexel.be\/fr\/wp-json\/wp\/v2\/comments?post=3744"}],"version-history":[{"count":3,"href":"https:\/\/rexel.be\/fr\/wp-json\/wp\/v2\/pages\/3744\/revisions"}],"predecessor-version":[{"id":3749,"href":"https:\/\/rexel.be\/fr\/wp-json\/wp\/v2\/pages\/3744\/revisions\/3749"}],"wp:attachment":[{"href":"https:\/\/rexel.be\/fr\/wp-json\/wp\/v2\/media?parent=3744"}],"curies":[{"name":"wp","href":"https:\/\/api.w.org\/{rel}","templated":true}]}}