{"id":3382,"date":"2026-01-07T15:54:10","date_gmt":"2026-01-07T14:54:10","guid":{"rendered":"https:\/\/rexel.be\/?page_id=3382"},"modified":"2026-01-20T15:39:43","modified_gmt":"2026-01-20T14:39:43","slug":"pieces-detachees-hvac","status":"publish","type":"page","link":"https:\/\/rexel.be\/fr\/configurateurs\/pieces-detachees-hvac\/","title":{"rendered":"Configurateur pi\u00e8ces d\u00e9tach\u00e9es HVAC"},"content":{"rendered":"\n<div class=\"wp-block-cover alignfull has-custom-content-position is-position-bottom-left has-white-color has-text-color has-link-color wp-elements-4726041c3a3ba3ed500774d2e118ff9f\" style=\"border-bottom-left-radius:80px;border-bottom-right-radius:80px;padding-bottom:var(--wp--preset--spacing--120-60);min-height:560px;aspect-ratio:unset;\"><span aria-hidden=\"true\" class=\"wp-block-cover__background has-dark-background-color has-background-dim-100 has-background-dim\"><\/span><div class=\"wp-block-cover__inner-container has-global-padding is-layout-constrained wp-container-core-cover-is-layout-2b988179 wp-block-cover-is-layout-constrained\"><h1 class=\"has-link-color wp-elements-88f0857fdc8bad98dfdc5c16977574b2 wp-block-post-title has-text-color has-white-color\">Configurateur pi\u00e8ces d\u00e9tach\u00e9es HVAC<\/h1>\n\n<div class=\"yoast-breadcrumbs\"><span><span><a href=\"https:\/\/rexel.be\/fr\/\">Home<\/a><\/span> <span class=\"sep\"><\/span> <span><a href=\"https:\/\/rexel.be\/fr\/configurateurs\/\">Configurateurs<\/a><\/span> <span class=\"sep\"><\/span> <span class=\"breadcrumb_last\" aria-current=\"page\">Configurateur pi\u00e8ces d\u00e9tach\u00e9es HVAC<\/span><\/span><\/div><\/div><\/div>\n\n\n\n<div class=\"wp-block-group has-global-padding is-layout-constrained wp-container-core-group-is-layout-5b7efff7 wp-block-group-is-layout-constrained\" style=\"border-top-left-radius:20px;border-top-right-radius:20px;border-bottom-left-radius:20px;border-bottom-right-radius:20px;padding-top:var(--wp--preset--spacing--60-40);padding-right:var(--wp--preset--spacing--60-40);padding-bottom:var(--wp--preset--spacing--60-40);padding-left:var(--wp--preset--spacing--60-40)\">\n<div class=\"wp-block-columns are-vertically-aligned-center is-layout-flex wp-container-core-columns-is-layout-8005d7ef wp-block-columns-is-layout-flex\">\n<div class=\"wp-block-column is-vertically-aligned-center is-layout-flow wp-block-column-is-layout-flow\">\n<figure class=\"wp-block-image size-full\"><img loading=\"lazy\" decoding=\"async\" width=\"1563\" height=\"920\" src=\"https:\/\/rexel.be\/wp-content\/uploads\/2025\/11\/Configurator-NL-2.gif\" alt=\"\" class=\"wp-image-2243\"\/><\/figure>\n<\/div>\n\n\n\n<div class=\"wp-block-column is-vertically-aligned-center is-layout-flow wp-block-column-is-layout-flow\">\n<h2 class=\"wp-block-heading\">Un configurateur innovant, pour facilement rechercher la pi\u00e8ce souhait\u00e9e sur base des sch\u00e9mas techniques.<\/h2>\n\n\n\n<p>Gr\u00e2ce \u00e0 un configurateur innovant, qui sera disponible sur Netstore, les installateurs peuvent facilement rechercher la pi\u00e8ce souhait\u00e9e sur base des sch\u00e9mas techniques.<\/p>\n\n\n\n<p>Il suffit de s\u00e9lectionner la marque, d\u2019indiquer l\u2019application et\/ou le type\/la s\u00e9rie pour voir appara\u00eetre toutes les pi\u00e8ces qui peuvent \u00eatre command\u00e9es imm\u00e9diatement.<\/p>\n\n\n\n<div class=\"wp-block-buttons is-layout-flex wp-block-buttons-is-layout-flex\">\n<div class=\"wp-block-button is-style-green is-style-green--1\"><a class=\"wp-block-button__link wp-element-button\" href=\"https:\/\/netstore.rexel.be\/NS\/Start?dm&amp;language=FR&amp;action=rd&amp;to=tool&amp;var1=TOOL_SPAREPARTS_LP&amp;utm_source=300&amp;utm_medium=email&amp;utm_campaign=Rexel_spareparts&amp;utm_content=deeplink_TOOL_SPAREPARTS_LP_crmmail_FR\" target=\"_blank\" rel=\"noreferrer noopener\">Tester le configurateur sur Netstore<\/a><\/div>\n<\/div>\n<\/div>\n<\/div>\n<\/div>\n\n\n\n<p><\/p>\n","protected":false},"excerpt":{"rendered":"<p>Un configurateur innovant, pour facilement rechercher la pi\u00e8ce souhait\u00e9e sur base des sch\u00e9mas techniques. Gr\u00e2ce \u00e0 un configurateur innovant, qui sera disponible sur Netstore, les installateurs peuvent facilement rechercher la pi\u00e8ce souhait\u00e9e sur base des sch\u00e9mas techniques. Il suffit de s\u00e9lectionner la marque, d\u2019indiquer l\u2019application et\/ou le type\/la s\u00e9rie pour voir appara\u00eetre toutes les pi\u00e8ces [&hellip;]<\/p>\n","protected":false},"author":3,"featured_media":0,"parent":3320,"menu_order":0,"comment_status":"closed","ping_status":"closed","template":"","meta":{"_acf_changed":false,"inline_featured_image":false,"footnotes":"","_links_to":"","_links_to_target":""},"class_list":["post-3382","page","type-page","status-publish","hentry"],"acf":[],"yoast_head":"<!-- This site is optimized with the Yoast SEO plugin v27.4 - https:\/\/yoast.com\/product\/yoast-seo-wordpress\/ -->\n<title>Configurateur pi\u00e8ces d\u00e9tach\u00e9es HVAC - Rexel Belgium<\/title>\n<meta name=\"description\" content=\"Un configurateur innovant pour rechercher facilement les pi\u00e8ces HVAC souhait\u00e9es \u00e0 partir de dessins techniques.\" \/>\n<meta name=\"robots\" content=\"index, follow, max-snippet:-1, max-image-preview:large, max-video-preview:-1\" \/>\n<link rel=\"canonical\" href=\"https:\/\/rexel.be\/fr\/configurateurs\/pieces-detachees-hvac\/\" \/>\n<meta property=\"og:locale\" content=\"fr_FR\" \/>\n<meta property=\"og:type\" content=\"article\" \/>\n<meta property=\"og:title\" content=\"Configurateur pi\u00e8ces d\u00e9tach\u00e9es HVAC - Rexel Belgium\" \/>\n<meta property=\"og:description\" content=\"Un configurateur innovant pour rechercher facilement les pi\u00e8ces HVAC souhait\u00e9es \u00e0 partir de dessins techniques.\" \/>\n<meta property=\"og:url\" content=\"https:\/\/rexel.be\/fr\/configurateurs\/pieces-detachees-hvac\/\" \/>\n<meta property=\"og:site_name\" content=\"Rexel\" \/>\n<meta property=\"article:modified_time\" content=\"2026-01-20T14:39:43+00:00\" \/>\n<meta property=\"og:image\" content=\"https:\/\/rexel.be\/wp-content\/uploads\/2025\/11\/Configurator-NL-2-1024x603.gif\" \/>\n\t<meta property=\"og:image:width\" content=\"1024\" \/>\n\t<meta property=\"og:image:height\" content=\"603\" \/>\n\t<meta property=\"og:image:type\" content=\"image\/gif\" \/>\n<meta name=\"twitter:card\" content=\"summary_large_image\" \/>\n<meta name=\"twitter:label1\" content=\"Dur\u00e9e de lecture estim\u00e9e\" \/>\n\t<meta name=\"twitter:data1\" content=\"1 minute\" \/>\n<script type=\"application\/ld+json\" class=\"yoast-schema-graph\">{\"@context\":\"https:\\\/\\\/schema.org\",\"@graph\":[{\"@type\":\"WebPage\",\"@id\":\"https:\\\/\\\/rexel.be\\\/fr\\\/configurateurs\\\/pieces-detachees-hvac\\\/\",\"url\":\"https:\\\/\\\/rexel.be\\\/fr\\\/configurateurs\\\/pieces-detachees-hvac\\\/\",\"name\":\"Configurateur pi\u00e8ces d\u00e9tach\u00e9es HVAC - Rexel Belgium\",\"isPartOf\":{\"@id\":\"https:\\\/\\\/rexel.be\\\/fr\\\/#website\"},\"primaryImageOfPage\":{\"@id\":\"https:\\\/\\\/rexel.be\\\/fr\\\/configurateurs\\\/pieces-detachees-hvac\\\/#primaryimage\"},\"image\":{\"@id\":\"https:\\\/\\\/rexel.be\\\/fr\\\/configurateurs\\\/pieces-detachees-hvac\\\/#primaryimage\"},\"thumbnailUrl\":\"https:\\\/\\\/rexel.be\\\/wp-content\\\/uploads\\\/2025\\\/11\\\/Configurator-NL-2.gif\",\"datePublished\":\"2026-01-07T14:54:10+00:00\",\"dateModified\":\"2026-01-20T14:39:43+00:00\",\"description\":\"Un configurateur innovant pour rechercher facilement les pi\u00e8ces HVAC souhait\u00e9es \u00e0 partir de dessins techniques.\",\"breadcrumb\":{\"@id\":\"https:\\\/\\\/rexel.be\\\/fr\\\/configurateurs\\\/pieces-detachees-hvac\\\/#breadcrumb\"},\"inLanguage\":\"fr-FR\",\"potentialAction\":[{\"@type\":\"ReadAction\",\"target\":[\"https:\\\/\\\/rexel.be\\\/fr\\\/configurateurs\\\/pieces-detachees-hvac\\\/\"]}]},{\"@type\":\"ImageObject\",\"inLanguage\":\"fr-FR\",\"@id\":\"https:\\\/\\\/rexel.be\\\/fr\\\/configurateurs\\\/pieces-detachees-hvac\\\/#primaryimage\",\"url\":\"https:\\\/\\\/rexel.be\\\/wp-content\\\/uploads\\\/2025\\\/11\\\/Configurator-NL-2.gif\",\"contentUrl\":\"https:\\\/\\\/rexel.be\\\/wp-content\\\/uploads\\\/2025\\\/11\\\/Configurator-NL-2.gif\"},{\"@type\":\"BreadcrumbList\",\"@id\":\"https:\\\/\\\/rexel.be\\\/fr\\\/configurateurs\\\/pieces-detachees-hvac\\\/#breadcrumb\",\"itemListElement\":[{\"@type\":\"ListItem\",\"position\":1,\"name\":\"Home\",\"item\":\"https:\\\/\\\/rexel.be\\\/fr\\\/\"},{\"@type\":\"ListItem\",\"position\":2,\"name\":\"Configurateurs\",\"item\":\"https:\\\/\\\/rexel.be\\\/fr\\\/configurateurs\\\/\"},{\"@type\":\"ListItem\",\"position\":3,\"name\":\"Configurateur pi\u00e8ces d\u00e9tach\u00e9es HVAC\"}]},{\"@type\":\"WebSite\",\"@id\":\"https:\\\/\\\/rexel.be\\\/fr\\\/#website\",\"url\":\"https:\\\/\\\/rexel.be\\\/fr\\\/\",\"name\":\"Rexel\",\"description\":\"\",\"potentialAction\":[{\"@type\":\"SearchAction\",\"target\":{\"@type\":\"EntryPoint\",\"urlTemplate\":\"https:\\\/\\\/rexel.be\\\/fr\\\/?s={search_term_string}\"},\"query-input\":{\"@type\":\"PropertyValueSpecification\",\"valueRequired\":true,\"valueName\":\"search_term_string\"}}],\"inLanguage\":\"fr-FR\"}]}<\/script>\n<!-- \/ Yoast SEO plugin. -->","yoast_head_json":{"title":"Configurateur pi\u00e8ces d\u00e9tach\u00e9es HVAC - Rexel Belgium","description":"Un configurateur innovant pour rechercher facilement les pi\u00e8ces HVAC souhait\u00e9es \u00e0 partir de dessins techniques.","robots":{"index":"index","follow":"follow","max-snippet":"max-snippet:-1","max-image-preview":"max-image-preview:large","max-video-preview":"max-video-preview:-1"},"canonical":"https:\/\/rexel.be\/fr\/configurateurs\/pieces-detachees-hvac\/","og_locale":"fr_FR","og_type":"article","og_title":"Configurateur pi\u00e8ces d\u00e9tach\u00e9es HVAC - Rexel Belgium","og_description":"Un configurateur innovant pour rechercher facilement les pi\u00e8ces HVAC souhait\u00e9es \u00e0 partir de dessins techniques.","og_url":"https:\/\/rexel.be\/fr\/configurateurs\/pieces-detachees-hvac\/","og_site_name":"Rexel","article_modified_time":"2026-01-20T14:39:43+00:00","og_image":[{"width":1024,"height":603,"url":"https:\/\/rexel.be\/wp-content\/uploads\/2025\/11\/Configurator-NL-2-1024x603.gif","type":"image\/gif"}],"twitter_card":"summary_large_image","twitter_misc":{"Dur\u00e9e de lecture estim\u00e9e":"1 minute"},"schema":{"@context":"https:\/\/schema.org","@graph":[{"@type":"WebPage","@id":"https:\/\/rexel.be\/fr\/configurateurs\/pieces-detachees-hvac\/","url":"https:\/\/rexel.be\/fr\/configurateurs\/pieces-detachees-hvac\/","name":"Configurateur pi\u00e8ces d\u00e9tach\u00e9es HVAC - Rexel Belgium","isPartOf":{"@id":"https:\/\/rexel.be\/fr\/#website"},"primaryImageOfPage":{"@id":"https:\/\/rexel.be\/fr\/configurateurs\/pieces-detachees-hvac\/#primaryimage"},"image":{"@id":"https:\/\/rexel.be\/fr\/configurateurs\/pieces-detachees-hvac\/#primaryimage"},"thumbnailUrl":"https:\/\/rexel.be\/wp-content\/uploads\/2025\/11\/Configurator-NL-2.gif","datePublished":"2026-01-07T14:54:10+00:00","dateModified":"2026-01-20T14:39:43+00:00","description":"Un configurateur innovant pour rechercher facilement les pi\u00e8ces HVAC souhait\u00e9es \u00e0 partir de dessins techniques.","breadcrumb":{"@id":"https:\/\/rexel.be\/fr\/configurateurs\/pieces-detachees-hvac\/#breadcrumb"},"inLanguage":"fr-FR","potentialAction":[{"@type":"ReadAction","target":["https:\/\/rexel.be\/fr\/configurateurs\/pieces-detachees-hvac\/"]}]},{"@type":"ImageObject","inLanguage":"fr-FR","@id":"https:\/\/rexel.be\/fr\/configurateurs\/pieces-detachees-hvac\/#primaryimage","url":"https:\/\/rexel.be\/wp-content\/uploads\/2025\/11\/Configurator-NL-2.gif","contentUrl":"https:\/\/rexel.be\/wp-content\/uploads\/2025\/11\/Configurator-NL-2.gif"},{"@type":"BreadcrumbList","@id":"https:\/\/rexel.be\/fr\/configurateurs\/pieces-detachees-hvac\/#breadcrumb","itemListElement":[{"@type":"ListItem","position":1,"name":"Home","item":"https:\/\/rexel.be\/fr\/"},{"@type":"ListItem","position":2,"name":"Configurateurs","item":"https:\/\/rexel.be\/fr\/configurateurs\/"},{"@type":"ListItem","position":3,"name":"Configurateur pi\u00e8ces d\u00e9tach\u00e9es HVAC"}]},{"@type":"WebSite","@id":"https:\/\/rexel.be\/fr\/#website","url":"https:\/\/rexel.be\/fr\/","name":"Rexel","description":"","potentialAction":[{"@type":"SearchAction","target":{"@type":"EntryPoint","urlTemplate":"https:\/\/rexel.be\/fr\/?s={search_term_string}"},"query-input":{"@type":"PropertyValueSpecification","valueRequired":true,"valueName":"search_term_string"}}],"inLanguage":"fr-FR"}]}},"_links":{"self":[{"href":"https:\/\/rexel.be\/fr\/wp-json\/wp\/v2\/pages\/3382","targetHints":{"allow":["GET"]}}],"collection":[{"href":"https:\/\/rexel.be\/fr\/wp-json\/wp\/v2\/pages"}],"about":[{"href":"https:\/\/rexel.be\/fr\/wp-json\/wp\/v2\/types\/page"}],"author":[{"embeddable":true,"href":"https:\/\/rexel.be\/fr\/wp-json\/wp\/v2\/users\/3"}],"replies":[{"embeddable":true,"href":"https:\/\/rexel.be\/fr\/wp-json\/wp\/v2\/comments?post=3382"}],"version-history":[{"count":3,"href":"https:\/\/rexel.be\/fr\/wp-json\/wp\/v2\/pages\/3382\/revisions"}],"predecessor-version":[{"id":3784,"href":"https:\/\/rexel.be\/fr\/wp-json\/wp\/v2\/pages\/3382\/revisions\/3784"}],"up":[{"embeddable":true,"href":"https:\/\/rexel.be\/fr\/wp-json\/wp\/v2\/pages\/3320"}],"wp:attachment":[{"href":"https:\/\/rexel.be\/fr\/wp-json\/wp\/v2\/media?parent=3382"}],"curies":[{"name":"wp","href":"https:\/\/api.w.org\/{rel}","templated":true}]}}