{"id":3378,"date":"2026-01-07T15:47:50","date_gmt":"2026-01-07T14:47:50","guid":{"rendered":"https:\/\/rexel.be\/?page_id=3378"},"modified":"2026-01-20T15:36:36","modified_gmt":"2026-01-20T14:36:36","slug":"bizline","status":"publish","type":"page","link":"https:\/\/rexel.be\/fr\/configurateurs\/bizline\/","title":{"rendered":"Bizline"},"content":{"rendered":"\n<div class=\"wp-block-cover alignfull has-custom-content-position is-position-bottom-left has-white-color has-text-color has-link-color wp-elements-4726041c3a3ba3ed500774d2e118ff9f\" style=\"border-bottom-left-radius:80px;border-bottom-right-radius:80px;padding-bottom:var(--wp--preset--spacing--120-60);min-height:560px;aspect-ratio:unset;\"><span aria-hidden=\"true\" class=\"wp-block-cover__background has-dark-background-color has-background-dim-100 has-background-dim\"><\/span><div class=\"wp-block-cover__inner-container has-global-padding is-layout-constrained wp-container-core-cover-is-layout-2b988179 wp-block-cover-is-layout-constrained\"><h1 class=\"has-link-color wp-elements-88f0857fdc8bad98dfdc5c16977574b2 wp-block-post-title has-text-color has-white-color\">Bizline<\/h1>\n\n<div class=\"yoast-breadcrumbs\"><span><span><a href=\"https:\/\/rexel.be\/fr\/\">Home<\/a><\/span> <span class=\"sep\"><\/span> <span><a href=\"https:\/\/rexel.be\/fr\/configurateurs\/\">Configurateurs<\/a><\/span> <span class=\"sep\"><\/span> <span class=\"breadcrumb_last\" aria-current=\"page\">Bizline<\/span><\/span><\/div><\/div><\/div>\n\n\n\n<div class=\"wp-block-group has-global-padding is-layout-constrained wp-block-group-is-layout-constrained\" style=\"padding-top:var(--wp--preset--spacing--60-40);padding-bottom:var(--wp--preset--spacing--60-40)\">\n<div class=\"wp-block-media-text is-stacked-on-mobile is-vertically-aligned-center\"><figure class=\"wp-block-media-text__media\"><img loading=\"lazy\" decoding=\"async\" width=\"1024\" height=\"641\" src=\"https:\/\/rexel.be\/wp-content\/uploads\/2026\/01\/0550visuel-main-1024x641.jpg\" alt=\"\" class=\"wp-image-3334 size-full\" srcset=\"https:\/\/rexel.be\/wp-content\/uploads\/2026\/01\/0550visuel-main-1024x641.jpg 1024w, https:\/\/rexel.be\/wp-content\/uploads\/2026\/01\/0550visuel-main-300x188.jpg 300w, https:\/\/rexel.be\/wp-content\/uploads\/2026\/01\/0550visuel-main-768x481.jpg 768w, https:\/\/rexel.be\/wp-content\/uploads\/2026\/01\/0550visuel-main-1536x961.jpg 1536w, https:\/\/rexel.be\/wp-content\/uploads\/2026\/01\/0550visuel-main.jpg 1550w\" sizes=\"auto, (max-width: 1024px) 100vw, 1024px\" \/><\/figure><div class=\"wp-block-media-text__content\">\n<h2 class=\"wp-block-heading\">Solutions tirage de c\u00e2bles de Bizline<\/h2>\n\n\n\n<p>Les aiguilles tire-fils sont le plus souvent indispensables lors d\u2019une installation \u00e9lectrique ou une r\u00e9novation. Il est essentiel de choisir l\u2019aiguille appropri\u00e9e en fonction des sp\u00e9cificit\u00e9s du chantier, notamment la longueur et la complexit\u00e9 du passage des c\u00e2bles.<br>Chaque type d\u2019aiguille, ou baguette, a ses avantages et est adapt\u00e9 \u00e0 des situations diff\u00e9rentes, permettant ainsi une installation efficace et s\u00e9curis\u00e9e des c\u00e2bles.<\/p>\n\n\n\n<p>Vous ne savez pas comment choisir votre aiguille ?<br>Nous vous guidons dans votre choix gr\u00e2ce \u00e0 notre configurateur !<\/p>\n\n\n\n<div class=\"wp-block-buttons is-layout-flex wp-block-buttons-is-layout-flex\">\n<div class=\"wp-block-button is-style-green is-style-green--1\"><a class=\"wp-block-button__link wp-element-button\" href=\"https:\/\/netstore.rexel.be\/NS\/Start?dm&amp;language=FR&amp;action=rd&amp;to=tool&amp;var1=TOOL_BIZ_TREKVEER&amp;utm_source=300&amp;utm_medium=Referral&amp;utm_campaign=Bizline_config_trekveer&amp;utm_content=deeplink_TOOL_BIZ_TREKVEER_rexelwebsite_FR\" target=\"_blank\" rel=\"noreferrer noopener\">D\u00e9couvrez les solutions tirage de c\u00e2bles de Bizline sur Netstore<\/a><\/div>\n<\/div>\n<\/div><\/div>\n<\/div>\n\n\n\n<p><\/p>\n","protected":false},"excerpt":{"rendered":"<p>Solutions tirage de c\u00e2bles de Bizline Les aiguilles tire-fils sont le plus souvent indispensables lors d\u2019une installation \u00e9lectrique ou une r\u00e9novation. Il est essentiel de choisir l\u2019aiguille appropri\u00e9e en fonction des sp\u00e9cificit\u00e9s du chantier, notamment la longueur et la complexit\u00e9 du passage des c\u00e2bles.Chaque type d\u2019aiguille, ou baguette, a ses avantages et est adapt\u00e9 \u00e0 [&hellip;]<\/p>\n","protected":false},"author":3,"featured_media":0,"parent":3320,"menu_order":0,"comment_status":"closed","ping_status":"closed","template":"","meta":{"_acf_changed":false,"inline_featured_image":false,"footnotes":"","_links_to":"","_links_to_target":""},"class_list":["post-3378","page","type-page","status-publish","hentry"],"acf":[],"yoast_head":"<!-- This site is optimized with the Yoast SEO plugin v26.9 - https:\/\/yoast.com\/product\/yoast-seo-wordpress\/ -->\n<title>Solutions tirage de c\u00e2bles de Bizline - Rexel Belgium<\/title>\n<meta name=\"description\" content=\"Trouvez l&#039;aiguille de tirage de c\u00e2ble id\u00e9ale pour la longueur et la complexit\u00e9 du trajet \u2014 utilisez notre configurateur pratique.\" \/>\n<meta name=\"robots\" content=\"index, follow, max-snippet:-1, max-image-preview:large, max-video-preview:-1\" \/>\n<link rel=\"canonical\" href=\"https:\/\/rexel.be\/fr\/configurateurs\/bizline\/\" \/>\n<meta property=\"og:locale\" content=\"fr_FR\" \/>\n<meta property=\"og:type\" content=\"article\" \/>\n<meta property=\"og:title\" content=\"Solutions tirage de c\u00e2bles de Bizline - Rexel Belgium\" \/>\n<meta property=\"og:description\" content=\"Trouvez l&#039;aiguille de tirage de c\u00e2ble id\u00e9ale pour la longueur et la complexit\u00e9 du trajet \u2014 utilisez notre configurateur pratique.\" \/>\n<meta property=\"og:url\" content=\"https:\/\/rexel.be\/fr\/configurateurs\/bizline\/\" \/>\n<meta property=\"og:site_name\" content=\"Rexel\" \/>\n<meta property=\"article:modified_time\" content=\"2026-01-20T14:36:36+00:00\" \/>\n<meta property=\"og:image\" content=\"https:\/\/rexel.be\/wp-content\/uploads\/2026\/01\/0550visuel-main.jpg\" \/>\n\t<meta property=\"og:image:width\" content=\"1550\" \/>\n\t<meta property=\"og:image:height\" content=\"970\" \/>\n\t<meta property=\"og:image:type\" content=\"image\/jpeg\" \/>\n<meta name=\"twitter:card\" content=\"summary_large_image\" \/>\n<meta name=\"twitter:label1\" content=\"Dur\u00e9e de lecture estim\u00e9e\" \/>\n\t<meta name=\"twitter:data1\" content=\"1 minute\" \/>\n<script type=\"application\/ld+json\" class=\"yoast-schema-graph\">{\"@context\":\"https:\/\/schema.org\",\"@graph\":[{\"@type\":\"WebPage\",\"@id\":\"https:\/\/rexel.be\/fr\/configurateurs\/bizline\/\",\"url\":\"https:\/\/rexel.be\/fr\/configurateurs\/bizline\/\",\"name\":\"Solutions tirage de c\u00e2bles de Bizline - Rexel Belgium\",\"isPartOf\":{\"@id\":\"https:\/\/rexel.be\/fr\/#website\"},\"primaryImageOfPage\":{\"@id\":\"https:\/\/rexel.be\/fr\/configurateurs\/bizline\/#primaryimage\"},\"image\":{\"@id\":\"https:\/\/rexel.be\/fr\/configurateurs\/bizline\/#primaryimage\"},\"thumbnailUrl\":\"https:\/\/rexel.be\/wp-content\/uploads\/2026\/01\/0550visuel-main-1024x641.jpg\",\"datePublished\":\"2026-01-07T14:47:50+00:00\",\"dateModified\":\"2026-01-20T14:36:36+00:00\",\"description\":\"Trouvez l'aiguille de tirage de c\u00e2ble id\u00e9ale pour la longueur et la complexit\u00e9 du trajet \u2014 utilisez notre configurateur pratique.\",\"breadcrumb\":{\"@id\":\"https:\/\/rexel.be\/fr\/configurateurs\/bizline\/#breadcrumb\"},\"inLanguage\":\"fr-FR\",\"potentialAction\":[{\"@type\":\"ReadAction\",\"target\":[\"https:\/\/rexel.be\/fr\/configurateurs\/bizline\/\"]}]},{\"@type\":\"ImageObject\",\"inLanguage\":\"fr-FR\",\"@id\":\"https:\/\/rexel.be\/fr\/configurateurs\/bizline\/#primaryimage\",\"url\":\"https:\/\/rexel.be\/wp-content\/uploads\/2026\/01\/0550visuel-main-1024x641.jpg\",\"contentUrl\":\"https:\/\/rexel.be\/wp-content\/uploads\/2026\/01\/0550visuel-main-1024x641.jpg\"},{\"@type\":\"BreadcrumbList\",\"@id\":\"https:\/\/rexel.be\/fr\/configurateurs\/bizline\/#breadcrumb\",\"itemListElement\":[{\"@type\":\"ListItem\",\"position\":1,\"name\":\"Home\",\"item\":\"https:\/\/rexel.be\/fr\/\"},{\"@type\":\"ListItem\",\"position\":2,\"name\":\"Configurateurs\",\"item\":\"https:\/\/rexel.be\/fr\/configurateurs\/\"},{\"@type\":\"ListItem\",\"position\":3,\"name\":\"Bizline\"}]},{\"@type\":\"WebSite\",\"@id\":\"https:\/\/rexel.be\/fr\/#website\",\"url\":\"https:\/\/rexel.be\/fr\/\",\"name\":\"Rexel\",\"description\":\"\",\"potentialAction\":[{\"@type\":\"SearchAction\",\"target\":{\"@type\":\"EntryPoint\",\"urlTemplate\":\"https:\/\/rexel.be\/fr\/?s={search_term_string}\"},\"query-input\":{\"@type\":\"PropertyValueSpecification\",\"valueRequired\":true,\"valueName\":\"search_term_string\"}}],\"inLanguage\":\"fr-FR\"}]}<\/script>\n<!-- \/ Yoast SEO plugin. -->","yoast_head_json":{"title":"Solutions tirage de c\u00e2bles de Bizline - Rexel Belgium","description":"Trouvez l'aiguille de tirage de c\u00e2ble id\u00e9ale pour la longueur et la complexit\u00e9 du trajet \u2014 utilisez notre configurateur pratique.","robots":{"index":"index","follow":"follow","max-snippet":"max-snippet:-1","max-image-preview":"max-image-preview:large","max-video-preview":"max-video-preview:-1"},"canonical":"https:\/\/rexel.be\/fr\/configurateurs\/bizline\/","og_locale":"fr_FR","og_type":"article","og_title":"Solutions tirage de c\u00e2bles de Bizline - Rexel Belgium","og_description":"Trouvez l'aiguille de tirage de c\u00e2ble id\u00e9ale pour la longueur et la complexit\u00e9 du trajet \u2014 utilisez notre configurateur pratique.","og_url":"https:\/\/rexel.be\/fr\/configurateurs\/bizline\/","og_site_name":"Rexel","article_modified_time":"2026-01-20T14:36:36+00:00","og_image":[{"width":1550,"height":970,"url":"https:\/\/rexel.be\/wp-content\/uploads\/2026\/01\/0550visuel-main.jpg","type":"image\/jpeg"}],"twitter_card":"summary_large_image","twitter_misc":{"Dur\u00e9e de lecture estim\u00e9e":"1 minute"},"schema":{"@context":"https:\/\/schema.org","@graph":[{"@type":"WebPage","@id":"https:\/\/rexel.be\/fr\/configurateurs\/bizline\/","url":"https:\/\/rexel.be\/fr\/configurateurs\/bizline\/","name":"Solutions tirage de c\u00e2bles de Bizline - Rexel Belgium","isPartOf":{"@id":"https:\/\/rexel.be\/fr\/#website"},"primaryImageOfPage":{"@id":"https:\/\/rexel.be\/fr\/configurateurs\/bizline\/#primaryimage"},"image":{"@id":"https:\/\/rexel.be\/fr\/configurateurs\/bizline\/#primaryimage"},"thumbnailUrl":"https:\/\/rexel.be\/wp-content\/uploads\/2026\/01\/0550visuel-main-1024x641.jpg","datePublished":"2026-01-07T14:47:50+00:00","dateModified":"2026-01-20T14:36:36+00:00","description":"Trouvez l'aiguille de tirage de c\u00e2ble id\u00e9ale pour la longueur et la complexit\u00e9 du trajet \u2014 utilisez notre configurateur pratique.","breadcrumb":{"@id":"https:\/\/rexel.be\/fr\/configurateurs\/bizline\/#breadcrumb"},"inLanguage":"fr-FR","potentialAction":[{"@type":"ReadAction","target":["https:\/\/rexel.be\/fr\/configurateurs\/bizline\/"]}]},{"@type":"ImageObject","inLanguage":"fr-FR","@id":"https:\/\/rexel.be\/fr\/configurateurs\/bizline\/#primaryimage","url":"https:\/\/rexel.be\/wp-content\/uploads\/2026\/01\/0550visuel-main-1024x641.jpg","contentUrl":"https:\/\/rexel.be\/wp-content\/uploads\/2026\/01\/0550visuel-main-1024x641.jpg"},{"@type":"BreadcrumbList","@id":"https:\/\/rexel.be\/fr\/configurateurs\/bizline\/#breadcrumb","itemListElement":[{"@type":"ListItem","position":1,"name":"Home","item":"https:\/\/rexel.be\/fr\/"},{"@type":"ListItem","position":2,"name":"Configurateurs","item":"https:\/\/rexel.be\/fr\/configurateurs\/"},{"@type":"ListItem","position":3,"name":"Bizline"}]},{"@type":"WebSite","@id":"https:\/\/rexel.be\/fr\/#website","url":"https:\/\/rexel.be\/fr\/","name":"Rexel","description":"","potentialAction":[{"@type":"SearchAction","target":{"@type":"EntryPoint","urlTemplate":"https:\/\/rexel.be\/fr\/?s={search_term_string}"},"query-input":{"@type":"PropertyValueSpecification","valueRequired":true,"valueName":"search_term_string"}}],"inLanguage":"fr-FR"}]}},"_links":{"self":[{"href":"https:\/\/rexel.be\/fr\/wp-json\/wp\/v2\/pages\/3378","targetHints":{"allow":["GET"]}}],"collection":[{"href":"https:\/\/rexel.be\/fr\/wp-json\/wp\/v2\/pages"}],"about":[{"href":"https:\/\/rexel.be\/fr\/wp-json\/wp\/v2\/types\/page"}],"author":[{"embeddable":true,"href":"https:\/\/rexel.be\/fr\/wp-json\/wp\/v2\/users\/3"}],"replies":[{"embeddable":true,"href":"https:\/\/rexel.be\/fr\/wp-json\/wp\/v2\/comments?post=3378"}],"version-history":[{"count":3,"href":"https:\/\/rexel.be\/fr\/wp-json\/wp\/v2\/pages\/3378\/revisions"}],"predecessor-version":[{"id":3781,"href":"https:\/\/rexel.be\/fr\/wp-json\/wp\/v2\/pages\/3378\/revisions\/3781"}],"up":[{"embeddable":true,"href":"https:\/\/rexel.be\/fr\/wp-json\/wp\/v2\/pages\/3320"}],"wp:attachment":[{"href":"https:\/\/rexel.be\/fr\/wp-json\/wp\/v2\/media?parent=3378"}],"curies":[{"name":"wp","href":"https:\/\/api.w.org\/{rel}","templated":true}]}}