{"id":3372,"date":"2026-01-07T15:43:21","date_gmt":"2026-01-07T14:43:21","guid":{"rendered":"https:\/\/rexel.be\/?page_id=3372"},"modified":"2026-01-20T15:33:47","modified_gmt":"2026-01-20T14:33:47","slug":"archelios","status":"publish","type":"page","link":"https:\/\/rexel.be\/fr\/configurateurs\/archelios\/","title":{"rendered":"Archelios"},"content":{"rendered":"\n<div class=\"wp-block-cover alignfull has-custom-content-position is-position-bottom-left has-white-color has-text-color has-link-color wp-elements-4726041c3a3ba3ed500774d2e118ff9f\" style=\"border-bottom-left-radius:80px;border-bottom-right-radius:80px;padding-bottom:var(--wp--preset--spacing--120-60);min-height:560px;aspect-ratio:unset;\"><span aria-hidden=\"true\" class=\"wp-block-cover__background has-dark-background-color has-background-dim-100 has-background-dim\"><\/span><div class=\"wp-block-cover__inner-container has-global-padding is-layout-constrained wp-container-core-cover-is-layout-2b988179 wp-block-cover-is-layout-constrained\"><h1 class=\"has-link-color wp-elements-88f0857fdc8bad98dfdc5c16977574b2 wp-block-post-title has-text-color has-white-color\">Archelios<\/h1>\n\n<div class=\"yoast-breadcrumbs\"><span><span><a href=\"https:\/\/rexel.be\/fr\/\">Home<\/a><\/span> <span class=\"sep\"><\/span> <span><a href=\"https:\/\/rexel.be\/fr\/configurateurs\/\">Configurateurs<\/a><\/span> <span class=\"sep\"><\/span> <span class=\"breadcrumb_last\" aria-current=\"page\">Archelios<\/span><\/span><\/div><\/div><\/div>\n\n\n\n<div class=\"wp-block-group has-global-padding is-layout-constrained wp-block-group-is-layout-constrained\" style=\"padding-top:var(--wp--preset--spacing--60-40);padding-bottom:var(--wp--preset--spacing--60-40)\">\n<div class=\"wp-block-columns are-vertically-aligned-center is-layout-flex wp-container-core-columns-is-layout-7a751c1d wp-block-columns-is-layout-flex\">\n<div class=\"wp-block-column is-vertically-aligned-center is-layout-flow wp-block-column-is-layout-flow\">\n<figure class=\"wp-block-embed is-type-video is-provider-youtube wp-block-embed-youtube wp-embed-aspect-16-9 wp-has-aspect-ratio\"><div class=\"wp-block-embed__wrapper\">\n<iframe loading=\"lazy\" title=\"archelios Suite - A complete management of your PV project\" width=\"500\" height=\"281\" src=\"https:\/\/www.youtube.com\/embed\/ngMMxxThniY?feature=oembed&#038;enablejsapi=1\" frameborder=\"0\" allow=\"accelerometer; autoplay; clipboard-write; encrypted-media; gyroscope; picture-in-picture; web-share\" referrerpolicy=\"strict-origin-when-cross-origin\" allowfullscreen><\/iframe>\n<\/div><\/figure>\n<\/div>\n\n\n\n<div class=\"wp-block-column is-vertically-aligned-center is-layout-flow wp-block-column-is-layout-flow\" style=\"flex-basis:33%\">\n<h2 class=\"wp-block-heading\">Un outil unique pour les professionnels du photovolta\u00efque<\/h2>\n\n\n\n<p>Avec archelios\u2122 Suite, vous pouvez \u00e9laborer un projet photovolta\u00efque complet depuis l\u2019\u00e9tude de faisabilit\u00e9 et la g\u00e9n\u00e9ration de calculs selon les normes internationales jusqu\u2019\u00e0 la documentation n\u00e9cessaire \u00e0 la construction. archelios\u2122 Suite est donc la solution la plus compl\u00e8te pour g\u00e9rer tous types d\u2019installations photovolta\u00efques.<\/p>\n\n\n\n<p>Plus d\u2019informations sur ce logiciel ?<\/p>\n\n\n\n<div class=\"wp-block-buttons is-layout-flex wp-block-buttons-is-layout-flex\">\n<div class=\"wp-block-button is-style-green is-style-green--1\"><a class=\"wp-block-button__link wp-element-button\" href=\"mailto:solar@rexel.be\" target=\"_blank\" rel=\"noreferrer noopener\">Contactez-nous<\/a><\/div>\n<\/div>\n<\/div>\n<\/div>\n<\/div>\n","protected":false},"excerpt":{"rendered":"<p>Un outil unique pour les professionnels du photovolta\u00efque Avec archelios\u2122 Suite, vous pouvez \u00e9laborer un projet photovolta\u00efque complet depuis l\u2019\u00e9tude de faisabilit\u00e9 et la g\u00e9n\u00e9ration de calculs selon les normes internationales jusqu\u2019\u00e0 la documentation n\u00e9cessaire \u00e0 la construction. archelios\u2122 Suite est donc la solution la plus compl\u00e8te pour g\u00e9rer tous types d\u2019installations photovolta\u00efques. Plus d\u2019informations [&hellip;]<\/p>\n","protected":false},"author":3,"featured_media":0,"parent":3320,"menu_order":0,"comment_status":"closed","ping_status":"closed","template":"","meta":{"_acf_changed":false,"inline_featured_image":false,"footnotes":"","_links_to":"","_links_to_target":""},"class_list":["post-3372","page","type-page","status-publish","hentry"],"acf":[],"yoast_head":"<!-- This site is optimized with the Yoast SEO plugin v26.9 - https:\/\/yoast.com\/product\/yoast-seo-wordpress\/ -->\n<title>Archelios - Rexel<\/title>\n<meta name=\"description\" content=\"Configurateur Archelios : concevez et simulez rapidement des syst\u00e8mes photovolta\u00efques. Calcul de rendement et assistance \u00e0 l&#039;\u00e9tablissement de devis.\" \/>\n<meta name=\"robots\" content=\"index, follow, max-snippet:-1, max-image-preview:large, max-video-preview:-1\" \/>\n<link rel=\"canonical\" href=\"https:\/\/rexel.be\/fr\/configurateurs\/archelios\/\" \/>\n<meta property=\"og:locale\" content=\"fr_FR\" \/>\n<meta property=\"og:type\" content=\"article\" \/>\n<meta property=\"og:title\" content=\"Archelios - Rexel\" \/>\n<meta property=\"og:description\" content=\"Configurateur Archelios : concevez et simulez rapidement des syst\u00e8mes photovolta\u00efques. Calcul de rendement et assistance \u00e0 l&#039;\u00e9tablissement de devis.\" \/>\n<meta property=\"og:url\" content=\"https:\/\/rexel.be\/fr\/configurateurs\/archelios\/\" \/>\n<meta property=\"og:site_name\" content=\"Rexel\" \/>\n<meta property=\"article:modified_time\" content=\"2026-01-20T14:33:47+00:00\" \/>\n<meta name=\"twitter:card\" content=\"summary_large_image\" \/>\n<meta name=\"twitter:label1\" content=\"Dur\u00e9e de lecture estim\u00e9e\" \/>\n\t<meta name=\"twitter:data1\" content=\"1 minute\" \/>\n<script type=\"application\/ld+json\" class=\"yoast-schema-graph\">{\"@context\":\"https:\/\/schema.org\",\"@graph\":[{\"@type\":\"WebPage\",\"@id\":\"https:\/\/rexel.be\/fr\/configurateurs\/archelios\/\",\"url\":\"https:\/\/rexel.be\/fr\/configurateurs\/archelios\/\",\"name\":\"Archelios - Rexel\",\"isPartOf\":{\"@id\":\"https:\/\/rexel.be\/fr\/#website\"},\"datePublished\":\"2026-01-07T14:43:21+00:00\",\"dateModified\":\"2026-01-20T14:33:47+00:00\",\"description\":\"Configurateur Archelios : concevez et simulez rapidement des syst\u00e8mes photovolta\u00efques. Calcul de rendement et assistance \u00e0 l'\u00e9tablissement de devis.\",\"breadcrumb\":{\"@id\":\"https:\/\/rexel.be\/fr\/configurateurs\/archelios\/#breadcrumb\"},\"inLanguage\":\"fr-FR\",\"potentialAction\":[{\"@type\":\"ReadAction\",\"target\":[\"https:\/\/rexel.be\/fr\/configurateurs\/archelios\/\"]}]},{\"@type\":\"BreadcrumbList\",\"@id\":\"https:\/\/rexel.be\/fr\/configurateurs\/archelios\/#breadcrumb\",\"itemListElement\":[{\"@type\":\"ListItem\",\"position\":1,\"name\":\"Home\",\"item\":\"https:\/\/rexel.be\/fr\/\"},{\"@type\":\"ListItem\",\"position\":2,\"name\":\"Configurateurs\",\"item\":\"https:\/\/rexel.be\/fr\/configurateurs\/\"},{\"@type\":\"ListItem\",\"position\":3,\"name\":\"Archelios\"}]},{\"@type\":\"WebSite\",\"@id\":\"https:\/\/rexel.be\/fr\/#website\",\"url\":\"https:\/\/rexel.be\/fr\/\",\"name\":\"Rexel\",\"description\":\"\",\"potentialAction\":[{\"@type\":\"SearchAction\",\"target\":{\"@type\":\"EntryPoint\",\"urlTemplate\":\"https:\/\/rexel.be\/fr\/?s={search_term_string}\"},\"query-input\":{\"@type\":\"PropertyValueSpecification\",\"valueRequired\":true,\"valueName\":\"search_term_string\"}}],\"inLanguage\":\"fr-FR\"}]}<\/script>\n<!-- \/ Yoast SEO plugin. -->","yoast_head_json":{"title":"Archelios - Rexel","description":"Configurateur Archelios : concevez et simulez rapidement des syst\u00e8mes photovolta\u00efques. Calcul de rendement et assistance \u00e0 l'\u00e9tablissement de devis.","robots":{"index":"index","follow":"follow","max-snippet":"max-snippet:-1","max-image-preview":"max-image-preview:large","max-video-preview":"max-video-preview:-1"},"canonical":"https:\/\/rexel.be\/fr\/configurateurs\/archelios\/","og_locale":"fr_FR","og_type":"article","og_title":"Archelios - Rexel","og_description":"Configurateur Archelios : concevez et simulez rapidement des syst\u00e8mes photovolta\u00efques. Calcul de rendement et assistance \u00e0 l'\u00e9tablissement de devis.","og_url":"https:\/\/rexel.be\/fr\/configurateurs\/archelios\/","og_site_name":"Rexel","article_modified_time":"2026-01-20T14:33:47+00:00","twitter_card":"summary_large_image","twitter_misc":{"Dur\u00e9e de lecture estim\u00e9e":"1 minute"},"schema":{"@context":"https:\/\/schema.org","@graph":[{"@type":"WebPage","@id":"https:\/\/rexel.be\/fr\/configurateurs\/archelios\/","url":"https:\/\/rexel.be\/fr\/configurateurs\/archelios\/","name":"Archelios - Rexel","isPartOf":{"@id":"https:\/\/rexel.be\/fr\/#website"},"datePublished":"2026-01-07T14:43:21+00:00","dateModified":"2026-01-20T14:33:47+00:00","description":"Configurateur Archelios : concevez et simulez rapidement des syst\u00e8mes photovolta\u00efques. Calcul de rendement et assistance \u00e0 l'\u00e9tablissement de devis.","breadcrumb":{"@id":"https:\/\/rexel.be\/fr\/configurateurs\/archelios\/#breadcrumb"},"inLanguage":"fr-FR","potentialAction":[{"@type":"ReadAction","target":["https:\/\/rexel.be\/fr\/configurateurs\/archelios\/"]}]},{"@type":"BreadcrumbList","@id":"https:\/\/rexel.be\/fr\/configurateurs\/archelios\/#breadcrumb","itemListElement":[{"@type":"ListItem","position":1,"name":"Home","item":"https:\/\/rexel.be\/fr\/"},{"@type":"ListItem","position":2,"name":"Configurateurs","item":"https:\/\/rexel.be\/fr\/configurateurs\/"},{"@type":"ListItem","position":3,"name":"Archelios"}]},{"@type":"WebSite","@id":"https:\/\/rexel.be\/fr\/#website","url":"https:\/\/rexel.be\/fr\/","name":"Rexel","description":"","potentialAction":[{"@type":"SearchAction","target":{"@type":"EntryPoint","urlTemplate":"https:\/\/rexel.be\/fr\/?s={search_term_string}"},"query-input":{"@type":"PropertyValueSpecification","valueRequired":true,"valueName":"search_term_string"}}],"inLanguage":"fr-FR"}]}},"_links":{"self":[{"href":"https:\/\/rexel.be\/fr\/wp-json\/wp\/v2\/pages\/3372","targetHints":{"allow":["GET"]}}],"collection":[{"href":"https:\/\/rexel.be\/fr\/wp-json\/wp\/v2\/pages"}],"about":[{"href":"https:\/\/rexel.be\/fr\/wp-json\/wp\/v2\/types\/page"}],"author":[{"embeddable":true,"href":"https:\/\/rexel.be\/fr\/wp-json\/wp\/v2\/users\/3"}],"replies":[{"embeddable":true,"href":"https:\/\/rexel.be\/fr\/wp-json\/wp\/v2\/comments?post=3372"}],"version-history":[{"count":3,"href":"https:\/\/rexel.be\/fr\/wp-json\/wp\/v2\/pages\/3372\/revisions"}],"predecessor-version":[{"id":3778,"href":"https:\/\/rexel.be\/fr\/wp-json\/wp\/v2\/pages\/3372\/revisions\/3778"}],"up":[{"embeddable":true,"href":"https:\/\/rexel.be\/fr\/wp-json\/wp\/v2\/pages\/3320"}],"wp:attachment":[{"href":"https:\/\/rexel.be\/fr\/wp-json\/wp\/v2\/media?parent=3372"}],"curies":[{"name":"wp","href":"https:\/\/api.w.org\/{rel}","templated":true}]}}