{"id":3366,"date":"2026-01-07T15:38:34","date_gmt":"2026-01-07T14:38:34","guid":{"rendered":"https:\/\/rexel.be\/?page_id=3366"},"modified":"2026-01-20T15:31:03","modified_gmt":"2026-01-20T14:31:03","slug":"elec-calc","status":"publish","type":"page","link":"https:\/\/rexel.be\/fr\/configurateurs\/elec-calc\/","title":{"rendered":"Elec Calc"},"content":{"rendered":"\n<div class=\"wp-block-cover alignfull has-custom-content-position is-position-bottom-left has-white-color has-text-color has-link-color wp-elements-4726041c3a3ba3ed500774d2e118ff9f\" style=\"border-bottom-left-radius:80px;border-bottom-right-radius:80px;padding-bottom:var(--wp--preset--spacing--120-60);min-height:560px;aspect-ratio:unset;\"><span aria-hidden=\"true\" class=\"wp-block-cover__background has-dark-background-color has-background-dim-100 has-background-dim\"><\/span><div class=\"wp-block-cover__inner-container has-global-padding is-layout-constrained wp-container-core-cover-is-layout-2b988179 wp-block-cover-is-layout-constrained\"><h1 class=\"has-link-color wp-elements-88f0857fdc8bad98dfdc5c16977574b2 wp-block-post-title has-text-color has-white-color\">Elec Calc<\/h1>\n\n<div class=\"yoast-breadcrumbs\"><span><span><a href=\"https:\/\/rexel.be\/fr\/\">Home<\/a><\/span> <span class=\"sep\"><\/span> <span><a href=\"https:\/\/rexel.be\/fr\/configurateurs\/\">Configurateurs<\/a><\/span> <span class=\"sep\"><\/span> <span class=\"breadcrumb_last\" aria-current=\"page\">Elec Calc<\/span><\/span><\/div><\/div><\/div>\n\n\n\n<div class=\"wp-block-group has-global-padding is-layout-constrained wp-block-group-is-layout-constrained\" style=\"padding-top:var(--wp--preset--spacing--60-40);padding-bottom:var(--wp--preset--spacing--60-40)\">\n<div class=\"wp-block-media-text is-stacked-on-mobile is-vertically-aligned-center\"><figure class=\"wp-block-media-text__media\"><img loading=\"lazy\" decoding=\"async\" width=\"869\" height=\"618\" src=\"https:\/\/rexel.be\/wp-content\/uploads\/2026\/01\/Eleccalc-Eendraadschema.png\" alt=\"\" class=\"wp-image-3327 size-full\" srcset=\"https:\/\/rexel.be\/wp-content\/uploads\/2026\/01\/Eleccalc-Eendraadschema.png 869w, https:\/\/rexel.be\/wp-content\/uploads\/2026\/01\/Eleccalc-Eendraadschema-300x213.png 300w, https:\/\/rexel.be\/wp-content\/uploads\/2026\/01\/Eleccalc-Eendraadschema-768x546.png 768w\" sizes=\"auto, (max-width: 869px) 100vw, 869px\" \/><\/figure><div class=\"wp-block-media-text__content\">\n<h2 class=\"wp-block-heading\">Mod\u00e9lisation et dimensionnement avec elec calc\u2122<\/h2>\n\n\n\n<p>Le logiciel elec calc\u2122, d\u00e9di\u00e9 au calcul et dimensionnement d\u2019installations \u00e9lectriques HT-BT, permet de mod\u00e9liser et dimensionner tout type d\u2019installation \u00e9lectrique et, notamment, l\u2019int\u00e9gration de bornes de recharge \u00e0 partir d\u2019un composant sp\u00e9cifique. <\/p>\n\n\n\n<p>Les contr\u00f4les normatifs propres \u00e0 cet \u00e9quipement sont effectu\u00e9s selon les r\u00e9f\u00e9rentiels list\u00e9s ci-dessus, tout particuli\u00e8rement pour la v\u00e9rification du type de protection diff\u00e9rentiel en amont, afin de garantir la protection des biens et des personnes.<\/p>\n<\/div><\/div>\n<\/div>\n\n\n\n<p>De plus, elec calc\u2122 met \u00e0 disposition un catalogue mat\u00e9riel multi-fabricant applicable \u00e0 l\u2019ensemble des composants. Il vous suffira de s\u00e9lectionner une r\u00e9f\u00e9rence fabricant pour retrouver l\u2019ensemble des caract\u00e9ristiques techniques n\u00e9cessaires \u00e0 la r\u00e9alisation des contr\u00f4les normatifs.<br>elec calc\u2122 offre \u00e9galement la possibilit\u00e9 de g\u00e9rer un bilan de puissance en temps r\u00e9el.<\/p>\n\n\n\n<p>Ainsi, en mod\u00e9lisant l\u2019ensemble de votre installation et en appliquant les facteurs de foisonnement, vous serez en mesure de valider le taux d\u2019utilisation de votre source et de poursuivre, si besoin, sur des simulations de d\u00e9lestage gr\u00e2ce au mode de fonctionnement.<br>A l\u2019issue de l\u2019\u00e9tude, elec calc\u2122 d\u00e9livre un rapport et \u00e9galement la sch\u00e9matique en unifilaire sous forme de foliotage.<\/p>\n\n\n\n<p>Ce logiciel est disponible chez Rexel.<\/p>\n\n\n\n<div class=\"wp-block-buttons is-layout-flex wp-block-buttons-is-layout-flex\">\n<div class=\"wp-block-button is-style-green is-style-green--1\"><a class=\"wp-block-button__link wp-element-button\" href=\"mailto:tgbt@rexel.be\" target=\"_blank\" rel=\"noreferrer noopener\">Contactez-nous<\/a><\/div>\n<\/div>\n\n\n\n<figure class=\"wp-block-embed is-type-video is-provider-youtube wp-block-embed-youtube wp-embed-aspect-16-9 wp-has-aspect-ratio\"><div class=\"wp-block-embed__wrapper\">\n<iframe loading=\"lazy\" title=\"Video logiciel elec calc\u2122 : calcul et dimensionnement d&#039;installations \u00e9lectriques HTBT\" width=\"500\" height=\"281\" src=\"https:\/\/www.youtube.com\/embed\/NprRAPulR48?feature=oembed&#038;enablejsapi=1\" frameborder=\"0\" allow=\"accelerometer; autoplay; clipboard-write; encrypted-media; gyroscope; picture-in-picture; web-share\" referrerpolicy=\"strict-origin-when-cross-origin\" allowfullscreen><\/iframe>\n<\/div><\/figure>\n","protected":false},"excerpt":{"rendered":"<p>Mod\u00e9lisation et dimensionnement avec elec calc\u2122 Le logiciel elec calc\u2122, d\u00e9di\u00e9 au calcul et dimensionnement d\u2019installations \u00e9lectriques HT-BT, permet de mod\u00e9liser et dimensionner tout type d\u2019installation \u00e9lectrique et, notamment, l\u2019int\u00e9gration de bornes de recharge \u00e0 partir d\u2019un composant sp\u00e9cifique. Les contr\u00f4les normatifs propres \u00e0 cet \u00e9quipement sont effectu\u00e9s selon les r\u00e9f\u00e9rentiels list\u00e9s ci-dessus, tout particuli\u00e8rement [&hellip;]<\/p>\n","protected":false},"author":3,"featured_media":0,"parent":3320,"menu_order":0,"comment_status":"closed","ping_status":"closed","template":"","meta":{"_acf_changed":false,"inline_featured_image":false,"footnotes":"","_links_to":"","_links_to_target":""},"class_list":["post-3366","page","type-page","status-publish","hentry"],"acf":[],"yoast_head":"<!-- This site is optimized with the Yoast SEO plugin v27.4 - https:\/\/yoast.com\/product\/yoast-seo-wordpress\/ -->\n<title>Elec Calc - Rexel Belgium<\/title>\n<meta name=\"description\" content=\"Elec Calc-configurateur : calculs rapides, choix de c\u00e2bles et de protections pour installateurs \u2014 \u00e9tablir des devis facilement.\" \/>\n<meta name=\"robots\" content=\"index, follow, max-snippet:-1, max-image-preview:large, max-video-preview:-1\" \/>\n<link rel=\"canonical\" href=\"https:\/\/rexel.be\/fr\/configurateurs\/elec-calc\/\" \/>\n<meta property=\"og:locale\" content=\"fr_FR\" \/>\n<meta property=\"og:type\" content=\"article\" \/>\n<meta property=\"og:title\" content=\"Elec Calc - Rexel Belgium\" \/>\n<meta property=\"og:description\" content=\"Elec Calc-configurateur : calculs rapides, choix de c\u00e2bles et de protections pour installateurs \u2014 \u00e9tablir des devis facilement.\" \/>\n<meta property=\"og:url\" content=\"https:\/\/rexel.be\/fr\/configurateurs\/elec-calc\/\" \/>\n<meta property=\"og:site_name\" content=\"Rexel\" \/>\n<meta property=\"article:modified_time\" content=\"2026-01-20T14:31:03+00:00\" \/>\n<meta property=\"og:image\" content=\"https:\/\/rexel.be\/wp-content\/uploads\/2026\/01\/Eleccalc-Eendraadschema.png\" \/>\n\t<meta property=\"og:image:width\" content=\"869\" \/>\n\t<meta property=\"og:image:height\" content=\"618\" \/>\n\t<meta property=\"og:image:type\" content=\"image\/png\" \/>\n<meta name=\"twitter:card\" content=\"summary_large_image\" \/>\n<meta name=\"twitter:label1\" content=\"Dur\u00e9e de lecture estim\u00e9e\" \/>\n\t<meta name=\"twitter:data1\" content=\"2 minutes\" \/>\n<script type=\"application\/ld+json\" class=\"yoast-schema-graph\">{\"@context\":\"https:\\\/\\\/schema.org\",\"@graph\":[{\"@type\":\"WebPage\",\"@id\":\"https:\\\/\\\/rexel.be\\\/fr\\\/configurateurs\\\/elec-calc\\\/\",\"url\":\"https:\\\/\\\/rexel.be\\\/fr\\\/configurateurs\\\/elec-calc\\\/\",\"name\":\"Elec Calc - Rexel Belgium\",\"isPartOf\":{\"@id\":\"https:\\\/\\\/rexel.be\\\/fr\\\/#website\"},\"primaryImageOfPage\":{\"@id\":\"https:\\\/\\\/rexel.be\\\/fr\\\/configurateurs\\\/elec-calc\\\/#primaryimage\"},\"image\":{\"@id\":\"https:\\\/\\\/rexel.be\\\/fr\\\/configurateurs\\\/elec-calc\\\/#primaryimage\"},\"thumbnailUrl\":\"https:\\\/\\\/rexel.be\\\/wp-content\\\/uploads\\\/2026\\\/01\\\/Eleccalc-Eendraadschema.png\",\"datePublished\":\"2026-01-07T14:38:34+00:00\",\"dateModified\":\"2026-01-20T14:31:03+00:00\",\"description\":\"Elec Calc-configurateur : calculs rapides, choix de c\u00e2bles et de protections pour installateurs \u2014 \u00e9tablir des devis facilement.\",\"breadcrumb\":{\"@id\":\"https:\\\/\\\/rexel.be\\\/fr\\\/configurateurs\\\/elec-calc\\\/#breadcrumb\"},\"inLanguage\":\"fr-FR\",\"potentialAction\":[{\"@type\":\"ReadAction\",\"target\":[\"https:\\\/\\\/rexel.be\\\/fr\\\/configurateurs\\\/elec-calc\\\/\"]}]},{\"@type\":\"ImageObject\",\"inLanguage\":\"fr-FR\",\"@id\":\"https:\\\/\\\/rexel.be\\\/fr\\\/configurateurs\\\/elec-calc\\\/#primaryimage\",\"url\":\"https:\\\/\\\/rexel.be\\\/wp-content\\\/uploads\\\/2026\\\/01\\\/Eleccalc-Eendraadschema.png\",\"contentUrl\":\"https:\\\/\\\/rexel.be\\\/wp-content\\\/uploads\\\/2026\\\/01\\\/Eleccalc-Eendraadschema.png\"},{\"@type\":\"BreadcrumbList\",\"@id\":\"https:\\\/\\\/rexel.be\\\/fr\\\/configurateurs\\\/elec-calc\\\/#breadcrumb\",\"itemListElement\":[{\"@type\":\"ListItem\",\"position\":1,\"name\":\"Home\",\"item\":\"https:\\\/\\\/rexel.be\\\/fr\\\/\"},{\"@type\":\"ListItem\",\"position\":2,\"name\":\"Configurateurs\",\"item\":\"https:\\\/\\\/rexel.be\\\/fr\\\/configurateurs\\\/\"},{\"@type\":\"ListItem\",\"position\":3,\"name\":\"Elec Calc\"}]},{\"@type\":\"WebSite\",\"@id\":\"https:\\\/\\\/rexel.be\\\/fr\\\/#website\",\"url\":\"https:\\\/\\\/rexel.be\\\/fr\\\/\",\"name\":\"Rexel\",\"description\":\"\",\"potentialAction\":[{\"@type\":\"SearchAction\",\"target\":{\"@type\":\"EntryPoint\",\"urlTemplate\":\"https:\\\/\\\/rexel.be\\\/fr\\\/?s={search_term_string}\"},\"query-input\":{\"@type\":\"PropertyValueSpecification\",\"valueRequired\":true,\"valueName\":\"search_term_string\"}}],\"inLanguage\":\"fr-FR\"}]}<\/script>\n<!-- \/ Yoast SEO plugin. -->","yoast_head_json":{"title":"Elec Calc - Rexel Belgium","description":"Elec Calc-configurateur : calculs rapides, choix de c\u00e2bles et de protections pour installateurs \u2014 \u00e9tablir des devis facilement.","robots":{"index":"index","follow":"follow","max-snippet":"max-snippet:-1","max-image-preview":"max-image-preview:large","max-video-preview":"max-video-preview:-1"},"canonical":"https:\/\/rexel.be\/fr\/configurateurs\/elec-calc\/","og_locale":"fr_FR","og_type":"article","og_title":"Elec Calc - Rexel Belgium","og_description":"Elec Calc-configurateur : calculs rapides, choix de c\u00e2bles et de protections pour installateurs \u2014 \u00e9tablir des devis facilement.","og_url":"https:\/\/rexel.be\/fr\/configurateurs\/elec-calc\/","og_site_name":"Rexel","article_modified_time":"2026-01-20T14:31:03+00:00","og_image":[{"width":869,"height":618,"url":"https:\/\/rexel.be\/wp-content\/uploads\/2026\/01\/Eleccalc-Eendraadschema.png","type":"image\/png"}],"twitter_card":"summary_large_image","twitter_misc":{"Dur\u00e9e de lecture estim\u00e9e":"2 minutes"},"schema":{"@context":"https:\/\/schema.org","@graph":[{"@type":"WebPage","@id":"https:\/\/rexel.be\/fr\/configurateurs\/elec-calc\/","url":"https:\/\/rexel.be\/fr\/configurateurs\/elec-calc\/","name":"Elec Calc - Rexel Belgium","isPartOf":{"@id":"https:\/\/rexel.be\/fr\/#website"},"primaryImageOfPage":{"@id":"https:\/\/rexel.be\/fr\/configurateurs\/elec-calc\/#primaryimage"},"image":{"@id":"https:\/\/rexel.be\/fr\/configurateurs\/elec-calc\/#primaryimage"},"thumbnailUrl":"https:\/\/rexel.be\/wp-content\/uploads\/2026\/01\/Eleccalc-Eendraadschema.png","datePublished":"2026-01-07T14:38:34+00:00","dateModified":"2026-01-20T14:31:03+00:00","description":"Elec Calc-configurateur : calculs rapides, choix de c\u00e2bles et de protections pour installateurs \u2014 \u00e9tablir des devis facilement.","breadcrumb":{"@id":"https:\/\/rexel.be\/fr\/configurateurs\/elec-calc\/#breadcrumb"},"inLanguage":"fr-FR","potentialAction":[{"@type":"ReadAction","target":["https:\/\/rexel.be\/fr\/configurateurs\/elec-calc\/"]}]},{"@type":"ImageObject","inLanguage":"fr-FR","@id":"https:\/\/rexel.be\/fr\/configurateurs\/elec-calc\/#primaryimage","url":"https:\/\/rexel.be\/wp-content\/uploads\/2026\/01\/Eleccalc-Eendraadschema.png","contentUrl":"https:\/\/rexel.be\/wp-content\/uploads\/2026\/01\/Eleccalc-Eendraadschema.png"},{"@type":"BreadcrumbList","@id":"https:\/\/rexel.be\/fr\/configurateurs\/elec-calc\/#breadcrumb","itemListElement":[{"@type":"ListItem","position":1,"name":"Home","item":"https:\/\/rexel.be\/fr\/"},{"@type":"ListItem","position":2,"name":"Configurateurs","item":"https:\/\/rexel.be\/fr\/configurateurs\/"},{"@type":"ListItem","position":3,"name":"Elec Calc"}]},{"@type":"WebSite","@id":"https:\/\/rexel.be\/fr\/#website","url":"https:\/\/rexel.be\/fr\/","name":"Rexel","description":"","potentialAction":[{"@type":"SearchAction","target":{"@type":"EntryPoint","urlTemplate":"https:\/\/rexel.be\/fr\/?s={search_term_string}"},"query-input":{"@type":"PropertyValueSpecification","valueRequired":true,"valueName":"search_term_string"}}],"inLanguage":"fr-FR"}]}},"_links":{"self":[{"href":"https:\/\/rexel.be\/fr\/wp-json\/wp\/v2\/pages\/3366","targetHints":{"allow":["GET"]}}],"collection":[{"href":"https:\/\/rexel.be\/fr\/wp-json\/wp\/v2\/pages"}],"about":[{"href":"https:\/\/rexel.be\/fr\/wp-json\/wp\/v2\/types\/page"}],"author":[{"embeddable":true,"href":"https:\/\/rexel.be\/fr\/wp-json\/wp\/v2\/users\/3"}],"replies":[{"embeddable":true,"href":"https:\/\/rexel.be\/fr\/wp-json\/wp\/v2\/comments?post=3366"}],"version-history":[{"count":3,"href":"https:\/\/rexel.be\/fr\/wp-json\/wp\/v2\/pages\/3366\/revisions"}],"predecessor-version":[{"id":3774,"href":"https:\/\/rexel.be\/fr\/wp-json\/wp\/v2\/pages\/3366\/revisions\/3774"}],"up":[{"embeddable":true,"href":"https:\/\/rexel.be\/fr\/wp-json\/wp\/v2\/pages\/3320"}],"wp:attachment":[{"href":"https:\/\/rexel.be\/fr\/wp-json\/wp\/v2\/media?parent=3366"}],"curies":[{"name":"wp","href":"https:\/\/api.w.org\/{rel}","templated":true}]}}