{"id":3362,"date":"2026-01-07T15:30:02","date_gmt":"2026-01-07T14:30:02","guid":{"rendered":"https:\/\/rexel.be\/?page_id=3362"},"modified":"2026-01-20T15:27:01","modified_gmt":"2026-01-20T14:27:01","slug":"ventilation","status":"publish","type":"page","link":"https:\/\/rexel.be\/fr\/configurateurs\/ventilation\/","title":{"rendered":"Ventilation"},"content":{"rendered":"\n<div class=\"wp-block-cover alignfull has-custom-content-position is-position-bottom-left has-white-color has-text-color has-link-color wp-elements-4726041c3a3ba3ed500774d2e118ff9f\" style=\"border-bottom-left-radius:80px;border-bottom-right-radius:80px;padding-bottom:var(--wp--preset--spacing--120-60);min-height:560px;aspect-ratio:unset;\"><span aria-hidden=\"true\" class=\"wp-block-cover__background has-dark-background-color has-background-dim-100 has-background-dim\"><\/span><div class=\"wp-block-cover__inner-container has-global-padding is-layout-constrained wp-container-core-cover-is-layout-2b988179 wp-block-cover-is-layout-constrained\"><h1 class=\"has-link-color wp-elements-88f0857fdc8bad98dfdc5c16977574b2 wp-block-post-title has-text-color has-white-color\">Ventilation<\/h1>\n\n<div class=\"yoast-breadcrumbs\"><span><span><a href=\"https:\/\/rexel.be\/fr\/\">Home<\/a><\/span> <span class=\"sep\"><\/span> <span><a href=\"https:\/\/rexel.be\/fr\/configurateurs\/\">Configurateurs<\/a><\/span> <span class=\"sep\"><\/span> <span class=\"breadcrumb_last\" aria-current=\"page\">Ventilation<\/span><\/span><\/div><\/div><\/div>\n\n\n\n<div class=\"wp-block-group has-global-padding is-layout-constrained wp-block-group-is-layout-constrained\" style=\"padding-top:var(--wp--preset--spacing--60-40);padding-bottom:var(--wp--preset--spacing--60-40)\">\n<div class=\"wp-block-media-text is-stacked-on-mobile is-vertically-aligned-center\"><figure class=\"wp-block-media-text__media\"><img loading=\"lazy\" decoding=\"async\" width=\"751\" height=\"456\" src=\"https:\/\/rexel.be\/wp-content\/uploads\/2026\/01\/Ventilatie-NL.png\" alt=\"\" class=\"wp-image-3333 size-full\" srcset=\"https:\/\/rexel.be\/wp-content\/uploads\/2026\/01\/Ventilatie-NL.png 751w, https:\/\/rexel.be\/wp-content\/uploads\/2026\/01\/Ventilatie-NL-300x182.png 300w\" sizes=\"auto, (max-width: 751px) 100vw, 751px\" \/><\/figure><div class=\"wp-block-media-text__content\">\n<h2 class=\"wp-block-heading\">Avec ce configurateur vous trouverez le meilleur syst\u00e8me de ventilation<\/h2>\n\n\n\n<p>Vous cherchez le syst\u00e8me de ventilation le plus adapt\u00e9 \u00e0 votre maison ?<\/p>\n\n\n\n<p>Faites une simulation du type de ventilation dont vous avez besoin pour ventiler votre maison de mani\u00e8re durable et efficace.<\/p>\n\n\n\n<div class=\"wp-block-buttons is-layout-flex wp-block-buttons-is-layout-flex\">\n<div class=\"wp-block-button is-style-green is-style-green--1\"><a class=\"wp-block-button__link wp-element-button\" href=\"https:\/\/netstore.rexel.be\/NS\/Start?dm&amp;language=FR&amp;action=rd&amp;to=tool&amp;var1=TOOL_VENTILATION_01&amp;utm_source=300&amp;utm_medium=referral&amp;utm_campaign=TOOL_VENTILATION_01&amp;utm_content=deeplink_TOOL_VENTILATION_01_rexelwebsite_FR\" target=\"_blank\" rel=\"noreferrer noopener\">En savoir tout<\/a><\/div>\n<\/div>\n<\/div><\/div>\n<\/div>\n","protected":false},"excerpt":{"rendered":"<p>Avec ce configurateur vous trouverez le meilleur syst\u00e8me de ventilation Vous cherchez le syst\u00e8me de ventilation le plus adapt\u00e9 \u00e0 votre maison ? Faites une simulation du type de ventilation dont vous avez besoin pour ventiler votre maison de mani\u00e8re durable et efficace.<\/p>\n","protected":false},"author":3,"featured_media":0,"parent":3320,"menu_order":0,"comment_status":"closed","ping_status":"closed","template":"","meta":{"_acf_changed":false,"inline_featured_image":false,"footnotes":"","_links_to":"","_links_to_target":""},"class_list":["post-3362","page","type-page","status-publish","hentry"],"acf":[],"yoast_head":"<!-- This site is optimized with the Yoast SEO plugin v26.9 - https:\/\/yoast.com\/product\/yoast-seo-wordpress\/ -->\n<title>Configurateur de ventilation - Rexel Belgium<\/title>\n<meta name=\"description\" content=\"Simulez avec ce configurateur pratique quel type de ventilation vous avez besoin pour ventiler votre logement de mani\u00e8re durable et efficace.\" \/>\n<meta name=\"robots\" content=\"index, follow, max-snippet:-1, max-image-preview:large, max-video-preview:-1\" \/>\n<link rel=\"canonical\" href=\"https:\/\/rexel.be\/fr\/configurateurs\/ventilation\/\" \/>\n<meta property=\"og:locale\" content=\"fr_FR\" \/>\n<meta property=\"og:type\" content=\"article\" \/>\n<meta property=\"og:title\" content=\"Configurateur de ventilation - Rexel Belgium\" \/>\n<meta property=\"og:description\" content=\"Simulez avec ce configurateur pratique quel type de ventilation vous avez besoin pour ventiler votre logement de mani\u00e8re durable et efficace.\" \/>\n<meta property=\"og:url\" content=\"https:\/\/rexel.be\/fr\/configurateurs\/ventilation\/\" \/>\n<meta property=\"og:site_name\" content=\"Rexel\" \/>\n<meta property=\"article:modified_time\" content=\"2026-01-20T14:27:01+00:00\" \/>\n<meta property=\"og:image\" content=\"https:\/\/rexel.be\/wp-content\/uploads\/2026\/01\/Ventilatie-NL.png\" \/>\n\t<meta property=\"og:image:width\" content=\"751\" \/>\n\t<meta property=\"og:image:height\" content=\"456\" \/>\n\t<meta property=\"og:image:type\" content=\"image\/png\" \/>\n<meta name=\"twitter:card\" content=\"summary_large_image\" \/>\n<meta name=\"twitter:label1\" content=\"Dur\u00e9e de lecture estim\u00e9e\" \/>\n\t<meta name=\"twitter:data1\" content=\"1 minute\" \/>\n<script type=\"application\/ld+json\" class=\"yoast-schema-graph\">{\"@context\":\"https:\/\/schema.org\",\"@graph\":[{\"@type\":\"WebPage\",\"@id\":\"https:\/\/rexel.be\/fr\/configurateurs\/ventilation\/\",\"url\":\"https:\/\/rexel.be\/fr\/configurateurs\/ventilation\/\",\"name\":\"Configurateur de ventilation - Rexel Belgium\",\"isPartOf\":{\"@id\":\"https:\/\/rexel.be\/fr\/#website\"},\"primaryImageOfPage\":{\"@id\":\"https:\/\/rexel.be\/fr\/configurateurs\/ventilation\/#primaryimage\"},\"image\":{\"@id\":\"https:\/\/rexel.be\/fr\/configurateurs\/ventilation\/#primaryimage\"},\"thumbnailUrl\":\"https:\/\/rexel.be\/wp-content\/uploads\/2026\/01\/Ventilatie-NL.png\",\"datePublished\":\"2026-01-07T14:30:02+00:00\",\"dateModified\":\"2026-01-20T14:27:01+00:00\",\"description\":\"Simulez avec ce configurateur pratique quel type de ventilation vous avez besoin pour ventiler votre logement de mani\u00e8re durable et efficace.\",\"breadcrumb\":{\"@id\":\"https:\/\/rexel.be\/fr\/configurateurs\/ventilation\/#breadcrumb\"},\"inLanguage\":\"fr-FR\",\"potentialAction\":[{\"@type\":\"ReadAction\",\"target\":[\"https:\/\/rexel.be\/fr\/configurateurs\/ventilation\/\"]}]},{\"@type\":\"ImageObject\",\"inLanguage\":\"fr-FR\",\"@id\":\"https:\/\/rexel.be\/fr\/configurateurs\/ventilation\/#primaryimage\",\"url\":\"https:\/\/rexel.be\/wp-content\/uploads\/2026\/01\/Ventilatie-NL.png\",\"contentUrl\":\"https:\/\/rexel.be\/wp-content\/uploads\/2026\/01\/Ventilatie-NL.png\"},{\"@type\":\"BreadcrumbList\",\"@id\":\"https:\/\/rexel.be\/fr\/configurateurs\/ventilation\/#breadcrumb\",\"itemListElement\":[{\"@type\":\"ListItem\",\"position\":1,\"name\":\"Home\",\"item\":\"https:\/\/rexel.be\/fr\/\"},{\"@type\":\"ListItem\",\"position\":2,\"name\":\"Configurateurs\",\"item\":\"https:\/\/rexel.be\/fr\/configurateurs\/\"},{\"@type\":\"ListItem\",\"position\":3,\"name\":\"Ventilation\"}]},{\"@type\":\"WebSite\",\"@id\":\"https:\/\/rexel.be\/fr\/#website\",\"url\":\"https:\/\/rexel.be\/fr\/\",\"name\":\"Rexel\",\"description\":\"\",\"potentialAction\":[{\"@type\":\"SearchAction\",\"target\":{\"@type\":\"EntryPoint\",\"urlTemplate\":\"https:\/\/rexel.be\/fr\/?s={search_term_string}\"},\"query-input\":{\"@type\":\"PropertyValueSpecification\",\"valueRequired\":true,\"valueName\":\"search_term_string\"}}],\"inLanguage\":\"fr-FR\"}]}<\/script>\n<!-- \/ Yoast SEO plugin. -->","yoast_head_json":{"title":"Configurateur de ventilation - Rexel Belgium","description":"Simulez avec ce configurateur pratique quel type de ventilation vous avez besoin pour ventiler votre logement de mani\u00e8re durable et efficace.","robots":{"index":"index","follow":"follow","max-snippet":"max-snippet:-1","max-image-preview":"max-image-preview:large","max-video-preview":"max-video-preview:-1"},"canonical":"https:\/\/rexel.be\/fr\/configurateurs\/ventilation\/","og_locale":"fr_FR","og_type":"article","og_title":"Configurateur de ventilation - Rexel Belgium","og_description":"Simulez avec ce configurateur pratique quel type de ventilation vous avez besoin pour ventiler votre logement de mani\u00e8re durable et efficace.","og_url":"https:\/\/rexel.be\/fr\/configurateurs\/ventilation\/","og_site_name":"Rexel","article_modified_time":"2026-01-20T14:27:01+00:00","og_image":[{"width":751,"height":456,"url":"https:\/\/rexel.be\/wp-content\/uploads\/2026\/01\/Ventilatie-NL.png","type":"image\/png"}],"twitter_card":"summary_large_image","twitter_misc":{"Dur\u00e9e de lecture estim\u00e9e":"1 minute"},"schema":{"@context":"https:\/\/schema.org","@graph":[{"@type":"WebPage","@id":"https:\/\/rexel.be\/fr\/configurateurs\/ventilation\/","url":"https:\/\/rexel.be\/fr\/configurateurs\/ventilation\/","name":"Configurateur de ventilation - Rexel Belgium","isPartOf":{"@id":"https:\/\/rexel.be\/fr\/#website"},"primaryImageOfPage":{"@id":"https:\/\/rexel.be\/fr\/configurateurs\/ventilation\/#primaryimage"},"image":{"@id":"https:\/\/rexel.be\/fr\/configurateurs\/ventilation\/#primaryimage"},"thumbnailUrl":"https:\/\/rexel.be\/wp-content\/uploads\/2026\/01\/Ventilatie-NL.png","datePublished":"2026-01-07T14:30:02+00:00","dateModified":"2026-01-20T14:27:01+00:00","description":"Simulez avec ce configurateur pratique quel type de ventilation vous avez besoin pour ventiler votre logement de mani\u00e8re durable et efficace.","breadcrumb":{"@id":"https:\/\/rexel.be\/fr\/configurateurs\/ventilation\/#breadcrumb"},"inLanguage":"fr-FR","potentialAction":[{"@type":"ReadAction","target":["https:\/\/rexel.be\/fr\/configurateurs\/ventilation\/"]}]},{"@type":"ImageObject","inLanguage":"fr-FR","@id":"https:\/\/rexel.be\/fr\/configurateurs\/ventilation\/#primaryimage","url":"https:\/\/rexel.be\/wp-content\/uploads\/2026\/01\/Ventilatie-NL.png","contentUrl":"https:\/\/rexel.be\/wp-content\/uploads\/2026\/01\/Ventilatie-NL.png"},{"@type":"BreadcrumbList","@id":"https:\/\/rexel.be\/fr\/configurateurs\/ventilation\/#breadcrumb","itemListElement":[{"@type":"ListItem","position":1,"name":"Home","item":"https:\/\/rexel.be\/fr\/"},{"@type":"ListItem","position":2,"name":"Configurateurs","item":"https:\/\/rexel.be\/fr\/configurateurs\/"},{"@type":"ListItem","position":3,"name":"Ventilation"}]},{"@type":"WebSite","@id":"https:\/\/rexel.be\/fr\/#website","url":"https:\/\/rexel.be\/fr\/","name":"Rexel","description":"","potentialAction":[{"@type":"SearchAction","target":{"@type":"EntryPoint","urlTemplate":"https:\/\/rexel.be\/fr\/?s={search_term_string}"},"query-input":{"@type":"PropertyValueSpecification","valueRequired":true,"valueName":"search_term_string"}}],"inLanguage":"fr-FR"}]}},"_links":{"self":[{"href":"https:\/\/rexel.be\/fr\/wp-json\/wp\/v2\/pages\/3362","targetHints":{"allow":["GET"]}}],"collection":[{"href":"https:\/\/rexel.be\/fr\/wp-json\/wp\/v2\/pages"}],"about":[{"href":"https:\/\/rexel.be\/fr\/wp-json\/wp\/v2\/types\/page"}],"author":[{"embeddable":true,"href":"https:\/\/rexel.be\/fr\/wp-json\/wp\/v2\/users\/3"}],"replies":[{"embeddable":true,"href":"https:\/\/rexel.be\/fr\/wp-json\/wp\/v2\/comments?post=3362"}],"version-history":[{"count":3,"href":"https:\/\/rexel.be\/fr\/wp-json\/wp\/v2\/pages\/3362\/revisions"}],"predecessor-version":[{"id":3770,"href":"https:\/\/rexel.be\/fr\/wp-json\/wp\/v2\/pages\/3362\/revisions\/3770"}],"up":[{"embeddable":true,"href":"https:\/\/rexel.be\/fr\/wp-json\/wp\/v2\/pages\/3320"}],"wp:attachment":[{"href":"https:\/\/rexel.be\/fr\/wp-json\/wp\/v2\/media?parent=3362"}],"curies":[{"name":"wp","href":"https:\/\/api.w.org\/{rel}","templated":true}]}}