{"id":3353,"date":"2026-01-07T12:20:27","date_gmt":"2026-01-07T11:20:27","guid":{"rendered":"https:\/\/rexel.be\/?page_id=3353"},"modified":"2026-01-20T15:24:36","modified_gmt":"2026-01-20T14:24:36","slug":"bornes-de-recharge","status":"publish","type":"page","link":"https:\/\/rexel.be\/fr\/configurateurs\/bornes-de-recharge\/","title":{"rendered":"Bornes de recharge"},"content":{"rendered":"\n<div class=\"wp-block-cover alignfull has-custom-content-position is-position-bottom-left has-white-color has-text-color has-link-color wp-elements-4726041c3a3ba3ed500774d2e118ff9f\" style=\"border-bottom-left-radius:80px;border-bottom-right-radius:80px;padding-bottom:var(--wp--preset--spacing--120-60);min-height:560px;aspect-ratio:unset;\"><span aria-hidden=\"true\" class=\"wp-block-cover__background has-dark-background-color has-background-dim-100 has-background-dim\"><\/span><div class=\"wp-block-cover__inner-container has-global-padding is-layout-constrained wp-container-core-cover-is-layout-2b988179 wp-block-cover-is-layout-constrained\"><h1 class=\"has-link-color wp-elements-88f0857fdc8bad98dfdc5c16977574b2 wp-block-post-title has-text-color has-white-color\">Bornes de recharge<\/h1>\n\n<div class=\"yoast-breadcrumbs\"><span><span><a href=\"https:\/\/rexel.be\/fr\/\">Home<\/a><\/span> <span class=\"sep\"><\/span> <span><a href=\"https:\/\/rexel.be\/fr\/configurateurs\/\">Configurateurs<\/a><\/span> <span class=\"sep\"><\/span> <span class=\"breadcrumb_last\" aria-current=\"page\">Bornes de recharge<\/span><\/span><\/div><\/div><\/div>\n\n\n\n<div class=\"wp-block-group has-global-padding is-layout-constrained wp-block-group-is-layout-constrained\" style=\"padding-top:var(--wp--preset--spacing--60-40);padding-bottom:var(--wp--preset--spacing--60-40)\">\n<div class=\"wp-block-media-text is-stacked-on-mobile is-vertically-aligned-center\"><figure class=\"wp-block-media-text__media\"><img loading=\"lazy\" decoding=\"async\" width=\"1024\" height=\"832\" src=\"https:\/\/rexel.be\/wp-content\/uploads\/2026\/01\/laadpalen-NL-1024x832.png\" alt=\"\" class=\"wp-image-3331 size-full\" srcset=\"https:\/\/rexel.be\/wp-content\/uploads\/2026\/01\/laadpalen-NL-1024x832.png 1024w, https:\/\/rexel.be\/wp-content\/uploads\/2026\/01\/laadpalen-NL-300x244.png 300w, https:\/\/rexel.be\/wp-content\/uploads\/2026\/01\/laadpalen-NL-768x624.png 768w, https:\/\/rexel.be\/wp-content\/uploads\/2026\/01\/laadpalen-NL-1536x1247.png 1536w, https:\/\/rexel.be\/wp-content\/uploads\/2026\/01\/laadpalen-NL-2048x1663.png 2048w\" sizes=\"auto, (max-width: 1024px) 100vw, 1024px\" \/><\/figure><div class=\"wp-block-media-text__content\">\n<h2 class=\"wp-block-heading\">Le configurateur de borne de recharge apporte une r\u00e9ponse aux questions fr\u00e9quemment pos\u00e9es sur la recharge<\/h2>\n\n\n\n<p>Le configurateur de bornes de recharge est destin\u00e9 aux installations r\u00e9sidentielles et apporte une r\u00e9ponse aux questions fr\u00e9quemment pos\u00e9es sur la recharge. A l\u2019aide d\u2019un questionnaire pratique, vous pr\u00e9parez le projet avec le client final.<\/p>\n\n\n\n<p>Sur base de ses r\u00e9ponses, vous pouvez commencer par \u00e9tablir un devis sur mesure. Vu que l\u2019outil utilise des prix bruts standard, vous pouvez les consulter directement avec le client final. Le configurateur affiche \u00e9galement tout le mat\u00e9riel \u00e9lectrique n\u00e9cessaire \u00e0 l\u2019installation, y compris les accessoires, dispositifs de s\u00e9curit\u00e9, transformateurs, etc. Bref, une solution compl\u00e8te pour votre projet de recharge.<\/p>\n\n\n\n<div class=\"wp-block-buttons is-layout-flex wp-block-buttons-is-layout-flex\">\n<div class=\"wp-block-button is-style-green is-style-green--1\"><a class=\"wp-block-button__link wp-element-button\" href=\"https:\/\/netstore.rexel.be\/NS\/Start?dm&amp;language=FR&amp;action=rd&amp;to=tool&amp;var1=TOOL_EVC&amp;utm_source=300&amp;utm_medium=referral&amp;utm_campaign=TOOL_EVC&amp;utm_content=deeplink_TOOL_EVC_rexelwebsite_FR\" target=\"_blank\" rel=\"noreferrer noopener\">D\u00e9couvrez le configurateur de bornes de recharge sur Netstore<\/a><\/div>\n<\/div>\n<\/div><\/div>\n<\/div>\n","protected":false},"excerpt":{"rendered":"<p>Le configurateur de borne de recharge apporte une r\u00e9ponse aux questions fr\u00e9quemment pos\u00e9es sur la recharge Le configurateur de bornes de recharge est destin\u00e9 aux installations r\u00e9sidentielles et apporte une r\u00e9ponse aux questions fr\u00e9quemment pos\u00e9es sur la recharge. A l\u2019aide d\u2019un questionnaire pratique, vous pr\u00e9parez le projet avec le client final. Sur base de ses [&hellip;]<\/p>\n","protected":false},"author":3,"featured_media":0,"parent":3320,"menu_order":0,"comment_status":"closed","ping_status":"closed","template":"","meta":{"_acf_changed":false,"inline_featured_image":false,"footnotes":"","_links_to":"","_links_to_target":""},"class_list":["post-3353","page","type-page","status-publish","hentry"],"acf":[],"yoast_head":"<!-- This site is optimized with the Yoast SEO plugin v27.4 - https:\/\/yoast.com\/product\/yoast-seo-wordpress\/ -->\n<title>Configurateur de borne de recharge - Rexel Belgium<\/title>\n<meta name=\"description\" content=\"Configurateur de borne de recharge simple : calculs rapides, aper\u00e7u des prix et options de commande directe pour les professionnels.\" \/>\n<meta name=\"robots\" content=\"index, follow, max-snippet:-1, max-image-preview:large, max-video-preview:-1\" \/>\n<link rel=\"canonical\" href=\"https:\/\/rexel.be\/fr\/configurateurs\/bornes-de-recharge\/\" \/>\n<meta property=\"og:locale\" content=\"fr_FR\" \/>\n<meta property=\"og:type\" content=\"article\" \/>\n<meta property=\"og:title\" content=\"Configurateur de borne de recharge - Rexel Belgium\" \/>\n<meta property=\"og:description\" content=\"Configurateur de borne de recharge simple : calculs rapides, aper\u00e7u des prix et options de commande directe pour les professionnels.\" \/>\n<meta property=\"og:url\" content=\"https:\/\/rexel.be\/fr\/configurateurs\/bornes-de-recharge\/\" \/>\n<meta property=\"og:site_name\" content=\"Rexel\" \/>\n<meta property=\"article:modified_time\" content=\"2026-01-20T14:24:36+00:00\" \/>\n<meta property=\"og:image\" content=\"https:\/\/rexel.be\/wp-content\/uploads\/2026\/01\/laadpalen-NL.png\" \/>\n\t<meta property=\"og:image:width\" content=\"2108\" \/>\n\t<meta property=\"og:image:height\" content=\"1712\" \/>\n\t<meta property=\"og:image:type\" content=\"image\/png\" \/>\n<meta name=\"twitter:card\" content=\"summary_large_image\" \/>\n<meta name=\"twitter:label1\" content=\"Dur\u00e9e de lecture estim\u00e9e\" \/>\n\t<meta name=\"twitter:data1\" content=\"1 minute\" \/>\n<script type=\"application\/ld+json\" class=\"yoast-schema-graph\">{\"@context\":\"https:\\\/\\\/schema.org\",\"@graph\":[{\"@type\":\"WebPage\",\"@id\":\"https:\\\/\\\/rexel.be\\\/fr\\\/configurateurs\\\/bornes-de-recharge\\\/\",\"url\":\"https:\\\/\\\/rexel.be\\\/fr\\\/configurateurs\\\/bornes-de-recharge\\\/\",\"name\":\"Configurateur de borne de recharge - Rexel Belgium\",\"isPartOf\":{\"@id\":\"https:\\\/\\\/rexel.be\\\/fr\\\/#website\"},\"primaryImageOfPage\":{\"@id\":\"https:\\\/\\\/rexel.be\\\/fr\\\/configurateurs\\\/bornes-de-recharge\\\/#primaryimage\"},\"image\":{\"@id\":\"https:\\\/\\\/rexel.be\\\/fr\\\/configurateurs\\\/bornes-de-recharge\\\/#primaryimage\"},\"thumbnailUrl\":\"https:\\\/\\\/rexel.be\\\/wp-content\\\/uploads\\\/2026\\\/01\\\/laadpalen-NL-1024x832.png\",\"datePublished\":\"2026-01-07T11:20:27+00:00\",\"dateModified\":\"2026-01-20T14:24:36+00:00\",\"description\":\"Configurateur de borne de recharge simple : calculs rapides, aper\u00e7u des prix et options de commande directe pour les professionnels.\",\"breadcrumb\":{\"@id\":\"https:\\\/\\\/rexel.be\\\/fr\\\/configurateurs\\\/bornes-de-recharge\\\/#breadcrumb\"},\"inLanguage\":\"fr-FR\",\"potentialAction\":[{\"@type\":\"ReadAction\",\"target\":[\"https:\\\/\\\/rexel.be\\\/fr\\\/configurateurs\\\/bornes-de-recharge\\\/\"]}]},{\"@type\":\"ImageObject\",\"inLanguage\":\"fr-FR\",\"@id\":\"https:\\\/\\\/rexel.be\\\/fr\\\/configurateurs\\\/bornes-de-recharge\\\/#primaryimage\",\"url\":\"https:\\\/\\\/rexel.be\\\/wp-content\\\/uploads\\\/2026\\\/01\\\/laadpalen-NL-1024x832.png\",\"contentUrl\":\"https:\\\/\\\/rexel.be\\\/wp-content\\\/uploads\\\/2026\\\/01\\\/laadpalen-NL-1024x832.png\"},{\"@type\":\"BreadcrumbList\",\"@id\":\"https:\\\/\\\/rexel.be\\\/fr\\\/configurateurs\\\/bornes-de-recharge\\\/#breadcrumb\",\"itemListElement\":[{\"@type\":\"ListItem\",\"position\":1,\"name\":\"Home\",\"item\":\"https:\\\/\\\/rexel.be\\\/fr\\\/\"},{\"@type\":\"ListItem\",\"position\":2,\"name\":\"Configurateurs\",\"item\":\"https:\\\/\\\/rexel.be\\\/fr\\\/configurateurs\\\/\"},{\"@type\":\"ListItem\",\"position\":3,\"name\":\"Bornes de recharge\"}]},{\"@type\":\"WebSite\",\"@id\":\"https:\\\/\\\/rexel.be\\\/fr\\\/#website\",\"url\":\"https:\\\/\\\/rexel.be\\\/fr\\\/\",\"name\":\"Rexel\",\"description\":\"\",\"potentialAction\":[{\"@type\":\"SearchAction\",\"target\":{\"@type\":\"EntryPoint\",\"urlTemplate\":\"https:\\\/\\\/rexel.be\\\/fr\\\/?s={search_term_string}\"},\"query-input\":{\"@type\":\"PropertyValueSpecification\",\"valueRequired\":true,\"valueName\":\"search_term_string\"}}],\"inLanguage\":\"fr-FR\"}]}<\/script>\n<!-- \/ Yoast SEO plugin. -->","yoast_head_json":{"title":"Configurateur de borne de recharge - Rexel Belgium","description":"Configurateur de borne de recharge simple : calculs rapides, aper\u00e7u des prix et options de commande directe pour les professionnels.","robots":{"index":"index","follow":"follow","max-snippet":"max-snippet:-1","max-image-preview":"max-image-preview:large","max-video-preview":"max-video-preview:-1"},"canonical":"https:\/\/rexel.be\/fr\/configurateurs\/bornes-de-recharge\/","og_locale":"fr_FR","og_type":"article","og_title":"Configurateur de borne de recharge - Rexel Belgium","og_description":"Configurateur de borne de recharge simple : calculs rapides, aper\u00e7u des prix et options de commande directe pour les professionnels.","og_url":"https:\/\/rexel.be\/fr\/configurateurs\/bornes-de-recharge\/","og_site_name":"Rexel","article_modified_time":"2026-01-20T14:24:36+00:00","og_image":[{"width":2108,"height":1712,"url":"https:\/\/rexel.be\/wp-content\/uploads\/2026\/01\/laadpalen-NL.png","type":"image\/png"}],"twitter_card":"summary_large_image","twitter_misc":{"Dur\u00e9e de lecture estim\u00e9e":"1 minute"},"schema":{"@context":"https:\/\/schema.org","@graph":[{"@type":"WebPage","@id":"https:\/\/rexel.be\/fr\/configurateurs\/bornes-de-recharge\/","url":"https:\/\/rexel.be\/fr\/configurateurs\/bornes-de-recharge\/","name":"Configurateur de borne de recharge - Rexel Belgium","isPartOf":{"@id":"https:\/\/rexel.be\/fr\/#website"},"primaryImageOfPage":{"@id":"https:\/\/rexel.be\/fr\/configurateurs\/bornes-de-recharge\/#primaryimage"},"image":{"@id":"https:\/\/rexel.be\/fr\/configurateurs\/bornes-de-recharge\/#primaryimage"},"thumbnailUrl":"https:\/\/rexel.be\/wp-content\/uploads\/2026\/01\/laadpalen-NL-1024x832.png","datePublished":"2026-01-07T11:20:27+00:00","dateModified":"2026-01-20T14:24:36+00:00","description":"Configurateur de borne de recharge simple : calculs rapides, aper\u00e7u des prix et options de commande directe pour les professionnels.","breadcrumb":{"@id":"https:\/\/rexel.be\/fr\/configurateurs\/bornes-de-recharge\/#breadcrumb"},"inLanguage":"fr-FR","potentialAction":[{"@type":"ReadAction","target":["https:\/\/rexel.be\/fr\/configurateurs\/bornes-de-recharge\/"]}]},{"@type":"ImageObject","inLanguage":"fr-FR","@id":"https:\/\/rexel.be\/fr\/configurateurs\/bornes-de-recharge\/#primaryimage","url":"https:\/\/rexel.be\/wp-content\/uploads\/2026\/01\/laadpalen-NL-1024x832.png","contentUrl":"https:\/\/rexel.be\/wp-content\/uploads\/2026\/01\/laadpalen-NL-1024x832.png"},{"@type":"BreadcrumbList","@id":"https:\/\/rexel.be\/fr\/configurateurs\/bornes-de-recharge\/#breadcrumb","itemListElement":[{"@type":"ListItem","position":1,"name":"Home","item":"https:\/\/rexel.be\/fr\/"},{"@type":"ListItem","position":2,"name":"Configurateurs","item":"https:\/\/rexel.be\/fr\/configurateurs\/"},{"@type":"ListItem","position":3,"name":"Bornes de recharge"}]},{"@type":"WebSite","@id":"https:\/\/rexel.be\/fr\/#website","url":"https:\/\/rexel.be\/fr\/","name":"Rexel","description":"","potentialAction":[{"@type":"SearchAction","target":{"@type":"EntryPoint","urlTemplate":"https:\/\/rexel.be\/fr\/?s={search_term_string}"},"query-input":{"@type":"PropertyValueSpecification","valueRequired":true,"valueName":"search_term_string"}}],"inLanguage":"fr-FR"}]}},"_links":{"self":[{"href":"https:\/\/rexel.be\/fr\/wp-json\/wp\/v2\/pages\/3353","targetHints":{"allow":["GET"]}}],"collection":[{"href":"https:\/\/rexel.be\/fr\/wp-json\/wp\/v2\/pages"}],"about":[{"href":"https:\/\/rexel.be\/fr\/wp-json\/wp\/v2\/types\/page"}],"author":[{"embeddable":true,"href":"https:\/\/rexel.be\/fr\/wp-json\/wp\/v2\/users\/3"}],"replies":[{"embeddable":true,"href":"https:\/\/rexel.be\/fr\/wp-json\/wp\/v2\/comments?post=3353"}],"version-history":[{"count":3,"href":"https:\/\/rexel.be\/fr\/wp-json\/wp\/v2\/pages\/3353\/revisions"}],"predecessor-version":[{"id":3767,"href":"https:\/\/rexel.be\/fr\/wp-json\/wp\/v2\/pages\/3353\/revisions\/3767"}],"up":[{"embeddable":true,"href":"https:\/\/rexel.be\/fr\/wp-json\/wp\/v2\/pages\/3320"}],"wp:attachment":[{"href":"https:\/\/rexel.be\/fr\/wp-json\/wp\/v2\/media?parent=3353"}],"curies":[{"name":"wp","href":"https:\/\/api.w.org\/{rel}","templated":true}]}}