{"id":3339,"date":"2026-01-07T11:09:47","date_gmt":"2026-01-07T10:09:47","guid":{"rendered":"https:\/\/rexel.be\/?page_id=3339"},"modified":"2026-01-20T14:50:58","modified_gmt":"2026-01-20T13:50:58","slug":"lighting-selector","status":"publish","type":"page","link":"https:\/\/rexel.be\/fr\/configurateurs\/lighting-selector\/","title":{"rendered":"Lighting Selector"},"content":{"rendered":"\n<div class=\"wp-block-cover alignfull has-custom-content-position is-position-bottom-left has-white-color has-text-color has-link-color wp-elements-4726041c3a3ba3ed500774d2e118ff9f\" style=\"border-bottom-left-radius:80px;border-bottom-right-radius:80px;padding-bottom:var(--wp--preset--spacing--120-60);min-height:560px;aspect-ratio:unset;\"><span aria-hidden=\"true\" class=\"wp-block-cover__background has-dark-background-color has-background-dim-100 has-background-dim\"><\/span><div class=\"wp-block-cover__inner-container has-global-padding is-layout-constrained wp-container-core-cover-is-layout-2b988179 wp-block-cover-is-layout-constrained\"><h1 class=\"has-link-color wp-elements-88f0857fdc8bad98dfdc5c16977574b2 wp-block-post-title has-text-color has-white-color\">Lighting Selector<\/h1>\n\n<div class=\"yoast-breadcrumbs\"><span><span><a href=\"https:\/\/rexel.be\/fr\/\">Home<\/a><\/span> <span class=\"sep\"><\/span> <span><a href=\"https:\/\/rexel.be\/fr\/configurateurs\/\">Configurateurs<\/a><\/span> <span class=\"sep\"><\/span> <span class=\"breadcrumb_last\" aria-current=\"page\">Lighting Selector<\/span><\/span><\/div><\/div><\/div>\n\n\n\n<div class=\"wp-block-group has-global-padding is-layout-constrained wp-block-group-is-layout-constrained\" style=\"padding-top:var(--wp--preset--spacing--60-40);padding-bottom:var(--wp--preset--spacing--60-40)\">\n<div class=\"wp-block-media-text is-stacked-on-mobile is-vertically-aligned-center\"><figure class=\"wp-block-media-text__media\"><img loading=\"lazy\" decoding=\"async\" width=\"1024\" height=\"724\" src=\"https:\/\/rexel.be\/wp-content\/uploads\/2026\/01\/banner-Lighting-Selector-NL-1-1024x724.png\" alt=\"\" class=\"wp-image-3341 size-full\" srcset=\"https:\/\/rexel.be\/wp-content\/uploads\/2026\/01\/banner-Lighting-Selector-NL-1-1024x724.png 1024w, https:\/\/rexel.be\/wp-content\/uploads\/2026\/01\/banner-Lighting-Selector-NL-1-300x212.png 300w, https:\/\/rexel.be\/wp-content\/uploads\/2026\/01\/banner-Lighting-Selector-NL-1-768x543.png 768w, https:\/\/rexel.be\/wp-content\/uploads\/2026\/01\/banner-Lighting-Selector-NL-1-1536x1087.png 1536w, https:\/\/rexel.be\/wp-content\/uploads\/2026\/01\/banner-Lighting-Selector-NL-1-2048x1449.png 2048w\" sizes=\"auto, (max-width: 1024px) 100vw, 1024px\" \/><\/figure><div class=\"wp-block-media-text__content\">\n<h2 class=\"wp-block-heading\">Un outil innovant qui vous fait gagner beaucoup de temps<\/h2>\n\n\n\n<p>Trouvez rapidement et facilement le luminaire que vous recherchez parmi une s\u00e9lection de plus de 50 000 produits.<\/p>\n\n\n\n<p>Avec 16 options de filtres combinables, vous pouvez facilement trouver le produit qui r\u00e9pond \u00e0 vos attentes.<\/p>\n\n\n\n<div class=\"wp-block-buttons is-layout-flex wp-block-buttons-is-layout-flex\">\n<div class=\"wp-block-button is-style-green is-style-green--1\"><a class=\"wp-block-button__link wp-element-button\" href=\"https:\/\/netstore.rexel.be\/NS\/Start?dm&amp;language=FR&amp;action=rd&amp;to=tool&amp;var1=TOOL_LIGHTING&amp;utm_source=300&amp;utm_medium=Referral&amp;utm_campaign=Tool_lighting&amp;utm_content=deeplink_TOOL_LIGHTING_rexelwebsite_FR\" target=\"_blank\" rel=\"noreferrer noopener\">Testez le Lighting Selector sur Netstore<\/a><\/div>\n<\/div>\n<\/div><\/div>\n<\/div>\n","protected":false},"excerpt":{"rendered":"<p>Un outil innovant qui vous fait gagner beaucoup de temps Trouvez rapidement et facilement le luminaire que vous recherchez parmi une s\u00e9lection de plus de 50 000 produits. Avec 16 options de filtres combinables, vous pouvez facilement trouver le produit qui r\u00e9pond \u00e0 vos attentes.<\/p>\n","protected":false},"author":3,"featured_media":0,"parent":3320,"menu_order":0,"comment_status":"closed","ping_status":"closed","template":"","meta":{"_acf_changed":false,"inline_featured_image":false,"footnotes":"","_links_to":"","_links_to_target":""},"class_list":["post-3339","page","type-page","status-publish","hentry"],"acf":[],"yoast_head":"<!-- This site is optimized with the Yoast SEO plugin v27.4 - https:\/\/yoast.com\/product\/yoast-seo-wordpress\/ -->\n<title>Lighting Selector - Rexel Belgium<\/title>\n<meta name=\"description\" content=\"Trouvez rapidement et facilement le luminaire adapt\u00e9 que vous recherchez \u00e0 l&#039;aide de ce configurateur d&#039;\u00e9clairage.\" \/>\n<meta name=\"robots\" content=\"index, follow, max-snippet:-1, max-image-preview:large, max-video-preview:-1\" \/>\n<link rel=\"canonical\" href=\"https:\/\/rexel.be\/fr\/configurateurs\/lighting-selector\/\" \/>\n<meta property=\"og:locale\" content=\"fr_FR\" \/>\n<meta property=\"og:type\" content=\"article\" \/>\n<meta property=\"og:title\" content=\"Lighting Selector - Rexel Belgium\" \/>\n<meta property=\"og:description\" content=\"Trouvez rapidement et facilement le luminaire adapt\u00e9 que vous recherchez \u00e0 l&#039;aide de ce configurateur d&#039;\u00e9clairage.\" \/>\n<meta property=\"og:url\" content=\"https:\/\/rexel.be\/fr\/configurateurs\/lighting-selector\/\" \/>\n<meta property=\"og:site_name\" content=\"Rexel\" \/>\n<meta property=\"article:modified_time\" content=\"2026-01-20T13:50:58+00:00\" \/>\n<meta property=\"og:image\" content=\"https:\/\/rexel.be\/wp-content\/uploads\/2026\/01\/banner-Lighting-Selector-NL-1-1024x724.png\" \/>\n\t<meta property=\"og:image:width\" content=\"1024\" \/>\n\t<meta property=\"og:image:height\" content=\"724\" \/>\n\t<meta property=\"og:image:type\" content=\"image\/png\" \/>\n<meta name=\"twitter:card\" content=\"summary_large_image\" \/>\n<meta name=\"twitter:label1\" content=\"Dur\u00e9e de lecture estim\u00e9e\" \/>\n\t<meta name=\"twitter:data1\" content=\"1 minute\" \/>\n<script type=\"application\/ld+json\" class=\"yoast-schema-graph\">{\"@context\":\"https:\\\/\\\/schema.org\",\"@graph\":[{\"@type\":\"WebPage\",\"@id\":\"https:\\\/\\\/rexel.be\\\/fr\\\/configurateurs\\\/lighting-selector\\\/\",\"url\":\"https:\\\/\\\/rexel.be\\\/fr\\\/configurateurs\\\/lighting-selector\\\/\",\"name\":\"Lighting Selector - Rexel Belgium\",\"isPartOf\":{\"@id\":\"https:\\\/\\\/rexel.be\\\/fr\\\/#website\"},\"primaryImageOfPage\":{\"@id\":\"https:\\\/\\\/rexel.be\\\/fr\\\/configurateurs\\\/lighting-selector\\\/#primaryimage\"},\"image\":{\"@id\":\"https:\\\/\\\/rexel.be\\\/fr\\\/configurateurs\\\/lighting-selector\\\/#primaryimage\"},\"thumbnailUrl\":\"https:\\\/\\\/rexel.be\\\/wp-content\\\/uploads\\\/2026\\\/01\\\/banner-Lighting-Selector-NL-1-1024x724.png\",\"datePublished\":\"2026-01-07T10:09:47+00:00\",\"dateModified\":\"2026-01-20T13:50:58+00:00\",\"description\":\"Trouvez rapidement et facilement le luminaire adapt\u00e9 que vous recherchez \u00e0 l'aide de ce configurateur d'\u00e9clairage.\",\"breadcrumb\":{\"@id\":\"https:\\\/\\\/rexel.be\\\/fr\\\/configurateurs\\\/lighting-selector\\\/#breadcrumb\"},\"inLanguage\":\"fr-FR\",\"potentialAction\":[{\"@type\":\"ReadAction\",\"target\":[\"https:\\\/\\\/rexel.be\\\/fr\\\/configurateurs\\\/lighting-selector\\\/\"]}]},{\"@type\":\"ImageObject\",\"inLanguage\":\"fr-FR\",\"@id\":\"https:\\\/\\\/rexel.be\\\/fr\\\/configurateurs\\\/lighting-selector\\\/#primaryimage\",\"url\":\"https:\\\/\\\/rexel.be\\\/wp-content\\\/uploads\\\/2026\\\/01\\\/banner-Lighting-Selector-NL-1-1024x724.png\",\"contentUrl\":\"https:\\\/\\\/rexel.be\\\/wp-content\\\/uploads\\\/2026\\\/01\\\/banner-Lighting-Selector-NL-1-1024x724.png\"},{\"@type\":\"BreadcrumbList\",\"@id\":\"https:\\\/\\\/rexel.be\\\/fr\\\/configurateurs\\\/lighting-selector\\\/#breadcrumb\",\"itemListElement\":[{\"@type\":\"ListItem\",\"position\":1,\"name\":\"Home\",\"item\":\"https:\\\/\\\/rexel.be\\\/fr\\\/\"},{\"@type\":\"ListItem\",\"position\":2,\"name\":\"Configurateurs\",\"item\":\"https:\\\/\\\/rexel.be\\\/fr\\\/configurateurs\\\/\"},{\"@type\":\"ListItem\",\"position\":3,\"name\":\"Lighting Selector\"}]},{\"@type\":\"WebSite\",\"@id\":\"https:\\\/\\\/rexel.be\\\/fr\\\/#website\",\"url\":\"https:\\\/\\\/rexel.be\\\/fr\\\/\",\"name\":\"Rexel\",\"description\":\"\",\"potentialAction\":[{\"@type\":\"SearchAction\",\"target\":{\"@type\":\"EntryPoint\",\"urlTemplate\":\"https:\\\/\\\/rexel.be\\\/fr\\\/?s={search_term_string}\"},\"query-input\":{\"@type\":\"PropertyValueSpecification\",\"valueRequired\":true,\"valueName\":\"search_term_string\"}}],\"inLanguage\":\"fr-FR\"}]}<\/script>\n<!-- \/ Yoast SEO plugin. -->","yoast_head_json":{"title":"Lighting Selector - Rexel Belgium","description":"Trouvez rapidement et facilement le luminaire adapt\u00e9 que vous recherchez \u00e0 l'aide de ce configurateur d'\u00e9clairage.","robots":{"index":"index","follow":"follow","max-snippet":"max-snippet:-1","max-image-preview":"max-image-preview:large","max-video-preview":"max-video-preview:-1"},"canonical":"https:\/\/rexel.be\/fr\/configurateurs\/lighting-selector\/","og_locale":"fr_FR","og_type":"article","og_title":"Lighting Selector - Rexel Belgium","og_description":"Trouvez rapidement et facilement le luminaire adapt\u00e9 que vous recherchez \u00e0 l'aide de ce configurateur d'\u00e9clairage.","og_url":"https:\/\/rexel.be\/fr\/configurateurs\/lighting-selector\/","og_site_name":"Rexel","article_modified_time":"2026-01-20T13:50:58+00:00","og_image":[{"width":1024,"height":724,"url":"https:\/\/rexel.be\/wp-content\/uploads\/2026\/01\/banner-Lighting-Selector-NL-1-1024x724.png","type":"image\/png"}],"twitter_card":"summary_large_image","twitter_misc":{"Dur\u00e9e de lecture estim\u00e9e":"1 minute"},"schema":{"@context":"https:\/\/schema.org","@graph":[{"@type":"WebPage","@id":"https:\/\/rexel.be\/fr\/configurateurs\/lighting-selector\/","url":"https:\/\/rexel.be\/fr\/configurateurs\/lighting-selector\/","name":"Lighting Selector - Rexel Belgium","isPartOf":{"@id":"https:\/\/rexel.be\/fr\/#website"},"primaryImageOfPage":{"@id":"https:\/\/rexel.be\/fr\/configurateurs\/lighting-selector\/#primaryimage"},"image":{"@id":"https:\/\/rexel.be\/fr\/configurateurs\/lighting-selector\/#primaryimage"},"thumbnailUrl":"https:\/\/rexel.be\/wp-content\/uploads\/2026\/01\/banner-Lighting-Selector-NL-1-1024x724.png","datePublished":"2026-01-07T10:09:47+00:00","dateModified":"2026-01-20T13:50:58+00:00","description":"Trouvez rapidement et facilement le luminaire adapt\u00e9 que vous recherchez \u00e0 l'aide de ce configurateur d'\u00e9clairage.","breadcrumb":{"@id":"https:\/\/rexel.be\/fr\/configurateurs\/lighting-selector\/#breadcrumb"},"inLanguage":"fr-FR","potentialAction":[{"@type":"ReadAction","target":["https:\/\/rexel.be\/fr\/configurateurs\/lighting-selector\/"]}]},{"@type":"ImageObject","inLanguage":"fr-FR","@id":"https:\/\/rexel.be\/fr\/configurateurs\/lighting-selector\/#primaryimage","url":"https:\/\/rexel.be\/wp-content\/uploads\/2026\/01\/banner-Lighting-Selector-NL-1-1024x724.png","contentUrl":"https:\/\/rexel.be\/wp-content\/uploads\/2026\/01\/banner-Lighting-Selector-NL-1-1024x724.png"},{"@type":"BreadcrumbList","@id":"https:\/\/rexel.be\/fr\/configurateurs\/lighting-selector\/#breadcrumb","itemListElement":[{"@type":"ListItem","position":1,"name":"Home","item":"https:\/\/rexel.be\/fr\/"},{"@type":"ListItem","position":2,"name":"Configurateurs","item":"https:\/\/rexel.be\/fr\/configurateurs\/"},{"@type":"ListItem","position":3,"name":"Lighting Selector"}]},{"@type":"WebSite","@id":"https:\/\/rexel.be\/fr\/#website","url":"https:\/\/rexel.be\/fr\/","name":"Rexel","description":"","potentialAction":[{"@type":"SearchAction","target":{"@type":"EntryPoint","urlTemplate":"https:\/\/rexel.be\/fr\/?s={search_term_string}"},"query-input":{"@type":"PropertyValueSpecification","valueRequired":true,"valueName":"search_term_string"}}],"inLanguage":"fr-FR"}]}},"_links":{"self":[{"href":"https:\/\/rexel.be\/fr\/wp-json\/wp\/v2\/pages\/3339","targetHints":{"allow":["GET"]}}],"collection":[{"href":"https:\/\/rexel.be\/fr\/wp-json\/wp\/v2\/pages"}],"about":[{"href":"https:\/\/rexel.be\/fr\/wp-json\/wp\/v2\/types\/page"}],"author":[{"embeddable":true,"href":"https:\/\/rexel.be\/fr\/wp-json\/wp\/v2\/users\/3"}],"replies":[{"embeddable":true,"href":"https:\/\/rexel.be\/fr\/wp-json\/wp\/v2\/comments?post=3339"}],"version-history":[{"count":3,"href":"https:\/\/rexel.be\/fr\/wp-json\/wp\/v2\/pages\/3339\/revisions"}],"predecessor-version":[{"id":3757,"href":"https:\/\/rexel.be\/fr\/wp-json\/wp\/v2\/pages\/3339\/revisions\/3757"}],"up":[{"embeddable":true,"href":"https:\/\/rexel.be\/fr\/wp-json\/wp\/v2\/pages\/3320"}],"wp:attachment":[{"href":"https:\/\/rexel.be\/fr\/wp-json\/wp\/v2\/media?parent=3339"}],"curies":[{"name":"wp","href":"https:\/\/api.w.org\/{rel}","templated":true}]}}