{"id":3320,"date":"2026-01-06T17:16:15","date_gmt":"2026-01-06T16:16:15","guid":{"rendered":"https:\/\/rexel.be\/?page_id=3320"},"modified":"2026-02-03T10:00:42","modified_gmt":"2026-02-03T09:00:42","slug":"configurateurs","status":"publish","type":"page","link":"https:\/\/rexel.be\/fr\/configurateurs\/","title":{"rendered":"Configurateurs"},"content":{"rendered":"\n<div class=\"wp-block-cover alignfull has-custom-content-position is-position-bottom-left has-white-color has-text-color has-link-color wp-elements-4726041c3a3ba3ed500774d2e118ff9f\" style=\"border-bottom-left-radius:80px;border-bottom-right-radius:80px;padding-bottom:var(--wp--preset--spacing--120-60);min-height:560px;aspect-ratio:unset;\"><span aria-hidden=\"true\" class=\"wp-block-cover__background has-dark-background-color has-background-dim-100 has-background-dim\"><\/span><div class=\"wp-block-cover__inner-container has-global-padding is-layout-constrained wp-container-core-cover-is-layout-2b988179 wp-block-cover-is-layout-constrained\"><h1 class=\"has-link-color wp-elements-88f0857fdc8bad98dfdc5c16977574b2 wp-block-post-title has-text-color has-white-color\">Configurateurs<\/h1>\n\n<div class=\"yoast-breadcrumbs\"><span><span><a href=\"https:\/\/rexel.be\/fr\/\">Home<\/a><\/span> <span class=\"sep\"><\/span> <span class=\"breadcrumb_last\" aria-current=\"page\">Configurateurs<\/span><\/span><\/div><\/div><\/div>\n\n\n\n<div class=\"wp-block-group has-global-padding is-layout-constrained wp-block-group-is-layout-constrained\" style=\"padding-top:var(--wp--preset--spacing--60-40);padding-bottom:var(--wp--preset--spacing--60-40)\">\n<h3 class=\"wp-block-heading\">Nos configurateurs vous aident de mani\u00e8re simple \u00e0 vous lancer dans le calcul de l\u2019installation de votre prochain projet.<\/h3>\n\n\n\n<p>D\u00e9couvrez ci-dessous notre gamme fiable de configurateurs conviviaux.<\/p>\n<\/div>\n\n\n\n<div class=\"wp-block-group alignfull bg_shape has-global-padding is-layout-constrained wp-container-core-group-is-layout-50eac2a3 wp-block-group-is-layout-constrained\" style=\"padding-top:var(--wp--preset--spacing--60-40);padding-right:var(--wp--preset--spacing--160-60);padding-bottom:var(--wp--preset--spacing--60-40);padding-left:var(--wp--preset--spacing--160-60)\">\n<div class=\"wp-block-group is-layout-grid wp-container-core-group-is-layout-988b637e wp-block-group-is-layout-grid\">\n<div class=\"wp-block-group has-border-color has-white-background-color has-background wp-container-content-6df3295e is-layout-flow wp-block-group-is-layout-flow\" style=\"border-color:#2896d752;border-width:1px;border-radius:16px;padding-top:0;padding-right:0;padding-bottom:0;padding-left:0;box-shadow:var(--wp--preset--shadow--shadow-1)\">\n<figure class=\"wp-block-image size-full\"><img loading=\"lazy\" decoding=\"async\" width=\"1024\" height=\"686\" src=\"https:\/\/rexel.be\/wp-content\/uploads\/2026\/01\/Lighting-Selector.jpg\" alt=\"\" class=\"wp-image-3332\" style=\"aspect-ratio:16\/9;object-fit:cover\" srcset=\"https:\/\/rexel.be\/wp-content\/uploads\/2026\/01\/Lighting-Selector.jpg 1024w, https:\/\/rexel.be\/wp-content\/uploads\/2026\/01\/Lighting-Selector-300x201.jpg 300w, https:\/\/rexel.be\/wp-content\/uploads\/2026\/01\/Lighting-Selector-768x515.jpg 768w\" sizes=\"auto, (max-width: 1024px) 100vw, 1024px\" \/><\/figure>\n\n\n\n<h4 class=\"wp-block-heading has-black-color has-text-color has-link-color wp-elements-c23c448334cd8a76e030d6a0aca04243\" style=\"padding-right:var(--wp--preset--spacing--50-30);padding-left:var(--wp--preset--spacing--50-30)\">Lighting Selector<\/h4>\n\n\n\n<p style=\"padding-right:var(--wp--preset--spacing--50-30);padding-left:var(--wp--preset--spacing--50-30)\">Trouvez les luminaires pour votre projet en quelques clics.<\/p>\n\n\n\n<div class=\"wp-block-buttons is-layout-flex wp-block-buttons-is-layout-flex\" style=\"margin-bottom:var(--wp--preset--spacing--60-40);padding-right:var(--wp--preset--spacing--50-30);padding-left:var(--wp--preset--spacing--50-30)\">\n<div class=\"wp-block-button is-style-green is-style-green--1\"><a class=\"wp-block-button__link wp-element-button\" href=\"https:\/\/rexel.be\/fr\/configurateurs\/lighting-selector\/\">Plus d&rsquo;infos<\/a><\/div>\n<\/div>\n<\/div>\n\n\n\n<div class=\"wp-block-group has-border-color has-white-background-color has-background is-layout-flow wp-block-group-is-layout-flow\" style=\"border-color:#2896d752;border-width:1px;border-radius:16px;padding-top:0;padding-right:0;padding-bottom:0;padding-left:0;box-shadow:var(--wp--preset--shadow--shadow-1)\">\n<figure class=\"wp-block-image size-large\"><img loading=\"lazy\" decoding=\"async\" width=\"1024\" height=\"674\" src=\"https:\/\/rexel.be\/wp-content\/uploads\/2026\/01\/FIGIBEL-configurator-laptop-NL-1024x674.jpg\" alt=\"\" class=\"wp-image-3329\" style=\"aspect-ratio:16\/9;object-fit:cover\" srcset=\"https:\/\/rexel.be\/wp-content\/uploads\/2026\/01\/FIGIBEL-configurator-laptop-NL-1024x674.jpg 1024w, https:\/\/rexel.be\/wp-content\/uploads\/2026\/01\/FIGIBEL-configurator-laptop-NL-300x198.jpg 300w, https:\/\/rexel.be\/wp-content\/uploads\/2026\/01\/FIGIBEL-configurator-laptop-NL-768x506.jpg 768w, https:\/\/rexel.be\/wp-content\/uploads\/2026\/01\/FIGIBEL-configurator-laptop-NL.jpg 1485w\" sizes=\"auto, (max-width: 1024px) 100vw, 1024px\" \/><\/figure>\n\n\n\n<h4 class=\"wp-block-heading has-black-color has-text-color has-link-color wp-elements-73ba360aebe317d02b8bf8c11aa20707\" style=\"padding-right:var(--wp--preset--spacing--50-30);padding-left:var(--wp--preset--spacing--50-30)\">Flex<\/h4>\n\n\n\n<p style=\"padding-right:var(--wp--preset--spacing--50-30);padding-left:var(--wp--preset--spacing--50-30)\">Gr\u00e2ce au configurateur Flex, vous trouverez vos tubes pr\u00e9-c\u00e2bl\u00e9s en toute simplicit\u00e9.<\/p>\n\n\n\n<div class=\"wp-block-buttons is-layout-flex wp-block-buttons-is-layout-flex\" style=\"margin-bottom:var(--wp--preset--spacing--60-40);padding-right:var(--wp--preset--spacing--50-30);padding-left:var(--wp--preset--spacing--50-30)\">\n<div class=\"wp-block-button is-style-green is-style-green--2\"><a class=\"wp-block-button__link wp-element-button\" href=\"https:\/\/rexel.be\/fr\/configurateurs\/flex\/\">Plus d&rsquo;infos<\/a><\/div>\n<\/div>\n<\/div>\n\n\n\n<div class=\"wp-block-group has-border-color has-white-background-color has-background is-layout-flow wp-block-group-is-layout-flow\" style=\"border-color:#2896d752;border-width:1px;border-radius:16px;padding-top:0;padding-right:0;padding-bottom:0;padding-left:0;box-shadow:var(--wp--preset--shadow--shadow-1)\">\n<figure class=\"wp-block-image size-large\"><img loading=\"lazy\" decoding=\"async\" width=\"1024\" height=\"832\" src=\"https:\/\/rexel.be\/wp-content\/uploads\/2026\/01\/laadpalen-NL-1024x832.png\" alt=\"\" class=\"wp-image-3331\" style=\"aspect-ratio:16\/9;object-fit:cover\" srcset=\"https:\/\/rexel.be\/wp-content\/uploads\/2026\/01\/laadpalen-NL-1024x832.png 1024w, https:\/\/rexel.be\/wp-content\/uploads\/2026\/01\/laadpalen-NL-300x244.png 300w, https:\/\/rexel.be\/wp-content\/uploads\/2026\/01\/laadpalen-NL-768x624.png 768w, https:\/\/rexel.be\/wp-content\/uploads\/2026\/01\/laadpalen-NL-1536x1247.png 1536w, https:\/\/rexel.be\/wp-content\/uploads\/2026\/01\/laadpalen-NL-2048x1663.png 2048w\" sizes=\"auto, (max-width: 1024px) 100vw, 1024px\" \/><\/figure>\n\n\n\n<h4 class=\"wp-block-heading has-black-color has-text-color has-link-color wp-elements-cf426d6ec848eafd41984fb19e700b3c\" style=\"padding-right:var(--wp--preset--spacing--50-30);padding-left:var(--wp--preset--spacing--50-30)\">Bornes de recharge<\/h4>\n\n\n\n<p style=\"padding-right:var(--wp--preset--spacing--50-30);padding-left:var(--wp--preset--spacing--50-30)\">Le configurateur de bornes de recharge est destin\u00e9 aux installations r\u00e9sidentielles et apporte une r\u00e9ponse aux questions fr\u00e9quemment pos\u00e9es.<\/p>\n\n\n\n<div class=\"wp-block-buttons is-layout-flex wp-block-buttons-is-layout-flex\" style=\"margin-bottom:var(--wp--preset--spacing--60-40);padding-right:var(--wp--preset--spacing--50-30);padding-left:var(--wp--preset--spacing--50-30)\">\n<div class=\"wp-block-button is-style-green is-style-green--3\"><a class=\"wp-block-button__link wp-element-button\" href=\"https:\/\/rexel.be\/fr\/configurateurs\/laadpalen\/\">Plus d&rsquo;infos<\/a><\/div>\n<\/div>\n<\/div>\n\n\n\n<div class=\"wp-block-group has-border-color has-white-background-color has-background is-layout-flow wp-block-group-is-layout-flow\" style=\"border-color:#2896d752;border-width:1px;border-radius:16px;padding-top:0;padding-right:0;padding-bottom:0;padding-left:0;box-shadow:var(--wp--preset--shadow--shadow-1)\">\n<figure class=\"wp-block-image size-full\"><img loading=\"lazy\" decoding=\"async\" width=\"751\" height=\"456\" src=\"https:\/\/rexel.be\/wp-content\/uploads\/2026\/01\/Ventilatie-NL.png\" alt=\"\" class=\"wp-image-3333\" style=\"aspect-ratio:16\/9;object-fit:cover\" srcset=\"https:\/\/rexel.be\/wp-content\/uploads\/2026\/01\/Ventilatie-NL.png 751w, https:\/\/rexel.be\/wp-content\/uploads\/2026\/01\/Ventilatie-NL-300x182.png 300w\" sizes=\"auto, (max-width: 751px) 100vw, 751px\" \/><\/figure>\n\n\n\n<h4 class=\"wp-block-heading has-black-color has-text-color has-link-color wp-elements-cac3966400a3c1aa8154dbfacb96ba6c\" style=\"padding-right:var(--wp--preset--spacing--50-30);padding-left:var(--wp--preset--spacing--50-30)\">Ventilation<\/h4>\n\n\n\n<p style=\"padding-right:var(--wp--preset--spacing--50-30);padding-left:var(--wp--preset--spacing--50-30)\">Faites une simulation du type de ventilation dont vous avez besoin pour ventiler votre maison de mani\u00e8re durable et efficace.<\/p>\n\n\n\n<div class=\"wp-block-buttons is-layout-flex wp-block-buttons-is-layout-flex\" style=\"margin-bottom:var(--wp--preset--spacing--60-40);padding-right:var(--wp--preset--spacing--50-30);padding-left:var(--wp--preset--spacing--50-30)\">\n<div class=\"wp-block-button is-style-green is-style-green--4\"><a class=\"wp-block-button__link wp-element-button\" href=\"https:\/\/rexel.be\/fr\/configurateurs\/ventilation\/\">Plus d&rsquo;infos<\/a><\/div>\n<\/div>\n<\/div>\n\n\n\n<div class=\"wp-block-group has-border-color has-white-background-color has-background is-layout-flow wp-block-group-is-layout-flow\" style=\"border-color:#2896d752;border-width:1px;border-radius:16px;padding-top:0;padding-right:0;padding-bottom:0;padding-left:0;box-shadow:var(--wp--preset--shadow--shadow-1)\">\n<figure class=\"wp-block-image size-full\"><img loading=\"lazy\" decoding=\"async\" width=\"869\" height=\"618\" src=\"https:\/\/rexel.be\/wp-content\/uploads\/2026\/01\/Eleccalc-Eendraadschema.png\" alt=\"\" class=\"wp-image-3327\" style=\"aspect-ratio:16\/9;object-fit:cover\" srcset=\"https:\/\/rexel.be\/wp-content\/uploads\/2026\/01\/Eleccalc-Eendraadschema.png 869w, https:\/\/rexel.be\/wp-content\/uploads\/2026\/01\/Eleccalc-Eendraadschema-300x213.png 300w, https:\/\/rexel.be\/wp-content\/uploads\/2026\/01\/Eleccalc-Eendraadschema-768x546.png 768w\" sizes=\"auto, (max-width: 869px) 100vw, 869px\" \/><\/figure>\n\n\n\n<h4 class=\"wp-block-heading has-black-color has-text-color has-link-color wp-elements-2536416922871f454ebfce8c4efa9061\" style=\"padding-right:var(--wp--preset--spacing--50-30);padding-left:var(--wp--preset--spacing--50-30)\">Elec Calc<\/h4>\n\n\n\n<p style=\"padding-right:var(--wp--preset--spacing--50-30);padding-left:var(--wp--preset--spacing--50-30)\">Un outil pour la mod\u00e9lisation et le dimensionnement avec elec calc\u2122.<\/p>\n\n\n\n<div class=\"wp-block-buttons is-layout-flex wp-block-buttons-is-layout-flex\" style=\"margin-bottom:var(--wp--preset--spacing--60-40);padding-right:var(--wp--preset--spacing--50-30);padding-left:var(--wp--preset--spacing--50-30)\">\n<div class=\"wp-block-button is-style-green is-style-green--5\"><a class=\"wp-block-button__link wp-element-button\" href=\"https:\/\/rexel.be\/fr\/configurateurs\/elec-calc\/\">Plus d&rsquo;infos<\/a><\/div>\n<\/div>\n<\/div>\n\n\n\n<div class=\"wp-block-group has-border-color has-white-background-color has-background is-layout-flow wp-block-group-is-layout-flow\" style=\"border-color:#2896d752;border-width:1px;border-radius:16px;padding-top:0;padding-right:0;padding-bottom:0;padding-left:0;box-shadow:var(--wp--preset--shadow--shadow-1)\">\n<figure class=\"wp-block-image size-full\"><img loading=\"lazy\" decoding=\"async\" width=\"2560\" height=\"1235\" src=\"https:\/\/rexel.be\/wp-content\/uploads\/2026\/01\/Archelios-scaled.png\" alt=\"\" class=\"wp-image-3321\" style=\"aspect-ratio:16\/9;object-fit:cover\" srcset=\"https:\/\/rexel.be\/wp-content\/uploads\/2026\/01\/Archelios-scaled.png 2560w, https:\/\/rexel.be\/wp-content\/uploads\/2026\/01\/Archelios-300x145.png 300w, https:\/\/rexel.be\/wp-content\/uploads\/2026\/01\/Archelios-1024x494.png 1024w, https:\/\/rexel.be\/wp-content\/uploads\/2026\/01\/Archelios-768x371.png 768w, https:\/\/rexel.be\/wp-content\/uploads\/2026\/01\/Archelios-1536x741.png 1536w, https:\/\/rexel.be\/wp-content\/uploads\/2026\/01\/Archelios-2048x988.png 2048w\" sizes=\"auto, (max-width: 2560px) 100vw, 2560px\" \/><\/figure>\n\n\n\n<h4 class=\"wp-block-heading has-black-color has-text-color has-link-color wp-elements-1e28bc8980a6508a1eaf3aeb8cc9b66a\" style=\"padding-right:var(--wp--preset--spacing--50-30);padding-left:var(--wp--preset--spacing--50-30)\">Archelios<\/h4>\n\n\n\n<p style=\"padding-right:var(--wp--preset--spacing--50-30);padding-left:var(--wp--preset--spacing--50-30)\">Un outil unique pour les professionnels du photovolta\u00efque.<\/p>\n\n\n\n<div class=\"wp-block-buttons is-layout-flex wp-block-buttons-is-layout-flex\" style=\"margin-bottom:var(--wp--preset--spacing--60-40);padding-right:var(--wp--preset--spacing--50-30);padding-left:var(--wp--preset--spacing--50-30)\">\n<div class=\"wp-block-button is-style-green is-style-green--6\"><a class=\"wp-block-button__link wp-element-button\" href=\"https:\/\/rexel.be\/fr\/configurateurs\/archelios\/\">Plus d&rsquo;infos<\/a><\/div>\n<\/div>\n<\/div>\n\n\n\n<div class=\"wp-block-group has-border-color has-white-background-color has-background is-layout-flow wp-block-group-is-layout-flow\" style=\"border-color:#2896d752;border-width:1px;border-radius:16px;padding-top:0;padding-right:0;padding-bottom:0;padding-left:0;box-shadow:var(--wp--preset--shadow--shadow-1)\">\n<figure class=\"wp-block-image size-full\"><img loading=\"lazy\" decoding=\"async\" width=\"1550\" height=\"970\" src=\"https:\/\/rexel.be\/wp-content\/uploads\/2026\/01\/0550visuel-main.jpg\" alt=\"\" class=\"wp-image-3334\" style=\"aspect-ratio:16\/9;object-fit:cover\" srcset=\"https:\/\/rexel.be\/wp-content\/uploads\/2026\/01\/0550visuel-main.jpg 1550w, https:\/\/rexel.be\/wp-content\/uploads\/2026\/01\/0550visuel-main-300x188.jpg 300w, https:\/\/rexel.be\/wp-content\/uploads\/2026\/01\/0550visuel-main-1024x641.jpg 1024w, https:\/\/rexel.be\/wp-content\/uploads\/2026\/01\/0550visuel-main-768x481.jpg 768w, https:\/\/rexel.be\/wp-content\/uploads\/2026\/01\/0550visuel-main-1536x961.jpg 1536w\" sizes=\"auto, (max-width: 1550px) 100vw, 1550px\" \/><\/figure>\n\n\n\n<h4 class=\"wp-block-heading has-black-color has-text-color has-link-color wp-elements-a4e1dc445ee668147aa3320a840bd3ec\" style=\"padding-right:var(--wp--preset--spacing--50-30);padding-left:var(--wp--preset--spacing--50-30)\">Bizline<\/h4>\n\n\n\n<p style=\"padding-right:var(--wp--preset--spacing--50-30);padding-left:var(--wp--preset--spacing--50-30)\">Solutions tirage de c\u00e2bles de Bizline.<\/p>\n\n\n\n<div class=\"wp-block-buttons is-layout-flex wp-block-buttons-is-layout-flex\" style=\"margin-bottom:var(--wp--preset--spacing--60-40);padding-right:var(--wp--preset--spacing--50-30);padding-left:var(--wp--preset--spacing--50-30)\">\n<div class=\"wp-block-button is-style-green is-style-green--7\"><a class=\"wp-block-button__link wp-element-button\" href=\"https:\/\/rexel.be\/fr\/configurateurs\/bizline\/\">Plus d&rsquo;infos<\/a><\/div>\n<\/div>\n<\/div>\n\n\n\n<div class=\"wp-block-group has-border-color has-white-background-color has-background is-layout-flow wp-block-group-is-layout-flow\" style=\"border-color:#2896d752;border-width:1px;border-radius:16px;padding-top:0;padding-right:0;padding-bottom:0;padding-left:0;box-shadow:var(--wp--preset--shadow--shadow-1)\">\n<figure class=\"wp-block-image size-full\"><img loading=\"lazy\" decoding=\"async\" width=\"1563\" height=\"920\" src=\"https:\/\/rexel.be\/wp-content\/uploads\/2026\/01\/Configurator-NL-2.gif\" alt=\"\" class=\"wp-image-3335\" style=\"aspect-ratio:16\/9;object-fit:cover\"\/><\/figure>\n\n\n\n<h4 class=\"wp-block-heading has-black-color has-text-color has-link-color wp-elements-1544a2f7992e72873eb454c66fda730c\" style=\"padding-right:var(--wp--preset--spacing--50-30);padding-left:var(--wp--preset--spacing--50-30)\">Pi\u00e8ces d\u00e9tach\u00e9es HVAC<\/h4>\n\n\n\n<p style=\"padding-right:var(--wp--preset--spacing--50-30);padding-left:var(--wp--preset--spacing--50-30)\">Un configurateur innovant, pour facilement rechercher la pi\u00e8ce souhait\u00e9e sur base des sch\u00e9mas techniques.<\/p>\n\n\n\n<div class=\"wp-block-buttons is-layout-flex wp-block-buttons-is-layout-flex\" style=\"margin-bottom:var(--wp--preset--spacing--60-40);padding-right:var(--wp--preset--spacing--50-30);padding-left:var(--wp--preset--spacing--50-30)\">\n<div class=\"wp-block-button is-style-green is-style-green--8\"><a class=\"wp-block-button__link wp-element-button\" href=\"https:\/\/rexel.be\/fr\/configurateurs\/hvac-onderdelen\/\">Plus d&rsquo;infos<\/a><\/div>\n<\/div>\n<\/div>\n<\/div>\n<\/div>\n","protected":false},"excerpt":{"rendered":"<p>Nos configurateurs vous aident de mani\u00e8re simple \u00e0 vous lancer dans le calcul de l\u2019installation de votre prochain projet.<\/p>\n<p>D\u00e9couvrez ci-dessous notre gamme fiable de configurateurs conviviaux.<\/p>\n","protected":false},"author":3,"featured_media":0,"parent":0,"menu_order":0,"comment_status":"closed","ping_status":"closed","template":"","meta":{"_acf_changed":false,"inline_featured_image":false,"footnotes":"","_links_to":"","_links_to_target":""},"class_list":["post-3320","page","type-page","status-publish","hentry"],"acf":[],"yoast_head":"<!-- This site is optimized with the Yoast SEO plugin v26.9 - https:\/\/yoast.com\/product\/yoast-seo-wordpress\/ -->\n<title>Configurateurs - Rexel<\/title>\n<meta name=\"description\" content=\"Nos onze configurateurs vous aident de mani\u00e8re simple \u00e0 d\u00e9marrer le calcul de l&#039;installation de votre prochain projet.\" \/>\n<meta name=\"robots\" content=\"index, follow, max-snippet:-1, max-image-preview:large, max-video-preview:-1\" \/>\n<link rel=\"canonical\" href=\"https:\/\/rexel.be\/fr\/configurateurs\/\" \/>\n<meta property=\"og:locale\" content=\"fr_FR\" \/>\n<meta property=\"og:type\" content=\"article\" \/>\n<meta property=\"og:title\" content=\"Configurateurs - Rexel\" \/>\n<meta property=\"og:description\" content=\"Nos onze configurateurs vous aident de mani\u00e8re simple \u00e0 d\u00e9marrer le calcul de l&#039;installation de votre prochain projet.\" \/>\n<meta property=\"og:url\" content=\"https:\/\/rexel.be\/fr\/configurateurs\/\" \/>\n<meta property=\"og:site_name\" content=\"Rexel\" \/>\n<meta property=\"article:modified_time\" content=\"2026-02-03T09:00:42+00:00\" \/>\n<meta property=\"og:image\" content=\"https:\/\/rexel.be\/wp-content\/uploads\/2026\/01\/Lighting-Selector.jpg\" \/>\n\t<meta property=\"og:image:width\" content=\"1024\" \/>\n\t<meta property=\"og:image:height\" content=\"686\" \/>\n\t<meta property=\"og:image:type\" content=\"image\/jpeg\" \/>\n<meta name=\"twitter:card\" content=\"summary_large_image\" \/>\n<meta name=\"twitter:label1\" content=\"Dur\u00e9e de lecture estim\u00e9e\" \/>\n\t<meta name=\"twitter:data1\" content=\"3 minutes\" \/>\n<script type=\"application\/ld+json\" class=\"yoast-schema-graph\">{\"@context\":\"https:\/\/schema.org\",\"@graph\":[{\"@type\":\"WebPage\",\"@id\":\"https:\/\/rexel.be\/fr\/configurateurs\/\",\"url\":\"https:\/\/rexel.be\/fr\/configurateurs\/\",\"name\":\"Configurateurs - Rexel\",\"isPartOf\":{\"@id\":\"https:\/\/rexel.be\/fr\/#website\"},\"primaryImageOfPage\":{\"@id\":\"https:\/\/rexel.be\/fr\/configurateurs\/#primaryimage\"},\"image\":{\"@id\":\"https:\/\/rexel.be\/fr\/configurateurs\/#primaryimage\"},\"thumbnailUrl\":\"https:\/\/rexel.be\/wp-content\/uploads\/2026\/01\/Lighting-Selector.jpg\",\"datePublished\":\"2026-01-06T16:16:15+00:00\",\"dateModified\":\"2026-02-03T09:00:42+00:00\",\"description\":\"Nos onze configurateurs vous aident de mani\u00e8re simple \u00e0 d\u00e9marrer le calcul de l'installation de votre prochain projet.\",\"breadcrumb\":{\"@id\":\"https:\/\/rexel.be\/fr\/configurateurs\/#breadcrumb\"},\"inLanguage\":\"fr-FR\",\"potentialAction\":[{\"@type\":\"ReadAction\",\"target\":[\"https:\/\/rexel.be\/fr\/configurateurs\/\"]}]},{\"@type\":\"ImageObject\",\"inLanguage\":\"fr-FR\",\"@id\":\"https:\/\/rexel.be\/fr\/configurateurs\/#primaryimage\",\"url\":\"https:\/\/rexel.be\/wp-content\/uploads\/2026\/01\/Lighting-Selector.jpg\",\"contentUrl\":\"https:\/\/rexel.be\/wp-content\/uploads\/2026\/01\/Lighting-Selector.jpg\"},{\"@type\":\"BreadcrumbList\",\"@id\":\"https:\/\/rexel.be\/fr\/configurateurs\/#breadcrumb\",\"itemListElement\":[{\"@type\":\"ListItem\",\"position\":1,\"name\":\"Home\",\"item\":\"https:\/\/rexel.be\/fr\/\"},{\"@type\":\"ListItem\",\"position\":2,\"name\":\"Configurateurs\"}]},{\"@type\":\"WebSite\",\"@id\":\"https:\/\/rexel.be\/fr\/#website\",\"url\":\"https:\/\/rexel.be\/fr\/\",\"name\":\"Rexel\",\"description\":\"\",\"potentialAction\":[{\"@type\":\"SearchAction\",\"target\":{\"@type\":\"EntryPoint\",\"urlTemplate\":\"https:\/\/rexel.be\/fr\/?s={search_term_string}\"},\"query-input\":{\"@type\":\"PropertyValueSpecification\",\"valueRequired\":true,\"valueName\":\"search_term_string\"}}],\"inLanguage\":\"fr-FR\"}]}<\/script>\n<!-- \/ Yoast SEO plugin. -->","yoast_head_json":{"title":"Configurateurs - Rexel","description":"Nos onze configurateurs vous aident de mani\u00e8re simple \u00e0 d\u00e9marrer le calcul de l'installation de votre prochain projet.","robots":{"index":"index","follow":"follow","max-snippet":"max-snippet:-1","max-image-preview":"max-image-preview:large","max-video-preview":"max-video-preview:-1"},"canonical":"https:\/\/rexel.be\/fr\/configurateurs\/","og_locale":"fr_FR","og_type":"article","og_title":"Configurateurs - Rexel","og_description":"Nos onze configurateurs vous aident de mani\u00e8re simple \u00e0 d\u00e9marrer le calcul de l'installation de votre prochain projet.","og_url":"https:\/\/rexel.be\/fr\/configurateurs\/","og_site_name":"Rexel","article_modified_time":"2026-02-03T09:00:42+00:00","og_image":[{"width":1024,"height":686,"url":"https:\/\/rexel.be\/wp-content\/uploads\/2026\/01\/Lighting-Selector.jpg","type":"image\/jpeg"}],"twitter_card":"summary_large_image","twitter_misc":{"Dur\u00e9e de lecture estim\u00e9e":"3 minutes"},"schema":{"@context":"https:\/\/schema.org","@graph":[{"@type":"WebPage","@id":"https:\/\/rexel.be\/fr\/configurateurs\/","url":"https:\/\/rexel.be\/fr\/configurateurs\/","name":"Configurateurs - Rexel","isPartOf":{"@id":"https:\/\/rexel.be\/fr\/#website"},"primaryImageOfPage":{"@id":"https:\/\/rexel.be\/fr\/configurateurs\/#primaryimage"},"image":{"@id":"https:\/\/rexel.be\/fr\/configurateurs\/#primaryimage"},"thumbnailUrl":"https:\/\/rexel.be\/wp-content\/uploads\/2026\/01\/Lighting-Selector.jpg","datePublished":"2026-01-06T16:16:15+00:00","dateModified":"2026-02-03T09:00:42+00:00","description":"Nos onze configurateurs vous aident de mani\u00e8re simple \u00e0 d\u00e9marrer le calcul de l'installation de votre prochain projet.","breadcrumb":{"@id":"https:\/\/rexel.be\/fr\/configurateurs\/#breadcrumb"},"inLanguage":"fr-FR","potentialAction":[{"@type":"ReadAction","target":["https:\/\/rexel.be\/fr\/configurateurs\/"]}]},{"@type":"ImageObject","inLanguage":"fr-FR","@id":"https:\/\/rexel.be\/fr\/configurateurs\/#primaryimage","url":"https:\/\/rexel.be\/wp-content\/uploads\/2026\/01\/Lighting-Selector.jpg","contentUrl":"https:\/\/rexel.be\/wp-content\/uploads\/2026\/01\/Lighting-Selector.jpg"},{"@type":"BreadcrumbList","@id":"https:\/\/rexel.be\/fr\/configurateurs\/#breadcrumb","itemListElement":[{"@type":"ListItem","position":1,"name":"Home","item":"https:\/\/rexel.be\/fr\/"},{"@type":"ListItem","position":2,"name":"Configurateurs"}]},{"@type":"WebSite","@id":"https:\/\/rexel.be\/fr\/#website","url":"https:\/\/rexel.be\/fr\/","name":"Rexel","description":"","potentialAction":[{"@type":"SearchAction","target":{"@type":"EntryPoint","urlTemplate":"https:\/\/rexel.be\/fr\/?s={search_term_string}"},"query-input":{"@type":"PropertyValueSpecification","valueRequired":true,"valueName":"search_term_string"}}],"inLanguage":"fr-FR"}]}},"_links":{"self":[{"href":"https:\/\/rexel.be\/fr\/wp-json\/wp\/v2\/pages\/3320","targetHints":{"allow":["GET"]}}],"collection":[{"href":"https:\/\/rexel.be\/fr\/wp-json\/wp\/v2\/pages"}],"about":[{"href":"https:\/\/rexel.be\/fr\/wp-json\/wp\/v2\/types\/page"}],"author":[{"embeddable":true,"href":"https:\/\/rexel.be\/fr\/wp-json\/wp\/v2\/users\/3"}],"replies":[{"embeddable":true,"href":"https:\/\/rexel.be\/fr\/wp-json\/wp\/v2\/comments?post=3320"}],"version-history":[{"count":5,"href":"https:\/\/rexel.be\/fr\/wp-json\/wp\/v2\/pages\/3320\/revisions"}],"predecessor-version":[{"id":5562,"href":"https:\/\/rexel.be\/fr\/wp-json\/wp\/v2\/pages\/3320\/revisions\/5562"}],"wp:attachment":[{"href":"https:\/\/rexel.be\/fr\/wp-json\/wp\/v2\/media?parent=3320"}],"curies":[{"name":"wp","href":"https:\/\/api.w.org\/{rel}","templated":true}]}}