{"id":2369,"date":"2025-11-17T17:10:32","date_gmt":"2025-11-17T16:10:32","guid":{"rendered":"https:\/\/rexel.be\/?page_id=2369"},"modified":"2026-01-20T11:47:33","modified_gmt":"2026-01-20T10:47:33","slug":"reparation","status":"publish","type":"page","link":"https:\/\/rexel.be\/fr\/reparation\/","title":{"rendered":"Service de r\u00e9paration"},"content":{"rendered":"\n<div class=\"wp-block-cover alignfull has-custom-content-position is-position-bottom-left has-white-color has-text-color has-link-color wp-elements-7ccc2f1f3b74ecf6642aeb1490b78a28\" style=\"border-bottom-left-radius:80px;border-bottom-right-radius:80px;padding-bottom:var(--wp--preset--spacing--120-60);min-height:560px;aspect-ratio:unset;\"><img loading=\"lazy\" decoding=\"async\" width=\"2095\" height=\"1397\" class=\"wp-block-cover__image-background wp-image-2370 size-full\" alt=\"\" src=\"https:\/\/rexel.be\/wp-content\/uploads\/2025\/11\/Electronics_EVchargers-Solar-inverters_21-web.jpg\" style=\"object-position:53% 18%\" data-object-fit=\"cover\" data-object-position=\"53% 18%\" srcset=\"https:\/\/rexel.be\/wp-content\/uploads\/2025\/11\/Electronics_EVchargers-Solar-inverters_21-web.jpg 2095w, https:\/\/rexel.be\/wp-content\/uploads\/2025\/11\/Electronics_EVchargers-Solar-inverters_21-web-300x200.jpg 300w, https:\/\/rexel.be\/wp-content\/uploads\/2025\/11\/Electronics_EVchargers-Solar-inverters_21-web-1024x683.jpg 1024w, https:\/\/rexel.be\/wp-content\/uploads\/2025\/11\/Electronics_EVchargers-Solar-inverters_21-web-768x512.jpg 768w, https:\/\/rexel.be\/wp-content\/uploads\/2025\/11\/Electronics_EVchargers-Solar-inverters_21-web-1536x1024.jpg 1536w, https:\/\/rexel.be\/wp-content\/uploads\/2025\/11\/Electronics_EVchargers-Solar-inverters_21-web-2048x1366.jpg 2048w\" sizes=\"auto, (max-width: 2095px) 100vw, 2095px\" \/><span aria-hidden=\"true\" class=\"wp-block-cover__background has-black-background-color has-background-dim-30 has-background-dim\"><\/span><div class=\"wp-block-cover__inner-container has-global-padding is-layout-constrained wp-container-core-cover-is-layout-2b988179 wp-block-cover-is-layout-constrained\"><h1 class=\"has-link-color wp-elements-88f0857fdc8bad98dfdc5c16977574b2 wp-block-post-title has-text-color has-white-color\">Service de r\u00e9paration<\/h1>\n\n<div class=\"yoast-breadcrumbs\"><span><span><a href=\"https:\/\/rexel.be\/fr\/\">Home<\/a><\/span> <span class=\"sep\"><\/span> <span class=\"breadcrumb_last\" aria-current=\"page\">Service de r\u00e9paration<\/span><\/span><\/div><\/div><\/div>\n\n\n\n<div class=\"wp-block-group has-global-padding is-layout-constrained wp-block-group-is-layout-constrained\" style=\"padding-top:var(--wp--preset--spacing--60-40);padding-bottom:0\">\n<h1 class=\"wp-block-heading\">Nouveau service de r\u00e9paration de Rexel &amp; TVH :<\/h1>\n\n\n\n<h2 class=\"wp-block-heading\">durable, abordable et efficace<\/h2>\n<\/div>\n\n\n\n<div class=\"wp-block-group has-global-padding is-layout-constrained wp-block-group-is-layout-constrained\" style=\"padding-top:0;padding-bottom:0\">\n<div class=\"wp-block-columns are-vertically-aligned-center is-layout-flex wp-container-core-columns-is-layout-7a751c1d wp-block-columns-is-layout-flex\">\n<div class=\"wp-block-column is-vertically-aligned-center is-layout-flow wp-block-column-is-layout-flow\" style=\"flex-basis:70%\">\n<p>Rexel s\u2019est associ\u00e9 \u00e0 <a href=\"https:\/\/www.tvh.com\/\" target=\"_blank\" rel=\"noreferrer noopener\"><strong>TVH<\/strong><\/a> pour proposer un service innovant de r\u00e9paration des bornes de recharge et des onduleurs. Ce service permet non seulement de r\u00e9aliser des \u00e9conomies, mais aussi de contribuer \u00e0 un avenir plus durable en donnant une seconde vie aux appareils et en r\u00e9utilisant les mati\u00e8res premi\u00e8res.<\/p>\n\n\n\n<p><strong>Demande de r\u00e9paration<\/strong><\/p>\n\n\n\n<p>Envoyez un e-mail \u00e0 <a href=\"mailto:tvhrepairs@rexel.be\"><strong>tvhrepairs@rexel.be<\/strong><\/a> et nos experts multi-\u00e9nergie vous aideront, ou demandez plus d\u2019informations \u00e0 notre personnel dans votre magasin. Notre collaborateur se fera un plaisir de vous aider \u00e0 pr\u00e9parer la demande de r\u00e9paration. Nous enverrons ensuite votre appareil \u00e0 TVH. Apr\u00e8s la r\u00e9paration, vous pouvez r\u00e9cup\u00e9rer votre appareil dans l\u2019agence Rexel ou il sera livr\u00e9 \u00e0 votre entreprise.<\/p>\n<\/div>\n\n\n\n<div class=\"wp-block-column is-vertically-aligned-center is-layout-flow wp-block-column-is-layout-flow\">\n<figure class=\"wp-block-image size-large\"><img loading=\"lazy\" decoding=\"async\" width=\"1024\" height=\"968\" src=\"https:\/\/rexel.be\/wp-content\/uploads\/2025\/11\/Rexel-x-TVH-1024x968.jpg\" alt=\"\" class=\"wp-image-2371\" srcset=\"https:\/\/rexel.be\/wp-content\/uploads\/2025\/11\/Rexel-x-TVH-1024x968.jpg 1024w, https:\/\/rexel.be\/wp-content\/uploads\/2025\/11\/Rexel-x-TVH-300x284.jpg 300w, https:\/\/rexel.be\/wp-content\/uploads\/2025\/11\/Rexel-x-TVH-768x726.jpg 768w, https:\/\/rexel.be\/wp-content\/uploads\/2025\/11\/Rexel-x-TVH-1536x1453.jpg 1536w, https:\/\/rexel.be\/wp-content\/uploads\/2025\/11\/Rexel-x-TVH.jpg 1970w\" sizes=\"auto, (max-width: 1024px) 100vw, 1024px\" \/><\/figure>\n<\/div>\n<\/div>\n<\/div>\n\n\n\n<div class=\"wp-block-group has-background has-global-padding is-layout-constrained wp-container-core-group-is-layout-fec3fea0 wp-block-group-is-layout-constrained\" style=\"border-top-left-radius:20px;border-top-right-radius:20px;border-bottom-left-radius:20px;border-bottom-right-radius:20px;background-color:#2c9ad10d;margin-top:var(--wp--preset--spacing--60-40);margin-bottom:var(--wp--preset--spacing--60-40);padding-top:var(--wp--preset--spacing--60-40);padding-right:var(--wp--preset--spacing--60-40);padding-bottom:var(--wp--preset--spacing--60-40);padding-left:var(--wp--preset--spacing--60-40)\">\n<div class=\"wp-block-columns is-layout-flex wp-container-core-columns-is-layout-42f5208f wp-block-columns-is-layout-flex\" style=\"padding-right:0;padding-left:0\">\n<div class=\"wp-block-column is-layout-flow wp-block-column-is-layout-flow\" style=\"flex-basis:60%\">\n<h2 class=\"wp-block-heading\">Ce que nous offrons<\/h2>\n\n\n\n<ol class=\"wp-block-list\">\n<li><strong>R\u00e9parations hors garantie<br><\/strong>Vous avez une station de recharge ou un onduleur d\u00e9fectueux en dehors de la p\u00e9riode de garantie ? Pas de probl\u00e8me, nous sommes pr\u00eats \u00e0 vous aider.<\/li>\n\n\n\n<li><strong>R\u00e9vision compl\u00e8te<br><\/strong>Votre appareil sera enti\u00e8rement contr\u00f4l\u00e9, r\u00e9par\u00e9 et test\u00e9 afin qu\u2019il fonctionne \u00e0 nouveau de mani\u00e8re optimale.<\/li>\n\n\n\n<li><strong>Garantie d\u2019un an<br><\/strong>Nous offrons en standard une garantie d\u2019un an sur chaque r\u00e9paration. En option, vous pouvez acheter une ann\u00e9e de garantie suppl\u00e9mentaire.<\/li>\n\n\n\n<li><strong>Co\u00fbt : prix fixes<br><\/strong>Nos prix sont transparents et fix\u00e9s \u00e0 l\u2019avance.<\/li>\n\n\n\n<li><strong>Un transport facile<br><\/strong>Vous pouvez facilement d\u00e9poser et r\u00e9cup\u00e9rer les appareils d\u00e9fectueux dans un magasin Rexel ou directement sur votre lieu de travail.<\/li>\n<\/ol>\n<\/div>\n\n\n\n<div class=\"wp-block-column is-vertically-aligned-center is-layout-flow wp-block-column-is-layout-flow\">\n<h4 class=\"wp-block-heading has-text-align-center has-blue-color has-text-color has-link-color wp-elements-ff1a35f2d340fac4ad052fffefc535d6\" style=\"line-height:2\">Ne laissez pas les appareils d\u00e9fectueux devenir des produits jetables. Choisissez la r\u00e9paration et faites la diff\u00e9rence pour votre portefeuille et l\u2019environnement !<\/h4>\n<\/div>\n<\/div>\n<\/div>\n\n\n\n<div class=\"wp-block-group has-global-padding is-layout-constrained wp-block-group-is-layout-constrained\" style=\"padding-top:var(--wp--preset--spacing--60-40);padding-bottom:var(--wp--preset--spacing--60-40)\">\n<div class=\"wp-block-columns is-layout-flex wp-container-core-columns-is-layout-7a751c1d wp-block-columns-is-layout-flex\">\n<div class=\"wp-block-column is-layout-flow wp-container-core-column-is-layout-1a0eff7f wp-block-column-is-layout-flow\" style=\"flex-basis:30%\">\n<h2 class=\"wp-block-heading\">FAQ service de r\u00e9paration<\/h2>\n<\/div>\n\n\n\n<div class=\"wp-block-column is-layout-flow wp-block-column-is-layout-flow\">\n<details class=\"wp-block-details is-layout-flow wp-block-details-is-layout-flow\" open><summary>Quels sont les d\u00e9lais de livraison ?<\/summary>\n<ul class=\"wp-block-list\">\n<li><strong>Livraison standard <\/strong>: r\u00e9paration dans un d\u00e9lai de<strong> 2 \u00e0 3 semaines<\/strong><\/li>\n\n\n\n<li><strong>Service PRIO <\/strong>: livraison plus rapide dans les <strong>5 jours ouvrables<\/strong> (+20% de frais suppl\u00e9mentaires)<\/li>\n<\/ul>\n<\/details>\n\n\n\n<details class=\"wp-block-details is-layout-flow wp-block-details-is-layout-flow\"><summary>Pourquoi choisir notre service de r\u00e9paration ?<\/summary>\n<ol class=\"wp-block-list\">\n<li><strong>\u00c9conomisez jusqu\u2019\u00e0 50 % sur vos co\u00fbts<\/strong><br>Les pi\u00e8ces r\u00e9par\u00e9es sont jusqu\u2019\u00e0 50 % moins ch\u00e8res que les pi\u00e8ces neuves, ce qui vous permet de r\u00e9aliser d\u2019importantes \u00e9conomies sur l\u2019entretien et le remplacement.<\/li>\n\n\n\n<li><strong>Qualit\u00e9 sup\u00e9rieure avec garantie<\/strong><br>Chaque r\u00e9paration est effectu\u00e9e par des techniciens TVH exp\u00e9riment\u00e9s, selon les normes de qualit\u00e9 les plus \u00e9lev\u00e9es. Vous b\u00e9n\u00e9ficiez \u00e9galement d\u2019une garantie d\u2019un an sur chaque r\u00e9paration.<\/li>\n\n\n\n<li><strong>Meilleur pour l\u2019environnement<\/strong><br>En r\u00e9parant au lieu de remplacer, nous r\u00e9duisons la demande de nouvelles mati\u00e8res premi\u00e8res et contribuons \u00e0 une \u00e9conomie circulaire. Moins de d\u00e9chets, plus de durabilit\u00e9 !<\/li>\n<\/ol>\n<\/details>\n\n\n\n<details class=\"wp-block-details is-layout-flow wp-block-details-is-layout-flow\"><summary>Comment fonctionne le processus de r\u00e9paration ?<\/summary>\n<ol class=\"wp-block-list\">\n<li><strong>Analyse des causes<\/strong><br>Nous effectuons une analyse compl\u00e8te pour identifier le probl\u00e8me.<\/li>\n\n\n\n<li><strong>Remplacement des pi\u00e8ces<\/strong><br>Les pi\u00e8ces d\u00e9fectueuses et us\u00e9es sont remplac\u00e9es par des pi\u00e8ces de rechange durables et de haute qualit\u00e9.<\/li>\n\n\n\n<li><strong>Nettoyage en profondeur<\/strong><br>Les pi\u00e8ces m\u00e9caniques sont nettoy\u00e9es en profondeur pour une performance optimale.<\/li>\n\n\n\n<li><strong>Tests rigoureux<\/strong><br>L\u2019appareil est soumis \u00e0 des tests approfondis pour en garantir la qualit\u00e9 et la fiabilit\u00e9.<\/li>\n\n\n\n<li><strong>Finition<\/strong><br>Si n\u00e9cessaire, nous appliquerons une nouvelle couche de peinture \u00e0 votre unit\u00e9 pour lui donner un aspect neuf.<\/li>\n\n\n\n<li><strong>Emballage et exp\u00e9dition<\/strong><br>Votre appareil r\u00e9par\u00e9 sera soigneusement emball\u00e9 et renvoy\u00e9.<\/li>\n<\/ol>\n<\/details>\n<\/div>\n<\/div>\n<\/div>\n","protected":false},"excerpt":{"rendered":"<p>Rexel s\u2019est associ\u00e9 \u00e0 TVH pour proposer un service innovant de r\u00e9paration des bornes de recharge et des onduleurs. Ce service permet non seulement de r\u00e9aliser des \u00e9conomies, mais aussi de contribuer \u00e0 un avenir plus durable en donnant une seconde vie aux appareils et en r\u00e9utilisant les mati\u00e8res premi\u00e8res. <\/p>\n","protected":false},"author":3,"featured_media":0,"parent":0,"menu_order":0,"comment_status":"closed","ping_status":"closed","template":"","meta":{"_acf_changed":false,"inline_featured_image":false,"footnotes":"","_links_to":"","_links_to_target":""},"class_list":["post-2369","page","type-page","status-publish","hentry"],"acf":[],"yoast_head":"<!-- This site is optimized with the Yoast SEO plugin v26.9 - https:\/\/yoast.com\/product\/yoast-seo-wordpress\/ -->\n<title>Nouveau service de r\u00e9paration de Rexel &amp; TVH - Rexel Belgium<\/title>\n<meta name=\"description\" content=\"Choisissez la r\u00e9paration de vos bornes de recharge ou vos onduleurs et faites la diff\u00e9rence pour votre portefeuille et l\u2019environnement !\" \/>\n<meta name=\"robots\" content=\"index, follow, max-snippet:-1, max-image-preview:large, max-video-preview:-1\" \/>\n<link rel=\"canonical\" href=\"https:\/\/rexel.be\/fr\/reparation\/\" \/>\n<meta property=\"og:locale\" content=\"fr_FR\" \/>\n<meta property=\"og:type\" content=\"article\" \/>\n<meta property=\"og:title\" content=\"Nouveau service de r\u00e9paration de Rexel &amp; TVH - Rexel Belgium\" \/>\n<meta property=\"og:description\" content=\"Choisissez la r\u00e9paration de vos bornes de recharge ou vos onduleurs et faites la diff\u00e9rence pour votre portefeuille et l\u2019environnement !\" \/>\n<meta property=\"og:url\" content=\"https:\/\/rexel.be\/fr\/reparation\/\" \/>\n<meta property=\"og:site_name\" content=\"Rexel\" \/>\n<meta property=\"article:modified_time\" content=\"2026-01-20T10:47:33+00:00\" \/>\n<meta property=\"og:image\" content=\"https:\/\/rexel.be\/wp-content\/uploads\/2025\/11\/Electronics_EVchargers-Solar-inverters_21-web.jpg\" \/>\n\t<meta property=\"og:image:width\" content=\"2095\" \/>\n\t<meta property=\"og:image:height\" content=\"1397\" \/>\n\t<meta property=\"og:image:type\" content=\"image\/jpeg\" \/>\n<meta name=\"twitter:card\" content=\"summary_large_image\" \/>\n<meta name=\"twitter:label1\" content=\"Dur\u00e9e de lecture estim\u00e9e\" \/>\n\t<meta name=\"twitter:data1\" content=\"3 minutes\" \/>\n<script type=\"application\/ld+json\" class=\"yoast-schema-graph\">{\"@context\":\"https:\/\/schema.org\",\"@graph\":[{\"@type\":\"WebPage\",\"@id\":\"https:\/\/rexel.be\/fr\/reparation\/\",\"url\":\"https:\/\/rexel.be\/fr\/reparation\/\",\"name\":\"Nouveau service de r\u00e9paration de Rexel & TVH - Rexel Belgium\",\"isPartOf\":{\"@id\":\"https:\/\/rexel.be\/fr\/#website\"},\"primaryImageOfPage\":{\"@id\":\"https:\/\/rexel.be\/fr\/reparation\/#primaryimage\"},\"image\":{\"@id\":\"https:\/\/rexel.be\/fr\/reparation\/#primaryimage\"},\"thumbnailUrl\":\"https:\/\/rexel.be\/wp-content\/uploads\/2025\/11\/Electronics_EVchargers-Solar-inverters_21-web.jpg\",\"datePublished\":\"2025-11-17T16:10:32+00:00\",\"dateModified\":\"2026-01-20T10:47:33+00:00\",\"description\":\"Choisissez la r\u00e9paration de vos bornes de recharge ou vos onduleurs et faites la diff\u00e9rence pour votre portefeuille et l\u2019environnement !\",\"breadcrumb\":{\"@id\":\"https:\/\/rexel.be\/fr\/reparation\/#breadcrumb\"},\"inLanguage\":\"fr-FR\",\"potentialAction\":[{\"@type\":\"ReadAction\",\"target\":[\"https:\/\/rexel.be\/fr\/reparation\/\"]}]},{\"@type\":\"ImageObject\",\"inLanguage\":\"fr-FR\",\"@id\":\"https:\/\/rexel.be\/fr\/reparation\/#primaryimage\",\"url\":\"https:\/\/rexel.be\/wp-content\/uploads\/2025\/11\/Electronics_EVchargers-Solar-inverters_21-web.jpg\",\"contentUrl\":\"https:\/\/rexel.be\/wp-content\/uploads\/2025\/11\/Electronics_EVchargers-Solar-inverters_21-web.jpg\"},{\"@type\":\"BreadcrumbList\",\"@id\":\"https:\/\/rexel.be\/fr\/reparation\/#breadcrumb\",\"itemListElement\":[{\"@type\":\"ListItem\",\"position\":1,\"name\":\"Home\",\"item\":\"https:\/\/rexel.be\/fr\/\"},{\"@type\":\"ListItem\",\"position\":2,\"name\":\"Service de r\u00e9paration\"}]},{\"@type\":\"WebSite\",\"@id\":\"https:\/\/rexel.be\/fr\/#website\",\"url\":\"https:\/\/rexel.be\/fr\/\",\"name\":\"Rexel\",\"description\":\"\",\"potentialAction\":[{\"@type\":\"SearchAction\",\"target\":{\"@type\":\"EntryPoint\",\"urlTemplate\":\"https:\/\/rexel.be\/fr\/?s={search_term_string}\"},\"query-input\":{\"@type\":\"PropertyValueSpecification\",\"valueRequired\":true,\"valueName\":\"search_term_string\"}}],\"inLanguage\":\"fr-FR\"}]}<\/script>\n<!-- \/ Yoast SEO plugin. -->","yoast_head_json":{"title":"Nouveau service de r\u00e9paration de Rexel & TVH - Rexel Belgium","description":"Choisissez la r\u00e9paration de vos bornes de recharge ou vos onduleurs et faites la diff\u00e9rence pour votre portefeuille et l\u2019environnement !","robots":{"index":"index","follow":"follow","max-snippet":"max-snippet:-1","max-image-preview":"max-image-preview:large","max-video-preview":"max-video-preview:-1"},"canonical":"https:\/\/rexel.be\/fr\/reparation\/","og_locale":"fr_FR","og_type":"article","og_title":"Nouveau service de r\u00e9paration de Rexel & TVH - Rexel Belgium","og_description":"Choisissez la r\u00e9paration de vos bornes de recharge ou vos onduleurs et faites la diff\u00e9rence pour votre portefeuille et l\u2019environnement !","og_url":"https:\/\/rexel.be\/fr\/reparation\/","og_site_name":"Rexel","article_modified_time":"2026-01-20T10:47:33+00:00","og_image":[{"width":2095,"height":1397,"url":"https:\/\/rexel.be\/wp-content\/uploads\/2025\/11\/Electronics_EVchargers-Solar-inverters_21-web.jpg","type":"image\/jpeg"}],"twitter_card":"summary_large_image","twitter_misc":{"Dur\u00e9e de lecture estim\u00e9e":"3 minutes"},"schema":{"@context":"https:\/\/schema.org","@graph":[{"@type":"WebPage","@id":"https:\/\/rexel.be\/fr\/reparation\/","url":"https:\/\/rexel.be\/fr\/reparation\/","name":"Nouveau service de r\u00e9paration de Rexel & TVH - Rexel Belgium","isPartOf":{"@id":"https:\/\/rexel.be\/fr\/#website"},"primaryImageOfPage":{"@id":"https:\/\/rexel.be\/fr\/reparation\/#primaryimage"},"image":{"@id":"https:\/\/rexel.be\/fr\/reparation\/#primaryimage"},"thumbnailUrl":"https:\/\/rexel.be\/wp-content\/uploads\/2025\/11\/Electronics_EVchargers-Solar-inverters_21-web.jpg","datePublished":"2025-11-17T16:10:32+00:00","dateModified":"2026-01-20T10:47:33+00:00","description":"Choisissez la r\u00e9paration de vos bornes de recharge ou vos onduleurs et faites la diff\u00e9rence pour votre portefeuille et l\u2019environnement !","breadcrumb":{"@id":"https:\/\/rexel.be\/fr\/reparation\/#breadcrumb"},"inLanguage":"fr-FR","potentialAction":[{"@type":"ReadAction","target":["https:\/\/rexel.be\/fr\/reparation\/"]}]},{"@type":"ImageObject","inLanguage":"fr-FR","@id":"https:\/\/rexel.be\/fr\/reparation\/#primaryimage","url":"https:\/\/rexel.be\/wp-content\/uploads\/2025\/11\/Electronics_EVchargers-Solar-inverters_21-web.jpg","contentUrl":"https:\/\/rexel.be\/wp-content\/uploads\/2025\/11\/Electronics_EVchargers-Solar-inverters_21-web.jpg"},{"@type":"BreadcrumbList","@id":"https:\/\/rexel.be\/fr\/reparation\/#breadcrumb","itemListElement":[{"@type":"ListItem","position":1,"name":"Home","item":"https:\/\/rexel.be\/fr\/"},{"@type":"ListItem","position":2,"name":"Service de r\u00e9paration"}]},{"@type":"WebSite","@id":"https:\/\/rexel.be\/fr\/#website","url":"https:\/\/rexel.be\/fr\/","name":"Rexel","description":"","potentialAction":[{"@type":"SearchAction","target":{"@type":"EntryPoint","urlTemplate":"https:\/\/rexel.be\/fr\/?s={search_term_string}"},"query-input":{"@type":"PropertyValueSpecification","valueRequired":true,"valueName":"search_term_string"}}],"inLanguage":"fr-FR"}]}},"_links":{"self":[{"href":"https:\/\/rexel.be\/fr\/wp-json\/wp\/v2\/pages\/2369","targetHints":{"allow":["GET"]}}],"collection":[{"href":"https:\/\/rexel.be\/fr\/wp-json\/wp\/v2\/pages"}],"about":[{"href":"https:\/\/rexel.be\/fr\/wp-json\/wp\/v2\/types\/page"}],"author":[{"embeddable":true,"href":"https:\/\/rexel.be\/fr\/wp-json\/wp\/v2\/users\/3"}],"replies":[{"embeddable":true,"href":"https:\/\/rexel.be\/fr\/wp-json\/wp\/v2\/comments?post=2369"}],"version-history":[{"count":3,"href":"https:\/\/rexel.be\/fr\/wp-json\/wp\/v2\/pages\/2369\/revisions"}],"predecessor-version":[{"id":3704,"href":"https:\/\/rexel.be\/fr\/wp-json\/wp\/v2\/pages\/2369\/revisions\/3704"}],"wp:attachment":[{"href":"https:\/\/rexel.be\/fr\/wp-json\/wp\/v2\/media?parent=2369"}],"curies":[{"name":"wp","href":"https:\/\/api.w.org\/{rel}","templated":true}]}}