{"id":2216,"date":"2025-11-04T14:51:42","date_gmt":"2025-11-04T13:51:42","guid":{"rendered":"https:\/\/rexel.be\/?page_id=2216"},"modified":"2026-01-20T11:16:25","modified_gmt":"2026-01-20T10:16:25","slug":"lightlab-sous-les-projecteurs","status":"publish","type":"page","link":"https:\/\/rexel.be\/fr\/lightlab-sous-les-projecteurs\/","title":{"rendered":"Lightlab sous les projecteurs"},"content":{"rendered":"\n<div class=\"wp-block-cover alignfull has-custom-content-position is-position-bottom-left has-white-color has-text-color has-link-color wp-elements-fdb9b8d74401aa0dc94b7baf42ef6b70\" style=\"border-bottom-left-radius:80px;border-bottom-right-radius:80px;padding-bottom:var(--wp--preset--spacing--120-60);min-height:560px;aspect-ratio:unset;\"><img loading=\"lazy\" decoding=\"async\" width=\"2560\" height=\"1707\" class=\"wp-block-cover__image-background wp-image-2190 size-full\" alt=\"\" src=\"https:\/\/rexel.be\/wp-content\/uploads\/2025\/11\/Image-2-web-scaled.jpg\" style=\"object-position:49% 12%\" data-object-fit=\"cover\" data-object-position=\"49% 12%\" srcset=\"https:\/\/rexel.be\/wp-content\/uploads\/2025\/11\/Image-2-web-scaled.jpg 2560w, https:\/\/rexel.be\/wp-content\/uploads\/2025\/11\/Image-2-web-300x200.jpg 300w, https:\/\/rexel.be\/wp-content\/uploads\/2025\/11\/Image-2-web-1024x683.jpg 1024w, https:\/\/rexel.be\/wp-content\/uploads\/2025\/11\/Image-2-web-768x512.jpg 768w, https:\/\/rexel.be\/wp-content\/uploads\/2025\/11\/Image-2-web-1536x1024.jpg 1536w, https:\/\/rexel.be\/wp-content\/uploads\/2025\/11\/Image-2-web-2048x1365.jpg 2048w\" sizes=\"auto, (max-width: 2560px) 100vw, 2560px\" \/><span aria-hidden=\"true\" class=\"wp-block-cover__background has-black-background-color has-background-dim-30 has-background-dim\"><\/span><div class=\"wp-block-cover__inner-container has-global-padding is-layout-constrained wp-container-core-cover-is-layout-2b988179 wp-block-cover-is-layout-constrained\"><h1 class=\"has-link-color wp-elements-88f0857fdc8bad98dfdc5c16977574b2 wp-block-post-title has-text-color has-white-color\">Lightlab sous les projecteurs<\/h1>\n\n<div class=\"yoast-breadcrumbs\"><span><span><a href=\"https:\/\/rexel.be\/fr\/\">Home<\/a><\/span> <span class=\"sep\"><\/span> <span class=\"breadcrumb_last\" aria-current=\"page\">Lightlab sous les projecteurs<\/span><\/span><\/div><\/div><\/div>\n\n\n\n<div class=\"wp-block-group has-global-padding is-layout-constrained wp-block-group-is-layout-constrained\" style=\"padding-top:var(--wp--preset--spacing--60-40);padding-bottom:var(--wp--preset--spacing--60-40)\">\n<h2 class=\"wp-block-heading\">Nos sp\u00e9cialistes d\u00e9veloppent un concept d\u2019\u00e9clairage \u00e0 la mesure de votre projet<\/h2>\n\n\n\n<p><strong>Vous avez un projet d\u2019\u00e9clairage, mais vous manquez de temps et souhaitez de l\u2019aide et des conseils suppl\u00e9mentaires ?<\/strong><\/p>\n\n\n\n<p>En tant que professionnel, vous pouvez faire appel aux services de Lightlab. Nous vous tiendrons non seulement inform\u00e9s des derni\u00e8res innovations dans le domaine des luminaires, des lampes et de leur vente, mais nous vous guiderons \u00e9galement volontiers tout au long de votre projet, afin que vous puissiez utiliser au mieux votre temps.<\/p>\n<\/div>\n\n\n\n<div class=\"wp-block-columns is-layout-flex wp-container-core-columns-is-layout-da28c08c wp-block-columns-is-layout-flex\" style=\"border-top-left-radius:0px;border-top-right-radius:0px;border-bottom-left-radius:0px;border-bottom-right-radius:0px;margin-top:var(--wp--preset--spacing--60-40);margin-bottom:var(--wp--preset--spacing--60-40)\">\n<div class=\"wp-block-column has-global-padding is-layout-constrained wp-block-column-is-layout-constrained\" style=\"flex-basis:40%\">\n<div class=\"wp-block-cover\" style=\"border-top-left-radius:20px;border-top-right-radius:20px;border-bottom-left-radius:20px;border-bottom-right-radius:20px\"><img loading=\"lazy\" decoding=\"async\" width=\"1024\" height=\"683\" class=\"wp-block-cover__image-background wp-image-2217 size-large\" alt=\"\" src=\"https:\/\/rexel.be\/wp-content\/uploads\/2025\/11\/WEB-23-1024x683.jpg\" data-object-fit=\"cover\" srcset=\"https:\/\/rexel.be\/wp-content\/uploads\/2025\/11\/WEB-23-1024x683.jpg 1024w, https:\/\/rexel.be\/wp-content\/uploads\/2025\/11\/WEB-23-300x200.jpg 300w, https:\/\/rexel.be\/wp-content\/uploads\/2025\/11\/WEB-23-768x512.jpg 768w, https:\/\/rexel.be\/wp-content\/uploads\/2025\/11\/WEB-23-1536x1024.jpg 1536w, https:\/\/rexel.be\/wp-content\/uploads\/2025\/11\/WEB-23-2048x1365.jpg 2048w\" sizes=\"auto, (max-width: 1024px) 100vw, 1024px\" \/><span aria-hidden=\"true\" class=\"wp-block-cover__background has-dark-background-color has-background-dim\"><\/span><div class=\"wp-block-cover__inner-container has-global-padding is-layout-constrained wp-block-cover-is-layout-constrained\">\n<p class=\"has-text-align-center has-heading-three-font-size\"><strong>Lightlab, c\u2019est quoi ?<\/strong><\/p>\n<\/div><\/div>\n<\/div>\n\n\n\n<div class=\"wp-block-column is-layout-flow wp-block-column-is-layout-flow\">\n<p>Lightlab est le nom avec lequel Rexel, en plus de la vente en gros, se profile sur le march\u00e9 pour \u00e9laborer un concept global d\u2019\u00e9clairage. En plus de la vente d\u2019\u00e9clairage technique et d\u00e9coratif dans les 50 agences Rexel en Belgique, Lightlab vous offre encore bien davantage. <\/p>\n\n\n\n<p>Ses 59 sp\u00e9cialistes sont de v\u00e9ritables experts dans leur domaine, capables d\u2019\u00e9clairer de mani\u00e8re optimale tous les espaces gr\u00e2ce \u00e0 leurs comp\u00e9tences techniques et cr\u00e9atives \u00e9largies. Ils sont \u00e0 vos c\u00f4t\u00e9s d\u00e8s le d\u00e9but de votre projet et se feront un plaisir de vous recevoir avec l\u2019installateur dans l\u2019un des concepts Lightlab pour discuter et \u00e9tablir l\u2019\u00e9tude d\u2019\u00e9clairage.<\/p>\n\n\n\n<p>Vous recevrez alors une visualisation 3D assortie d\u2019une \u00e9tude sur logiciels Dialux ou Relux pour les plus grands projets. Puisque Lightlab n\u2019est pas li\u00e9 \u00e0 une marque, une tr\u00e8s large gamme d\u2019\u00e9clairage technique, architectural et d\u00e9coratif peut \u00eatre propos\u00e9e, en fonction de vos go\u00fbts et de votre budget. Les sp\u00e9cialistes analysent ce que vous pouvez \u00e9conomiser gr\u00e2ce \u00e0 un \u00e9clairage \u00e9co\u00e9nerg\u00e9tique. Dans l\u2019\u00e9tude d\u2019\u00e9clairage, une \u00e9ventuelle commande d\u2019\u00e9clairage KNX, DALI\u2026 peut \u00e9galement \u00eatre pr\u00e9vue.<\/p>\n<\/div>\n<\/div>\n\n\n\n<div class=\"wp-block-columns are-vertically-aligned-center is-layout-flex wp-container-core-columns-is-layout-28f84493 wp-block-columns-is-layout-flex\">\n<div class=\"wp-block-column is-vertically-aligned-center is-layout-flow wp-block-column-is-layout-flow\">\n<p>Les 14 concepts Lightlab sont des mini showrooms install\u00e9s dans les plus grandes agences Rexel r\u00e9parties \u00e0 travers toute la Belgique.<\/p>\n\n\n\n<p>Y sont non seulement expos\u00e9s une s\u00e9lection de diff\u00e9rents luminaires et de nombreux appareils de d\u00e9monstration comme source d\u2019\u2019inspiration, mais il s\u2019agit \u00e9galement d\u2019un lieu o\u00f9 vous pouvez passer pour discuter de votre plan d\u2019\u00e9clairage, \u00e0 proximit\u00e9 de chez vous, compte tenu de la r\u00e9partition g\u00e9ographique.<\/p>\n\n\n\n<div class=\"wp-block-buttons is-layout-flex wp-block-buttons-is-layout-flex\">\n<div class=\"wp-block-button is-style-outline is-style-outline--1\"><a class=\"wp-block-button__link wp-element-button\">Trouvez un concept Lightlab pr\u00e8s de chez vous<\/a><\/div>\n<\/div>\n<\/div>\n\n\n\n<div class=\"wp-block-column is-vertically-aligned-center is-layout-flow wp-block-column-is-layout-flow\" style=\"flex-basis:40%\">\n<div class=\"wp-block-cover\" style=\"border-top-left-radius:20px;border-top-right-radius:20px;border-bottom-left-radius:20px;border-bottom-right-radius:20px\"><img loading=\"lazy\" decoding=\"async\" width=\"1024\" height=\"683\" class=\"wp-block-cover__image-background wp-image-2218 size-large\" alt=\"\" src=\"https:\/\/rexel.be\/wp-content\/uploads\/2025\/11\/WEB-25-1024x683.jpg\" data-object-fit=\"cover\" srcset=\"https:\/\/rexel.be\/wp-content\/uploads\/2025\/11\/WEB-25-1024x683.jpg 1024w, https:\/\/rexel.be\/wp-content\/uploads\/2025\/11\/WEB-25-300x200.jpg 300w, https:\/\/rexel.be\/wp-content\/uploads\/2025\/11\/WEB-25-768x512.jpg 768w, https:\/\/rexel.be\/wp-content\/uploads\/2025\/11\/WEB-25-1536x1024.jpg 1536w, https:\/\/rexel.be\/wp-content\/uploads\/2025\/11\/WEB-25-2048x1365.jpg 2048w\" sizes=\"auto, (max-width: 1024px) 100vw, 1024px\" \/><span aria-hidden=\"true\" class=\"wp-block-cover__background has-dark-background-color has-background-dim\"><\/span><div class=\"wp-block-cover__inner-container has-global-padding is-layout-constrained wp-block-cover-is-layout-constrained\">\n<p class=\"has-text-align-center has-heading-three-font-size\"><strong>Concepts Lightlab<\/strong><\/p>\n<\/div><\/div>\n<\/div>\n<\/div>\n\n\n\n<div class=\"wp-block-columns are-vertically-aligned-center is-layout-flex wp-container-core-columns-is-layout-da28c08c wp-block-columns-is-layout-flex\" style=\"margin-top:var(--wp--preset--spacing--60-40);margin-bottom:var(--wp--preset--spacing--60-40)\">\n<div class=\"wp-block-column is-vertically-aligned-center is-layout-flow wp-block-column-is-layout-flow\" style=\"flex-basis:40%\">\n<div class=\"wp-block-cover\" style=\"border-top-left-radius:20px;border-top-right-radius:20px;border-bottom-left-radius:20px;border-bottom-right-radius:20px\"><img loading=\"lazy\" decoding=\"async\" width=\"1024\" height=\"538\" class=\"wp-block-cover__image-background wp-image-2219 size-large\" alt=\"\" src=\"https:\/\/rexel.be\/wp-content\/uploads\/2025\/11\/knx-besparing-1024x538.jpg\" data-object-fit=\"cover\" srcset=\"https:\/\/rexel.be\/wp-content\/uploads\/2025\/11\/knx-besparing-1024x538.jpg 1024w, https:\/\/rexel.be\/wp-content\/uploads\/2025\/11\/knx-besparing-300x158.jpg 300w, https:\/\/rexel.be\/wp-content\/uploads\/2025\/11\/knx-besparing-768x403.jpg 768w, https:\/\/rexel.be\/wp-content\/uploads\/2025\/11\/knx-besparing.jpg 1200w\" sizes=\"auto, (max-width: 1024px) 100vw, 1024px\" \/><span aria-hidden=\"true\" class=\"wp-block-cover__background has-dark-background-color has-background-dim\"><\/span><div class=\"wp-block-cover__inner-container has-global-padding is-layout-constrained wp-block-cover-is-layout-constrained\">\n<p class=\"has-text-align-center has-heading-three-font-size\"><strong>Actif sur tous les march\u00e9s<\/strong><\/p>\n<\/div><\/div>\n<\/div>\n\n\n\n<div class=\"wp-block-column is-vertically-aligned-center is-layout-flow wp-block-column-is-layout-flow\">\n<p>Lightlab est actif sur le march\u00e9 r\u00e9sidentiel, industriel et tertiaire. Les projets sont donc tr\u00e8s diversifi\u00e9s, allant de l\u2019\u00e9clairage d\u2019une maison, d\u2019un magasin ou d\u2019un immeuble de bureaux au relighting complet d\u2019un b\u00e2timent industriel.<\/p>\n\n\n\n<p>Le relighting d\u2019un espace existant n\u00e9cessite une \u00e9tude pr\u00e9alable approfondie et les connaissances professionnelles n\u00e9cessaires. En fonction de la nature et de la complexit\u00e9 du projet, Lightlab travaille avec une feuille de route diff\u00e9rente. Cependant, la question initiale reste toujours la m\u00eame : \u00ab Comment allons-nous rendre l\u2019installation d\u2019\u00e9clairage existante plus \u00e9conome en \u00e9nergie tout en maintenant, voire en am\u00e9liorant, sa fonctionnalit\u00e9 actuelle ? \u00bb. Sur base d\u2019un calcul d\u2019\u00e9clairage et d\u2019une \u00e9tude approfondie, les sp\u00e9cialistes proposent des alternatives LED et l\u2019automatisation correspondante.<\/p>\n<\/div>\n<\/div>\n\n\n\n<figure class=\"wp-block-pullquote has-text-align-center\" style=\"border-top-left-radius:0px;border-top-right-radius:0px;border-bottom-left-radius:0px;border-bottom-right-radius:0px;border-top-color:var(--wp--preset--color--blue);border-top-style:dotted;border-top-width:2px;border-right-style:none;border-right-width:0px;border-bottom-color:var(--wp--preset--color--blue);border-bottom-style:dotted;border-bottom-width:2px;border-left-style:none;border-left-width:0px\"><blockquote><p>Lightlab est devenu le maillon indispensable entre les fabricants, les architectes, les installateurs et les constructeurs dans le domaine de l\u2019\u00e9clairage.<\/p><\/blockquote><\/figure>\n","protected":false},"excerpt":{"rendered":"<p>Nos sp\u00e9cialistes d\u00e9veloppent un concept d\u2019\u00e9clairage \u00e0 la mesure de votre projet Vous avez un projet d\u2019\u00e9clairage, mais vous manquez de temps et souhaitez de l\u2019aide et des conseils suppl\u00e9mentaires ? En tant que professionnel, vous pouvez faire appel aux services de Lightlab. Nous vous tiendrons non seulement inform\u00e9s des derni\u00e8res innovations dans le domaine [&hellip;]<\/p>\n","protected":false},"author":3,"featured_media":0,"parent":0,"menu_order":0,"comment_status":"closed","ping_status":"closed","template":"","meta":{"_acf_changed":false,"inline_featured_image":false,"footnotes":"","_links_to":"","_links_to_target":""},"class_list":["post-2216","page","type-page","status-publish","hentry"],"acf":[],"yoast_head":"<!-- This site is optimized with the Yoast SEO plugin v27.4 - https:\/\/yoast.com\/product\/yoast-seo-wordpress\/ -->\n<title>Lightlab sous les projecteurs - Rexel<\/title>\n<meta name=\"robots\" content=\"index, follow, max-snippet:-1, max-image-preview:large, max-video-preview:-1\" \/>\n<link rel=\"canonical\" href=\"https:\/\/rexel.be\/fr\/lightlab-sous-les-projecteurs\/\" \/>\n<meta property=\"og:locale\" content=\"fr_FR\" \/>\n<meta property=\"og:type\" content=\"article\" \/>\n<meta property=\"og:title\" content=\"Lightlab sous les projecteurs - Rexel\" \/>\n<meta property=\"og:description\" content=\"Nos sp\u00e9cialistes d\u00e9veloppent un concept d\u2019\u00e9clairage \u00e0 la mesure de votre projet Vous avez un projet d\u2019\u00e9clairage, mais vous manquez de temps et souhaitez de l\u2019aide et des conseils suppl\u00e9mentaires ? En tant que professionnel, vous pouvez faire appel aux services de Lightlab. Nous vous tiendrons non seulement inform\u00e9s des derni\u00e8res innovations dans le domaine [&hellip;]\" \/>\n<meta property=\"og:url\" content=\"https:\/\/rexel.be\/fr\/lightlab-sous-les-projecteurs\/\" \/>\n<meta property=\"og:site_name\" content=\"Rexel\" \/>\n<meta property=\"article:modified_time\" content=\"2026-01-20T10:16:25+00:00\" \/>\n<meta property=\"og:image\" content=\"https:\/\/rexel.be\/wp-content\/uploads\/2025\/11\/Image-2-web-scaled.jpg\" \/>\n\t<meta property=\"og:image:width\" content=\"2560\" \/>\n\t<meta property=\"og:image:height\" content=\"1707\" \/>\n\t<meta property=\"og:image:type\" content=\"image\/jpeg\" \/>\n<meta name=\"twitter:card\" content=\"summary_large_image\" \/>\n<meta name=\"twitter:label1\" content=\"Dur\u00e9e de lecture estim\u00e9e\" \/>\n\t<meta name=\"twitter:data1\" content=\"4 minutes\" \/>\n<script type=\"application\/ld+json\" class=\"yoast-schema-graph\">{\"@context\":\"https:\\\/\\\/schema.org\",\"@graph\":[{\"@type\":\"WebPage\",\"@id\":\"https:\\\/\\\/rexel.be\\\/fr\\\/lightlab-sous-les-projecteurs\\\/\",\"url\":\"https:\\\/\\\/rexel.be\\\/fr\\\/lightlab-sous-les-projecteurs\\\/\",\"name\":\"Lightlab sous les projecteurs - Rexel\",\"isPartOf\":{\"@id\":\"https:\\\/\\\/rexel.be\\\/fr\\\/#website\"},\"primaryImageOfPage\":{\"@id\":\"https:\\\/\\\/rexel.be\\\/fr\\\/lightlab-sous-les-projecteurs\\\/#primaryimage\"},\"image\":{\"@id\":\"https:\\\/\\\/rexel.be\\\/fr\\\/lightlab-sous-les-projecteurs\\\/#primaryimage\"},\"thumbnailUrl\":\"https:\\\/\\\/rexel.be\\\/wp-content\\\/uploads\\\/2025\\\/11\\\/Image-2-web-scaled.jpg\",\"datePublished\":\"2025-11-04T13:51:42+00:00\",\"dateModified\":\"2026-01-20T10:16:25+00:00\",\"breadcrumb\":{\"@id\":\"https:\\\/\\\/rexel.be\\\/fr\\\/lightlab-sous-les-projecteurs\\\/#breadcrumb\"},\"inLanguage\":\"fr-FR\",\"potentialAction\":[{\"@type\":\"ReadAction\",\"target\":[\"https:\\\/\\\/rexel.be\\\/fr\\\/lightlab-sous-les-projecteurs\\\/\"]}]},{\"@type\":\"ImageObject\",\"inLanguage\":\"fr-FR\",\"@id\":\"https:\\\/\\\/rexel.be\\\/fr\\\/lightlab-sous-les-projecteurs\\\/#primaryimage\",\"url\":\"https:\\\/\\\/rexel.be\\\/wp-content\\\/uploads\\\/2025\\\/11\\\/Image-2-web-scaled.jpg\",\"contentUrl\":\"https:\\\/\\\/rexel.be\\\/wp-content\\\/uploads\\\/2025\\\/11\\\/Image-2-web-scaled.jpg\"},{\"@type\":\"BreadcrumbList\",\"@id\":\"https:\\\/\\\/rexel.be\\\/fr\\\/lightlab-sous-les-projecteurs\\\/#breadcrumb\",\"itemListElement\":[{\"@type\":\"ListItem\",\"position\":1,\"name\":\"Home\",\"item\":\"https:\\\/\\\/rexel.be\\\/fr\\\/\"},{\"@type\":\"ListItem\",\"position\":2,\"name\":\"Lightlab sous les projecteurs\"}]},{\"@type\":\"WebSite\",\"@id\":\"https:\\\/\\\/rexel.be\\\/fr\\\/#website\",\"url\":\"https:\\\/\\\/rexel.be\\\/fr\\\/\",\"name\":\"Rexel\",\"description\":\"\",\"potentialAction\":[{\"@type\":\"SearchAction\",\"target\":{\"@type\":\"EntryPoint\",\"urlTemplate\":\"https:\\\/\\\/rexel.be\\\/fr\\\/?s={search_term_string}\"},\"query-input\":{\"@type\":\"PropertyValueSpecification\",\"valueRequired\":true,\"valueName\":\"search_term_string\"}}],\"inLanguage\":\"fr-FR\"}]}<\/script>\n<!-- \/ Yoast SEO plugin. -->","yoast_head_json":{"title":"Lightlab sous les projecteurs - Rexel","robots":{"index":"index","follow":"follow","max-snippet":"max-snippet:-1","max-image-preview":"max-image-preview:large","max-video-preview":"max-video-preview:-1"},"canonical":"https:\/\/rexel.be\/fr\/lightlab-sous-les-projecteurs\/","og_locale":"fr_FR","og_type":"article","og_title":"Lightlab sous les projecteurs - Rexel","og_description":"Nos sp\u00e9cialistes d\u00e9veloppent un concept d\u2019\u00e9clairage \u00e0 la mesure de votre projet Vous avez un projet d\u2019\u00e9clairage, mais vous manquez de temps et souhaitez de l\u2019aide et des conseils suppl\u00e9mentaires ? En tant que professionnel, vous pouvez faire appel aux services de Lightlab. Nous vous tiendrons non seulement inform\u00e9s des derni\u00e8res innovations dans le domaine [&hellip;]","og_url":"https:\/\/rexel.be\/fr\/lightlab-sous-les-projecteurs\/","og_site_name":"Rexel","article_modified_time":"2026-01-20T10:16:25+00:00","og_image":[{"width":2560,"height":1707,"url":"https:\/\/rexel.be\/wp-content\/uploads\/2025\/11\/Image-2-web-scaled.jpg","type":"image\/jpeg"}],"twitter_card":"summary_large_image","twitter_misc":{"Dur\u00e9e de lecture estim\u00e9e":"4 minutes"},"schema":{"@context":"https:\/\/schema.org","@graph":[{"@type":"WebPage","@id":"https:\/\/rexel.be\/fr\/lightlab-sous-les-projecteurs\/","url":"https:\/\/rexel.be\/fr\/lightlab-sous-les-projecteurs\/","name":"Lightlab sous les projecteurs - Rexel","isPartOf":{"@id":"https:\/\/rexel.be\/fr\/#website"},"primaryImageOfPage":{"@id":"https:\/\/rexel.be\/fr\/lightlab-sous-les-projecteurs\/#primaryimage"},"image":{"@id":"https:\/\/rexel.be\/fr\/lightlab-sous-les-projecteurs\/#primaryimage"},"thumbnailUrl":"https:\/\/rexel.be\/wp-content\/uploads\/2025\/11\/Image-2-web-scaled.jpg","datePublished":"2025-11-04T13:51:42+00:00","dateModified":"2026-01-20T10:16:25+00:00","breadcrumb":{"@id":"https:\/\/rexel.be\/fr\/lightlab-sous-les-projecteurs\/#breadcrumb"},"inLanguage":"fr-FR","potentialAction":[{"@type":"ReadAction","target":["https:\/\/rexel.be\/fr\/lightlab-sous-les-projecteurs\/"]}]},{"@type":"ImageObject","inLanguage":"fr-FR","@id":"https:\/\/rexel.be\/fr\/lightlab-sous-les-projecteurs\/#primaryimage","url":"https:\/\/rexel.be\/wp-content\/uploads\/2025\/11\/Image-2-web-scaled.jpg","contentUrl":"https:\/\/rexel.be\/wp-content\/uploads\/2025\/11\/Image-2-web-scaled.jpg"},{"@type":"BreadcrumbList","@id":"https:\/\/rexel.be\/fr\/lightlab-sous-les-projecteurs\/#breadcrumb","itemListElement":[{"@type":"ListItem","position":1,"name":"Home","item":"https:\/\/rexel.be\/fr\/"},{"@type":"ListItem","position":2,"name":"Lightlab sous les projecteurs"}]},{"@type":"WebSite","@id":"https:\/\/rexel.be\/fr\/#website","url":"https:\/\/rexel.be\/fr\/","name":"Rexel","description":"","potentialAction":[{"@type":"SearchAction","target":{"@type":"EntryPoint","urlTemplate":"https:\/\/rexel.be\/fr\/?s={search_term_string}"},"query-input":{"@type":"PropertyValueSpecification","valueRequired":true,"valueName":"search_term_string"}}],"inLanguage":"fr-FR"}]}},"_links":{"self":[{"href":"https:\/\/rexel.be\/fr\/wp-json\/wp\/v2\/pages\/2216","targetHints":{"allow":["GET"]}}],"collection":[{"href":"https:\/\/rexel.be\/fr\/wp-json\/wp\/v2\/pages"}],"about":[{"href":"https:\/\/rexel.be\/fr\/wp-json\/wp\/v2\/types\/page"}],"author":[{"embeddable":true,"href":"https:\/\/rexel.be\/fr\/wp-json\/wp\/v2\/users\/3"}],"replies":[{"embeddable":true,"href":"https:\/\/rexel.be\/fr\/wp-json\/wp\/v2\/comments?post=2216"}],"version-history":[{"count":3,"href":"https:\/\/rexel.be\/fr\/wp-json\/wp\/v2\/pages\/2216\/revisions"}],"predecessor-version":[{"id":3693,"href":"https:\/\/rexel.be\/fr\/wp-json\/wp\/v2\/pages\/2216\/revisions\/3693"}],"wp:attachment":[{"href":"https:\/\/rexel.be\/fr\/wp-json\/wp\/v2\/media?parent=2216"}],"curies":[{"name":"wp","href":"https:\/\/api.w.org\/{rel}","templated":true}]}}