{"id":2143,"date":"2025-12-15T10:11:52","date_gmt":"2025-12-15T09:11:52","guid":{"rendered":"https:\/\/rexel.be\/?page_id=2143"},"modified":"2026-02-02T12:35:45","modified_gmt":"2026-02-02T11:35:45","slug":"expertise","status":"publish","type":"page","link":"https:\/\/rexel.be\/fr\/expertise\/","title":{"rendered":"Expertise"},"content":{"rendered":"\n<div class=\"wp-block-cover alignfull has-custom-content-position is-position-bottom-left has-white-color has-text-color has-link-color wp-elements-c7307dcabb76e7058d813875ca656d4f\" style=\"border-bottom-left-radius:80px;border-bottom-right-radius:80px;padding-bottom:var(--wp--preset--spacing--120-60);min-height:560px;aspect-ratio:unset;\"><img loading=\"lazy\" decoding=\"async\" width=\"2560\" height=\"1774\" class=\"wp-block-cover__image-background wp-image-2147 size-full\" alt=\"\" src=\"https:\/\/rexel.be\/wp-content\/uploads\/2025\/10\/iStock-978339304-web-1-scaled.jpg\" style=\"object-position:52% 20%\" data-object-fit=\"cover\" data-object-position=\"52% 20%\" srcset=\"https:\/\/rexel.be\/wp-content\/uploads\/2025\/10\/iStock-978339304-web-1-scaled.jpg 2560w, https:\/\/rexel.be\/wp-content\/uploads\/2025\/10\/iStock-978339304-web-1-300x208.jpg 300w, https:\/\/rexel.be\/wp-content\/uploads\/2025\/10\/iStock-978339304-web-1-1024x710.jpg 1024w, https:\/\/rexel.be\/wp-content\/uploads\/2025\/10\/iStock-978339304-web-1-768x532.jpg 768w, https:\/\/rexel.be\/wp-content\/uploads\/2025\/10\/iStock-978339304-web-1-1536x1064.jpg 1536w, https:\/\/rexel.be\/wp-content\/uploads\/2025\/10\/iStock-978339304-web-1-2048x1419.jpg 2048w\" sizes=\"auto, (max-width: 2560px) 100vw, 2560px\" \/><span aria-hidden=\"true\" class=\"wp-block-cover__background has-black-background-color has-background-dim-30 has-background-dim\"><\/span><div class=\"wp-block-cover__inner-container has-global-padding is-layout-constrained wp-container-core-cover-is-layout-2b988179 wp-block-cover-is-layout-constrained\"><h1 class=\"has-link-color wp-elements-88f0857fdc8bad98dfdc5c16977574b2 wp-block-post-title has-text-color has-white-color\">Expertise<\/h1>\n\n<div class=\"yoast-breadcrumbs\"><span><span><a href=\"https:\/\/rexel.be\/fr\/\">Home<\/a><\/span> <span class=\"sep\"><\/span> <span class=\"breadcrumb_last\" aria-current=\"page\">Expertise<\/span><\/span><\/div><\/div><\/div>\n\n\n\n<div class=\"wp-block-media-text has-media-on-the-right is-stacked-on-mobile is-vertically-aligned-center\" style=\"margin-top:var(--wp--preset--spacing--60-40);margin-bottom:var(--wp--preset--spacing--60-40)\"><div class=\"wp-block-media-text__content\">\n<p>Un projet important \u00e0 l\u2019ordre du jour, mais vous n\u2019avez pas le temps et souhaitez de l\u2019aide et des conseils suppl\u00e9mentaires ? En tant que professionnel, vous pouvez faire appel \u00e0 notre \u00e9quipe de sp\u00e9cialistes au sein de nos diff\u00e9rentes divisions.<\/p>\n\n\n\n<p>Gr\u00e2ce \u00e0 leur approche \u00e0 la fois efficace et personnelle ainsi qu\u2019\u00e0 leur expertise technique, nos sp\u00e9cialistes vous fournissent le soutien dont vous avez besoin pour que vous puissiez achever votre projet sans souci.<\/p>\n<\/div><figure class=\"wp-block-media-text__media\"><img loading=\"lazy\" decoding=\"async\" width=\"1024\" height=\"683\" src=\"https:\/\/rexel.be\/wp-content\/uploads\/2025\/12\/iStock-1356386941-1024x683.jpg\" alt=\"\" class=\"wp-image-2916 size-full\" srcset=\"https:\/\/rexel.be\/wp-content\/uploads\/2025\/12\/iStock-1356386941-1024x683.jpg 1024w, https:\/\/rexel.be\/wp-content\/uploads\/2025\/12\/iStock-1356386941-300x200.jpg 300w, https:\/\/rexel.be\/wp-content\/uploads\/2025\/12\/iStock-1356386941-768x512.jpg 768w, https:\/\/rexel.be\/wp-content\/uploads\/2025\/12\/iStock-1356386941-1536x1024.jpg 1536w, https:\/\/rexel.be\/wp-content\/uploads\/2025\/12\/iStock-1356386941-2048x1365.jpg 2048w\" sizes=\"auto, (max-width: 1024px) 100vw, 1024px\" \/><\/figure><\/div>\n\n\n\n<div class=\"wp-block-group alignfull bg_shape has-global-padding is-layout-constrained wp-container-core-group-is-layout-50eac2a3 wp-block-group-is-layout-constrained\" style=\"padding-top:var(--wp--preset--spacing--60-40);padding-right:var(--wp--preset--spacing--160-60);padding-bottom:var(--wp--preset--spacing--60-40);padding-left:var(--wp--preset--spacing--160-60)\">\n<div class=\"wp-block-group is-layout-grid wp-container-core-group-is-layout-b757edec wp-block-group-is-layout-grid\">\n<div class=\"wp-block-group has-border-color has-white-background-color has-background wp-container-content-7c75c719 is-layout-flow wp-block-group-is-layout-flow\" style=\"border-color:#2896d752;border-width:1px;border-radius:16px;padding-top:0;padding-right:0;padding-bottom:0;padding-left:0;box-shadow:var(--wp--preset--shadow--shadow-1)\">\n<figure class=\"wp-block-image size-large\"><img loading=\"lazy\" decoding=\"async\" width=\"1024\" height=\"683\" src=\"https:\/\/rexel.be\/wp-content\/uploads\/2025\/10\/SHOWROOM-web-1024x683.jpg\" alt=\"\" class=\"wp-image-2150\" style=\"aspect-ratio:16\/9;object-fit:cover\" srcset=\"https:\/\/rexel.be\/wp-content\/uploads\/2025\/10\/SHOWROOM-web-1024x683.jpg 1024w, https:\/\/rexel.be\/wp-content\/uploads\/2025\/10\/SHOWROOM-web-300x200.jpg 300w, https:\/\/rexel.be\/wp-content\/uploads\/2025\/10\/SHOWROOM-web-768x512.jpg 768w, https:\/\/rexel.be\/wp-content\/uploads\/2025\/10\/SHOWROOM-web-1536x1024.jpg 1536w, https:\/\/rexel.be\/wp-content\/uploads\/2025\/10\/SHOWROOM-web-2048x1365.jpg 2048w\" sizes=\"auto, (max-width: 1024px) 100vw, 1024px\" \/><\/figure>\n\n\n\n<h4 class=\"wp-block-heading has-black-color has-text-color has-link-color wp-elements-5b099ead40cfdc019ed00e3fbe8246fb\" style=\"padding-right:var(--wp--preset--spacing--50-30);padding-left:var(--wp--preset--spacing--50-30)\">Competence Center Lightlab<\/h4>\n\n\n\n<p style=\"padding-right:var(--wp--preset--spacing--50-30);padding-left:var(--wp--preset--spacing--50-30)\">L&rsquo;\u00e9quipe Lightlab vous aide dans l\u2019\u00e9laboration de votre concept global d&rsquo;\u00e9clairage.<\/p>\n\n\n\n<div class=\"wp-block-buttons is-layout-flex wp-block-buttons-is-layout-flex\" style=\"margin-bottom:var(--wp--preset--spacing--60-40);padding-right:var(--wp--preset--spacing--50-30);padding-left:var(--wp--preset--spacing--50-30)\">\n<div class=\"wp-block-button is-style-green is-style-green--1\"><a class=\"wp-block-button__link wp-element-button\" href=\"https:\/\/rexel.be\/fr\/expertise\/competence-center-lightlab\/\">Plus d&rsquo;infos<\/a><\/div>\n<\/div>\n<\/div>\n\n\n\n<div class=\"wp-block-group has-border-color has-white-background-color has-background is-layout-flow wp-block-group-is-layout-flow\" style=\"border-color:#2896d752;border-width:1px;border-radius:16px;padding-top:0;padding-right:0;padding-bottom:0;padding-left:0;box-shadow:var(--wp--preset--shadow--shadow-1)\">\n<figure class=\"wp-block-image size-large\"><img loading=\"lazy\" decoding=\"async\" width=\"1024\" height=\"686\" src=\"https:\/\/rexel.be\/wp-content\/uploads\/2025\/10\/RXL003021-web-1024x686.jpg\" alt=\"\" class=\"wp-image-2152\" style=\"aspect-ratio:16\/9;object-fit:cover\" srcset=\"https:\/\/rexel.be\/wp-content\/uploads\/2025\/10\/RXL003021-web-1024x686.jpg 1024w, https:\/\/rexel.be\/wp-content\/uploads\/2025\/10\/RXL003021-web-300x201.jpg 300w, https:\/\/rexel.be\/wp-content\/uploads\/2025\/10\/RXL003021-web-768x514.jpg 768w, https:\/\/rexel.be\/wp-content\/uploads\/2025\/10\/RXL003021-web-1536x1028.jpg 1536w, https:\/\/rexel.be\/wp-content\/uploads\/2025\/10\/RXL003021-web-2048x1371.jpg 2048w\" sizes=\"auto, (max-width: 1024px) 100vw, 1024px\" \/><\/figure>\n\n\n\n<h4 class=\"wp-block-heading has-black-color has-text-color has-link-color wp-elements-b0c48119f49493af7b1944a1a9da9e72\" style=\"padding-right:var(--wp--preset--spacing--50-30);padding-left:var(--wp--preset--spacing--50-30)\">Competence Center Multi Energy<\/h4>\n\n\n\n<p style=\"padding-right:var(--wp--preset--spacing--50-30);padding-left:var(--wp--preset--spacing--50-30)\">L&rsquo;\u00e9quipe de sp\u00e9cialistes vous conseille et vous accompagne dans tous vos projets et vous propose les bonnes solutions pour une autoconsommation optimale.<\/p>\n\n\n\n<div class=\"wp-block-buttons is-layout-flex wp-block-buttons-is-layout-flex\" style=\"margin-bottom:var(--wp--preset--spacing--60-40);padding-right:var(--wp--preset--spacing--50-30);padding-left:var(--wp--preset--spacing--50-30)\">\n<div class=\"wp-block-button is-style-green is-style-green--2\"><a class=\"wp-block-button__link wp-element-button\" href=\"https:\/\/rexel.be\/fr\/expertise\/competence-center-multi-energy\/\">Plus d&rsquo;infos<\/a><\/div>\n<\/div>\n<\/div>\n\n\n\n<div class=\"wp-block-group has-border-color has-white-background-color has-background is-layout-flow wp-block-group-is-layout-flow\" style=\"border-color:#2896d752;border-width:1px;border-radius:16px;padding-top:0;padding-right:0;padding-bottom:0;padding-left:0;box-shadow:var(--wp--preset--shadow--shadow-1)\">\n<figure class=\"wp-block-image size-large\"><img loading=\"lazy\" decoding=\"async\" width=\"1024\" height=\"767\" src=\"https:\/\/rexel.be\/wp-content\/uploads\/2025\/10\/iStock-1386620634-1024x767.png\" alt=\"\" class=\"wp-image-2154\" style=\"aspect-ratio:16\/9;object-fit:cover\" srcset=\"https:\/\/rexel.be\/wp-content\/uploads\/2025\/10\/iStock-1386620634-1024x767.png 1024w, https:\/\/rexel.be\/wp-content\/uploads\/2025\/10\/iStock-1386620634-300x225.png 300w, https:\/\/rexel.be\/wp-content\/uploads\/2025\/10\/iStock-1386620634-768x575.png 768w, https:\/\/rexel.be\/wp-content\/uploads\/2025\/10\/iStock-1386620634-1536x1151.png 1536w, https:\/\/rexel.be\/wp-content\/uploads\/2025\/10\/iStock-1386620634.png 1881w\" sizes=\"auto, (max-width: 1024px) 100vw, 1024px\" \/><\/figure>\n\n\n\n<h4 class=\"wp-block-heading has-black-color has-text-color has-link-color wp-elements-e19b8d74f243a60fa1d08cbbe3c7e7bf\" style=\"padding-right:var(--wp--preset--spacing--50-30);padding-left:var(--wp--preset--spacing--50-30)\">Competence Center Industry<\/h4>\n\n\n\n<p style=\"padding-right:var(--wp--preset--spacing--50-30);padding-left:var(--wp--preset--spacing--50-30)\">Rexel accompagne les industriels dans le d\u00e9veloppement de solutions r\u00e9pondant aux nouvelles techniques et technologies.<\/p>\n\n\n\n<div class=\"wp-block-buttons is-layout-flex wp-block-buttons-is-layout-flex\" style=\"margin-bottom:var(--wp--preset--spacing--60-40);padding-right:var(--wp--preset--spacing--50-30);padding-left:var(--wp--preset--spacing--50-30)\">\n<div class=\"wp-block-button is-style-green is-style-green--3\"><a class=\"wp-block-button__link wp-element-button\" href=\"https:\/\/rexel.be\/fr\/expertise\/competence-center-industry\/\">Plus d&rsquo;infos<\/a><\/div>\n<\/div>\n<\/div>\n\n\n\n<div class=\"wp-block-group has-border-color has-white-background-color has-background is-layout-flow wp-block-group-is-layout-flow\" style=\"border-color:#2896d752;border-width:1px;border-radius:16px;padding-top:0;padding-right:0;padding-bottom:0;padding-left:0;box-shadow:var(--wp--preset--shadow--shadow-1)\">\n<figure class=\"wp-block-image size-large\"><img loading=\"lazy\" decoding=\"async\" width=\"1024\" height=\"818\" src=\"https:\/\/rexel.be\/wp-content\/uploads\/2026\/01\/coverfoto-e1768208517359-1024x818.jpg\" alt=\"\" class=\"wp-image-3407\" style=\"aspect-ratio:16\/9;object-fit:cover\" srcset=\"https:\/\/rexel.be\/wp-content\/uploads\/2026\/01\/coverfoto-e1768208517359-1024x818.jpg 1024w, https:\/\/rexel.be\/wp-content\/uploads\/2026\/01\/coverfoto-e1768208517359-300x240.jpg 300w, https:\/\/rexel.be\/wp-content\/uploads\/2026\/01\/coverfoto-e1768208517359-768x613.jpg 768w, https:\/\/rexel.be\/wp-content\/uploads\/2026\/01\/coverfoto-e1768208517359-1536x1227.jpg 1536w, https:\/\/rexel.be\/wp-content\/uploads\/2026\/01\/coverfoto-e1768208517359.jpg 1986w\" sizes=\"auto, (max-width: 1024px) 100vw, 1024px\" \/><\/figure>\n\n\n\n<h4 class=\"wp-block-heading has-black-color has-text-color has-link-color wp-elements-2d5427cf598f8cda86103476c0354024\" style=\"padding-right:var(--wp--preset--spacing--50-30);padding-left:var(--wp--preset--spacing--50-30)\">Competence Center Datacom<\/h4>\n\n\n\n<p style=\"padding-right:var(--wp--preset--spacing--50-30);padding-left:var(--wp--preset--spacing--50-30)\">L&rsquo;\u00e9quipe Rexel Datacom est votre partenaire pour vos projets en infrastructure r\u00e9seau, centres de donn\u00e9es et FTTx. De la conception \u00e0 la liste des mat\u00e9riaux (BOM), avec conseils techniques et soutien.<\/p>\n\n\n\n<div class=\"wp-block-buttons is-layout-flex wp-block-buttons-is-layout-flex\" style=\"margin-bottom:var(--wp--preset--spacing--60-40);padding-right:var(--wp--preset--spacing--50-30);padding-left:var(--wp--preset--spacing--50-30)\">\n<div class=\"wp-block-button is-style-green is-style-green--4\"><a class=\"wp-block-button__link wp-element-button\" href=\"https:\/\/rexel.be\/fr\/expertise\/competence-center-datacom\/\">Plus d&rsquo;infos<\/a><\/div>\n<\/div>\n<\/div>\n<\/div>\n<\/div>\n","protected":false},"excerpt":{"rendered":"<p>Un projet important \u00e0 l\u2019ordre du jour, mais vous n\u2019avez pas le temps et souhaitez de l\u2019aide et des conseils suppl\u00e9mentaires ? En tant que professionnel, vous pouvez faire appel \u00e0 notre \u00e9quipe de sp\u00e9cialistes au sein de nos diff\u00e9rentes divisions.<\/p>\n","protected":false},"author":3,"featured_media":0,"parent":0,"menu_order":0,"comment_status":"closed","ping_status":"closed","template":"","meta":{"_acf_changed":false,"inline_featured_image":false,"footnotes":"","_links_to":"","_links_to_target":""},"class_list":["post-2143","page","type-page","status-publish","hentry"],"acf":[],"yoast_head":"<!-- This site is optimized with the Yoast SEO plugin v27.4 - https:\/\/yoast.com\/product\/yoast-seo-wordpress\/ -->\n<title>Expertise - Rexel Belgium<\/title>\n<meta name=\"description\" content=\"En tant que professionnel, vous pouvez faire appel \u00e0 notre \u00e9quipe de sp\u00e9cialistes au sein de nos diff\u00e9rentes divisions.\" \/>\n<meta name=\"robots\" content=\"index, follow, max-snippet:-1, max-image-preview:large, max-video-preview:-1\" \/>\n<link rel=\"canonical\" href=\"https:\/\/rexel.be\/fr\/expertise\/\" \/>\n<meta property=\"og:locale\" content=\"fr_FR\" \/>\n<meta property=\"og:type\" content=\"article\" \/>\n<meta property=\"og:title\" content=\"Expertise - Rexel Belgium\" \/>\n<meta property=\"og:description\" content=\"En tant que professionnel, vous pouvez faire appel \u00e0 notre \u00e9quipe de sp\u00e9cialistes au sein de nos diff\u00e9rentes divisions.\" \/>\n<meta property=\"og:url\" content=\"https:\/\/rexel.be\/fr\/expertise\/\" \/>\n<meta property=\"og:site_name\" content=\"Rexel\" \/>\n<meta property=\"article:modified_time\" content=\"2026-02-02T11:35:45+00:00\" \/>\n<meta property=\"og:image\" content=\"https:\/\/rexel.be\/wp-content\/uploads\/2025\/10\/iStock-978339304-web-1-scaled.jpg\" \/>\n\t<meta property=\"og:image:width\" content=\"2560\" \/>\n\t<meta property=\"og:image:height\" content=\"1774\" \/>\n\t<meta property=\"og:image:type\" content=\"image\/jpeg\" \/>\n<meta name=\"twitter:card\" content=\"summary_large_image\" \/>\n<meta name=\"twitter:label1\" content=\"Dur\u00e9e de lecture estim\u00e9e\" \/>\n\t<meta name=\"twitter:data1\" content=\"3 minutes\" \/>\n<script type=\"application\/ld+json\" class=\"yoast-schema-graph\">{\"@context\":\"https:\\\/\\\/schema.org\",\"@graph\":[{\"@type\":\"WebPage\",\"@id\":\"https:\\\/\\\/rexel.be\\\/fr\\\/expertise\\\/\",\"url\":\"https:\\\/\\\/rexel.be\\\/fr\\\/expertise\\\/\",\"name\":\"Expertise - Rexel Belgium\",\"isPartOf\":{\"@id\":\"https:\\\/\\\/rexel.be\\\/fr\\\/#website\"},\"primaryImageOfPage\":{\"@id\":\"https:\\\/\\\/rexel.be\\\/fr\\\/expertise\\\/#primaryimage\"},\"image\":{\"@id\":\"https:\\\/\\\/rexel.be\\\/fr\\\/expertise\\\/#primaryimage\"},\"thumbnailUrl\":\"https:\\\/\\\/rexel.be\\\/wp-content\\\/uploads\\\/2025\\\/10\\\/iStock-978339304-web-1-scaled.jpg\",\"datePublished\":\"2025-12-15T09:11:52+00:00\",\"dateModified\":\"2026-02-02T11:35:45+00:00\",\"description\":\"En tant que professionnel, vous pouvez faire appel \u00e0 notre \u00e9quipe de sp\u00e9cialistes au sein de nos diff\u00e9rentes divisions.\",\"breadcrumb\":{\"@id\":\"https:\\\/\\\/rexel.be\\\/fr\\\/expertise\\\/#breadcrumb\"},\"inLanguage\":\"fr-FR\",\"potentialAction\":[{\"@type\":\"ReadAction\",\"target\":[\"https:\\\/\\\/rexel.be\\\/fr\\\/expertise\\\/\"]}]},{\"@type\":\"ImageObject\",\"inLanguage\":\"fr-FR\",\"@id\":\"https:\\\/\\\/rexel.be\\\/fr\\\/expertise\\\/#primaryimage\",\"url\":\"https:\\\/\\\/rexel.be\\\/wp-content\\\/uploads\\\/2025\\\/10\\\/iStock-978339304-web-1-scaled.jpg\",\"contentUrl\":\"https:\\\/\\\/rexel.be\\\/wp-content\\\/uploads\\\/2025\\\/10\\\/iStock-978339304-web-1-scaled.jpg\"},{\"@type\":\"BreadcrumbList\",\"@id\":\"https:\\\/\\\/rexel.be\\\/fr\\\/expertise\\\/#breadcrumb\",\"itemListElement\":[{\"@type\":\"ListItem\",\"position\":1,\"name\":\"Home\",\"item\":\"https:\\\/\\\/rexel.be\\\/fr\\\/\"},{\"@type\":\"ListItem\",\"position\":2,\"name\":\"Expertise\"}]},{\"@type\":\"WebSite\",\"@id\":\"https:\\\/\\\/rexel.be\\\/fr\\\/#website\",\"url\":\"https:\\\/\\\/rexel.be\\\/fr\\\/\",\"name\":\"Rexel\",\"description\":\"\",\"potentialAction\":[{\"@type\":\"SearchAction\",\"target\":{\"@type\":\"EntryPoint\",\"urlTemplate\":\"https:\\\/\\\/rexel.be\\\/fr\\\/?s={search_term_string}\"},\"query-input\":{\"@type\":\"PropertyValueSpecification\",\"valueRequired\":true,\"valueName\":\"search_term_string\"}}],\"inLanguage\":\"fr-FR\"}]}<\/script>\n<!-- \/ Yoast SEO plugin. -->","yoast_head_json":{"title":"Expertise - Rexel Belgium","description":"En tant que professionnel, vous pouvez faire appel \u00e0 notre \u00e9quipe de sp\u00e9cialistes au sein de nos diff\u00e9rentes divisions.","robots":{"index":"index","follow":"follow","max-snippet":"max-snippet:-1","max-image-preview":"max-image-preview:large","max-video-preview":"max-video-preview:-1"},"canonical":"https:\/\/rexel.be\/fr\/expertise\/","og_locale":"fr_FR","og_type":"article","og_title":"Expertise - Rexel Belgium","og_description":"En tant que professionnel, vous pouvez faire appel \u00e0 notre \u00e9quipe de sp\u00e9cialistes au sein de nos diff\u00e9rentes divisions.","og_url":"https:\/\/rexel.be\/fr\/expertise\/","og_site_name":"Rexel","article_modified_time":"2026-02-02T11:35:45+00:00","og_image":[{"width":2560,"height":1774,"url":"https:\/\/rexel.be\/wp-content\/uploads\/2025\/10\/iStock-978339304-web-1-scaled.jpg","type":"image\/jpeg"}],"twitter_card":"summary_large_image","twitter_misc":{"Dur\u00e9e de lecture estim\u00e9e":"3 minutes"},"schema":{"@context":"https:\/\/schema.org","@graph":[{"@type":"WebPage","@id":"https:\/\/rexel.be\/fr\/expertise\/","url":"https:\/\/rexel.be\/fr\/expertise\/","name":"Expertise - Rexel Belgium","isPartOf":{"@id":"https:\/\/rexel.be\/fr\/#website"},"primaryImageOfPage":{"@id":"https:\/\/rexel.be\/fr\/expertise\/#primaryimage"},"image":{"@id":"https:\/\/rexel.be\/fr\/expertise\/#primaryimage"},"thumbnailUrl":"https:\/\/rexel.be\/wp-content\/uploads\/2025\/10\/iStock-978339304-web-1-scaled.jpg","datePublished":"2025-12-15T09:11:52+00:00","dateModified":"2026-02-02T11:35:45+00:00","description":"En tant que professionnel, vous pouvez faire appel \u00e0 notre \u00e9quipe de sp\u00e9cialistes au sein de nos diff\u00e9rentes divisions.","breadcrumb":{"@id":"https:\/\/rexel.be\/fr\/expertise\/#breadcrumb"},"inLanguage":"fr-FR","potentialAction":[{"@type":"ReadAction","target":["https:\/\/rexel.be\/fr\/expertise\/"]}]},{"@type":"ImageObject","inLanguage":"fr-FR","@id":"https:\/\/rexel.be\/fr\/expertise\/#primaryimage","url":"https:\/\/rexel.be\/wp-content\/uploads\/2025\/10\/iStock-978339304-web-1-scaled.jpg","contentUrl":"https:\/\/rexel.be\/wp-content\/uploads\/2025\/10\/iStock-978339304-web-1-scaled.jpg"},{"@type":"BreadcrumbList","@id":"https:\/\/rexel.be\/fr\/expertise\/#breadcrumb","itemListElement":[{"@type":"ListItem","position":1,"name":"Home","item":"https:\/\/rexel.be\/fr\/"},{"@type":"ListItem","position":2,"name":"Expertise"}]},{"@type":"WebSite","@id":"https:\/\/rexel.be\/fr\/#website","url":"https:\/\/rexel.be\/fr\/","name":"Rexel","description":"","potentialAction":[{"@type":"SearchAction","target":{"@type":"EntryPoint","urlTemplate":"https:\/\/rexel.be\/fr\/?s={search_term_string}"},"query-input":{"@type":"PropertyValueSpecification","valueRequired":true,"valueName":"search_term_string"}}],"inLanguage":"fr-FR"}]}},"_links":{"self":[{"href":"https:\/\/rexel.be\/fr\/wp-json\/wp\/v2\/pages\/2143","targetHints":{"allow":["GET"]}}],"collection":[{"href":"https:\/\/rexel.be\/fr\/wp-json\/wp\/v2\/pages"}],"about":[{"href":"https:\/\/rexel.be\/fr\/wp-json\/wp\/v2\/types\/page"}],"author":[{"embeddable":true,"href":"https:\/\/rexel.be\/fr\/wp-json\/wp\/v2\/users\/3"}],"replies":[{"embeddable":true,"href":"https:\/\/rexel.be\/fr\/wp-json\/wp\/v2\/comments?post=2143"}],"version-history":[{"count":4,"href":"https:\/\/rexel.be\/fr\/wp-json\/wp\/v2\/pages\/2143\/revisions"}],"predecessor-version":[{"id":5443,"href":"https:\/\/rexel.be\/fr\/wp-json\/wp\/v2\/pages\/2143\/revisions\/5443"}],"wp:attachment":[{"href":"https:\/\/rexel.be\/fr\/wp-json\/wp\/v2\/media?parent=2143"}],"curies":[{"name":"wp","href":"https:\/\/api.w.org\/{rel}","templated":true}]}}