{"id":2014,"date":"2025-10-21T13:51:20","date_gmt":"2025-10-21T11:51:20","guid":{"rendered":"https:\/\/rexel.be\/?page_id=2014"},"modified":"2026-02-02T12:34:09","modified_gmt":"2026-02-02T11:34:09","slug":"e-procurement","status":"publish","type":"page","link":"https:\/\/rexel.be\/fr\/e-commerce\/e-procurement\/","title":{"rendered":"E-procurement"},"content":{"rendered":"\n<div class=\"wp-block-cover alignfull has-custom-content-position is-position-bottom-left has-white-color has-text-color has-link-color wp-elements-4726041c3a3ba3ed500774d2e118ff9f\" style=\"border-bottom-left-radius:80px;border-bottom-right-radius:80px;padding-bottom:var(--wp--preset--spacing--120-60);min-height:560px;aspect-ratio:unset;\"><span aria-hidden=\"true\" class=\"wp-block-cover__background has-dark-background-color has-background-dim-100 has-background-dim\"><\/span><div class=\"wp-block-cover__inner-container has-global-padding is-layout-constrained wp-container-core-cover-is-layout-2b988179 wp-block-cover-is-layout-constrained\"><h1 class=\"has-link-color wp-elements-88f0857fdc8bad98dfdc5c16977574b2 wp-block-post-title has-text-color has-white-color\">E-procurement<\/h1>\n\n<div class=\"yoast-breadcrumbs\"><span><span><a href=\"https:\/\/rexel.be\/fr\/\">Home<\/a><\/span> <span class=\"sep\"><\/span> <span><a href=\"https:\/\/rexel.be\/fr\/e-commerce\/\">E-Commerce<\/a><\/span> <span class=\"sep\"><\/span> <span class=\"breadcrumb_last\" aria-current=\"page\">E-procurement<\/span><\/span><\/div><\/div><\/div>\n\n\n\n<div class=\"wp-block-group has-global-padding is-layout-constrained wp-block-group-is-layout-constrained\" style=\"padding-top:var(--wp--preset--spacing--60-40);padding-bottom:var(--wp--preset--spacing--60-40)\">\n<h3 class=\"wp-block-heading\">Int\u00e9gration System to system: vos besoins connect\u00e9s \u00e0 nos solutions<\/h3>\n\n\n\n<div class=\"wp-block-media-text is-stacked-on-mobile\" style=\"padding-right:var(--wp--preset--spacing--40-20);padding-left:var(--wp--preset--spacing--40-20);grid-template-columns:15% auto\"><figure class=\"wp-block-media-text__media\"><img loading=\"lazy\" decoding=\"async\" width=\"238\" height=\"237\" src=\"https:\/\/rexel.be\/wp-content\/uploads\/2025\/10\/system-to-system-integration.png\" alt=\"\" class=\"wp-image-2020 size-full\" srcset=\"https:\/\/rexel.be\/wp-content\/uploads\/2025\/10\/system-to-system-integration.png 238w, https:\/\/rexel.be\/wp-content\/uploads\/2025\/10\/system-to-system-integration-150x150.png 150w\" sizes=\"auto, (max-width: 238px) 100vw, 238px\" \/><\/figure><div class=\"wp-block-media-text__content\">\n<p>Votre proc\u00e9dure d\u2019achats au meilleur co\u00fbt, est-ce possible?<br>Avec nos solutions d\u2019eProcurement, vous pouvez commander, suivre et g\u00e9rer nos syst\u00e8mes sans quitter les v\u00f4tres.<br>D\u2019un fichier prix t\u00e9l\u00e9chargeable \u00e0 l\u2019\u00c9change de Donn\u00e9es Informatis\u00e9 (EDI), vous choisissez le niveau de connexion avec nos syst\u00e8mes le mieux adapt\u00e9 aux besoins de votre entreprise.<\/p>\n<\/div><\/div>\n<\/div>\n\n\n\n<div class=\"wp-block-group has-global-padding is-layout-constrained wp-block-group-is-layout-constrained\">\n<h5 class=\"wp-block-heading has-green-color has-text-color has-link-color wp-elements-a1fa99e4770b2055f929b423bd48adf5\" style=\"padding-right:var(--wp--preset--spacing--60-40);padding-left:var(--wp--preset--spacing--60-40)\">CATALOGUE PRODUITS<\/h5>\n\n\n\n<div class=\"wp-block-columns is-layout-flex wp-container-core-columns-is-layout-e4486ce4 wp-block-columns-is-layout-flex\" style=\"padding-right:var(--wp--preset--spacing--60-40);padding-left:var(--wp--preset--spacing--60-40)\">\n<div class=\"wp-block-column is-vertically-aligned-top is-layout-flow wp-block-column-is-layout-flow\" style=\"padding-top:var(--wp--preset--spacing--40-20);padding-bottom:var(--wp--preset--spacing--40-20);flex-basis:10%\">\n<figure class=\"wp-block-image size-full is-resized\"><img loading=\"lazy\" decoding=\"async\" width=\"235\" height=\"205\" src=\"https:\/\/rexel.be\/wp-content\/uploads\/2025\/10\/ecatalogue.png\" alt=\"\" class=\"wp-image-2016\" style=\"width:80px\"\/><\/figure>\n<\/div>\n\n\n\n<div class=\"wp-block-column is-layout-flow wp-block-column-is-layout-flow\" style=\"flex-basis:90%\">\n<h6 class=\"wp-block-heading has-dark-color has-text-color has-link-color wp-elements-482ce625f426aa0de02f76e8b9f818e9\"><strong>T\u00e9l\u00e9chargez les e-catalogues<\/strong><\/h6>\n\n\n\n<p>Nos catalogues t\u00e9l\u00e9chargeables fournissent des informations produits et des prix \u00e0 utiliser dans votre suite logicielle telle que Cafca, Handsoft, Plenion ou Bouwsoft.<\/p>\n<\/div>\n<\/div>\n\n\n\n<div class=\"wp-block-columns is-layout-flex wp-container-core-columns-is-layout-e4486ce4 wp-block-columns-is-layout-flex\" style=\"padding-right:var(--wp--preset--spacing--60-40);padding-left:var(--wp--preset--spacing--60-40)\">\n<div class=\"wp-block-column is-vertically-aligned-top is-layout-flow wp-block-column-is-layout-flow\" style=\"padding-top:var(--wp--preset--spacing--40-20);padding-bottom:var(--wp--preset--spacing--40-20);flex-basis:10%\">\n<figure class=\"wp-block-image size-full is-resized\"><img loading=\"lazy\" decoding=\"async\" width=\"227\" height=\"196\" src=\"https:\/\/rexel.be\/wp-content\/uploads\/2025\/10\/punchout.png\" alt=\"\" class=\"wp-image-2019\" style=\"width:80px\"\/><\/figure>\n<\/div>\n\n\n\n<div class=\"wp-block-column is-layout-flow wp-block-column-is-layout-flow\" style=\"flex-basis:90%\">\n<h6 class=\"wp-block-heading has-dark-color has-text-color has-link-color wp-elements-85b0a39b1c7d4a58989d39d98da695c3\"><strong>Punch-Out (OCI \/ cXML)<\/strong><\/h6>\n\n\n\n<p>Pr\u00e9parez des commandes dans votre environnement Netstore et importez des paniers dans votre syst\u00e8me pour un traitement ult\u00e9rieur. Ceci vous permet d\u2019utiliser la vaste gamme de produits et de possibilit\u00e9s de Netstore sans avoir \u00e0 rentrer \u00e0 nouveau vos donn\u00e9es et en vous assurant la s\u00e9curit\u00e9 de votre proc\u00e9dure d\u2019achat. Le Punch-Out est possible via un lien direct ou une application d\u2019achat telle qu\u2019Ariba, Quadrem, Perfect commerce\u2026<\/p>\n<\/div>\n<\/div>\n<\/div>\n\n\n\n<div class=\"wp-block-group has-global-padding is-layout-constrained wp-block-group-is-layout-constrained\" style=\"margin-top:var(--wp--preset--spacing--60-40);margin-bottom:var(--wp--preset--spacing--60-40)\">\n<h5 class=\"wp-block-heading has-green-color has-text-color has-link-color wp-elements-0aa1f7db6d1124af942ded8c81247e20\" style=\"padding-right:var(--wp--preset--spacing--60-40);padding-left:var(--wp--preset--spacing--60-40)\">EDI<\/h5>\n\n\n\n<div class=\"wp-block-columns is-layout-flex wp-container-core-columns-is-layout-e4486ce4 wp-block-columns-is-layout-flex\" style=\"padding-right:var(--wp--preset--spacing--60-40);padding-left:var(--wp--preset--spacing--60-40)\">\n<div class=\"wp-block-column is-vertically-aligned-top is-layout-flow wp-block-column-is-layout-flow\" style=\"padding-top:var(--wp--preset--spacing--40-20);padding-bottom:var(--wp--preset--spacing--40-20);flex-basis:10%\">\n<figure class=\"wp-block-image size-full is-resized\"><img loading=\"lazy\" decoding=\"async\" width=\"209\" height=\"217\" src=\"https:\/\/rexel.be\/wp-content\/uploads\/2025\/10\/EDI.png\" alt=\"\" class=\"wp-image-2018\" style=\"width:80px\"\/><\/figure>\n<\/div>\n\n\n\n<div class=\"wp-block-column is-layout-flow wp-block-column-is-layout-flow\" style=\"flex-basis:90%\">\n<p>Plus besoin de papier ni de retaper vos donn\u00e9es. Soyez plus pr\u00e9cis et efficace, r\u00e9duisez les risques, diminuez la dur\u00e9e de vos transactions et r\u00e9duisez les frais. Vous b\u00e9n\u00e9ficierez de ces avantages en traitant vos achats avec Electronic Data Interchange (EDI). Les documents ci-dessous peuvent \u00eatre \u00e9chang\u00e9s comme messages EDI:<\/p>\n\n\n\n<ul class=\"wp-block-list\">\n<li>Commandes<\/li>\n\n\n\n<li>Confirmations de commande<\/li>\n\n\n\n<li>Notes d\u2019envoi<\/li>\n\n\n\n<li>Factures<\/li>\n<\/ul>\n<\/div>\n<\/div>\n\n\n\n<div class=\"wp-block-columns is-layout-flex wp-container-core-columns-is-layout-e4486ce4 wp-block-columns-is-layout-flex\" style=\"padding-right:var(--wp--preset--spacing--60-40);padding-left:var(--wp--preset--spacing--60-40)\">\n<div class=\"wp-block-column is-vertically-aligned-top is-layout-flow wp-block-column-is-layout-flow\" style=\"padding-top:var(--wp--preset--spacing--40-20);padding-bottom:var(--wp--preset--spacing--40-20);flex-basis:10%\">\n<figure class=\"wp-block-image size-full is-resized\"><img loading=\"lazy\" decoding=\"async\" width=\"302\" height=\"302\" src=\"https:\/\/rexel.be\/wp-content\/uploads\/2025\/10\/edi-connection.png\" alt=\"\" class=\"wp-image-2017\" style=\"width:80px\" srcset=\"https:\/\/rexel.be\/wp-content\/uploads\/2025\/10\/edi-connection.png 302w, https:\/\/rexel.be\/wp-content\/uploads\/2025\/10\/edi-connection-300x300.png 300w, https:\/\/rexel.be\/wp-content\/uploads\/2025\/10\/edi-connection-150x150.png 150w\" sizes=\"auto, (max-width: 302px) 100vw, 302px\" \/><\/figure>\n<\/div>\n\n\n\n<div class=\"wp-block-column is-layout-flow wp-block-column-is-layout-flow\" style=\"flex-basis:90%\">\n<h6 class=\"wp-block-heading has-dark-color has-text-color has-link-color wp-elements-4fdf20ac55ca43db9dc99a1e670a135b\"><strong>Connexion EDI<\/strong><\/h6>\n\n\n\n<p>L\u2019EDI connecte votre syst\u00e8me d\u2019information \u00e0 celui de Rexel de fa\u00e7on directe ou via une application d\u2019achat externe. Ceci nous permet de traiter automatiquement les documents \u00e9chang\u00e9s. Tous les syst\u00e8mes, formats, et connections sont possibles.<\/p>\n<\/div>\n<\/div>\n<\/div>\n\n\n\n<div class=\"wp-block-group has-global-padding is-layout-constrained wp-block-group-is-layout-constrained\" style=\"margin-top:var(--wp--preset--spacing--60-40);margin-bottom:var(--wp--preset--spacing--60-40)\">\n<h5 class=\"wp-block-heading has-green-color has-text-color has-link-color wp-elements-69b3c914821295a598c1c4fbbdd9e156\" style=\"padding-right:var(--wp--preset--spacing--60-40);padding-left:var(--wp--preset--spacing--60-40)\">SERVICES WEB<\/h5>\n\n\n\n<div class=\"wp-block-columns is-layout-flex wp-container-core-columns-is-layout-e4486ce4 wp-block-columns-is-layout-flex\" style=\"padding-right:var(--wp--preset--spacing--60-40);padding-left:var(--wp--preset--spacing--60-40)\">\n<div class=\"wp-block-column is-layout-flow wp-block-column-is-layout-flow\" style=\"padding-top:0;padding-bottom:0;flex-basis:10%\">\n<figure class=\"wp-block-image size-full is-resized\"><img loading=\"lazy\" decoding=\"async\" width=\"231\" height=\"231\" src=\"https:\/\/rexel.be\/wp-content\/uploads\/2025\/10\/webservices.png\" alt=\"\" class=\"wp-image-2021\" style=\"width:80px\" srcset=\"https:\/\/rexel.be\/wp-content\/uploads\/2025\/10\/webservices.png 231w, https:\/\/rexel.be\/wp-content\/uploads\/2025\/10\/webservices-150x150.png 150w\" sizes=\"auto, (max-width: 231px) 100vw, 231px\" \/><\/figure>\n<\/div>\n\n\n\n<div class=\"wp-block-column is-layout-flow wp-block-column-is-layout-flow\" style=\"flex-basis:90%\">\n<p>Gagnez du temps et gardez le contr\u00f4le total de votre proc\u00e9dure d\u2019achat. En utilisant nos services Web, vous pouvez int\u00e9grer la totalit\u00e9 ou une partie de la base de donn\u00e9es produits Rexel dans votre syst\u00e8me. Les services Web permettent \u00e0 votre syst\u00e8me et au n\u00f4tre de parler la m\u00eame langue. Ils vous fournissent un lien direct pour importer des paniers et mettre \u00e0 jour votre base de donn\u00e9es avec des informations produits, des prix\u2026<\/p>\n<\/div>\n<\/div>\n<\/div>\n","protected":false},"excerpt":{"rendered":"<p>Int\u00e9gration System to system: vos besoins connect\u00e9s \u00e0 nos solutions Votre proc\u00e9dure d\u2019achats au meilleur co\u00fbt, est-ce possible?Avec nos solutions d\u2019eProcurement, vous pouvez commander, suivre et g\u00e9rer nos syst\u00e8mes sans quitter les v\u00f4tres.D\u2019un fichier prix t\u00e9l\u00e9chargeable \u00e0 l\u2019\u00c9change de Donn\u00e9es Informatis\u00e9 (EDI), vous choisissez le niveau de connexion avec nos syst\u00e8mes le mieux adapt\u00e9 aux [&hellip;]<\/p>\n","protected":false},"author":3,"featured_media":0,"parent":965,"menu_order":0,"comment_status":"closed","ping_status":"closed","template":"","meta":{"_acf_changed":false,"inline_featured_image":false,"footnotes":"","_links_to":"","_links_to_target":""},"class_list":["post-2014","page","type-page","status-publish","hentry"],"acf":[],"yoast_head":"<!-- This site is optimized with the Yoast SEO plugin v27.4 - https:\/\/yoast.com\/product\/yoast-seo-wordpress\/ -->\n<title>E-procurement - Rexel Belgium<\/title>\n<meta name=\"description\" content=\"Avec nos solutions d\u2019eProcurement, vous pouvez commander, suivre et g\u00e9rer nos syst\u00e8mes sans quitter les v\u00f4tres.\" \/>\n<meta name=\"robots\" content=\"index, follow, max-snippet:-1, max-image-preview:large, max-video-preview:-1\" \/>\n<link rel=\"canonical\" href=\"https:\/\/rexel.be\/fr\/e-commerce\/e-procurement\/\" \/>\n<meta property=\"og:locale\" content=\"fr_FR\" \/>\n<meta property=\"og:type\" content=\"article\" \/>\n<meta property=\"og:title\" content=\"E-procurement - Rexel Belgium\" \/>\n<meta property=\"og:description\" content=\"Avec nos solutions d\u2019eProcurement, vous pouvez commander, suivre et g\u00e9rer nos syst\u00e8mes sans quitter les v\u00f4tres.\" \/>\n<meta property=\"og:url\" content=\"https:\/\/rexel.be\/fr\/e-commerce\/e-procurement\/\" \/>\n<meta property=\"og:site_name\" content=\"Rexel\" \/>\n<meta property=\"article:modified_time\" content=\"2026-02-02T11:34:09+00:00\" \/>\n<meta property=\"og:image\" content=\"https:\/\/rexel.be\/wp-content\/uploads\/2025\/10\/system-to-system-integration.png\" \/>\n\t<meta property=\"og:image:width\" content=\"238\" \/>\n\t<meta property=\"og:image:height\" content=\"237\" \/>\n\t<meta property=\"og:image:type\" content=\"image\/png\" \/>\n<meta name=\"twitter:card\" content=\"summary_large_image\" \/>\n<meta name=\"twitter:label1\" content=\"Dur\u00e9e de lecture estim\u00e9e\" \/>\n\t<meta name=\"twitter:data1\" content=\"3 minutes\" \/>\n<script type=\"application\/ld+json\" class=\"yoast-schema-graph\">{\"@context\":\"https:\\\/\\\/schema.org\",\"@graph\":[{\"@type\":\"WebPage\",\"@id\":\"https:\\\/\\\/rexel.be\\\/fr\\\/e-commerce\\\/e-procurement\\\/\",\"url\":\"https:\\\/\\\/rexel.be\\\/fr\\\/e-commerce\\\/e-procurement\\\/\",\"name\":\"E-procurement - Rexel Belgium\",\"isPartOf\":{\"@id\":\"https:\\\/\\\/rexel.be\\\/fr\\\/#website\"},\"primaryImageOfPage\":{\"@id\":\"https:\\\/\\\/rexel.be\\\/fr\\\/e-commerce\\\/e-procurement\\\/#primaryimage\"},\"image\":{\"@id\":\"https:\\\/\\\/rexel.be\\\/fr\\\/e-commerce\\\/e-procurement\\\/#primaryimage\"},\"thumbnailUrl\":\"https:\\\/\\\/rexel.be\\\/wp-content\\\/uploads\\\/2025\\\/10\\\/system-to-system-integration.png\",\"datePublished\":\"2025-10-21T11:51:20+00:00\",\"dateModified\":\"2026-02-02T11:34:09+00:00\",\"description\":\"Avec nos solutions d\u2019eProcurement, vous pouvez commander, suivre et g\u00e9rer nos syst\u00e8mes sans quitter les v\u00f4tres.\",\"breadcrumb\":{\"@id\":\"https:\\\/\\\/rexel.be\\\/fr\\\/e-commerce\\\/e-procurement\\\/#breadcrumb\"},\"inLanguage\":\"fr-FR\",\"potentialAction\":[{\"@type\":\"ReadAction\",\"target\":[\"https:\\\/\\\/rexel.be\\\/fr\\\/e-commerce\\\/e-procurement\\\/\"]}]},{\"@type\":\"ImageObject\",\"inLanguage\":\"fr-FR\",\"@id\":\"https:\\\/\\\/rexel.be\\\/fr\\\/e-commerce\\\/e-procurement\\\/#primaryimage\",\"url\":\"https:\\\/\\\/rexel.be\\\/wp-content\\\/uploads\\\/2025\\\/10\\\/system-to-system-integration.png\",\"contentUrl\":\"https:\\\/\\\/rexel.be\\\/wp-content\\\/uploads\\\/2025\\\/10\\\/system-to-system-integration.png\"},{\"@type\":\"BreadcrumbList\",\"@id\":\"https:\\\/\\\/rexel.be\\\/fr\\\/e-commerce\\\/e-procurement\\\/#breadcrumb\",\"itemListElement\":[{\"@type\":\"ListItem\",\"position\":1,\"name\":\"Home\",\"item\":\"https:\\\/\\\/rexel.be\\\/fr\\\/\"},{\"@type\":\"ListItem\",\"position\":2,\"name\":\"E-Commerce\",\"item\":\"https:\\\/\\\/rexel.be\\\/fr\\\/e-commerce\\\/\"},{\"@type\":\"ListItem\",\"position\":3,\"name\":\"E-procurement\"}]},{\"@type\":\"WebSite\",\"@id\":\"https:\\\/\\\/rexel.be\\\/fr\\\/#website\",\"url\":\"https:\\\/\\\/rexel.be\\\/fr\\\/\",\"name\":\"Rexel\",\"description\":\"\",\"potentialAction\":[{\"@type\":\"SearchAction\",\"target\":{\"@type\":\"EntryPoint\",\"urlTemplate\":\"https:\\\/\\\/rexel.be\\\/fr\\\/?s={search_term_string}\"},\"query-input\":{\"@type\":\"PropertyValueSpecification\",\"valueRequired\":true,\"valueName\":\"search_term_string\"}}],\"inLanguage\":\"fr-FR\"}]}<\/script>\n<!-- \/ Yoast SEO plugin. -->","yoast_head_json":{"title":"E-procurement - Rexel Belgium","description":"Avec nos solutions d\u2019eProcurement, vous pouvez commander, suivre et g\u00e9rer nos syst\u00e8mes sans quitter les v\u00f4tres.","robots":{"index":"index","follow":"follow","max-snippet":"max-snippet:-1","max-image-preview":"max-image-preview:large","max-video-preview":"max-video-preview:-1"},"canonical":"https:\/\/rexel.be\/fr\/e-commerce\/e-procurement\/","og_locale":"fr_FR","og_type":"article","og_title":"E-procurement - Rexel Belgium","og_description":"Avec nos solutions d\u2019eProcurement, vous pouvez commander, suivre et g\u00e9rer nos syst\u00e8mes sans quitter les v\u00f4tres.","og_url":"https:\/\/rexel.be\/fr\/e-commerce\/e-procurement\/","og_site_name":"Rexel","article_modified_time":"2026-02-02T11:34:09+00:00","og_image":[{"width":238,"height":237,"url":"https:\/\/rexel.be\/wp-content\/uploads\/2025\/10\/system-to-system-integration.png","type":"image\/png"}],"twitter_card":"summary_large_image","twitter_misc":{"Dur\u00e9e de lecture estim\u00e9e":"3 minutes"},"schema":{"@context":"https:\/\/schema.org","@graph":[{"@type":"WebPage","@id":"https:\/\/rexel.be\/fr\/e-commerce\/e-procurement\/","url":"https:\/\/rexel.be\/fr\/e-commerce\/e-procurement\/","name":"E-procurement - Rexel Belgium","isPartOf":{"@id":"https:\/\/rexel.be\/fr\/#website"},"primaryImageOfPage":{"@id":"https:\/\/rexel.be\/fr\/e-commerce\/e-procurement\/#primaryimage"},"image":{"@id":"https:\/\/rexel.be\/fr\/e-commerce\/e-procurement\/#primaryimage"},"thumbnailUrl":"https:\/\/rexel.be\/wp-content\/uploads\/2025\/10\/system-to-system-integration.png","datePublished":"2025-10-21T11:51:20+00:00","dateModified":"2026-02-02T11:34:09+00:00","description":"Avec nos solutions d\u2019eProcurement, vous pouvez commander, suivre et g\u00e9rer nos syst\u00e8mes sans quitter les v\u00f4tres.","breadcrumb":{"@id":"https:\/\/rexel.be\/fr\/e-commerce\/e-procurement\/#breadcrumb"},"inLanguage":"fr-FR","potentialAction":[{"@type":"ReadAction","target":["https:\/\/rexel.be\/fr\/e-commerce\/e-procurement\/"]}]},{"@type":"ImageObject","inLanguage":"fr-FR","@id":"https:\/\/rexel.be\/fr\/e-commerce\/e-procurement\/#primaryimage","url":"https:\/\/rexel.be\/wp-content\/uploads\/2025\/10\/system-to-system-integration.png","contentUrl":"https:\/\/rexel.be\/wp-content\/uploads\/2025\/10\/system-to-system-integration.png"},{"@type":"BreadcrumbList","@id":"https:\/\/rexel.be\/fr\/e-commerce\/e-procurement\/#breadcrumb","itemListElement":[{"@type":"ListItem","position":1,"name":"Home","item":"https:\/\/rexel.be\/fr\/"},{"@type":"ListItem","position":2,"name":"E-Commerce","item":"https:\/\/rexel.be\/fr\/e-commerce\/"},{"@type":"ListItem","position":3,"name":"E-procurement"}]},{"@type":"WebSite","@id":"https:\/\/rexel.be\/fr\/#website","url":"https:\/\/rexel.be\/fr\/","name":"Rexel","description":"","potentialAction":[{"@type":"SearchAction","target":{"@type":"EntryPoint","urlTemplate":"https:\/\/rexel.be\/fr\/?s={search_term_string}"},"query-input":{"@type":"PropertyValueSpecification","valueRequired":true,"valueName":"search_term_string"}}],"inLanguage":"fr-FR"}]}},"_links":{"self":[{"href":"https:\/\/rexel.be\/fr\/wp-json\/wp\/v2\/pages\/2014","targetHints":{"allow":["GET"]}}],"collection":[{"href":"https:\/\/rexel.be\/fr\/wp-json\/wp\/v2\/pages"}],"about":[{"href":"https:\/\/rexel.be\/fr\/wp-json\/wp\/v2\/types\/page"}],"author":[{"embeddable":true,"href":"https:\/\/rexel.be\/fr\/wp-json\/wp\/v2\/users\/3"}],"replies":[{"embeddable":true,"href":"https:\/\/rexel.be\/fr\/wp-json\/wp\/v2\/comments?post=2014"}],"version-history":[{"count":3,"href":"https:\/\/rexel.be\/fr\/wp-json\/wp\/v2\/pages\/2014\/revisions"}],"predecessor-version":[{"id":5441,"href":"https:\/\/rexel.be\/fr\/wp-json\/wp\/v2\/pages\/2014\/revisions\/5441"}],"up":[{"embeddable":true,"href":"https:\/\/rexel.be\/fr\/wp-json\/wp\/v2\/pages\/965"}],"wp:attachment":[{"href":"https:\/\/rexel.be\/fr\/wp-json\/wp\/v2\/media?parent=2014"}],"curies":[{"name":"wp","href":"https:\/\/api.w.org\/{rel}","templated":true}]}}