{"id":1975,"date":"2025-10-20T17:24:15","date_gmt":"2025-10-20T15:24:15","guid":{"rendered":"https:\/\/rexel.be\/?page_id=1975"},"modified":"2026-03-31T09:36:50","modified_gmt":"2026-03-31T07:36:50","slug":"notre-structure","status":"publish","type":"page","link":"https:\/\/rexel.be\/fr\/a-propos-de-rexel\/notre-structure\/","title":{"rendered":"Notre structure"},"content":{"rendered":"\n<div class=\"wp-block-cover alignfull has-custom-content-position is-position-bottom-left has-white-color has-text-color has-link-color wp-elements-f5e023df583d17fc72f44bd6f6aae3a8\" style=\"border-bottom-left-radius:80px;border-bottom-right-radius:80px;padding-bottom:var(--wp--preset--spacing--120-60);min-height:560px;aspect-ratio:unset;\"><img loading=\"lazy\" decoding=\"async\" width=\"1600\" height=\"1154\" class=\"wp-block-cover__image-background wp-image-1976 size-full\" alt=\"\" src=\"https:\/\/rexel.be\/wp-content\/uploads\/2025\/10\/Rexel-HQ.jpeg\" data-object-fit=\"cover\" srcset=\"https:\/\/rexel.be\/wp-content\/uploads\/2025\/10\/Rexel-HQ.jpeg 1600w, https:\/\/rexel.be\/wp-content\/uploads\/2025\/10\/Rexel-HQ-300x216.jpeg 300w, https:\/\/rexel.be\/wp-content\/uploads\/2025\/10\/Rexel-HQ-1024x739.jpeg 1024w, https:\/\/rexel.be\/wp-content\/uploads\/2025\/10\/Rexel-HQ-768x554.jpeg 768w, https:\/\/rexel.be\/wp-content\/uploads\/2025\/10\/Rexel-HQ-1536x1108.jpeg 1536w\" sizes=\"auto, (max-width: 1600px) 100vw, 1600px\" \/><span aria-hidden=\"true\" class=\"wp-block-cover__background has-black-background-color has-background-dim-30 has-background-dim\"><\/span><div class=\"wp-block-cover__inner-container has-global-padding is-layout-constrained wp-container-core-cover-is-layout-2b988179 wp-block-cover-is-layout-constrained\"><h1 class=\"has-link-color wp-elements-88f0857fdc8bad98dfdc5c16977574b2 wp-block-post-title has-text-color has-white-color\">Notre structure<\/h1>\n\n<div class=\"yoast-breadcrumbs\"><span><span><a href=\"https:\/\/rexel.be\/fr\/\">Home<\/a><\/span> <span class=\"sep\"><\/span> <span><a href=\"https:\/\/rexel.be\/fr\/a-propos-de-rexel\/\">A propos de Rexel<\/a><\/span> <span class=\"sep\"><\/span> <span class=\"breadcrumb_last\" aria-current=\"page\">Notre structure<\/span><\/span><\/div><\/div><\/div>\n\n\n\n<h3 class=\"wp-block-heading\" style=\"margin-top:var(--wp--preset--spacing--60-40)\">100% au service du client<\/h3>\n\n\n\n<h4 class=\"wp-block-heading\"><strong>La direction<\/strong><\/h4>\n\n\n\n<p>Tous les d\u00e9partements de Rexel sont g\u00e9r\u00e9s quotidiennement par l\u2019\u00e9quipe de direction.<\/p>\n\n\n\n<div class=\"wp-block-columns is-layout-flex wp-container-core-columns-is-layout-7a751c1d wp-block-columns-is-layout-flex\">\n<div class=\"wp-block-column is-layout-flow wp-block-column-is-layout-flow\">\n<figure class=\"wp-block-image size-full has-custom-border\"><img loading=\"lazy\" decoding=\"async\" width=\"768\" height=\"964\" src=\"https:\/\/rexel.be\/wp-content\/uploads\/2026\/01\/Pierre.png\" alt=\"\" class=\"wp-image-4270\" style=\"border-top-left-radius:20px;border-top-right-radius:20px;border-bottom-left-radius:20px;border-bottom-right-radius:20px\" srcset=\"https:\/\/rexel.be\/wp-content\/uploads\/2026\/01\/Pierre.png 768w, https:\/\/rexel.be\/wp-content\/uploads\/2026\/01\/Pierre-239x300.png 239w\" sizes=\"auto, (max-width: 768px) 100vw, 768px\" \/><\/figure>\n\n\n\n<p class=\"has-text-align-center\"><strong>Pierre<br>Debatty<\/strong><\/p>\n\n\n\n<p class=\"has-text-align-center\">CEO<\/p>\n<\/div>\n\n\n\n<div class=\"wp-block-column is-layout-flow wp-block-column-is-layout-flow\">\n<figure class=\"wp-block-image size-full has-custom-border\"><img loading=\"lazy\" decoding=\"async\" width=\"768\" height=\"964\" src=\"https:\/\/rexel.be\/wp-content\/uploads\/2026\/01\/Gaelle.png\" alt=\"\" class=\"wp-image-4268\" style=\"border-top-left-radius:20px;border-top-right-radius:20px;border-bottom-left-radius:20px;border-bottom-right-radius:20px\" srcset=\"https:\/\/rexel.be\/wp-content\/uploads\/2026\/01\/Gaelle.png 768w, https:\/\/rexel.be\/wp-content\/uploads\/2026\/01\/Gaelle-239x300.png 239w\" sizes=\"auto, (max-width: 768px) 100vw, 768px\" \/><\/figure>\n\n\n\n<p class=\"has-text-align-center\"><strong>Ga\u00eblle<\/strong><br><strong>Montembault<\/strong><\/p>\n\n\n\n<p class=\"has-text-align-center\">CFO<\/p>\n<\/div>\n\n\n\n<div class=\"wp-block-column is-layout-flow wp-block-column-is-layout-flow\">\n<figure class=\"wp-block-image size-full has-custom-border\"><img loading=\"lazy\" decoding=\"async\" width=\"768\" height=\"964\" src=\"https:\/\/rexel.be\/wp-content\/uploads\/2026\/01\/Serge.png\" alt=\"\" class=\"wp-image-4272\" style=\"border-top-left-radius:20px;border-top-right-radius:20px;border-bottom-left-radius:20px;border-bottom-right-radius:20px\" srcset=\"https:\/\/rexel.be\/wp-content\/uploads\/2026\/01\/Serge.png 768w, https:\/\/rexel.be\/wp-content\/uploads\/2026\/01\/Serge-239x300.png 239w\" sizes=\"auto, (max-width: 768px) 100vw, 768px\" \/><\/figure>\n\n\n\n<p class=\"has-text-align-center\"><strong>Serge<br>de Staercke<\/strong><\/p>\n\n\n\n<p class=\"has-text-align-center\">Sales Director<\/p>\n<\/div>\n\n\n\n<div class=\"wp-block-column is-layout-flow wp-block-column-is-layout-flow\">\n<figure class=\"wp-block-image size-full has-custom-border\"><img loading=\"lazy\" decoding=\"async\" width=\"768\" height=\"964\" src=\"https:\/\/rexel.be\/wp-content\/uploads\/2026\/01\/Jean-Francois.png\" alt=\"\" class=\"wp-image-4276\" style=\"border-top-left-radius:20px;border-top-right-radius:20px;border-bottom-left-radius:20px;border-bottom-right-radius:20px\" srcset=\"https:\/\/rexel.be\/wp-content\/uploads\/2026\/01\/Jean-Francois.png 768w, https:\/\/rexel.be\/wp-content\/uploads\/2026\/01\/Jean-Francois-239x300.png 239w\" sizes=\"auto, (max-width: 768px) 100vw, 768px\" \/><\/figure>\n\n\n\n<p class=\"has-text-align-center\"><strong>Jean-Fran\u00e7ois<br>Verbaeys<\/strong><\/p>\n\n\n\n<p class=\"has-text-align-center\">E-commerce \/ Digital Director<\/p>\n<\/div>\n<\/div>\n\n\n\n<div class=\"wp-block-columns is-layout-flex wp-container-core-columns-is-layout-7a751c1d wp-block-columns-is-layout-flex\">\n<div class=\"wp-block-column is-layout-flow wp-block-column-is-layout-flow\">\n<figure class=\"wp-block-image size-full has-custom-border\"><img loading=\"lazy\" decoding=\"async\" width=\"768\" height=\"964\" src=\"https:\/\/rexel.be\/wp-content\/uploads\/2026\/01\/Thierry.png\" alt=\"\" class=\"wp-image-4271\" style=\"border-top-left-radius:20px;border-top-right-radius:20px;border-bottom-left-radius:20px;border-bottom-right-radius:20px\" srcset=\"https:\/\/rexel.be\/wp-content\/uploads\/2026\/01\/Thierry.png 768w, https:\/\/rexel.be\/wp-content\/uploads\/2026\/01\/Thierry-239x300.png 239w\" sizes=\"auto, (max-width: 768px) 100vw, 768px\" \/><\/figure>\n\n\n\n<p class=\"has-text-align-center\"><strong>Thierry<br>Petitpas<\/strong><\/p>\n\n\n\n<p class=\"has-text-align-center\">Category Management &amp; Supply Chain Director<\/p>\n<\/div>\n\n\n\n<div class=\"wp-block-column is-layout-flow wp-block-column-is-layout-flow\">\n<figure class=\"wp-block-image size-full has-custom-border\"><img loading=\"lazy\" decoding=\"async\" width=\"768\" height=\"964\" src=\"https:\/\/rexel.be\/wp-content\/uploads\/2026\/01\/Joachim.png\" alt=\"\" class=\"wp-image-4275\" style=\"border-top-left-radius:20px;border-top-right-radius:20px;border-bottom-left-radius:20px;border-bottom-right-radius:20px\" srcset=\"https:\/\/rexel.be\/wp-content\/uploads\/2026\/01\/Joachim.png 768w, https:\/\/rexel.be\/wp-content\/uploads\/2026\/01\/Joachim-239x300.png 239w\" sizes=\"auto, (max-width: 768px) 100vw, 768px\" \/><\/figure>\n\n\n\n<p class=\"has-text-align-center\"><strong>Joachim<br>Vandermeersch<\/strong><\/p>\n\n\n\n<p class=\"has-text-align-center\">COO<\/p>\n<\/div>\n\n\n\n<div class=\"wp-block-column is-layout-flow wp-block-column-is-layout-flow\">\n<figure class=\"wp-block-image size-full has-custom-border\"><img loading=\"lazy\" decoding=\"async\" width=\"768\" height=\"964\" src=\"https:\/\/rexel.be\/wp-content\/uploads\/2026\/01\/Dries.png\" alt=\"\" class=\"wp-image-4274\" style=\"border-top-left-radius:20px;border-top-right-radius:20px;border-bottom-left-radius:20px;border-bottom-right-radius:20px\" srcset=\"https:\/\/rexel.be\/wp-content\/uploads\/2026\/01\/Dries.png 768w, https:\/\/rexel.be\/wp-content\/uploads\/2026\/01\/Dries-239x300.png 239w\" sizes=\"auto, (max-width: 768px) 100vw, 768px\" \/><\/figure>\n\n\n\n<p class=\"has-text-align-center\"><strong>Dries<br>Vertommen<\/strong><\/p>\n\n\n\n<p class=\"has-text-align-center\">HR Director<\/p>\n<\/div>\n\n\n\n<div class=\"wp-block-column is-layout-flow wp-block-column-is-layout-flow\"><\/div>\n<\/div>\n\n\n\n<hr class=\"wp-block-separator has-alpha-channel-opacity is-style-default\" style=\"margin-top:var(--wp--preset--spacing--60-40);margin-bottom:var(--wp--preset--spacing--60-40)\"\/>\n\n\n\n<div class=\"wp-block-columns is-layout-flex wp-container-core-columns-is-layout-d0cdbcbb wp-block-columns-is-layout-flex\" style=\"border-radius:0px;border-right-style:none;border-right-width:0px;border-bottom-style:none;border-bottom-width:0px;border-left-style:none;border-left-width:0px;margin-top:var(--wp--preset--spacing--60-40);margin-bottom:var(--wp--preset--spacing--60-40);padding-right:var(--wp--preset--spacing--160-60);padding-left:var(--wp--preset--spacing--160-60)\">\n<div class=\"wp-block-column has-global-padding is-layout-constrained wp-block-column-is-layout-constrained\">\n<figure class=\"wp-block-image size-full has-custom-border\"><img loading=\"lazy\" decoding=\"async\" width=\"768\" height=\"964\" src=\"https:\/\/rexel.be\/wp-content\/uploads\/2026\/02\/Charles-Antoine.jpg\" alt=\"\" class=\"wp-image-5658\" style=\"border-top-left-radius:20px;border-top-right-radius:20px;border-bottom-left-radius:20px;border-bottom-right-radius:20px\" srcset=\"https:\/\/rexel.be\/wp-content\/uploads\/2026\/02\/Charles-Antoine.jpg 768w, https:\/\/rexel.be\/wp-content\/uploads\/2026\/02\/Charles-Antoine-239x300.jpg 239w\" sizes=\"auto, (max-width: 768px) 100vw, 768px\" \/><\/figure>\n\n\n\n<p class=\"has-text-align-center\"><strong>Charles-Antoine<br>Benoit<\/strong><\/p>\n\n\n\n<p class=\"has-text-align-center\">Strategy &amp; Marketing Director<\/p>\n<\/div>\n\n\n\n<div class=\"wp-block-column has-global-padding is-layout-constrained wp-block-column-is-layout-constrained\">\n<figure class=\"wp-block-image size-full has-custom-border\"><img loading=\"lazy\" decoding=\"async\" width=\"768\" height=\"964\" src=\"https:\/\/rexel.be\/wp-content\/uploads\/2026\/02\/Nour.jpg\" alt=\"\" class=\"wp-image-5688\" style=\"border-top-left-radius:20px;border-top-right-radius:20px;border-bottom-left-radius:20px;border-bottom-right-radius:20px\" srcset=\"https:\/\/rexel.be\/wp-content\/uploads\/2026\/02\/Nour.jpg 768w, https:\/\/rexel.be\/wp-content\/uploads\/2026\/02\/Nour-239x300.jpg 239w\" sizes=\"auto, (max-width: 768px) 100vw, 768px\" \/><\/figure>\n\n\n\n<p class=\"has-text-align-center\"><strong>Nour<\/strong><br><strong>Mejri<\/strong><\/p>\n\n\n\n<p class=\"has-text-align-center\">Area Manager &amp; Director of Transformation<\/p>\n<\/div>\n\n\n\n<div class=\"wp-block-column has-global-padding is-layout-constrained wp-container-core-column-is-layout-7db9d80f wp-block-column-is-layout-constrained\" style=\"padding-right:0;padding-left:0\">\n<figure class=\"wp-block-image size-full has-custom-border\"><img loading=\"lazy\" decoding=\"async\" width=\"768\" height=\"964\" src=\"https:\/\/rexel.be\/wp-content\/uploads\/2026\/01\/Filip.png\" alt=\"\" class=\"wp-image-4279\" style=\"border-top-left-radius:20px;border-top-right-radius:20px;border-bottom-left-radius:20px;border-bottom-right-radius:20px\" srcset=\"https:\/\/rexel.be\/wp-content\/uploads\/2026\/01\/Filip.png 768w, https:\/\/rexel.be\/wp-content\/uploads\/2026\/01\/Filip-239x300.png 239w\" sizes=\"auto, (max-width: 768px) 100vw, 768px\" \/><\/figure>\n\n\n\n<p class=\"has-text-align-center\"><strong>Filip<br>Van Hauwermeiren<\/strong><\/p>\n\n\n\n<p class=\"has-text-align-center\">Sales Network Development Manager<\/p>\n<\/div>\n<\/div>\n\n\n\n<div class=\"wp-block-group is-layout-flow wp-block-group-is-layout-flow\" style=\"padding-top:var(--wp--preset--spacing--60-40);padding-bottom:var(--wp--preset--spacing--60-40)\">\n<div class=\"wp-block-media-text has-media-on-the-right is-stacked-on-mobile is-vertically-aligned-center\"><div class=\"wp-block-media-text__content\">\n<h4 class=\"wp-block-heading\">La vente<\/h4>\n\n\n\n<p>Notre structure commerciale est divis\u00e9e en sept zones :<\/p>\n\n\n\n<ul class=\"wp-block-list\">\n<li>Flandre orientale<\/li>\n\n\n\n<li>Flandre occidentale<\/li>\n\n\n\n<li>Anvers<\/li>\n\n\n\n<li>Limbourg<\/li>\n\n\n\n<li>Bruxelles &#8211; Brabant<\/li>\n\n\n\n<li>Hainaut<\/li>\n\n\n\n<li>Namur \u2013 Li\u00e8ge \u2013 Luxembourg<\/li>\n<\/ul>\n\n\n\n<p>Chaque zone est dirig\u00e9e par un area sales manager et des pole managers, regroupant diff\u00e9rentes agences dans lesquelles les directeurs d\u2019agences et les collaborateurs internes\/externes accompagnent au quotidien les clients en personne, par t\u00e9l\u00e9phone et num\u00e9riquement.<\/p>\n<\/div><figure class=\"wp-block-media-text__media\"><img loading=\"lazy\" decoding=\"async\" width=\"1024\" height=\"684\" src=\"https:\/\/rexel.be\/wp-content\/uploads\/2025\/10\/RXL006219-web-2048x1367-1-1024x684.jpg\" alt=\"\" class=\"wp-image-1985 size-full\" srcset=\"https:\/\/rexel.be\/wp-content\/uploads\/2025\/10\/RXL006219-web-2048x1367-1-1024x684.jpg 1024w, https:\/\/rexel.be\/wp-content\/uploads\/2025\/10\/RXL006219-web-2048x1367-1-300x200.jpg 300w, https:\/\/rexel.be\/wp-content\/uploads\/2025\/10\/RXL006219-web-2048x1367-1-768x513.jpg 768w, https:\/\/rexel.be\/wp-content\/uploads\/2025\/10\/RXL006219-web-2048x1367-1-1536x1025.jpg 1536w, https:\/\/rexel.be\/wp-content\/uploads\/2025\/10\/RXL006219-web-2048x1367-1.jpg 2048w\" sizes=\"auto, (max-width: 1024px) 100vw, 1024px\" \/><\/figure><\/div>\n<\/div>\n\n\n\n<div class=\"wp-block-group has-global-padding is-layout-constrained wp-block-group-is-layout-constrained\" style=\"padding-top:var(--wp--preset--spacing--60-40);padding-bottom:var(--wp--preset--spacing--60-40)\">\n<div class=\"wp-block-media-text is-stacked-on-mobile is-vertically-aligned-center\"><figure class=\"wp-block-media-text__media\"><img loading=\"lazy\" decoding=\"async\" width=\"1024\" height=\"684\" src=\"https:\/\/rexel.be\/wp-content\/uploads\/2025\/10\/RXL006283-web-2048x1367-1-1024x684.jpg\" alt=\"\" class=\"wp-image-1986 size-full\" srcset=\"https:\/\/rexel.be\/wp-content\/uploads\/2025\/10\/RXL006283-web-2048x1367-1-1024x684.jpg 1024w, https:\/\/rexel.be\/wp-content\/uploads\/2025\/10\/RXL006283-web-2048x1367-1-300x200.jpg 300w, https:\/\/rexel.be\/wp-content\/uploads\/2025\/10\/RXL006283-web-2048x1367-1-768x513.jpg 768w, https:\/\/rexel.be\/wp-content\/uploads\/2025\/10\/RXL006283-web-2048x1367-1-1536x1025.jpg 1536w, https:\/\/rexel.be\/wp-content\/uploads\/2025\/10\/RXL006283-web-2048x1367-1.jpg 2048w\" sizes=\"auto, (max-width: 1024px) 100vw, 1024px\" \/><\/figure><div class=\"wp-block-media-text__content\">\n<h4 class=\"wp-block-heading\">La <strong>logistique<\/strong><\/h4>\n\n\n\n<p>Depuis le centre logistique de Marquain, nos employ\u00e9s s\u2019att\u00e8lent \u00e0 recevoir les marchandises, les emballer et les livrer \u00e0 temps au client.<\/p>\n<\/div><\/div>\n<\/div>\n\n\n\n<div class=\"wp-block-group has-global-padding is-layout-constrained wp-block-group-is-layout-constrained\" style=\"padding-top:var(--wp--preset--spacing--60-40);padding-bottom:var(--wp--preset--spacing--60-40)\">\n<div class=\"wp-block-media-text has-media-on-the-right is-stacked-on-mobile is-vertically-aligned-center\"><div class=\"wp-block-media-text__content\">\n<h4 class=\"wp-block-heading\">Le back-office<\/h4>\n\n\n\n<p>En coulisse, notre back-office aide les services commerciaux afin d\u2019encore mieux soutenir le client.<\/p>\n\n\n\n<ul class=\"wp-block-list\">\n<li>Finances<\/li>\n\n\n\n<li>Ressources humaines<\/li>\n\n\n\n<li>Database<\/li>\n\n\n\n<li>Achats<\/li>\n\n\n\n<li>Marketing<\/li>\n\n\n\n<li>E-commerce<\/li>\n\n\n\n<li>IT<\/li>\n<\/ul>\n<\/div><figure class=\"wp-block-media-text__media\"><img loading=\"lazy\" decoding=\"async\" width=\"1024\" height=\"682\" src=\"https:\/\/rexel.be\/wp-content\/uploads\/2025\/10\/RXL006641-web-2048x1363-1-1024x682.jpg\" alt=\"\" class=\"wp-image-1987 size-full\" srcset=\"https:\/\/rexel.be\/wp-content\/uploads\/2025\/10\/RXL006641-web-2048x1363-1-1024x682.jpg 1024w, https:\/\/rexel.be\/wp-content\/uploads\/2025\/10\/RXL006641-web-2048x1363-1-300x200.jpg 300w, https:\/\/rexel.be\/wp-content\/uploads\/2025\/10\/RXL006641-web-2048x1363-1-768x511.jpg 768w, https:\/\/rexel.be\/wp-content\/uploads\/2025\/10\/RXL006641-web-2048x1363-1-1536x1022.jpg 1536w, https:\/\/rexel.be\/wp-content\/uploads\/2025\/10\/RXL006641-web-2048x1363-1.jpg 2048w\" sizes=\"auto, (max-width: 1024px) 100vw, 1024px\" \/><\/figure><\/div>\n<\/div>\n","protected":false},"excerpt":{"rendered":"<p>100% au service du client La direction Tous les d\u00e9partements de Rexel sont g\u00e9r\u00e9s quotidiennement par l\u2019\u00e9quipe de direction. PierreDebatty CEO Ga\u00eblleMontembault CFO Sergede Staercke Sales Director Jean-Fran\u00e7oisVerbaeys E-commerce \/ Digital Director ThierryPetitpas Category Management &amp; Supply Chain Director JoachimVandermeersch COO DriesVertommen HR Director Charles-AntoineBenoit Strategy &amp; Marketing Director NourMejri Area Manager &amp; Director of [&hellip;]<\/p>\n","protected":false},"author":3,"featured_media":0,"parent":969,"menu_order":0,"comment_status":"closed","ping_status":"closed","template":"","meta":{"_acf_changed":false,"inline_featured_image":false,"footnotes":"","_links_to":"","_links_to_target":""},"class_list":["post-1975","page","type-page","status-publish","hentry"],"acf":[],"yoast_head":"<!-- This site is optimized with the Yoast SEO plugin v27.4 - https:\/\/yoast.com\/product\/yoast-seo-wordpress\/ -->\n<title>Notre structure - Rexel Belgium<\/title>\n<meta name=\"description\" content=\"Rexel Belgique \u2014 structure organisationnelle et d&#039;entreprise, \u00e9quipes et services pour des solutions \u00e9lectrotechniques professionnelles.\" \/>\n<meta name=\"robots\" content=\"index, follow, max-snippet:-1, max-image-preview:large, max-video-preview:-1\" \/>\n<link rel=\"canonical\" href=\"https:\/\/rexel.be\/fr\/a-propos-de-rexel\/notre-structure\/\" \/>\n<meta property=\"og:locale\" content=\"fr_FR\" \/>\n<meta property=\"og:type\" content=\"article\" \/>\n<meta property=\"og:title\" content=\"Notre structure - Rexel Belgium\" \/>\n<meta property=\"og:description\" content=\"Rexel Belgique \u2014 structure organisationnelle et d&#039;entreprise, \u00e9quipes et services pour des solutions \u00e9lectrotechniques professionnelles.\" \/>\n<meta property=\"og:url\" content=\"https:\/\/rexel.be\/fr\/a-propos-de-rexel\/notre-structure\/\" \/>\n<meta property=\"og:site_name\" content=\"Rexel\" \/>\n<meta property=\"article:modified_time\" content=\"2026-03-31T07:36:50+00:00\" \/>\n<meta property=\"og:image\" content=\"https:\/\/rexel.be\/wp-content\/uploads\/2025\/10\/Rexel-HQ.jpeg\" \/>\n\t<meta property=\"og:image:width\" content=\"1600\" \/>\n\t<meta property=\"og:image:height\" content=\"1154\" \/>\n\t<meta property=\"og:image:type\" content=\"image\/jpeg\" \/>\n<meta name=\"twitter:card\" content=\"summary_large_image\" \/>\n<meta name=\"twitter:label1\" content=\"Dur\u00e9e de lecture estim\u00e9e\" \/>\n\t<meta name=\"twitter:data1\" content=\"4 minutes\" \/>\n<script type=\"application\/ld+json\" class=\"yoast-schema-graph\">{\"@context\":\"https:\\\/\\\/schema.org\",\"@graph\":[{\"@type\":\"WebPage\",\"@id\":\"https:\\\/\\\/rexel.be\\\/fr\\\/a-propos-de-rexel\\\/notre-structure\\\/\",\"url\":\"https:\\\/\\\/rexel.be\\\/fr\\\/a-propos-de-rexel\\\/notre-structure\\\/\",\"name\":\"Notre structure - Rexel Belgium\",\"isPartOf\":{\"@id\":\"https:\\\/\\\/rexel.be\\\/fr\\\/#website\"},\"primaryImageOfPage\":{\"@id\":\"https:\\\/\\\/rexel.be\\\/fr\\\/a-propos-de-rexel\\\/notre-structure\\\/#primaryimage\"},\"image\":{\"@id\":\"https:\\\/\\\/rexel.be\\\/fr\\\/a-propos-de-rexel\\\/notre-structure\\\/#primaryimage\"},\"thumbnailUrl\":\"https:\\\/\\\/rexel.be\\\/wp-content\\\/uploads\\\/2025\\\/10\\\/Rexel-HQ.jpeg\",\"datePublished\":\"2025-10-20T15:24:15+00:00\",\"dateModified\":\"2026-03-31T07:36:50+00:00\",\"description\":\"Rexel Belgique \u2014 structure organisationnelle et d'entreprise, \u00e9quipes et services pour des solutions \u00e9lectrotechniques professionnelles.\",\"breadcrumb\":{\"@id\":\"https:\\\/\\\/rexel.be\\\/fr\\\/a-propos-de-rexel\\\/notre-structure\\\/#breadcrumb\"},\"inLanguage\":\"fr-FR\",\"potentialAction\":[{\"@type\":\"ReadAction\",\"target\":[\"https:\\\/\\\/rexel.be\\\/fr\\\/a-propos-de-rexel\\\/notre-structure\\\/\"]}]},{\"@type\":\"ImageObject\",\"inLanguage\":\"fr-FR\",\"@id\":\"https:\\\/\\\/rexel.be\\\/fr\\\/a-propos-de-rexel\\\/notre-structure\\\/#primaryimage\",\"url\":\"https:\\\/\\\/rexel.be\\\/wp-content\\\/uploads\\\/2025\\\/10\\\/Rexel-HQ.jpeg\",\"contentUrl\":\"https:\\\/\\\/rexel.be\\\/wp-content\\\/uploads\\\/2025\\\/10\\\/Rexel-HQ.jpeg\"},{\"@type\":\"BreadcrumbList\",\"@id\":\"https:\\\/\\\/rexel.be\\\/fr\\\/a-propos-de-rexel\\\/notre-structure\\\/#breadcrumb\",\"itemListElement\":[{\"@type\":\"ListItem\",\"position\":1,\"name\":\"Home\",\"item\":\"https:\\\/\\\/rexel.be\\\/fr\\\/\"},{\"@type\":\"ListItem\",\"position\":2,\"name\":\"A propos de Rexel\",\"item\":\"https:\\\/\\\/rexel.be\\\/fr\\\/a-propos-de-rexel\\\/\"},{\"@type\":\"ListItem\",\"position\":3,\"name\":\"Notre structure\"}]},{\"@type\":\"WebSite\",\"@id\":\"https:\\\/\\\/rexel.be\\\/fr\\\/#website\",\"url\":\"https:\\\/\\\/rexel.be\\\/fr\\\/\",\"name\":\"Rexel\",\"description\":\"\",\"potentialAction\":[{\"@type\":\"SearchAction\",\"target\":{\"@type\":\"EntryPoint\",\"urlTemplate\":\"https:\\\/\\\/rexel.be\\\/fr\\\/?s={search_term_string}\"},\"query-input\":{\"@type\":\"PropertyValueSpecification\",\"valueRequired\":true,\"valueName\":\"search_term_string\"}}],\"inLanguage\":\"fr-FR\"}]}<\/script>\n<!-- \/ Yoast SEO plugin. -->","yoast_head_json":{"title":"Notre structure - Rexel Belgium","description":"Rexel Belgique \u2014 structure organisationnelle et d'entreprise, \u00e9quipes et services pour des solutions \u00e9lectrotechniques professionnelles.","robots":{"index":"index","follow":"follow","max-snippet":"max-snippet:-1","max-image-preview":"max-image-preview:large","max-video-preview":"max-video-preview:-1"},"canonical":"https:\/\/rexel.be\/fr\/a-propos-de-rexel\/notre-structure\/","og_locale":"fr_FR","og_type":"article","og_title":"Notre structure - Rexel Belgium","og_description":"Rexel Belgique \u2014 structure organisationnelle et d'entreprise, \u00e9quipes et services pour des solutions \u00e9lectrotechniques professionnelles.","og_url":"https:\/\/rexel.be\/fr\/a-propos-de-rexel\/notre-structure\/","og_site_name":"Rexel","article_modified_time":"2026-03-31T07:36:50+00:00","og_image":[{"width":1600,"height":1154,"url":"https:\/\/rexel.be\/wp-content\/uploads\/2025\/10\/Rexel-HQ.jpeg","type":"image\/jpeg"}],"twitter_card":"summary_large_image","twitter_misc":{"Dur\u00e9e de lecture estim\u00e9e":"4 minutes"},"schema":{"@context":"https:\/\/schema.org","@graph":[{"@type":"WebPage","@id":"https:\/\/rexel.be\/fr\/a-propos-de-rexel\/notre-structure\/","url":"https:\/\/rexel.be\/fr\/a-propos-de-rexel\/notre-structure\/","name":"Notre structure - Rexel Belgium","isPartOf":{"@id":"https:\/\/rexel.be\/fr\/#website"},"primaryImageOfPage":{"@id":"https:\/\/rexel.be\/fr\/a-propos-de-rexel\/notre-structure\/#primaryimage"},"image":{"@id":"https:\/\/rexel.be\/fr\/a-propos-de-rexel\/notre-structure\/#primaryimage"},"thumbnailUrl":"https:\/\/rexel.be\/wp-content\/uploads\/2025\/10\/Rexel-HQ.jpeg","datePublished":"2025-10-20T15:24:15+00:00","dateModified":"2026-03-31T07:36:50+00:00","description":"Rexel Belgique \u2014 structure organisationnelle et d'entreprise, \u00e9quipes et services pour des solutions \u00e9lectrotechniques professionnelles.","breadcrumb":{"@id":"https:\/\/rexel.be\/fr\/a-propos-de-rexel\/notre-structure\/#breadcrumb"},"inLanguage":"fr-FR","potentialAction":[{"@type":"ReadAction","target":["https:\/\/rexel.be\/fr\/a-propos-de-rexel\/notre-structure\/"]}]},{"@type":"ImageObject","inLanguage":"fr-FR","@id":"https:\/\/rexel.be\/fr\/a-propos-de-rexel\/notre-structure\/#primaryimage","url":"https:\/\/rexel.be\/wp-content\/uploads\/2025\/10\/Rexel-HQ.jpeg","contentUrl":"https:\/\/rexel.be\/wp-content\/uploads\/2025\/10\/Rexel-HQ.jpeg"},{"@type":"BreadcrumbList","@id":"https:\/\/rexel.be\/fr\/a-propos-de-rexel\/notre-structure\/#breadcrumb","itemListElement":[{"@type":"ListItem","position":1,"name":"Home","item":"https:\/\/rexel.be\/fr\/"},{"@type":"ListItem","position":2,"name":"A propos de Rexel","item":"https:\/\/rexel.be\/fr\/a-propos-de-rexel\/"},{"@type":"ListItem","position":3,"name":"Notre structure"}]},{"@type":"WebSite","@id":"https:\/\/rexel.be\/fr\/#website","url":"https:\/\/rexel.be\/fr\/","name":"Rexel","description":"","potentialAction":[{"@type":"SearchAction","target":{"@type":"EntryPoint","urlTemplate":"https:\/\/rexel.be\/fr\/?s={search_term_string}"},"query-input":{"@type":"PropertyValueSpecification","valueRequired":true,"valueName":"search_term_string"}}],"inLanguage":"fr-FR"}]}},"_links":{"self":[{"href":"https:\/\/rexel.be\/fr\/wp-json\/wp\/v2\/pages\/1975","targetHints":{"allow":["GET"]}}],"collection":[{"href":"https:\/\/rexel.be\/fr\/wp-json\/wp\/v2\/pages"}],"about":[{"href":"https:\/\/rexel.be\/fr\/wp-json\/wp\/v2\/types\/page"}],"author":[{"embeddable":true,"href":"https:\/\/rexel.be\/fr\/wp-json\/wp\/v2\/users\/3"}],"replies":[{"embeddable":true,"href":"https:\/\/rexel.be\/fr\/wp-json\/wp\/v2\/comments?post=1975"}],"version-history":[{"count":9,"href":"https:\/\/rexel.be\/fr\/wp-json\/wp\/v2\/pages\/1975\/revisions"}],"predecessor-version":[{"id":8793,"href":"https:\/\/rexel.be\/fr\/wp-json\/wp\/v2\/pages\/1975\/revisions\/8793"}],"up":[{"embeddable":true,"href":"https:\/\/rexel.be\/fr\/wp-json\/wp\/v2\/pages\/969"}],"wp:attachment":[{"href":"https:\/\/rexel.be\/fr\/wp-json\/wp\/v2\/media?parent=1975"}],"curies":[{"name":"wp","href":"https:\/\/api.w.org\/{rel}","templated":true}]}}