{"id":1935,"date":"2025-10-20T15:53:52","date_gmt":"2025-10-20T13:53:52","guid":{"rendered":"https:\/\/rexel.be\/?page_id=1935"},"modified":"2026-01-19T16:57:29","modified_gmt":"2026-01-19T15:57:29","slug":"nos-clients","status":"publish","type":"page","link":"https:\/\/rexel.be\/fr\/a-propos-de-rexel\/nos-clients\/","title":{"rendered":"Nos clients"},"content":{"rendered":"\n<div class=\"wp-block-cover alignfull is-light has-custom-content-position is-position-bottom-left has-white-color has-text-color has-link-color wp-elements-1d8de780abeaa9febf0a9b77ff704c56\" style=\"border-bottom-left-radius:80px;border-bottom-right-radius:80px;padding-bottom:var(--wp--preset--spacing--120-60);min-height:560px;aspect-ratio:unset;\"><img loading=\"lazy\" decoding=\"async\" width=\"2560\" height=\"1709\" class=\"wp-block-cover__image-background wp-image-610 size-full\" alt=\"\" src=\"https:\/\/rexel.be\/wp-content\/uploads\/2025\/08\/0187548594a2691cb4b08e89ccfa5d048b6cff92-1.png\" data-object-fit=\"cover\" srcset=\"https:\/\/rexel.be\/wp-content\/uploads\/2025\/08\/0187548594a2691cb4b08e89ccfa5d048b6cff92-1.png 2560w, https:\/\/rexel.be\/wp-content\/uploads\/2025\/08\/0187548594a2691cb4b08e89ccfa5d048b6cff92-1-300x200.png 300w, https:\/\/rexel.be\/wp-content\/uploads\/2025\/08\/0187548594a2691cb4b08e89ccfa5d048b6cff92-1-1024x684.png 1024w, https:\/\/rexel.be\/wp-content\/uploads\/2025\/08\/0187548594a2691cb4b08e89ccfa5d048b6cff92-1-768x513.png 768w, https:\/\/rexel.be\/wp-content\/uploads\/2025\/08\/0187548594a2691cb4b08e89ccfa5d048b6cff92-1-1536x1025.png 1536w, https:\/\/rexel.be\/wp-content\/uploads\/2025\/08\/0187548594a2691cb4b08e89ccfa5d048b6cff92-1-2048x1367.png 2048w\" sizes=\"auto, (max-width: 2560px) 100vw, 2560px\" \/><span aria-hidden=\"true\" class=\"wp-block-cover__background has-black-background-color has-background-dim-30 has-background-dim\"><\/span><div class=\"wp-block-cover__inner-container has-global-padding is-layout-constrained wp-container-core-cover-is-layout-2b988179 wp-block-cover-is-layout-constrained\"><h1 class=\"has-link-color wp-elements-88f0857fdc8bad98dfdc5c16977574b2 wp-block-post-title has-text-color has-white-color\">Nos clients<\/h1>\n\n<div class=\"yoast-breadcrumbs\"><span><span><a href=\"https:\/\/rexel.be\/fr\/\">Home<\/a><\/span> <span class=\"sep\"><\/span> <span><a href=\"https:\/\/rexel.be\/fr\/a-propos-de-rexel\/\">A propos de Rexel<\/a><\/span> <span class=\"sep\"><\/span> <span class=\"breadcrumb_last\" aria-current=\"page\">Nos clients<\/span><\/span><\/div><\/div><\/div>\n\n\n\n<div class=\"wp-block-group has-global-padding is-layout-constrained wp-block-group-is-layout-constrained\" style=\"padding-top:var(--wp--preset--spacing--60-40);padding-bottom:var(--wp--preset--spacing--60-40)\">\n<h3 class=\"wp-block-heading\">Mod\u00e8le multicanal centr\u00e9 sur le client<\/h3>\n\n\n\n<p>En donnant au client une place centrale, Rexel garantit un acc\u00e8s facile \u00e0 ses produits, services et solutions :<\/p>\n\n\n\n<ul class=\"wp-block-list\">\n<li>50 agences et 800 employ\u00e9s<\/li>\n\n\n\n<li>Repr\u00e9sentants<\/li>\n\n\n\n<li>Sp\u00e9cialistes<\/li>\n\n\n\n<li>Formations<\/li>\n\n\n\n<li>Netstore<\/li>\n<\/ul>\n\n\n\n<p>Rexel s\u2019adresse aux professionnels du secteur. Nous travaillons en B2B et ne vendons pas directement aux consommateurs finaux.<\/p>\n<\/div>\n\n\n\n<div class=\"wp-block-group alignfull has-global-padding is-layout-constrained wp-block-group-is-layout-constrained\">\n<div class=\"wp-block-columns is-layout-flex wp-container-core-columns-is-layout-600b2c82 wp-block-columns-is-layout-flex\" style=\"margin-top:var(--wp--preset--spacing--50-30);margin-bottom:var(--wp--preset--spacing--50-30);padding-top:0;padding-right:var(--wp--preset--spacing--50-30);padding-bottom:var(--wp--preset--spacing--60-40);padding-left:var(--wp--preset--spacing--50-30)\">\n<div class=\"wp-block-column is-vertically-aligned-top has-global-padding is-layout-constrained wp-block-column-is-layout-constrained\">\n<details class=\"wp-block-details is-layout-flow wp-block-details-is-layout-flow\"><summary>March\u00e9 r\u00e9sidentiel<\/summary>\n<figure class=\"wp-block-image aligncenter size-full is-resized\"><img loading=\"lazy\" decoding=\"async\" width=\"2134\" height=\"2134\" src=\"https:\/\/rexel.be\/wp-content\/uploads\/2025\/10\/Residentieel-blue.png\" alt=\"\" class=\"wp-image-1962\" style=\"width:70px\" srcset=\"https:\/\/rexel.be\/wp-content\/uploads\/2025\/10\/Residentieel-blue.png 2134w, https:\/\/rexel.be\/wp-content\/uploads\/2025\/10\/Residentieel-blue-300x300.png 300w, https:\/\/rexel.be\/wp-content\/uploads\/2025\/10\/Residentieel-blue-1024x1024.png 1024w, https:\/\/rexel.be\/wp-content\/uploads\/2025\/10\/Residentieel-blue-150x150.png 150w, https:\/\/rexel.be\/wp-content\/uploads\/2025\/10\/Residentieel-blue-768x768.png 768w, https:\/\/rexel.be\/wp-content\/uploads\/2025\/10\/Residentieel-blue-1536x1536.png 1536w, https:\/\/rexel.be\/wp-content\/uploads\/2025\/10\/Residentieel-blue-2048x2048.png 2048w\" sizes=\"auto, (max-width: 2134px) 100vw, 2134px\" \/><\/figure>\n\n\n\n<p>La construction et la r\u00e9novation \u00e9co \u00e9nerg\u00e9tiques sont plus que jamais d\u2019actualit\u00e9. En raison de l\u2019accroissement des normes et de l\u2019int\u00e9gration des derni\u00e8res techniques, nous essayons d\u2019assister au mieux l\u2019installateur dans son processus d\u2019achat et ses activit\u00e9s quotidiennes.<\/p>\n<\/details>\n<\/div>\n\n\n\n<div class=\"wp-block-column is-vertically-aligned-top has-global-padding is-layout-constrained wp-block-column-is-layout-constrained\">\n<details class=\"wp-block-details is-layout-flow wp-block-details-is-layout-flow\"><summary>March\u00e9 industriel<\/summary>\n<figure class=\"wp-block-image aligncenter size-full is-resized\"><img loading=\"lazy\" decoding=\"async\" width=\"2134\" height=\"2134\" src=\"https:\/\/rexel.be\/wp-content\/uploads\/2025\/10\/Industry-blue.png\" alt=\"\" class=\"wp-image-1961\" style=\"width:70px\" srcset=\"https:\/\/rexel.be\/wp-content\/uploads\/2025\/10\/Industry-blue.png 2134w, https:\/\/rexel.be\/wp-content\/uploads\/2025\/10\/Industry-blue-300x300.png 300w, https:\/\/rexel.be\/wp-content\/uploads\/2025\/10\/Industry-blue-1024x1024.png 1024w, https:\/\/rexel.be\/wp-content\/uploads\/2025\/10\/Industry-blue-150x150.png 150w, https:\/\/rexel.be\/wp-content\/uploads\/2025\/10\/Industry-blue-768x768.png 768w, https:\/\/rexel.be\/wp-content\/uploads\/2025\/10\/Industry-blue-1536x1536.png 1536w, https:\/\/rexel.be\/wp-content\/uploads\/2025\/10\/Industry-blue-2048x2048.png 2048w\" sizes=\"auto, (max-width: 2134px) 100vw, 2134px\" \/><\/figure>\n\n\n\n<p>Avec une \u00e9quipe motiv\u00e9e, Rexel se concentre sp\u00e9cifiquement sur les grandes entreprises industrielles.<\/p>\n\n\n\n<p>Nous d\u00e9livrons de bons conseils techniques et offrons des solutions pour la maintenance, l\u2019automatisation industrielle, les tableaux de distribution\u2026 en plus d\u2019une large gamme de produits industriels et d\u2019un excellent service logistique.<\/p>\n<\/details>\n<\/div>\n\n\n\n<div class=\"wp-block-column is-vertically-aligned-top has-global-padding is-layout-constrained wp-block-column-is-layout-constrained\">\n<details class=\"wp-block-details is-layout-flow wp-block-details-is-layout-flow\"><summary>March\u00e9 tertiaire<\/summary>\n<figure class=\"wp-block-image aligncenter size-full is-resized\"><img loading=\"lazy\" decoding=\"async\" width=\"2134\" height=\"2134\" src=\"https:\/\/rexel.be\/wp-content\/uploads\/2025\/10\/Tertiair-blue.png\" alt=\"\" class=\"wp-image-1963\" style=\"width:70px\" srcset=\"https:\/\/rexel.be\/wp-content\/uploads\/2025\/10\/Tertiair-blue.png 2134w, https:\/\/rexel.be\/wp-content\/uploads\/2025\/10\/Tertiair-blue-300x300.png 300w, https:\/\/rexel.be\/wp-content\/uploads\/2025\/10\/Tertiair-blue-1024x1024.png 1024w, https:\/\/rexel.be\/wp-content\/uploads\/2025\/10\/Tertiair-blue-150x150.png 150w, https:\/\/rexel.be\/wp-content\/uploads\/2025\/10\/Tertiair-blue-768x768.png 768w, https:\/\/rexel.be\/wp-content\/uploads\/2025\/10\/Tertiair-blue-1536x1536.png 1536w, https:\/\/rexel.be\/wp-content\/uploads\/2025\/10\/Tertiair-blue-2048x2048.png 2048w\" sizes=\"auto, (max-width: 2134px) 100vw, 2134px\" \/><\/figure>\n\n\n\n<p>Gr\u00e2ce \u00e0 nos diff\u00e9rents groupes de produits (c\u00e2ble, \u00e9clairage, bornes de recharge, data\u2026), nous soutenons les grandes entreprises d\u2019installation dans les projets tertiaires et de b\u00e2timents publics, tels que les h\u00f4pitaux et les \u00e9coles.<\/p>\n\n\n\n<p>Le confort, la s\u00e9curit\u00e9 et l\u2019\u00e9cologie sont des piliers importants de ces projets et nous aidons volontiers \u00e0 faire les bons choix. Nous proposons la meilleure solution sur base d\u2019une \u00e9valuation approfondie du projet et de l\u2019\u00e9tude correspondante.<\/p>\n<\/details>\n<\/div>\n<\/div>\n<\/div>\n\n\n\n<div class=\"wp-block-group alignfull has-background has-global-padding is-layout-constrained wp-block-group-is-layout-constrained\" style=\"background-color:#2c9ad10d;padding-top:var(--wp--preset--spacing--60-40);padding-bottom:var(--wp--preset--spacing--60-40)\">\n<div class=\"wp-block-columns are-vertically-aligned-center is-layout-flex wp-container-core-columns-is-layout-7a751c1d wp-block-columns-is-layout-flex\">\n<div class=\"wp-block-column is-vertically-aligned-center is-layout-flow wp-block-column-is-layout-flow\" style=\"flex-basis:33%\">\n<p>L\u2019approche personnelle fait partie de notre ADN. Chaque client dispose donc sa propre personne de contact. Nous accompagnons le client \u00e0 chaque \u00e9tape de son projet et lui apportons le support n\u00e9cessaire.<\/p>\n\n\n\n<p>Nos clients sont :<\/p>\n\n\n\n<ul class=\"wp-block-list\">\n<li>Petits et grands installateurs \u00e9lectrotechniques et entreprises<\/li>\n\n\n\n<li>Entreprises industrielles<\/li>\n\n\n\n<li>Gouvernement<\/li>\n\n\n\n<li>H\u00f4pitaux, \u00e9coles\u2026<\/li>\n<\/ul>\n<\/div>\n\n\n\n<div class=\"wp-block-column is-vertically-aligned-center is-layout-flow wp-block-column-is-layout-flow\">\n<figure class=\"wp-block-image size-large has-custom-border is-style-default\"><img loading=\"lazy\" decoding=\"async\" width=\"1024\" height=\"683\" src=\"https:\/\/rexel.be\/wp-content\/uploads\/2025\/10\/iStock-913784122-web-1024x683.jpg\" alt=\"\" class=\"wp-image-1936\" style=\"border-top-left-radius:20px;border-top-right-radius:20px;border-bottom-left-radius:20px;border-bottom-right-radius:20px\" srcset=\"https:\/\/rexel.be\/wp-content\/uploads\/2025\/10\/iStock-913784122-web-1024x683.jpg 1024w, https:\/\/rexel.be\/wp-content\/uploads\/2025\/10\/iStock-913784122-web-300x200.jpg 300w, https:\/\/rexel.be\/wp-content\/uploads\/2025\/10\/iStock-913784122-web-768x512.jpg 768w, https:\/\/rexel.be\/wp-content\/uploads\/2025\/10\/iStock-913784122-web-1536x1024.jpg 1536w, https:\/\/rexel.be\/wp-content\/uploads\/2025\/10\/iStock-913784122-web-2048x1365.jpg 2048w\" sizes=\"auto, (max-width: 1024px) 100vw, 1024px\" \/><\/figure>\n<\/div>\n<\/div>\n<\/div>\n","protected":false},"excerpt":{"rendered":"<p>En donnant au client une place centrale, Rexel garantit un acc\u00e8s facile \u00e0 ses produits, services et solutions :<\/p>\n","protected":false},"author":3,"featured_media":0,"parent":969,"menu_order":0,"comment_status":"closed","ping_status":"closed","template":"","meta":{"_acf_changed":false,"inline_featured_image":false,"footnotes":"","_links_to":"","_links_to_target":""},"class_list":["post-1935","page","type-page","status-publish","hentry"],"acf":[],"yoast_head":"<!-- This site is optimized with the Yoast SEO plugin v27.4 - https:\/\/yoast.com\/product\/yoast-seo-wordpress\/ -->\n<title>Nos clients - Rexel Belgium<\/title>\n<meta name=\"description\" content=\"Rexel soutient les clients professionnels avec des solutions, une expertise et des services sur mesure. Construisons le succ\u00e8s ensemble.\" \/>\n<meta name=\"robots\" content=\"index, follow, max-snippet:-1, max-image-preview:large, max-video-preview:-1\" \/>\n<link rel=\"canonical\" href=\"https:\/\/rexel.be\/fr\/a-propos-de-rexel\/nos-clients\/\" \/>\n<meta property=\"og:locale\" content=\"fr_FR\" \/>\n<meta property=\"og:type\" content=\"article\" \/>\n<meta property=\"og:title\" content=\"Nos clients - Rexel Belgium\" \/>\n<meta property=\"og:description\" content=\"Rexel soutient les clients professionnels avec des solutions, une expertise et des services sur mesure. Construisons le succ\u00e8s ensemble.\" \/>\n<meta property=\"og:url\" content=\"https:\/\/rexel.be\/fr\/a-propos-de-rexel\/nos-clients\/\" \/>\n<meta property=\"og:site_name\" content=\"Rexel\" \/>\n<meta property=\"article:modified_time\" content=\"2026-01-19T15:57:29+00:00\" \/>\n<meta property=\"og:image\" content=\"https:\/\/rexel.be\/wp-content\/uploads\/2025\/08\/0187548594a2691cb4b08e89ccfa5d048b6cff92-1-1024x684.png\" \/>\n\t<meta property=\"og:image:width\" content=\"1024\" \/>\n\t<meta property=\"og:image:height\" content=\"684\" \/>\n\t<meta property=\"og:image:type\" content=\"image\/png\" \/>\n<meta name=\"twitter:card\" content=\"summary_large_image\" \/>\n<meta name=\"twitter:label1\" content=\"Dur\u00e9e de lecture estim\u00e9e\" \/>\n\t<meta name=\"twitter:data1\" content=\"3 minutes\" \/>\n<script type=\"application\/ld+json\" class=\"yoast-schema-graph\">{\"@context\":\"https:\\\/\\\/schema.org\",\"@graph\":[{\"@type\":\"WebPage\",\"@id\":\"https:\\\/\\\/rexel.be\\\/fr\\\/a-propos-de-rexel\\\/nos-clients\\\/\",\"url\":\"https:\\\/\\\/rexel.be\\\/fr\\\/a-propos-de-rexel\\\/nos-clients\\\/\",\"name\":\"Nos clients - Rexel Belgium\",\"isPartOf\":{\"@id\":\"https:\\\/\\\/rexel.be\\\/fr\\\/#website\"},\"primaryImageOfPage\":{\"@id\":\"https:\\\/\\\/rexel.be\\\/fr\\\/a-propos-de-rexel\\\/nos-clients\\\/#primaryimage\"},\"image\":{\"@id\":\"https:\\\/\\\/rexel.be\\\/fr\\\/a-propos-de-rexel\\\/nos-clients\\\/#primaryimage\"},\"thumbnailUrl\":\"https:\\\/\\\/rexel.be\\\/wp-content\\\/uploads\\\/2025\\\/08\\\/0187548594a2691cb4b08e89ccfa5d048b6cff92-1.png\",\"datePublished\":\"2025-10-20T13:53:52+00:00\",\"dateModified\":\"2026-01-19T15:57:29+00:00\",\"description\":\"Rexel soutient les clients professionnels avec des solutions, une expertise et des services sur mesure. Construisons le succ\u00e8s ensemble.\",\"breadcrumb\":{\"@id\":\"https:\\\/\\\/rexel.be\\\/fr\\\/a-propos-de-rexel\\\/nos-clients\\\/#breadcrumb\"},\"inLanguage\":\"fr-FR\",\"potentialAction\":[{\"@type\":\"ReadAction\",\"target\":[\"https:\\\/\\\/rexel.be\\\/fr\\\/a-propos-de-rexel\\\/nos-clients\\\/\"]}]},{\"@type\":\"ImageObject\",\"inLanguage\":\"fr-FR\",\"@id\":\"https:\\\/\\\/rexel.be\\\/fr\\\/a-propos-de-rexel\\\/nos-clients\\\/#primaryimage\",\"url\":\"https:\\\/\\\/rexel.be\\\/wp-content\\\/uploads\\\/2025\\\/08\\\/0187548594a2691cb4b08e89ccfa5d048b6cff92-1.png\",\"contentUrl\":\"https:\\\/\\\/rexel.be\\\/wp-content\\\/uploads\\\/2025\\\/08\\\/0187548594a2691cb4b08e89ccfa5d048b6cff92-1.png\"},{\"@type\":\"BreadcrumbList\",\"@id\":\"https:\\\/\\\/rexel.be\\\/fr\\\/a-propos-de-rexel\\\/nos-clients\\\/#breadcrumb\",\"itemListElement\":[{\"@type\":\"ListItem\",\"position\":1,\"name\":\"Home\",\"item\":\"https:\\\/\\\/rexel.be\\\/fr\\\/\"},{\"@type\":\"ListItem\",\"position\":2,\"name\":\"A propos de Rexel\",\"item\":\"https:\\\/\\\/rexel.be\\\/fr\\\/a-propos-de-rexel\\\/\"},{\"@type\":\"ListItem\",\"position\":3,\"name\":\"Nos clients\"}]},{\"@type\":\"WebSite\",\"@id\":\"https:\\\/\\\/rexel.be\\\/fr\\\/#website\",\"url\":\"https:\\\/\\\/rexel.be\\\/fr\\\/\",\"name\":\"Rexel\",\"description\":\"\",\"potentialAction\":[{\"@type\":\"SearchAction\",\"target\":{\"@type\":\"EntryPoint\",\"urlTemplate\":\"https:\\\/\\\/rexel.be\\\/fr\\\/?s={search_term_string}\"},\"query-input\":{\"@type\":\"PropertyValueSpecification\",\"valueRequired\":true,\"valueName\":\"search_term_string\"}}],\"inLanguage\":\"fr-FR\"}]}<\/script>\n<!-- \/ Yoast SEO plugin. -->","yoast_head_json":{"title":"Nos clients - Rexel Belgium","description":"Rexel soutient les clients professionnels avec des solutions, une expertise et des services sur mesure. Construisons le succ\u00e8s ensemble.","robots":{"index":"index","follow":"follow","max-snippet":"max-snippet:-1","max-image-preview":"max-image-preview:large","max-video-preview":"max-video-preview:-1"},"canonical":"https:\/\/rexel.be\/fr\/a-propos-de-rexel\/nos-clients\/","og_locale":"fr_FR","og_type":"article","og_title":"Nos clients - Rexel Belgium","og_description":"Rexel soutient les clients professionnels avec des solutions, une expertise et des services sur mesure. Construisons le succ\u00e8s ensemble.","og_url":"https:\/\/rexel.be\/fr\/a-propos-de-rexel\/nos-clients\/","og_site_name":"Rexel","article_modified_time":"2026-01-19T15:57:29+00:00","og_image":[{"width":1024,"height":684,"url":"https:\/\/rexel.be\/wp-content\/uploads\/2025\/08\/0187548594a2691cb4b08e89ccfa5d048b6cff92-1-1024x684.png","type":"image\/png"}],"twitter_card":"summary_large_image","twitter_misc":{"Dur\u00e9e de lecture estim\u00e9e":"3 minutes"},"schema":{"@context":"https:\/\/schema.org","@graph":[{"@type":"WebPage","@id":"https:\/\/rexel.be\/fr\/a-propos-de-rexel\/nos-clients\/","url":"https:\/\/rexel.be\/fr\/a-propos-de-rexel\/nos-clients\/","name":"Nos clients - Rexel Belgium","isPartOf":{"@id":"https:\/\/rexel.be\/fr\/#website"},"primaryImageOfPage":{"@id":"https:\/\/rexel.be\/fr\/a-propos-de-rexel\/nos-clients\/#primaryimage"},"image":{"@id":"https:\/\/rexel.be\/fr\/a-propos-de-rexel\/nos-clients\/#primaryimage"},"thumbnailUrl":"https:\/\/rexel.be\/wp-content\/uploads\/2025\/08\/0187548594a2691cb4b08e89ccfa5d048b6cff92-1.png","datePublished":"2025-10-20T13:53:52+00:00","dateModified":"2026-01-19T15:57:29+00:00","description":"Rexel soutient les clients professionnels avec des solutions, une expertise et des services sur mesure. Construisons le succ\u00e8s ensemble.","breadcrumb":{"@id":"https:\/\/rexel.be\/fr\/a-propos-de-rexel\/nos-clients\/#breadcrumb"},"inLanguage":"fr-FR","potentialAction":[{"@type":"ReadAction","target":["https:\/\/rexel.be\/fr\/a-propos-de-rexel\/nos-clients\/"]}]},{"@type":"ImageObject","inLanguage":"fr-FR","@id":"https:\/\/rexel.be\/fr\/a-propos-de-rexel\/nos-clients\/#primaryimage","url":"https:\/\/rexel.be\/wp-content\/uploads\/2025\/08\/0187548594a2691cb4b08e89ccfa5d048b6cff92-1.png","contentUrl":"https:\/\/rexel.be\/wp-content\/uploads\/2025\/08\/0187548594a2691cb4b08e89ccfa5d048b6cff92-1.png"},{"@type":"BreadcrumbList","@id":"https:\/\/rexel.be\/fr\/a-propos-de-rexel\/nos-clients\/#breadcrumb","itemListElement":[{"@type":"ListItem","position":1,"name":"Home","item":"https:\/\/rexel.be\/fr\/"},{"@type":"ListItem","position":2,"name":"A propos de Rexel","item":"https:\/\/rexel.be\/fr\/a-propos-de-rexel\/"},{"@type":"ListItem","position":3,"name":"Nos clients"}]},{"@type":"WebSite","@id":"https:\/\/rexel.be\/fr\/#website","url":"https:\/\/rexel.be\/fr\/","name":"Rexel","description":"","potentialAction":[{"@type":"SearchAction","target":{"@type":"EntryPoint","urlTemplate":"https:\/\/rexel.be\/fr\/?s={search_term_string}"},"query-input":{"@type":"PropertyValueSpecification","valueRequired":true,"valueName":"search_term_string"}}],"inLanguage":"fr-FR"}]}},"_links":{"self":[{"href":"https:\/\/rexel.be\/fr\/wp-json\/wp\/v2\/pages\/1935","targetHints":{"allow":["GET"]}}],"collection":[{"href":"https:\/\/rexel.be\/fr\/wp-json\/wp\/v2\/pages"}],"about":[{"href":"https:\/\/rexel.be\/fr\/wp-json\/wp\/v2\/types\/page"}],"author":[{"embeddable":true,"href":"https:\/\/rexel.be\/fr\/wp-json\/wp\/v2\/users\/3"}],"replies":[{"embeddable":true,"href":"https:\/\/rexel.be\/fr\/wp-json\/wp\/v2\/comments?post=1935"}],"version-history":[{"count":4,"href":"https:\/\/rexel.be\/fr\/wp-json\/wp\/v2\/pages\/1935\/revisions"}],"predecessor-version":[{"id":3659,"href":"https:\/\/rexel.be\/fr\/wp-json\/wp\/v2\/pages\/1935\/revisions\/3659"}],"up":[{"embeddable":true,"href":"https:\/\/rexel.be\/fr\/wp-json\/wp\/v2\/pages\/969"}],"wp:attachment":[{"href":"https:\/\/rexel.be\/fr\/wp-json\/wp\/v2\/media?parent=1935"}],"curies":[{"name":"wp","href":"https:\/\/api.w.org\/{rel}","templated":true}]}}