{"id":1923,"date":"2025-10-20T14:30:09","date_gmt":"2025-10-20T12:30:09","guid":{"rendered":"https:\/\/rexel.be\/?page_id=1923"},"modified":"2026-01-19T16:52:50","modified_gmt":"2026-01-19T15:52:50","slug":"notre-mission-et-notre-vision","status":"publish","type":"page","link":"https:\/\/rexel.be\/fr\/a-propos-de-rexel\/notre-mission-et-notre-vision\/","title":{"rendered":"Notre mission et notre vision"},"content":{"rendered":"\n<div class=\"wp-block-cover alignfull has-custom-content-position is-position-bottom-left has-white-color has-text-color has-link-color wp-elements-553510958dbf64ee21af8e7e86db8ebe\" style=\"border-bottom-left-radius:80px;border-bottom-right-radius:80px;padding-bottom:var(--wp--preset--spacing--120-60);min-height:560px;aspect-ratio:unset;\"><img loading=\"lazy\" decoding=\"async\" width=\"2560\" height=\"1151\" class=\"wp-block-cover__image-background wp-image-1931 size-full\" alt=\"\" src=\"https:\/\/rexel.be\/wp-content\/uploads\/2025\/10\/RXL006640-scaled.jpg\" data-object-fit=\"cover\" srcset=\"https:\/\/rexel.be\/wp-content\/uploads\/2025\/10\/RXL006640-scaled.jpg 2560w, https:\/\/rexel.be\/wp-content\/uploads\/2025\/10\/RXL006640-300x135.jpg 300w, https:\/\/rexel.be\/wp-content\/uploads\/2025\/10\/RXL006640-1024x460.jpg 1024w, https:\/\/rexel.be\/wp-content\/uploads\/2025\/10\/RXL006640-768x345.jpg 768w, https:\/\/rexel.be\/wp-content\/uploads\/2025\/10\/RXL006640-1536x690.jpg 1536w, https:\/\/rexel.be\/wp-content\/uploads\/2025\/10\/RXL006640-2048x921.jpg 2048w\" sizes=\"auto, (max-width: 2560px) 100vw, 2560px\" \/><span aria-hidden=\"true\" class=\"wp-block-cover__background has-black-background-color has-background-dim-30 has-background-dim\"><\/span><div class=\"wp-block-cover__inner-container has-global-padding is-layout-constrained wp-container-core-cover-is-layout-2b988179 wp-block-cover-is-layout-constrained\"><h1 class=\"has-link-color wp-elements-88f0857fdc8bad98dfdc5c16977574b2 wp-block-post-title has-text-color has-white-color\">Notre mission et notre vision<\/h1>\n\n<div class=\"yoast-breadcrumbs\"><span><span><a href=\"https:\/\/rexel.be\/fr\/\">Home<\/a><\/span> <span class=\"sep\"><\/span> <span><a href=\"https:\/\/rexel.be\/fr\/a-propos-de-rexel\/\">A propos de Rexel<\/a><\/span> <span class=\"sep\"><\/span> <span class=\"breadcrumb_last\" aria-current=\"page\">Notre mission et notre vision<\/span><\/span><\/div><\/div><\/div>\n\n\n\n<div class=\"wp-block-group has-global-padding is-layout-constrained wp-block-group-is-layout-constrained\" style=\"padding-top:var(--wp--preset--spacing--60-40);padding-bottom:0\">\n<h3 class=\"wp-block-heading\">Electrifying solutions that make a sustainable future possible<\/h3>\n\n\n\n<div class=\"wp-block-group has-global-padding is-layout-constrained wp-block-group-is-layout-constrained\" style=\"padding-top:var(--wp--preset--spacing--60-40);padding-bottom:var(--wp--preset--spacing--60-40)\">\n<div class=\"wp-block-columns is-layout-flex wp-container-core-columns-is-layout-7a751c1d wp-block-columns-is-layout-flex\">\n<div class=\"wp-block-column is-layout-flow wp-block-column-is-layout-flow\">\n<p>Chaque jour, nous intervenons dans plus de 20 pays aux c\u00f4t\u00e9s de nos clients pour am\u00e9liorer le confort, la s\u00e9curit\u00e9 et la performance \u00e9nerg\u00e9tique des installations, des infrastructures et des b\u00e2timents.<\/p>\n\n\n\n<p>Gr\u00e2ce \u00e0 nos produits, services, solutions et savoir-faire, nous les accompagnons dans leur activit\u00e9 et rendons leur travail plus simple, plus efficace et plus durable.<\/p>\n\n\n\n<p>Par leur passion, leur d\u00e9vouement, leur expertise, nos \u00e9quipes jouent un r\u00f4le essentiel dans l\u2019adoption de solutions \u00e9lectriques innovantes par le plus grand nombre et contribuent ainsi au succ\u00e8s de la transition \u00e9nerg\u00e9tique.<\/p>\n\n\n\n<p>Apporter une \u00e9nergie positive dans chacune de nos actions est ce qui nous fait avancer.<\/p>\n<\/div>\n\n\n\n<div class=\"wp-block-column is-layout-flow wp-block-column-is-layout-flow\">\n<figure class=\"wp-block-embed is-type-video is-provider-youtube wp-block-embed-youtube wp-embed-aspect-16-9 wp-has-aspect-ratio\"><div class=\"wp-block-embed__wrapper\">\n<iframe loading=\"lazy\" title=\"Rexel&#039;s Purpose (FR_nos \u00e9quipes)\" width=\"500\" height=\"281\" src=\"https:\/\/www.youtube.com\/embed\/cpJ8lJUr-M4?feature=oembed&#038;enablejsapi=1\" frameborder=\"0\" allow=\"accelerometer; autoplay; clipboard-write; encrypted-media; gyroscope; picture-in-picture; web-share\" referrerpolicy=\"strict-origin-when-cross-origin\" allowfullscreen><\/iframe>\n<\/div><\/figure>\n<\/div>\n<\/div>\n<\/div>\n<\/div>\n\n\n\n<div class=\"wp-block-group has-global-padding is-layout-constrained wp-block-group-is-layout-constrained\" style=\"padding-top:0;padding-bottom:var(--wp--preset--spacing--60-40)\">\n<div class=\"wp-block-group is-layout-grid wp-container-core-group-is-layout-b757edec wp-block-group-is-layout-grid\">\n<div class=\"wp-block-group has-border-color has-white-background-color has-background is-layout-flow wp-block-group-is-layout-flow\" style=\"border-color:#2896d752;border-width:1px;border-radius:16px;padding-top:var(--wp--preset--spacing--40-20);padding-right:var(--wp--preset--spacing--40-20);padding-bottom:var(--wp--preset--spacing--40-20);padding-left:var(--wp--preset--spacing--40-20);box-shadow:var(--wp--preset--shadow--shadow-1)\">\n<figure class=\"wp-block-image size-full is-resized\"><img loading=\"lazy\" decoding=\"async\" width=\"943\" height=\"812\" src=\"https:\/\/rexel.be\/wp-content\/uploads\/2025\/10\/mission.png\" alt=\"\" class=\"wp-image-1925\" style=\"aspect-ratio:1.1613685578172368;object-fit:cover;width:100px\" srcset=\"https:\/\/rexel.be\/wp-content\/uploads\/2025\/10\/mission.png 943w, https:\/\/rexel.be\/wp-content\/uploads\/2025\/10\/mission-300x258.png 300w, https:\/\/rexel.be\/wp-content\/uploads\/2025\/10\/mission-768x661.png 768w\" sizes=\"auto, (max-width: 943px) 100vw, 943px\" \/><\/figure>\n\n\n\n<h4 class=\"wp-block-heading has-dark-color has-text-color has-link-color wp-elements-69e3f548b94f071d3dceada30f9f4a31\">Notre mission<\/h4>\n\n\n\n<p>La mission de Rexel est d\u2019accompagner durablement tous les acteurs du monde de l\u2019\u00e9nergie, de les aider \u00e0 cr\u00e9er de la valeur et \u00e0 optimiser leurs activit\u00e9s.<\/p>\n<\/div>\n\n\n\n<div class=\"wp-block-group has-border-color has-white-background-color has-background is-layout-flow wp-block-group-is-layout-flow\" style=\"border-color:#2896d752;border-width:1px;border-radius:16px;padding-top:var(--wp--preset--spacing--40-20);padding-right:var(--wp--preset--spacing--40-20);padding-bottom:var(--wp--preset--spacing--40-20);padding-left:var(--wp--preset--spacing--40-20);box-shadow:var(--wp--preset--shadow--shadow-1)\">\n<figure class=\"wp-block-image size-full is-resized\"><img loading=\"lazy\" decoding=\"async\" width=\"1024\" height=\"1024\" src=\"https:\/\/rexel.be\/wp-content\/uploads\/2025\/10\/vision.png\" alt=\"\" class=\"wp-image-1927\" style=\"width:100px\" srcset=\"https:\/\/rexel.be\/wp-content\/uploads\/2025\/10\/vision.png 1024w, https:\/\/rexel.be\/wp-content\/uploads\/2025\/10\/vision-300x300.png 300w, https:\/\/rexel.be\/wp-content\/uploads\/2025\/10\/vision-150x150.png 150w, https:\/\/rexel.be\/wp-content\/uploads\/2025\/10\/vision-768x768.png 768w\" sizes=\"auto, (max-width: 1024px) 100vw, 1024px\" \/><\/figure>\n\n\n\n<h4 class=\"wp-block-heading has-dark-color has-text-color has-link-color wp-elements-7dfbdd7341aab9751f3427ae78fe435a\">Notre vision<\/h4>\n\n\n\n<p>Rexel Belgique veut s\u2019imposer en tant que partenaire de r\u00e9f\u00e9rence, agile et responsable, dans le monde de l\u2019\u00e9nergie.<\/p>\n<\/div>\n<\/div>\n<\/div>\n","protected":false},"excerpt":{"rendered":"<p>Chaque jour, nous intervenons dans plus de 20 pays aux c\u00f4t\u00e9s de nos clients pour am\u00e9liorer le confort, la s\u00e9curit\u00e9 et la performance \u00e9nerg\u00e9tique des installations, des infrastructures et des b\u00e2timents.<br \/>\nBij Rexel zijn alle medewerkers gedreven, toegewijd en zeer deskundig. We zijn onontbeerlijk om innovatieve elektrotechnische oplossingen naar de markt te brengen en de energietransitie waar te maken.<\/p>\n<p>Alles met positieve energie doen, daar geloven we in.<\/p>\n<p>Rexel. Electrifying solutions that make a sustainable future possible.<\/p>\n","protected":false},"author":3,"featured_media":0,"parent":969,"menu_order":0,"comment_status":"closed","ping_status":"closed","template":"","meta":{"_acf_changed":false,"inline_featured_image":false,"footnotes":"","_links_to":"","_links_to_target":""},"class_list":["post-1923","page","type-page","status-publish","hentry"],"acf":[],"yoast_head":"<!-- This site is optimized with the Yoast SEO plugin v27.4 - https:\/\/yoast.com\/product\/yoast-seo-wordpress\/ -->\n<title>Notre mission et notre vision - Rexel Belgium<\/title>\n<meta name=\"description\" content=\"Nous sommes indispensables pour commercialiser des solutions \u00e9lectrotechniques innovantes et concr\u00e9tiser la transition \u00e9nerg\u00e9tique.\" \/>\n<meta name=\"robots\" content=\"index, follow, max-snippet:-1, max-image-preview:large, max-video-preview:-1\" \/>\n<link rel=\"canonical\" href=\"https:\/\/rexel.be\/fr\/a-propos-de-rexel\/notre-mission-et-notre-vision\/\" \/>\n<meta property=\"og:locale\" content=\"fr_FR\" \/>\n<meta property=\"og:type\" content=\"article\" \/>\n<meta property=\"og:title\" content=\"Notre mission et notre vision - Rexel Belgium\" \/>\n<meta property=\"og:description\" content=\"Nous sommes indispensables pour commercialiser des solutions \u00e9lectrotechniques innovantes et concr\u00e9tiser la transition \u00e9nerg\u00e9tique.\" \/>\n<meta property=\"og:url\" content=\"https:\/\/rexel.be\/fr\/a-propos-de-rexel\/notre-mission-et-notre-vision\/\" \/>\n<meta property=\"og:site_name\" content=\"Rexel\" \/>\n<meta property=\"article:modified_time\" content=\"2026-01-19T15:52:50+00:00\" \/>\n<meta property=\"og:image\" content=\"https:\/\/rexel.be\/wp-content\/uploads\/2025\/10\/RXL006640-scaled.jpg\" \/>\n\t<meta property=\"og:image:width\" content=\"2560\" \/>\n\t<meta property=\"og:image:height\" content=\"1151\" \/>\n\t<meta property=\"og:image:type\" content=\"image\/jpeg\" \/>\n<meta name=\"twitter:card\" content=\"summary_large_image\" \/>\n<meta name=\"twitter:label1\" content=\"Dur\u00e9e de lecture estim\u00e9e\" \/>\n\t<meta name=\"twitter:data1\" content=\"2 minutes\" \/>\n<script type=\"application\/ld+json\" class=\"yoast-schema-graph\">{\"@context\":\"https:\\\/\\\/schema.org\",\"@graph\":[{\"@type\":\"WebPage\",\"@id\":\"https:\\\/\\\/rexel.be\\\/fr\\\/a-propos-de-rexel\\\/notre-mission-et-notre-vision\\\/\",\"url\":\"https:\\\/\\\/rexel.be\\\/fr\\\/a-propos-de-rexel\\\/notre-mission-et-notre-vision\\\/\",\"name\":\"Notre mission et notre vision - Rexel Belgium\",\"isPartOf\":{\"@id\":\"https:\\\/\\\/rexel.be\\\/fr\\\/#website\"},\"primaryImageOfPage\":{\"@id\":\"https:\\\/\\\/rexel.be\\\/fr\\\/a-propos-de-rexel\\\/notre-mission-et-notre-vision\\\/#primaryimage\"},\"image\":{\"@id\":\"https:\\\/\\\/rexel.be\\\/fr\\\/a-propos-de-rexel\\\/notre-mission-et-notre-vision\\\/#primaryimage\"},\"thumbnailUrl\":\"https:\\\/\\\/rexel.be\\\/wp-content\\\/uploads\\\/2025\\\/10\\\/RXL006640-scaled.jpg\",\"datePublished\":\"2025-10-20T12:30:09+00:00\",\"dateModified\":\"2026-01-19T15:52:50+00:00\",\"description\":\"Nous sommes indispensables pour commercialiser des solutions \u00e9lectrotechniques innovantes et concr\u00e9tiser la transition \u00e9nerg\u00e9tique.\",\"breadcrumb\":{\"@id\":\"https:\\\/\\\/rexel.be\\\/fr\\\/a-propos-de-rexel\\\/notre-mission-et-notre-vision\\\/#breadcrumb\"},\"inLanguage\":\"fr-FR\",\"potentialAction\":[{\"@type\":\"ReadAction\",\"target\":[\"https:\\\/\\\/rexel.be\\\/fr\\\/a-propos-de-rexel\\\/notre-mission-et-notre-vision\\\/\"]}]},{\"@type\":\"ImageObject\",\"inLanguage\":\"fr-FR\",\"@id\":\"https:\\\/\\\/rexel.be\\\/fr\\\/a-propos-de-rexel\\\/notre-mission-et-notre-vision\\\/#primaryimage\",\"url\":\"https:\\\/\\\/rexel.be\\\/wp-content\\\/uploads\\\/2025\\\/10\\\/RXL006640-scaled.jpg\",\"contentUrl\":\"https:\\\/\\\/rexel.be\\\/wp-content\\\/uploads\\\/2025\\\/10\\\/RXL006640-scaled.jpg\"},{\"@type\":\"BreadcrumbList\",\"@id\":\"https:\\\/\\\/rexel.be\\\/fr\\\/a-propos-de-rexel\\\/notre-mission-et-notre-vision\\\/#breadcrumb\",\"itemListElement\":[{\"@type\":\"ListItem\",\"position\":1,\"name\":\"Home\",\"item\":\"https:\\\/\\\/rexel.be\\\/fr\\\/\"},{\"@type\":\"ListItem\",\"position\":2,\"name\":\"A propos de Rexel\",\"item\":\"https:\\\/\\\/rexel.be\\\/fr\\\/a-propos-de-rexel\\\/\"},{\"@type\":\"ListItem\",\"position\":3,\"name\":\"Notre mission et notre vision\"}]},{\"@type\":\"WebSite\",\"@id\":\"https:\\\/\\\/rexel.be\\\/fr\\\/#website\",\"url\":\"https:\\\/\\\/rexel.be\\\/fr\\\/\",\"name\":\"Rexel\",\"description\":\"\",\"potentialAction\":[{\"@type\":\"SearchAction\",\"target\":{\"@type\":\"EntryPoint\",\"urlTemplate\":\"https:\\\/\\\/rexel.be\\\/fr\\\/?s={search_term_string}\"},\"query-input\":{\"@type\":\"PropertyValueSpecification\",\"valueRequired\":true,\"valueName\":\"search_term_string\"}}],\"inLanguage\":\"fr-FR\"}]}<\/script>\n<!-- \/ Yoast SEO plugin. -->","yoast_head_json":{"title":"Notre mission et notre vision - Rexel Belgium","description":"Nous sommes indispensables pour commercialiser des solutions \u00e9lectrotechniques innovantes et concr\u00e9tiser la transition \u00e9nerg\u00e9tique.","robots":{"index":"index","follow":"follow","max-snippet":"max-snippet:-1","max-image-preview":"max-image-preview:large","max-video-preview":"max-video-preview:-1"},"canonical":"https:\/\/rexel.be\/fr\/a-propos-de-rexel\/notre-mission-et-notre-vision\/","og_locale":"fr_FR","og_type":"article","og_title":"Notre mission et notre vision - Rexel Belgium","og_description":"Nous sommes indispensables pour commercialiser des solutions \u00e9lectrotechniques innovantes et concr\u00e9tiser la transition \u00e9nerg\u00e9tique.","og_url":"https:\/\/rexel.be\/fr\/a-propos-de-rexel\/notre-mission-et-notre-vision\/","og_site_name":"Rexel","article_modified_time":"2026-01-19T15:52:50+00:00","og_image":[{"width":2560,"height":1151,"url":"https:\/\/rexel.be\/wp-content\/uploads\/2025\/10\/RXL006640-scaled.jpg","type":"image\/jpeg"}],"twitter_card":"summary_large_image","twitter_misc":{"Dur\u00e9e de lecture estim\u00e9e":"2 minutes"},"schema":{"@context":"https:\/\/schema.org","@graph":[{"@type":"WebPage","@id":"https:\/\/rexel.be\/fr\/a-propos-de-rexel\/notre-mission-et-notre-vision\/","url":"https:\/\/rexel.be\/fr\/a-propos-de-rexel\/notre-mission-et-notre-vision\/","name":"Notre mission et notre vision - Rexel Belgium","isPartOf":{"@id":"https:\/\/rexel.be\/fr\/#website"},"primaryImageOfPage":{"@id":"https:\/\/rexel.be\/fr\/a-propos-de-rexel\/notre-mission-et-notre-vision\/#primaryimage"},"image":{"@id":"https:\/\/rexel.be\/fr\/a-propos-de-rexel\/notre-mission-et-notre-vision\/#primaryimage"},"thumbnailUrl":"https:\/\/rexel.be\/wp-content\/uploads\/2025\/10\/RXL006640-scaled.jpg","datePublished":"2025-10-20T12:30:09+00:00","dateModified":"2026-01-19T15:52:50+00:00","description":"Nous sommes indispensables pour commercialiser des solutions \u00e9lectrotechniques innovantes et concr\u00e9tiser la transition \u00e9nerg\u00e9tique.","breadcrumb":{"@id":"https:\/\/rexel.be\/fr\/a-propos-de-rexel\/notre-mission-et-notre-vision\/#breadcrumb"},"inLanguage":"fr-FR","potentialAction":[{"@type":"ReadAction","target":["https:\/\/rexel.be\/fr\/a-propos-de-rexel\/notre-mission-et-notre-vision\/"]}]},{"@type":"ImageObject","inLanguage":"fr-FR","@id":"https:\/\/rexel.be\/fr\/a-propos-de-rexel\/notre-mission-et-notre-vision\/#primaryimage","url":"https:\/\/rexel.be\/wp-content\/uploads\/2025\/10\/RXL006640-scaled.jpg","contentUrl":"https:\/\/rexel.be\/wp-content\/uploads\/2025\/10\/RXL006640-scaled.jpg"},{"@type":"BreadcrumbList","@id":"https:\/\/rexel.be\/fr\/a-propos-de-rexel\/notre-mission-et-notre-vision\/#breadcrumb","itemListElement":[{"@type":"ListItem","position":1,"name":"Home","item":"https:\/\/rexel.be\/fr\/"},{"@type":"ListItem","position":2,"name":"A propos de Rexel","item":"https:\/\/rexel.be\/fr\/a-propos-de-rexel\/"},{"@type":"ListItem","position":3,"name":"Notre mission et notre vision"}]},{"@type":"WebSite","@id":"https:\/\/rexel.be\/fr\/#website","url":"https:\/\/rexel.be\/fr\/","name":"Rexel","description":"","potentialAction":[{"@type":"SearchAction","target":{"@type":"EntryPoint","urlTemplate":"https:\/\/rexel.be\/fr\/?s={search_term_string}"},"query-input":{"@type":"PropertyValueSpecification","valueRequired":true,"valueName":"search_term_string"}}],"inLanguage":"fr-FR"}]}},"_links":{"self":[{"href":"https:\/\/rexel.be\/fr\/wp-json\/wp\/v2\/pages\/1923","targetHints":{"allow":["GET"]}}],"collection":[{"href":"https:\/\/rexel.be\/fr\/wp-json\/wp\/v2\/pages"}],"about":[{"href":"https:\/\/rexel.be\/fr\/wp-json\/wp\/v2\/types\/page"}],"author":[{"embeddable":true,"href":"https:\/\/rexel.be\/fr\/wp-json\/wp\/v2\/users\/3"}],"replies":[{"embeddable":true,"href":"https:\/\/rexel.be\/fr\/wp-json\/wp\/v2\/comments?post=1923"}],"version-history":[{"count":3,"href":"https:\/\/rexel.be\/fr\/wp-json\/wp\/v2\/pages\/1923\/revisions"}],"predecessor-version":[{"id":3657,"href":"https:\/\/rexel.be\/fr\/wp-json\/wp\/v2\/pages\/1923\/revisions\/3657"}],"up":[{"embeddable":true,"href":"https:\/\/rexel.be\/fr\/wp-json\/wp\/v2\/pages\/969"}],"wp:attachment":[{"href":"https:\/\/rexel.be\/fr\/wp-json\/wp\/v2\/media?parent=1923"}],"curies":[{"name":"wp","href":"https:\/\/api.w.org\/{rel}","templated":true}]}}