{"id":1332,"date":"2025-10-07T10:49:30","date_gmt":"2025-10-07T08:49:30","guid":{"rendered":"https:\/\/rexel.be\/?page_id=1332"},"modified":"2026-03-11T13:47:20","modified_gmt":"2026-03-11T12:47:20","slug":"security-statement","status":"publish","type":"page","link":"https:\/\/rexel.be\/fr\/security-statement\/","title":{"rendered":"Security Statement"},"content":{"rendered":"\n<div class=\"wp-block-cover alignfull has-custom-content-position is-position-bottom-left has-white-color has-text-color has-link-color wp-elements-4726041c3a3ba3ed500774d2e118ff9f\" style=\"border-bottom-left-radius:80px;border-bottom-right-radius:80px;padding-bottom:var(--wp--preset--spacing--120-60);min-height:560px;aspect-ratio:unset;\"><span aria-hidden=\"true\" class=\"wp-block-cover__background has-dark-background-color has-background-dim-100 has-background-dim\"><\/span><div class=\"wp-block-cover__inner-container has-global-padding is-layout-constrained wp-container-core-cover-is-layout-2b988179 wp-block-cover-is-layout-constrained\"><h1 class=\"has-link-color wp-elements-88f0857fdc8bad98dfdc5c16977574b2 wp-block-post-title has-text-color has-white-color\">Security Statement<\/h1>\n\n<div class=\"yoast-breadcrumbs\"><span><span><a href=\"https:\/\/rexel.be\/fr\/\">Home<\/a><\/span> <span class=\"sep\"><\/span> <span class=\"breadcrumb_last\" aria-current=\"page\">Security Statement<\/span><\/span><\/div><\/div><\/div>\n\n\n\n<div class=\"wp-block-cloudcatch-tabs wp-block-cloudcatch-tabs__wrapper wp-block-cloudcatch-tabs-v2\" style=\"border-style:none;border-width:0px;margin-top:var(--wp--preset--spacing--80-60);margin-bottom:var(--wp--preset--spacing--80-60);padding-top:0;padding-right:0;padding-bottom:0;padding-left:0\"><div class=\"wp-block-cloudcatch-tabs__container wp-block-cloudcatch-tabs-is-layout-flex is-layout-flex\" style=\"grid-template-columns:repeat(2, auto) auto\" role=\"tablist\">\n<div role=\"tab\" tabindex=\"0\" tabid=\"0\" class=\"wp-block-cloudcatch-tab has-white-color has-blue-background-color has-text-color has-background has-link-color wp-elements-570d6dc5da8365b92ca74c7ffd189d61\" style=\"border-top-left-radius:8px;border-top-right-radius:8px;padding-top:8px;padding-right:var(--wp--preset--spacing--40-20);padding-bottom:8px;padding-left:var(--wp--preset--spacing--40-20)\"><label class=\"wp-block-cloudcatch-tab__label\">FRAN\u00c7AIS<\/label><\/div><div tabid=\"0\" class=\"wp-block-cloudcatch-tab-content\">\n<h2 style=\"text-align: left;\" data-start=\"45\" data-end=\"85\"><strong data-start=\"45\" data-end=\"85\"><br \/>La s\u00e9curit\u00e9 compte pour nous<\/strong><\/h2>\n<p data-start=\"87\" data-end=\"265\"><strong>Rexel met en \u0153uvre tous les moyens \u00e0 sa disposition afin de pr\u00e9venir et lutter contre les fraudes. Nous vous informons pour reconna\u00eetre et d\u00e9jouer les tentatives de fraude.<\/strong><\/p>\n<h3 data-start=\"270\" data-end=\"309\"><strong data-start=\"270\" data-end=\"307\">1. Prot\u00e9gez vos informations personnelles<\/strong><\/h3>\n<p data-start=\"311\" data-end=\"491\">Ne transmettez jamais de donn\u00e9es confidentielles par e-mail, sms ou par t\u00e9l\u00e9phone, telles que des mots de passe, les informations de votre carte de cr\u00e9dit, ou un code re\u00e7u par SMS etc..<\/p>\n<h3 data-start=\"496\" data-end=\"542\"><strong data-start=\"496\" data-end=\"540\">2. Changez r\u00e9guli\u00e8rement votre mot de passe<\/strong><\/h3>\n<p>N\u2019utilisez pas des mots de passe \u00ab faibles \u00bb ou le m\u00eame mot de passe sur plusieurs comptes. Une telle pratique renforce la vuln\u00e9rabilit\u00e9 de vos donn\u00e9es en cas de piratage d\u2019un seul de ces comptes, avec des cons\u00e9quences souvent graves : piratage de boite mail, vol de coordonn\u00e9es bancaires, usurpation d\u2019identit\u00e9, demandes de ran\u00e7on\u2026<\/p>\n<p>Assurez-vous que votre mot de passe fiable comporte au minimum 12 caract\u00e8res m\u00e9langeant au moins trois des quatre types de signes suivants : des majuscules, des minuscules, des chiffres ou des caract\u00e8res sp\u00e9ciaux (comme par exemple!#?).<\/p>\n<h3 data-start=\"1097\" data-end=\"1171\"><strong data-start=\"1097\" data-end=\"1169\">3. Prot\u00e9gez votre ordinateur avec un anti-virus et installez un pare-feu<\/strong><\/h3>\n<h3 data-start=\"1176\" data-end=\"1340\"><strong data-start=\"1176\" data-end=\"1338\">4. <\/strong><strong>Prenez le temps de v\u00e9rifier, m\u00eame dans l\u2019urgence et sous la pression, les demandes de virement, de commandes, de changement de compte bancaire.<\/strong><\/h3>\n<p>Soyez vigilants d\u00e8s qu\u2019une demande cumule les 3 caract\u00e9ristiques suivantes : urgence, insistance et montant important.<\/p>\n<p>En cas de doute, n\u2019h\u00e9sitez pas \u00e0 appeler votre contact sur son num\u00e9ro de t\u00e9l\u00e9phone habituel et non celui fourni par l\u2019escroc.<\/p>\n<h3 data-start=\"1631\" data-end=\"1672\"><strong data-start=\"1631\" data-end=\"1670\">5. M\u00e9fiez-vous des messages frauduleux<\/strong><\/h3>\n<p>Des messages frauduleux qualifi\u00e9s de \u201cphishing\u201d ou de \u201cspoofing\u201d sont de plus en plus fr\u00e9quents et peuvent sembler l\u00e9gitimes en faisant appara\u00eetre les logos et marques REXEL ou en se pr\u00e9sentant comme des collaborateurs de Rexel Belgique et utilisant des adresses mails pouvant contenir le terme \u00ab\u00a0Rexel\u00a0\u00bb.<\/p>\n<p>Toutes communications \u00e9lectroniques \u00e9manant d\u2019autres domaines (tels que\u00a0<a href=\"mailto:contact@rexelbelgique.com\">contact@rexelbelgique.com<\/a>,\u00a0<a href=\"mailto:contact@rexel-belgique.net\">contact@rexel-belgique.net<\/a>,\u00a0<a href=\"mailto:contact@rexel-belgique.org\">contact@rexel-belgique.org<\/a>,\u00a0<a href=\"mailto:contact@rexelsas.com\">contact@rexelsas.com<\/a>\u2026) et pouvant comporter le nom d\u2019un collaborateur de Rexel Belgique peuvent potentiellement constituer des tentatives malveillantes et doivent faire l\u2019objet d\u2019une prudence particuli\u00e8re et d\u2019une remont\u00e9e \u00e0\u00a0<a href=\"mailto:info-legal@rexel.com\">info-legal@rexel.com<\/a>.<\/p>\n<p data-start=\"2299\" data-end=\"2339\">Si vous recevez un e-mail de ce type :<\/p>\n<ul class=\"wp-block-list\">\n<li>Ne r\u00e9pondez pas et ne cliquez sur aucun des liens propos\u00e9s,<\/li>\n<li>Ne communiquez jamais d\u2019information bancaire ou personnelle,<\/li>\n<li>Supprimez l\u2019e-mail de votre bo\u00eete mail<\/li>\n<\/ul>\n<p data-start=\"2515\" data-end=\"2607\">Vous pouvez \u00e9galement remonter vos interrogations \u00e0 l\u2019adresse\u00a0:<br \/><a href=\"mailto:data.breach@rexel.be\"><strong>data.breach@rexel.be<\/strong><\/a><\/p>\n<\/div>\n\n\n\n<div role=\"tab\" tabindex=\"0\" tabid=\"1\" class=\"wp-block-cloudcatch-tab has-white-color has-blue-background-color has-text-color has-background has-link-color wp-elements-af12f824182e58929d226e208f4a583c\" style=\"border-top-left-radius:8px;border-top-right-radius:8px;padding-top:8px;padding-right:var(--wp--preset--spacing--40-20);padding-bottom:8px;padding-left:var(--wp--preset--spacing--40-20)\"><label class=\"wp-block-cloudcatch-tab__label\">NEDERLANDS<\/label><\/div><div tabid=\"1\" class=\"wp-block-cloudcatch-tab-content\">\n<div class=\"elementor-element elementor-element-222d5ea elementor-widget elementor-widget-heading\" data-id=\"222d5ea\" data-element_type=\"widget\" data-widget_type=\"heading.default\">\n<div class=\"elementor-widget-container\">\n<h2 class=\"elementor-heading-title elementor-size-default\"><br \/>Uw veiligheid is belangrijk voor ons<\/h2>\n<\/div>\n<\/div>\n<div class=\"elementor-element elementor-element-191e5eab elementor-widget elementor-widget-text-editor\" data-id=\"191e5eab\" data-element_type=\"widget\" data-widget_type=\"text-editor.default\">\n<div class=\"elementor-widget-container\">\n<p><strong>Rexel maakt gebruik van al de tot haar beschikking staande middelen om fraude te voorkomen en te bestrijden. We informeren u om alle pogingen tot fraude te herkennen en te verijdelen.<\/strong><\/p>\n<h3 class=\"fusion-responsive-typography-calculated\" data-fontsize=\"20\" data-lineheight=\"30px\"><strong>1. Bescherm uw persoonlijke gegevens<\/strong><\/h3>\n<p>Geef nooit per e-mail, sms of per telefoon vertrouwelijke gegevens door, zoals wachtwoorden, gegevens over uw creditcard, of een code die u per sms hebt ontvangen etc.<\/p>\n<h3 class=\"fusion-responsive-typography-calculated\" data-fontsize=\"20\" data-lineheight=\"30px\"><strong>2.\u00a0<\/strong><strong>Verander regelmatig uw wachtwoord<\/strong><\/h3>\n<p>Gebruik geen \u201czwakke\u201d wachtwoorden of hetzelfde wachtwoord op meerdere accounts. Een dergelijke werkwijze vergroot de kwetsbaarheid van uw gegevens in geval van piraterij van \u00e9\u00e9n enkel account, met vaak ernstige gevolgen: piraterij van de mailbox, diefstal van bankgegevens, \u00a0identiteitsfraude, eisen van losgeld\u2026<\/p>\n<p>Verzeker u ervan dat uw betrouwbare wachtwoord minimaal 12 tekens bevat waarin ten minste drie van de volgende vier soorten tekens worden gecombineerd: hoofdletters, kleine letters, cijfers of speciale tekens (zoals bijvoorbeeld !#?).<\/p>\n<h3 class=\"fusion-responsive-typography-calculated\" data-fontsize=\"20\" data-lineheight=\"30px\"><strong>3.\u00a0<\/strong><strong>Bescherm uw computer met een antivirus en installeer een firewall<\/strong><\/h3>\n<h3 class=\"fusion-responsive-typography-calculated\" data-fontsize=\"20\" data-lineheight=\"30px\"><strong>4. Neem de tijd om, zelfs bij urgentie en onder druk, aanvragen voor overschrijvingen, voor bestellingen, voor verandering van bankrekeninggegevens te controleren.<\/strong><\/h3>\n<p>Wees op uw hoede zodra een verzoek een combinatie van de 3 volgende kenmerken vertoont: urgentie, aandringen en aanzienlijk bedrag.<\/p>\n<p>Aarzel niet om ons in geval van twijfel te bellen, aarzel niet om uw contactpersoon te bellen op zijn gebruikelijke telefoonnummer en niet op het nummer dat u door de oplichter is verstrekt.<\/p>\n<h3 class=\"fusion-responsive-typography-calculated\" data-fontsize=\"20\" data-lineheight=\"30px\"><strong>5. Wantrouw frauduleuze berichten<\/strong><\/h3>\n<p>Frauduleuze berichten die worden aangeduid als \u201cphishing\u201d of \u201cspoofing\u201d komen steeds vaker voor en kunnen legitiem lijken door het weergeven van logo\u2019s en merken van REXEL of doordat met zich voordoet als medewerkers van Rexel Belgi\u00eb; en door gebruik te maken van e-mail adressen die de term \u201cRexel\u201d kunnen bevatten.<\/p>\n<p>Alle van andere domeinen afkomstige e-mailberichten (zoals\u00a0<a href=\"mailto:contact@rexelbelgie.com\">contact@rexelbelgie.com<\/a>,\u00a0<a href=\"mailto:contact@rexel-belgie%20\">contact@rexel-belgie<\/a>,\u00a0<a href=\"mailto:contact@rexel-belgie.org\">contact@rexel-belgie.org<\/a>,\u00a0<a href=\"mailto:contact@rexelsas.com\">contact@rexelsas.com<\/a>\u2026) die de naam van een medewerker van Rexel Belgi\u00eb kunnen bevatten, kunnen mogelijkerwijs kwaadaardige pogingen vormen, en moeten met de uiterste voorzichtigheid worden benaderd, en moeten worden gemeld aan\u00a0<a href=\"mailto:info-legal@rexel.com\">info-legal@rexel.com<\/a>.<\/p>\n<p>Als u een e-mail van dit type ontvangt:<\/p>\n<ul>\n<li>Antwoord dan niet en klik op geen enkele van de aangeboden links,<\/li>\n<li>Geef dan nooit bankgegevens of persoonsgegevens door,<\/li>\n<li>Verwijder dan de e-mail uit uw mailbox<\/li>\n<\/ul>\n<p>U kunt ook uw twijfels voorleggen aan het volgende e-mail adres:<br \/><a href=\"mailto:data.breach@rexel.be\">data.breach@rexel.be<\/a><\/p>\n<\/div>\n<\/div>\n<\/div>\n<\/div><\/div>\n","protected":false},"excerpt":{"rendered":"","protected":false},"author":3,"featured_media":0,"parent":0,"menu_order":0,"comment_status":"closed","ping_status":"closed","template":"","meta":{"_acf_changed":false,"inline_featured_image":false,"footnotes":"","_links_to":"","_links_to_target":""},"class_list":["post-1332","page","type-page","status-publish","hentry"],"acf":[],"yoast_head":"<!-- This site is optimized with the Yoast SEO plugin v27.4 - https:\/\/yoast.com\/product\/yoast-seo-wordpress\/ -->\n<title>Security Statement - Rexel<\/title>\n<meta name=\"robots\" content=\"index, follow, max-snippet:-1, max-image-preview:large, max-video-preview:-1\" \/>\n<link rel=\"canonical\" href=\"https:\/\/rexel.be\/fr\/security-statement\/\" \/>\n<meta property=\"og:locale\" content=\"fr_FR\" \/>\n<meta property=\"og:type\" content=\"article\" \/>\n<meta property=\"og:title\" content=\"Security Statement - Rexel\" \/>\n<meta property=\"og:url\" content=\"https:\/\/rexel.be\/fr\/security-statement\/\" \/>\n<meta property=\"og:site_name\" content=\"Rexel\" \/>\n<meta property=\"article:modified_time\" content=\"2026-03-11T12:47:20+00:00\" \/>\n<meta name=\"twitter:card\" content=\"summary_large_image\" \/>\n<meta name=\"twitter:label1\" content=\"Dur\u00e9e de lecture estim\u00e9e\" \/>\n\t<meta name=\"twitter:data1\" content=\"4 minutes\" \/>\n<script type=\"application\/ld+json\" class=\"yoast-schema-graph\">{\"@context\":\"https:\\\/\\\/schema.org\",\"@graph\":[{\"@type\":\"WebPage\",\"@id\":\"https:\\\/\\\/rexel.be\\\/fr\\\/security-statement\\\/\",\"url\":\"https:\\\/\\\/rexel.be\\\/fr\\\/security-statement\\\/\",\"name\":\"Security Statement - Rexel\",\"isPartOf\":{\"@id\":\"https:\\\/\\\/rexel.be\\\/fr\\\/#website\"},\"datePublished\":\"2025-10-07T08:49:30+00:00\",\"dateModified\":\"2026-03-11T12:47:20+00:00\",\"breadcrumb\":{\"@id\":\"https:\\\/\\\/rexel.be\\\/fr\\\/security-statement\\\/#breadcrumb\"},\"inLanguage\":\"fr-FR\",\"potentialAction\":[{\"@type\":\"ReadAction\",\"target\":[\"https:\\\/\\\/rexel.be\\\/fr\\\/security-statement\\\/\"]}]},{\"@type\":\"BreadcrumbList\",\"@id\":\"https:\\\/\\\/rexel.be\\\/fr\\\/security-statement\\\/#breadcrumb\",\"itemListElement\":[{\"@type\":\"ListItem\",\"position\":1,\"name\":\"Home\",\"item\":\"https:\\\/\\\/rexel.be\\\/fr\\\/\"},{\"@type\":\"ListItem\",\"position\":2,\"name\":\"Security Statement\"}]},{\"@type\":\"WebSite\",\"@id\":\"https:\\\/\\\/rexel.be\\\/fr\\\/#website\",\"url\":\"https:\\\/\\\/rexel.be\\\/fr\\\/\",\"name\":\"Rexel\",\"description\":\"\",\"potentialAction\":[{\"@type\":\"SearchAction\",\"target\":{\"@type\":\"EntryPoint\",\"urlTemplate\":\"https:\\\/\\\/rexel.be\\\/fr\\\/?s={search_term_string}\"},\"query-input\":{\"@type\":\"PropertyValueSpecification\",\"valueRequired\":true,\"valueName\":\"search_term_string\"}}],\"inLanguage\":\"fr-FR\"}]}<\/script>\n<!-- \/ Yoast SEO plugin. -->","yoast_head_json":{"title":"Security Statement - Rexel","robots":{"index":"index","follow":"follow","max-snippet":"max-snippet:-1","max-image-preview":"max-image-preview:large","max-video-preview":"max-video-preview:-1"},"canonical":"https:\/\/rexel.be\/fr\/security-statement\/","og_locale":"fr_FR","og_type":"article","og_title":"Security Statement - Rexel","og_url":"https:\/\/rexel.be\/fr\/security-statement\/","og_site_name":"Rexel","article_modified_time":"2026-03-11T12:47:20+00:00","twitter_card":"summary_large_image","twitter_misc":{"Dur\u00e9e de lecture estim\u00e9e":"4 minutes"},"schema":{"@context":"https:\/\/schema.org","@graph":[{"@type":"WebPage","@id":"https:\/\/rexel.be\/fr\/security-statement\/","url":"https:\/\/rexel.be\/fr\/security-statement\/","name":"Security Statement - Rexel","isPartOf":{"@id":"https:\/\/rexel.be\/fr\/#website"},"datePublished":"2025-10-07T08:49:30+00:00","dateModified":"2026-03-11T12:47:20+00:00","breadcrumb":{"@id":"https:\/\/rexel.be\/fr\/security-statement\/#breadcrumb"},"inLanguage":"fr-FR","potentialAction":[{"@type":"ReadAction","target":["https:\/\/rexel.be\/fr\/security-statement\/"]}]},{"@type":"BreadcrumbList","@id":"https:\/\/rexel.be\/fr\/security-statement\/#breadcrumb","itemListElement":[{"@type":"ListItem","position":1,"name":"Home","item":"https:\/\/rexel.be\/fr\/"},{"@type":"ListItem","position":2,"name":"Security Statement"}]},{"@type":"WebSite","@id":"https:\/\/rexel.be\/fr\/#website","url":"https:\/\/rexel.be\/fr\/","name":"Rexel","description":"","potentialAction":[{"@type":"SearchAction","target":{"@type":"EntryPoint","urlTemplate":"https:\/\/rexel.be\/fr\/?s={search_term_string}"},"query-input":{"@type":"PropertyValueSpecification","valueRequired":true,"valueName":"search_term_string"}}],"inLanguage":"fr-FR"}]}},"_links":{"self":[{"href":"https:\/\/rexel.be\/fr\/wp-json\/wp\/v2\/pages\/1332","targetHints":{"allow":["GET"]}}],"collection":[{"href":"https:\/\/rexel.be\/fr\/wp-json\/wp\/v2\/pages"}],"about":[{"href":"https:\/\/rexel.be\/fr\/wp-json\/wp\/v2\/types\/page"}],"author":[{"embeddable":true,"href":"https:\/\/rexel.be\/fr\/wp-json\/wp\/v2\/users\/3"}],"replies":[{"embeddable":true,"href":"https:\/\/rexel.be\/fr\/wp-json\/wp\/v2\/comments?post=1332"}],"version-history":[{"count":5,"href":"https:\/\/rexel.be\/fr\/wp-json\/wp\/v2\/pages\/1332\/revisions"}],"predecessor-version":[{"id":8526,"href":"https:\/\/rexel.be\/fr\/wp-json\/wp\/v2\/pages\/1332\/revisions\/8526"}],"wp:attachment":[{"href":"https:\/\/rexel.be\/fr\/wp-json\/wp\/v2\/media?parent=1332"}],"curies":[{"name":"wp","href":"https:\/\/api.w.org\/{rel}","templated":true}]}}